{"id":57,"date":"2020-04-23T11:43:03","date_gmt":"2020-04-23T04:43:03","guid":{"rendered":"http:\/\/congtyxaydung.muathemedep.vn\/?page_id=57"},"modified":"2020-04-23T11:43:03","modified_gmt":"2020-04-23T04:43:03","slug":"lien-he","status":"publish","type":"page","link":"https:\/\/giaodienwebsite.tgs.com.vn\/xaydung5\/lien-he\/","title":{"rendered":"Li\u00ean h\u1ec7"},"content":{"rendered":"<p><iframe loading=\"lazy\" style=\"border: 0;\" tabindex=\"0\" src=\"https:\/\/www.google.com\/maps\/embed?pb=!1m18!1m12!1m3!1d3918.7874376045775!2d106.62182931526043!3d10.827572561207178!2m3!1f0!2f0!3f0!3m2!1i1024!2i768!4f13.1!3m3!1m2!1s0x31752bd739d2aa33%3A0xee6655eed93bfe1!2zMzAgUGhhbiBWxINuIEjhu5tuLCBUw6JuIFRo4bubaSBOaOG6pXQsIFF14bqtbiAxMiwgSOG7kyBDaMOtIE1pbmgsIFZpZXRuYW0!5e0!3m2!1sen!2s!4v1587721242615!5m2!1sen!2s\" width=\"100%\" height=\"250\" frameborder=\"0\" allowfullscreen=\"allowfullscreen\" aria-hidden=\"false\"><\/iframe><\/p>\n\t<section class=\"section\" id=\"section_2117611469\">\n\t\t<div class=\"bg section-bg fill bg-fill  bg-loaded\" >\n\n\t\t\t\n\t\t\t\n\t\t\t\n\n\t\t<\/div>\n\n\t\t<div class=\"section-content relative\">\n\t\t\t\n<div class=\"row\"  id=\"row-1183605521\">\n\n\t<div id=\"col-1934654782\" class=\"col medium-9 small-12 large-9\"  >\n\t\t<div class=\"col-inner\"  >\n\t\t\t\n\t\t\t\n<h3>C\u00d4NG TY THI\u1ebeT K\u1ebe KI\u1ebeN TR\u00daC V\u00c0 X\u00c2Y D\u1ef0NG TH\u1eaeNG L\u1ee2I<\/h3>\n<ul>\n<li>\u0110\u1ecba ch\u1ec9: Ph\u1ea1m V\u0103n B\u1ea1ch, P. 15, Q. T\u00e2n B\u00ecnh, Tp. HCM<\/li>\n<li>Hotline: 0999.999.999<\/li>\n<li>Fanpage:\u00a0<a href=\"#\">X\u00e2y d\u1ef1ng Th\u1eafng L\u1ee3i<\/a><\/li>\n<\/ul>\n<h3>LI\u00caN H\u1ec6 V\u1edaI CH\u00daNG T\u00d4I<\/h3>\n<div role=\"form\" class=\"wpcf7\" id=\"wpcf7-f422-o1\" lang=\"vi\" dir=\"ltr\">\n<div class=\"screen-reader-response\"><p role=\"status\" aria-live=\"polite\" aria-atomic=\"true\"><\/p> <ul><\/ul><\/div>\n<form action=\"\/xaydung5\/wp-json\/wp\/v2\/pages\/57#wpcf7-f422-o1\" method=\"post\" class=\"wpcf7-form init\" novalidate=\"novalidate\" data-status=\"init\">\n<div style=\"display: none;\">\n<input type=\"hidden\" name=\"_wpcf7\" value=\"422\" \/>\n<input type=\"hidden\" name=\"_wpcf7_version\" value=\"5.4.1\" \/>\n<input type=\"hidden\" name=\"_wpcf7_locale\" value=\"vi\" \/>\n<input type=\"hidden\" name=\"_wpcf7_unit_tag\" value=\"wpcf7-f422-o1\" \/>\n<input type=\"hidden\" name=\"_wpcf7_container_post\" value=\"0\" \/>\n<input type=\"hidden\" name=\"_wpcf7_posted_data_hash\" value=\"\" \/>\n<\/div>\n<p><label>T\u00ean c\u1ee7a b\u1ea1n<\/label><br \/>\n<span class=\"wpcf7-form-control-wrap text-12\"><input type=\"text\" name=\"text-12\" value=\"\" size=\"40\" class=\"wpcf7-form-control wpcf7-text wpcf7-validates-as-required\" aria-required=\"true\" aria-invalid=\"false\" placeholder=\"T\u00ean c\u1ee7a b\u1ea1n...\" \/><\/span><br \/>\n<label>\u0110\u1ecba ch\u1ec9<\/label><br \/>\n<span class=\"wpcf7-form-control-wrap text-14\"><input type=\"text\" name=\"text-14\" value=\"\" size=\"40\" class=\"wpcf7-form-control wpcf7-text\" aria-invalid=\"false\" placeholder=\"\u0110\u1ecba ch\u1ec9...\" \/><\/span><br \/>\n<label>S\u1ed1 \u0111i\u1ec7n tho\u1ea1i<\/label><br \/>\n<span class=\"wpcf7-form-control-wrap tel-855\"><input type=\"tel\" name=\"tel-855\" value=\"\" size=\"40\" class=\"wpcf7-form-control wpcf7-text wpcf7-tel wpcf7-validates-as-required wpcf7-validates-as-tel\" aria-required=\"true\" aria-invalid=\"false\" placeholder=\"S\u1ed1 \u0111i\u1ec7n tho\u1ea1i...\" \/><\/span><br \/>\n<label>N\u1ed9i dung<\/label><br \/>\n<span class=\"wpcf7-form-control-wrap textarea-687\"><textarea name=\"textarea-687\" cols=\"40\" rows=\"10\" class=\"wpcf7-form-control wpcf7-textarea\" aria-invalid=\"false\" placeholder=\"N\u1ed9i dung...\"><\/textarea><\/span><br \/>\n<input type=\"submit\" value=\"G\u1eedi form\" class=\"wpcf7-form-control wpcf7-submit\" \/><\/p>\n<div class=\"wpcf7-response-output\" aria-hidden=\"true\"><\/div><\/form><\/div>\n\t\t<\/div>\n\t\t\t<\/div>\n\n\t\n\n\t<div id=\"col-406222197\" class=\"col medium-3 small-12 large-3\"  >\n\t\t<div class=\"col-inner\"  >\n\t\t\t\n\t\t\t\n<ul class=\"sidebar-wrapper ul-reset\"><aside id=\"media_image-2\" class=\"widget widget_media_image\"><span class=\"widget-title \"><span>\u0110\u1ed9i ng\u0169 nh\u00e2n s\u1ef1<\/span><\/span><div class=\"is-divider small\"><\/div><img loading=\"lazy\" decoding=\"async\" width=\"300\" height=\"300\" src=\"https:\/\/giaodienwebsite.tgs.com.vn\/xaydung5\/wp-content\/uploads\/2020\/04\/cong-ty-sao-viet-300x300.jpg\" class=\"image wp-image-361  attachment-medium size-medium\" alt=\"\" style=\"max-width: 100%; height: auto;\" srcset=\"https:\/\/giaodienwebsite.tgs.com.vn\/xaydung5\/wp-content\/uploads\/2020\/04\/cong-ty-sao-viet-300x300.jpg 300w, https:\/\/giaodienwebsite.tgs.com.vn\/xaydung5\/wp-content\/uploads\/2020\/04\/cong-ty-sao-viet-150x150.jpg 150w, https:\/\/giaodienwebsite.tgs.com.vn\/xaydung5\/wp-content\/uploads\/2020\/04\/cong-ty-sao-viet.jpg 605w\" sizes=\"auto, (max-width: 300px) 100vw, 300px\" \/><\/aside><aside id=\"media_image-3\" class=\"widget widget_media_image\"><span class=\"widget-title \"><span>M\u1eabu nh\u00e0 ph\u1ed1 \u0111\u1eb9p<\/span><\/span><div class=\"is-divider small\"><\/div><img loading=\"lazy\" decoding=\"async\" width=\"225\" height=\"300\" src=\"https:\/\/giaodienwebsite.tgs.com.vn\/xaydung5\/wp-content\/uploads\/2020\/04\/29-225x300.jpg\" class=\"image wp-image-369  attachment-medium size-medium\" alt=\"\" style=\"max-width: 100%; height: auto;\" srcset=\"https:\/\/giaodienwebsite.tgs.com.vn\/xaydung5\/wp-content\/uploads\/2020\/04\/29-225x300.jpg 225w, https:\/\/giaodienwebsite.tgs.com.vn\/xaydung5\/wp-content\/uploads\/2020\/04\/29.jpg 600w\" sizes=\"auto, (max-width: 225px) 100vw, 225px\" \/><\/aside>\t\t<aside id=\"flatsome_recent_posts-2\" class=\"widget flatsome_recent_posts\">\t\t<span class=\"widget-title \"><span>B\u00e0i vi\u1ebft m\u1edbi<\/span><\/span><div class=\"is-divider small\"><\/div>\t\t<ul>\t\t\n\t\t\n\t\t<li class=\"recent-blog-posts-li\">\n\t\t\t<div class=\"flex-row recent-blog-posts align-top pt-half pb-half\">\n\t\t\t\t<div class=\"flex-col mr-half\">\n\t\t\t\t\t<div class=\"badge post-date  badge-outline\">\n\t\t\t\t\t\t\t<div class=\"badge-inner bg-fill\" style=\"background: url(https:\/\/giaodienwebsite.tgs.com.vn\/xaydung5\/wp-content\/uploads\/2020\/04\/06-8-150x150.gif); border:0;\">\n                                \t\t\t\t\t\t\t<\/div>\n\t\t\t\t\t<\/div>\n\t\t\t\t<\/div>\n\t\t\t\t<div class=\"flex-col flex-grow\">\n\t\t\t\t\t  <a href=\"https:\/\/giaodienwebsite.tgs.com.vn\/xaydung5\/trang-tri-nha-hop-phong-thuy-cho-nguoi-menh-kim\/\" title=\"Trang tr\u00ed nh\u00e0 h\u1ee3p phong th\u1ee7y cho ng\u01b0\u1eddi m\u1ec7nh Kim\">Trang tr\u00ed nh\u00e0 h\u1ee3p phong th\u1ee7y cho ng\u01b0\u1eddi m\u1ec7nh Kim<\/a>\n\t\t\t\t   \t  <span class=\"post_comments op-7 block is-xsmall\"><a href=\"https:\/\/giaodienwebsite.tgs.com.vn\/xaydung5\/trang-tri-nha-hop-phong-thuy-cho-nguoi-menh-kim\/#respond\"><\/a><\/span>\n\t\t\t\t<\/div>\n\t\t\t<\/div>\n\t\t<\/li>\n\t\t\n\t\t\n\t\t<li class=\"recent-blog-posts-li\">\n\t\t\t<div class=\"flex-row recent-blog-posts align-top pt-half pb-half\">\n\t\t\t\t<div class=\"flex-col mr-half\">\n\t\t\t\t\t<div class=\"badge post-date  badge-outline\">\n\t\t\t\t\t\t\t<div class=\"badge-inner bg-fill\" style=\"background: url(https:\/\/giaodienwebsite.tgs.com.vn\/xaydung5\/wp-content\/uploads\/2020\/04\/05-16-150x150.gif); border:0;\">\n                                \t\t\t\t\t\t\t<\/div>\n\t\t\t\t\t<\/div>\n\t\t\t\t<\/div>\n\t\t\t\t<div class=\"flex-col flex-grow\">\n\t\t\t\t\t  <a href=\"https:\/\/giaodienwebsite.tgs.com.vn\/xaydung5\/sua-chua-nha-theo-phong-thuy-giup-gia-chu-gap-nhieu-may-man\/\" title=\"S\u1eeda ch\u1eefa nh\u00e0 theo phong th\u1ee7y gi\u00fap gia ch\u1ee7 g\u1eb7p nhi\u1ec1u may m\u1eafn\">S\u1eeda ch\u1eefa nh\u00e0 theo phong th\u1ee7y gi\u00fap gia ch\u1ee7 g\u1eb7p nhi\u1ec1u may m\u1eafn<\/a>\n\t\t\t\t   \t  <span class=\"post_comments op-7 block is-xsmall\"><a href=\"https:\/\/giaodienwebsite.tgs.com.vn\/xaydung5\/sua-chua-nha-theo-phong-thuy-giup-gia-chu-gap-nhieu-may-man\/#respond\"><\/a><\/span>\n\t\t\t\t<\/div>\n\t\t\t<\/div>\n\t\t<\/li>\n\t\t\n\t\t\n\t\t<li class=\"recent-blog-posts-li\">\n\t\t\t<div class=\"flex-row recent-blog-posts align-top pt-half pb-half\">\n\t\t\t\t<div class=\"flex-col mr-half\">\n\t\t\t\t\t<div class=\"badge post-date  badge-outline\">\n\t\t\t\t\t\t\t<div class=\"badge-inner bg-fill\" style=\"background: url(https:\/\/giaodienwebsite.tgs.com.vn\/xaydung5\/wp-content\/uploads\/2020\/04\/02-19-150x150.gif); border:0;\">\n                                \t\t\t\t\t\t\t<\/div>\n\t\t\t\t\t<\/div>\n\t\t\t\t<\/div>\n\t\t\t\t<div class=\"flex-col flex-grow\">\n\t\t\t\t\t  <a href=\"https:\/\/giaodienwebsite.tgs.com.vn\/xaydung5\/tu-van-phong-thuy-phong-ngu-cho-cap-vo-chong-moi-cuoi\/\" title=\"T\u01b0 v\u1ea5n phong th\u1ee7y ph\u00f2ng ng\u1ee7 cho c\u1eb7p v\u1ee3 ch\u1ed3ng m\u1edbi c\u01b0\u1edbi\">T\u01b0 v\u1ea5n phong th\u1ee7y ph\u00f2ng ng\u1ee7 cho c\u1eb7p v\u1ee3 ch\u1ed3ng m\u1edbi c\u01b0\u1edbi<\/a>\n\t\t\t\t   \t  <span class=\"post_comments op-7 block is-xsmall\"><a href=\"https:\/\/giaodienwebsite.tgs.com.vn\/xaydung5\/tu-van-phong-thuy-phong-ngu-cho-cap-vo-chong-moi-cuoi\/#respond\"><\/a><\/span>\n\t\t\t\t<\/div>\n\t\t\t<\/div>\n\t\t<\/li>\n\t\t\n\t\t\n\t\t<li class=\"recent-blog-posts-li\">\n\t\t\t<div class=\"flex-row recent-blog-posts align-top pt-half pb-half\">\n\t\t\t\t<div class=\"flex-col mr-half\">\n\t\t\t\t\t<div class=\"badge post-date  badge-outline\">\n\t\t\t\t\t\t\t<div class=\"badge-inner bg-fill\" style=\"background: url(https:\/\/giaodienwebsite.tgs.com.vn\/xaydung5\/wp-content\/uploads\/2020\/04\/01-20-150x150.gif); border:0;\">\n                                \t\t\t\t\t\t\t<\/div>\n\t\t\t\t\t<\/div>\n\t\t\t\t<\/div>\n\t\t\t\t<div class=\"flex-col flex-grow\">\n\t\t\t\t\t  <a href=\"https:\/\/giaodienwebsite.tgs.com.vn\/xaydung5\/co-nen-xay-nha-sua-nha-theo-phong-thuy-hay-khong\/\" title=\"C\u00f3 n\u00ean x\u00e2y nh\u00e0, s\u1eeda nh\u00e0 theo phong th\u1ee7y hay kh\u00f4ng\">C\u00f3 n\u00ean x\u00e2y nh\u00e0, s\u1eeda nh\u00e0 theo phong th\u1ee7y hay kh\u00f4ng<\/a>\n\t\t\t\t   \t  <span class=\"post_comments op-7 block is-xsmall\"><a href=\"https:\/\/giaodienwebsite.tgs.com.vn\/xaydung5\/co-nen-xay-nha-sua-nha-theo-phong-thuy-hay-khong\/#respond\"><\/a><\/span>\n\t\t\t\t<\/div>\n\t\t\t<\/div>\n\t\t<\/li>\n\t\t\n\t\t\n\t\t<li class=\"recent-blog-posts-li\">\n\t\t\t<div class=\"flex-row recent-blog-posts align-top pt-half pb-half\">\n\t\t\t\t<div class=\"flex-col mr-half\">\n\t\t\t\t\t<div class=\"badge post-date  badge-outline\">\n\t\t\t\t\t\t\t<div class=\"badge-inner bg-fill\" style=\"background: url(https:\/\/giaodienwebsite.tgs.com.vn\/xaydung5\/wp-content\/uploads\/2020\/04\/Xay-nha-duc-gia-1-150x150.jpg); border:0;\">\n                                \t\t\t\t\t\t\t<\/div>\n\t\t\t\t\t<\/div>\n\t\t\t\t<\/div>\n\t\t\t\t<div class=\"flex-col flex-grow\">\n\t\t\t\t\t  <a href=\"https:\/\/giaodienwebsite.tgs.com.vn\/xaydung5\/xay-nha-duc-gia-giai-phap-tiet-kiem-chi-phi-vuot-troi\/\" title=\"X\u00e2y nh\u00e0 \u0111\u00fac gi\u1ea3 gi\u1ea3i ph\u00e1p ti\u1ebft ki\u1ec7m chi ph\u00ed v\u01b0\u1ee3t tr\u1ed9i\">X\u00e2y nh\u00e0 \u0111\u00fac gi\u1ea3 gi\u1ea3i ph\u00e1p ti\u1ebft ki\u1ec7m chi ph\u00ed v\u01b0\u1ee3t tr\u1ed9i<\/a>\n\t\t\t\t   \t  <span class=\"post_comments op-7 block is-xsmall\"><a href=\"https:\/\/giaodienwebsite.tgs.com.vn\/xaydung5\/xay-nha-duc-gia-giai-phap-tiet-kiem-chi-phi-vuot-troi\/#respond\"><\/a><\/span>\n\t\t\t\t<\/div>\n\t\t\t<\/div>\n\t\t<\/li>\n\t\t\n\t\t\n\t\t<li class=\"recent-blog-posts-li\">\n\t\t\t<div class=\"flex-row recent-blog-posts align-top pt-half pb-half\">\n\t\t\t\t<div class=\"flex-col mr-half\">\n\t\t\t\t\t<div class=\"badge post-date  badge-outline\">\n\t\t\t\t\t\t\t<div class=\"badge-inner bg-fill\" style=\"background: url(https:\/\/giaodienwebsite.tgs.com.vn\/xaydung5\/wp-content\/uploads\/2020\/04\/7-tho-sua-nha-1-150x150.png); border:0;\">\n                                \t\t\t\t\t\t\t<\/div>\n\t\t\t\t\t<\/div>\n\t\t\t\t<\/div>\n\t\t\t\t<div class=\"flex-col flex-grow\">\n\t\t\t\t\t  <a href=\"https:\/\/giaodienwebsite.tgs.com.vn\/xaydung5\/su-quan-trong-cua-tho-sua-nha-khi-ho-tro-cho-chu-so-huu\/\" title=\"S\u1ef1 quan tr\u1ecdng c\u1ee7a th\u1ee3 s\u1eeda nh\u00e0 khi h\u1ed7 tr\u1ee3 cho ch\u1ee7 s\u1edf h\u1eefu\">S\u1ef1 quan tr\u1ecdng c\u1ee7a th\u1ee3 s\u1eeda nh\u00e0 khi h\u1ed7 tr\u1ee3 cho ch\u1ee7 s\u1edf h\u1eefu<\/a>\n\t\t\t\t   \t  <span class=\"post_comments op-7 block is-xsmall\"><a href=\"https:\/\/giaodienwebsite.tgs.com.vn\/xaydung5\/su-quan-trong-cua-tho-sua-nha-khi-ho-tro-cho-chu-so-huu\/#respond\"><\/a><\/span>\n\t\t\t\t<\/div>\n\t\t\t<\/div>\n\t\t<\/li>\n\t\t\n\t\t\n\t\t<li class=\"recent-blog-posts-li\">\n\t\t\t<div class=\"flex-row recent-blog-posts align-top pt-half pb-half\">\n\t\t\t\t<div class=\"flex-col mr-half\">\n\t\t\t\t\t<div class=\"badge post-date  badge-outline\">\n\t\t\t\t\t\t\t<div class=\"badge-inner bg-fill\" style=\"background: url(https:\/\/giaodienwebsite.tgs.com.vn\/xaydung5\/wp-content\/uploads\/2020\/04\/8-dich-vu-son-nha-tphcm-3-150x150.png); border:0;\">\n                                \t\t\t\t\t\t\t<\/div>\n\t\t\t\t\t<\/div>\n\t\t\t\t<\/div>\n\t\t\t\t<div class=\"flex-col flex-grow\">\n\t\t\t\t\t  <a href=\"https:\/\/giaodienwebsite.tgs.com.vn\/xaydung5\/cac-luu-y-khi-lua-chon-noi-ho-tro-dich-vu-son-nha-tphcm\/\" title=\"C\u00e1c l\u01b0u \u00fd khi l\u1ef1a ch\u1ecdn n\u01a1i h\u1ed7 tr\u1ee3 d\u1ecbch v\u1ee5 s\u01a1n nh\u00e0 tphcm\">C\u00e1c l\u01b0u \u00fd khi l\u1ef1a ch\u1ecdn n\u01a1i h\u1ed7 tr\u1ee3 d\u1ecbch v\u1ee5 s\u01a1n nh\u00e0 tphcm<\/a>\n\t\t\t\t   \t  <span class=\"post_comments op-7 block is-xsmall\"><a href=\"https:\/\/giaodienwebsite.tgs.com.vn\/xaydung5\/cac-luu-y-khi-lua-chon-noi-ho-tro-dich-vu-son-nha-tphcm\/#respond\"><\/a><\/span>\n\t\t\t\t<\/div>\n\t\t\t<\/div>\n\t\t<\/li>\n\t\t\n\t\t\n\t\t<li class=\"recent-blog-posts-li\">\n\t\t\t<div class=\"flex-row recent-blog-posts align-top pt-half pb-half\">\n\t\t\t\t<div class=\"flex-col mr-half\">\n\t\t\t\t\t<div class=\"badge post-date  badge-outline\">\n\t\t\t\t\t\t\t<div class=\"badge-inner bg-fill\" style=\"background: url(https:\/\/giaodienwebsite.tgs.com.vn\/xaydung5\/wp-content\/uploads\/2020\/04\/9-sua-nha-chung-cu-3-150x150.jpg); border:0;\">\n                                \t\t\t\t\t\t\t<\/div>\n\t\t\t\t\t<\/div>\n\t\t\t\t<\/div>\n\t\t\t\t<div class=\"flex-col flex-grow\">\n\t\t\t\t\t  <a href=\"https:\/\/giaodienwebsite.tgs.com.vn\/xaydung5\/nhung-dac-diem-khac-thuong-khi-sua-nha-chung-cu\/\" title=\"Nh\u1eefng \u0111\u1eb7c \u0111i\u1ec3m kh\u00e1c th\u01b0\u1eddng khi s\u1eeda nh\u00e0 chung c\u01b0\">Nh\u1eefng \u0111\u1eb7c \u0111i\u1ec3m kh\u00e1c th\u01b0\u1eddng khi s\u1eeda nh\u00e0 chung c\u01b0<\/a>\n\t\t\t\t   \t  <span class=\"post_comments op-7 block is-xsmall\"><a href=\"https:\/\/giaodienwebsite.tgs.com.vn\/xaydung5\/nhung-dac-diem-khac-thuong-khi-sua-nha-chung-cu\/#respond\"><\/a><\/span>\n\t\t\t\t<\/div>\n\t\t\t<\/div>\n\t\t<\/li>\n\t\t\n\t\t\n\t\t<li class=\"recent-blog-posts-li\">\n\t\t\t<div class=\"flex-row recent-blog-posts align-top pt-half pb-half\">\n\t\t\t\t<div class=\"flex-col mr-half\">\n\t\t\t\t\t<div class=\"badge post-date  badge-outline\">\n\t\t\t\t\t\t\t<div class=\"badge-inner bg-fill\" style=\"background: url(https:\/\/giaodienwebsite.tgs.com.vn\/xaydung5\/wp-content\/uploads\/2020\/04\/xay-nha-kieu-moi-4-150x150.jpg); border:0;\">\n                                \t\t\t\t\t\t\t<\/div>\n\t\t\t\t\t<\/div>\n\t\t\t\t<\/div>\n\t\t\t\t<div class=\"flex-col flex-grow\">\n\t\t\t\t\t  <a href=\"https:\/\/giaodienwebsite.tgs.com.vn\/xaydung5\/gioi-thieu-mot-va-xu-huong-xay-nha-kieu-moi-hien-nay\/\" title=\"Gi\u1edbi thi\u1ec7u m\u1ed9t v\u00e0 xu h\u01b0\u1edbng x\u00e2y nh\u00e0 ki\u1ec3u m\u1edbi hi\u1ec7n nay\">Gi\u1edbi thi\u1ec7u m\u1ed9t v\u00e0 xu h\u01b0\u1edbng x\u00e2y nh\u00e0 ki\u1ec3u m\u1edbi hi\u1ec7n nay<\/a>\n\t\t\t\t   \t  <span class=\"post_comments op-7 block is-xsmall\"><a href=\"https:\/\/giaodienwebsite.tgs.com.vn\/xaydung5\/gioi-thieu-mot-va-xu-huong-xay-nha-kieu-moi-hien-nay\/#respond\"><\/a><\/span>\n\t\t\t\t<\/div>\n\t\t\t<\/div>\n\t\t<\/li>\n\t\t\n\t\t\n\t\t<li class=\"recent-blog-posts-li\">\n\t\t\t<div class=\"flex-row recent-blog-posts align-top pt-half pb-half\">\n\t\t\t\t<div class=\"flex-col mr-half\">\n\t\t\t\t\t<div class=\"badge post-date  badge-outline\">\n\t\t\t\t\t\t\t<div class=\"badge-inner bg-fill\" style=\"background: url(https:\/\/giaodienwebsite.tgs.com.vn\/xaydung5\/wp-content\/uploads\/2020\/04\/XAY-NHA-PHAN-THO-1-150x150.jpg); border:0;\">\n                                \t\t\t\t\t\t\t<\/div>\n\t\t\t\t\t<\/div>\n\t\t\t\t<\/div>\n\t\t\t\t<div class=\"flex-col flex-grow\">\n\t\t\t\t\t  <a href=\"https:\/\/giaodienwebsite.tgs.com.vn\/xaydung5\/neu-ban-co-trong-tay-100-trieu-xay-nha-gi-hop-ly\/\" title=\"N\u1ebfu b\u1ea1n c\u00f3 trong tay 100 tri\u1ec7u x\u00e2y nh\u00e0 g\u00ec h\u1ee3p l\u00fd?\">N\u1ebfu b\u1ea1n c\u00f3 trong tay 100 tri\u1ec7u x\u00e2y nh\u00e0 g\u00ec h\u1ee3p l\u00fd?<\/a>\n\t\t\t\t   \t  <span class=\"post_comments op-7 block is-xsmall\"><a href=\"https:\/\/giaodienwebsite.tgs.com.vn\/xaydung5\/neu-ban-co-trong-tay-100-trieu-xay-nha-gi-hop-ly\/#respond\"><\/a><\/span>\n\t\t\t\t<\/div>\n\t\t\t<\/div>\n\t\t<\/li>\n\t\t\t\t<\/ul>\t\t<\/aside><\/ul>\n\t\t<\/div>\n\t\t\t<\/div>\n\n\t\n<\/div>\n\t\t<\/div>\n\n\t\t\n<style>\n#section_2117611469 {\n  padding-top: 17px;\n  padding-bottom: 17px;\n}\n<\/style>\n\t<\/section>\n\t\n","protected":false},"excerpt":{"rendered":"","protected":false},"author":1,"featured_media":0,"parent":0,"menu_order":0,"comment_status":"closed","ping_status":"closed","template":"page-blank.php","meta":{"footnotes":""},"class_list":["post-57","page","type-page","status-publish","hentry"],"_links":{"self":[{"href":"https:\/\/giaodienwebsite.tgs.com.vn\/xaydung5\/wp-json\/wp\/v2\/pages\/57","targetHints":{"allow":["GET"]}}],"collection":[{"href":"https:\/\/giaodienwebsite.tgs.com.vn\/xaydung5\/wp-json\/wp\/v2\/pages"}],"about":[{"href":"https:\/\/giaodienwebsite.tgs.com.vn\/xaydung5\/wp-json\/wp\/v2\/types\/page"}],"author":[{"embeddable":true,"href":"https:\/\/giaodienwebsite.tgs.com.vn\/xaydung5\/wp-json\/wp\/v2\/users\/1"}],"replies":[{"embeddable":true,"href":"https:\/\/giaodienwebsite.tgs.com.vn\/xaydung5\/wp-json\/wp\/v2\/comments?post=57"}],"version-history":[{"count":0,"href":"https:\/\/giaodienwebsite.tgs.com.vn\/xaydung5\/wp-json\/wp\/v2\/pages\/57\/revisions"}],"wp:attachment":[{"href":"https:\/\/giaodienwebsite.tgs.com.vn\/xaydung5\/wp-json\/wp\/v2\/media?parent=57"}],"curies":[{"name":"wp","href":"https:\/\/api.w.org\/{rel}","templated":true}]}}