{"id":38,"date":"2019-08-03T22:10:01","date_gmt":"2019-08-03T15:10:01","guid":{"rendered":"http:\/\/kientruc2.w2steam.com\/?page_id=38"},"modified":"2019-08-03T22:10:01","modified_gmt":"2019-08-03T15:10:01","slug":"gioi-thieu-2","status":"publish","type":"page","link":"https:\/\/giaodienwebsite.tgs.com.vn\/xaydung2\/gioi-thieu-2\/","title":{"rendered":"Gi\u1edbi thi\u1ec7u"},"content":{"rendered":"<p><strong>QU\u00c1 TR\u00ccNH H\u00ccNH TH\u00c0NH V\u00c0 PH\u00c1T TRI\u1ec2N:<\/strong><\/p>\n<p>C\u00f4ng ty TNHH XD TM DV \u0110\u1ea1i Thanh \u0111\u01b0\u1ee3c\u00a0th\u00e0nh l\u1eadp t\u1eeb m\u1ed9t t\u1eadp th\u1ec3 c\u00e1c k\u1ef9 s\u01b0 c\u00f3 tr\u00ecnh \u0111\u1ed9 chuy\u00ean m\u00f4n cao c\u00f9ng \u0111\u1ed9i ng\u0169 c\u00f4ng nh\u00e2n l\u00e0nh ngh\u1ec1 \u0111\u00e3 tr\u1ea3i qua nhi\u1ec1u c\u00f4ng tr\u00ecnh quy m\u00f4 l\u1edbn, l\u00e0m vi\u1ec7c trong m\u00f4i tr\u01b0\u1eddng gi\u00e1m s\u00e1t ch\u1eb7t ch\u1ebd c\u1ee7a c\u00e1c c\u00f4ng ty t\u01b0 v\u1ea5n n\u01b0\u1edbc ngo\u00e0i.\u00a0\u0110\u1ea1i Thanh lu\u00f4n \u0111\u01b0\u1ee3c c\u00e1c \u0111\u1ed1i t\u00e1c \u0111\u00e1nh gi\u00e1 cao trong l\u0129nh v\u1ef1c thi\u1ebft k\u1ebf, thi c\u00f4ng x\u00e2y d\u1ef1ng c\u00e1c c\u00f4ng tr\u00ecnh d\u00e2n d\u1ee5ng tr\u00ean \u0111\u1ecba b\u00e0n TPHCM v\u00e0 c\u00e1c t\u1ec9nh l\u00e2n c\u1eadn.<\/p>\n<p>\u0110\u1ea1i Thanh\u00a0kh\u00f4ng ng\u1eebng nghi\u00ean c\u1ee9u, \u1ee9ng d\u1ee5ng c\u00e1c ph\u01b0\u01a1ng ph\u00e1p v\u00e0 c\u00f4ng ngh\u1ec7 ti\u00ean ti\u1ebfn nh\u1ea5t tr\u00ean th\u1ebf gi\u1edbi nh\u1eb1m \u0111\u1ea3m b\u1ea3o ti\u1ebfn \u0111\u1ed9 v\u00e0 th\u1ecfa m\u00e3n ch\u1ea5t l\u01b0\u1ee3ng c\u00f4ng tr\u00ecnh c\u1ee7a kh\u00e1ch h\u00e0ng.v\u1edbi Trang thi\u1ebft b\u1ecb v\u00e0 m\u00e1y m\u00f3c hi\u1ec7n \u0111\u1ea1i c\u00f9ng \u0111\u1ed9i ng\u0169 c\u00f4ng nh\u00e2n k\u0129 thu\u1eadt l\u00e0nh ngh\u1ec1. ch\u00fang t\u00f4i cam k\u1ebft \u0111\u1ea3m b\u1ea3o thi c\u00f4ng \u0111\u00fang thi\u1ebft k\u1ebf ,\u00a0\u0111\u1ea3m b\u1ea3o ti\u1ebfn \u0111\u1ed9 v\u00e0 th\u1ecfa m\u00e3n ch\u1ea5t l\u01b0\u1ee3ng c\u00f4ng tr\u00ecnh.<\/p>\n<p>Trao \u0110\u1ea1i Thanh c\u01a1 h\u1ed9i, Ch\u1ee7 \u0111\u1ea7u t\u01b0 nh\u1eadn ni\u1ec1m tin v\u00e0 s\u1ef1 v\u1eefng b\u1ec1n.<\/p>\n<p><strong>\u00a0L\u0128NH V\u1ef0C HO\u1ea0T \u0110\u1ed8NG:<\/strong><\/p>\n<p>* D\u1ecaCH V\u1ee4 THI C\u00d4NG X\u00c2Y M\u1edaI:<\/p>\n<p>\u2013 X\u00e2y d\u1ef1ng c\u00f4ng tr\u00ecnh nh\u00e0 \u1edf c\u00e1c lo\u1ea1i<\/p>\n<p>\u2013 X\u00e2y d\u1ef1ng c\u00f4ng tr\u00ecnh c\u00f4ng d\u00e2n d\u1ee5ng c\u00e1c lo\u1ea1i<\/p>\n<p>* D\u1ecaCH V\u1ee4 THI C\u00d4NG S\u1eecA CH\u1eeeA:<\/p>\n<p>\u2013 S\u1eefa ch\u1eefa c\u00f4ng tr\u00ecnh nh\u00e0 \u1edf c\u00e1c lo\u1ea1i<\/p>\n<p>\u2013 S\u1eefa ch\u1eefa c\u00f4ng tr\u00ecnh c\u00f4ng d\u00e2n d\u1ee5ng c\u00e1c lo\u1ea1i<\/p>\n<p>\u2013 S\u1eefa ch\u1eefa c\u00f4ng tr\u00ecnh c\u00f4ng nghi\u1ec7p c\u00e1c lo\u1ea1i<\/p>\n<p>\u2013 S\u01a1n n\u01b0\u1edbc,ch\u1ed1ng th\u1ea5m,ch\u1ed1ng d\u1ed9t .<\/p>\n<p>* THI C\u00d4NG N\u1ec0N M\u00d3NG:<\/p>\n<p>\u2013 \u0110\u00e0o m\u00f3ng nh\u00e0 d\u00e2n d\u1ee5ng c\u00e1c lo\u1ea1i<\/p>\n<p>\u2013 \u0110\u00e0o m\u00f3ng t\u1ea7ng h\u1ea7m \u2013 c\u00f4ng tr\u00ecnh c\u00e1c lo\u1ea1i<\/p>\n<p>\u2013 \u0110\u00f3ng c\u1eeb c\u00f4ng tr\u00ecnh d\u00e2n d\u1ee5ng v\u00e0 c\u00f4ng nghi\u1ec7p c\u00e1c lo\u1ea1i<\/p>\n<p>\u2013 \u00c9p c\u1ecdc b\u00ea t\u00f4ng c\u00f4ng tr\u00ecnh d\u00e2n d\u1ee5ng v\u00e0 c\u00f4ng nghi\u1ec7p c\u00e1c lo\u1ea1i<\/p>\n<p>* D\u1ecaCH V\u1ee4 MUA X\u00c1C \u2013 PH\u00c1 D\u1ee0 NH\u00c0:<\/p>\n<p>\u2013 Mua x\u00e1c \u2013 ph\u00e1 d\u1ee1 c\u00f4ng tr\u00ecnh d\u00e2n d\u1ee5ng c\u00e1c lo\u1ea1i<\/p>\n<p>\u2013 Mua x\u00e1c \u2013 ph\u00e1 d\u1ee1 c\u00f4ng tr\u00ecnh c\u00f4ng nghi\u1ec7p c\u00e1c lo\u1ea1i<\/p>\n<p>* SAN L\u1ea4P M\u1eb6T B\u1eb0NG:<\/p>\n<p>\u2013 san l\u1ea5p m\u1eb7t b\u1eb1ng t\u1ea1i TPHCM v\u00e0 c\u00e1c t\u1ec9nh l\u00e2n c\u1eadn<\/p>\n<p>\u2013 b\u01a1m h\u00fat c\u00e1t kh\u1ed1i l\u01b0\u1ee3ng l\u1edbn t\u1ea1i tp hcm v\u00e0 c\u00e1c t\u1ec9nh l\u00e2n c\u1eadn<\/p>\n<p>\u2013 n\u00e2ng c\u1ea5p n\u1ec1n nh\u00e0 t\u1ea1i TPHCM<\/p>\n<p><strong>T\u1ea6M NH\u00ccN<\/strong><\/p>\n<p>B\u1eb1ng kh\u00e1t v\u1ecdng ti\u00ean phong c\u00f9ng chi\u1ebfn l\u01b0\u1ee3c \u0111\u1ea7u t\u01b0 \u2013 ph\u00e1t tri\u1ec3n b\u1ec1n v\u1eefng, \u0110\u1ea1i Thanh ph\u1ea5n \u0111\u1ea5u tr\u1edf th\u00e0nh c\u00f4ng ty \u0111a ng\u00e0nh ngh\u1ec1 h\u00e0ng \u0111\u1ea7u Vi\u1ec7t Nam v\u00e0 khu v\u1ef1c; h\u01b0\u1edbng \u0111\u1ebfn t\u1ea7m cao m\u1edbi mang \u0111\u1eb3ng c\u1ea5p qu\u1ed1c t\u1ebf.\u0110\u1ea1i Thanh mong mu\u1ed1n t\u1ea1o n\u00ean m\u1ed9t th\u01b0\u01a1ng hi\u1ec7u Vi\u1ec7t, th\u1ec3 hi\u1ec7n t\u1ea7m v\u00f3c tr\u00ed tu\u1ec7 v\u00e0 ni\u1ec1m t\u1ef1 h\u00e0o Vi\u1ec7t Nam tr\u00ean tr\u01b0\u1eddng qu\u1ed1c t\u1ebf.<\/p>\n<p><strong>S\u1ee8 M\u1ec6NH:<\/strong><\/p>\n<p><strong>\u0110\u1ed1i v\u1edbi th\u1ecb tr\u01b0\u1eddng:<\/strong>\u00a0Cung c\u1ea5p c\u00e1c s\u1ea3n ph\u1ea9m \u2013 d\u1ecbch v\u1ee5 \u0111\u1eb3ng c\u1ea5p v\u1edbi ch\u1ea5t l\u01b0\u1ee3ng qu\u1ed1c t\u1ebf v\u00e0 v\u1edbi c\u00f4ng tr\u00ecnh mang t\u1ea7m c\u1ee1 qu\u1ed1c gia ; mang t\u00ednh \u0111\u1ed9c \u0111\u00e1o v\u00e0 s\u00e1ng t\u1ea1o cao. B\u00ean c\u1ea1nh gi\u00e1 tr\u1ecb ch\u1ea5t l\u01b0\u1ee3ng v\u01b0\u1ee3t tr\u1ed9i, trong m\u1ed7i d\u1ecbch v\u1ee5 \u0111\u1ec1u ch\u1ee9a \u0111\u1ef1ng nh\u1eefng th\u00f4ng \u0111i\u1ec7p uy t\u00edn nh\u1eb1m th\u1ecfa m\u00e3n t\u1ed1i \u0111a nhu c\u1ea7u ch\u00ednh \u0111\u00e1ng c\u1ee7a kh\u00e1ch h\u00e0ng.<\/p>\n<p><strong>\u0110\u1ed1i v\u1edbi c\u1ed5 \u0111\u00f4ng v\u00e0 \u0111\u1ed1i t\u00e1c:<\/strong>\u00a0\u0110\u1ec1 cao tinh th\u1ea7n h\u1ee3p t\u00e1c c\u00f9ng ph\u00e1t tri\u1ec3n; cam k\u1ebft tr\u1edf th\u00e0nh ch\u1ee7 \u0111\u1ea7u t\u01b0 uy t\u00edn c\u1ee7a c\u00e1c \u0111\u1ed1i t\u00e1c v\u00e0 c\u1ed5 \u0111\u00f4ng; lu\u00f4n gia t\u0103ng c\u00e1c gi\u00e1 tr\u1ecb \u0111\u1ea7u t\u01b0 h\u1ea5p d\u1eabn v\u00e0 b\u1ec1n v\u1eefng.<\/p>\n<p><strong>\u0110\u1ed1i v\u1edbi nh\u00e2n vi\u00ean:<\/strong>\u00a0X\u00e2y d\u1ef1ng m\u00f4i tr\u01b0\u1eddng l\u00e0m vi\u1ec7c chuy\u00ean nghi\u1ec7p, n\u0103ng \u0111\u1ed9ng, s\u00e1ng t\u1ea1o v\u00e0 nh\u00e2n v\u0103n; t\u1ea1o \u0111i\u1ec1u ki\u1ec7n thu nh\u1eadp cao v\u00e0 c\u01a1 h\u1ed9i ph\u00e1t tri\u1ec3n c\u00f4ng b\u1eb1ng cho t\u1ea5t c\u1ea3 nh\u00e2n vi\u00ean.<\/p>\n<p><strong>\u0110\u1ed1i v\u1edbi x\u00e3 h\u1ed9i:<\/strong>\u00a0H\u00e0i h\u00f2a l\u1ee3i \u00edch doanh nghi\u1ec7p v\u1edbi l\u1ee3i \u00edch x\u00e3 h\u1ed9i; \u0111\u00f3ng g\u00f3p t\u00edch c\u1ef1c v\u00e0o c\u00e1c ho\u1ea1t \u0111\u1ed9ng h\u01b0\u1edbng v\u1ec1 c\u1ed9ng \u0111\u1ed3ng, th\u1ec3 hi\u1ec7n tinh th\u1ea7n tr\u00e1ch nhi\u1ec7m c\u00f4ng d\u00e2n v\u00e0 ni\u1ec1m t\u1ef1 h\u00e0o d\u00e2n t\u1ed9c.<\/p>\n<p><strong>TRI \u00c2N KH\u00c1CH H\u00c0NG:<\/strong>\u00a0c\u00f4ng ty TNHH XD TM DV\u00a0 \u0110\u1ea1i Thanh xin g\u1eedi nh\u1eefng l\u1eddi tri \u00e2n ch\u00e2n th\u00e0nh \u0111\u1ebfn to\u00e0n th\u1ec3 Qu\u00fd kh\u00e1ch h\u00e0ng \u0111\u00e3 lu\u00f4n tin t\u01b0\u1edfng v\u00e0 \u1ee7ng h\u1ed9 ch\u00fang t\u00f4i trong su\u1ed1t th\u1eddi gian qua. Ch\u00fang t\u00f4i c\u0169ng xin tr\u00e2n tr\u1ecdng c\u1ea3m \u01a1n c\u00e1c Qu\u00fd \u0111\u1ed1i t\u00e1c \u0111\u00e3 v\u00e0 \u0111ang s\u00e1t c\u00e1nh c\u00f9ng ch\u00fang t\u00f4i \u0111\u1ec3 x\u00e2y d\u1ef1ng n\u00ean nh\u1eefng c\u00f4ng tr\u00ecnh ch\u1ea5t l\u01b0\u1ee3ng, an to\u00e0n v\u00e0 hi\u1ec7u qu\u1ea3. Ch\u00fang t\u00f4i r\u1ea5t mong nh\u1eadn \u0111\u01b0\u1ee3c nh\u1eefng \u00fd ki\u1ebfn \u0111\u00f3ng g\u00f3p t\u1eeb Qu\u00fd kh\u00e1ch v\u00e0 mong c\u00f3 c\u01a1 h\u1ed9i \u0111\u01b0\u1ee3c h\u1ee3p t\u00e1c c\u00f9ng Qu\u00fd kh\u00e1ch h\u00e0ng nh\u1eefng d\u1ef1 \u00e1n trong t\u01b0\u01a1ng lai.<\/p>\n<p><strong>K\u00cdNH CH\u00daC QU\u00dd KH\u00c1CH LU\u00d4N TH\u00c0NH \u0110\u1ea0T TRONG C\u00d4NG VI\u1ec6C V\u00c0 H\u1ea0NH PH\u00daC TRONG CU\u1ed8C S\u1ed0NG.<\/strong><\/p>\n","protected":false},"excerpt":{"rendered":"<p>QU\u00c1 TR\u00ccNH H\u00ccNH TH\u00c0NH V\u00c0 PH\u00c1T TRI\u1ec2N: C\u00f4ng ty TNHH XD TM DV \u0110\u1ea1i Thanh \u0111\u01b0\u1ee3c\u00a0th\u00e0nh l\u1eadp t\u1eeb m\u1ed9t t\u1eadp th\u1ec3 c\u00e1c k\u1ef9 s\u01b0 c\u00f3 tr\u00ecnh \u0111\u1ed9 chuy\u00ean m\u00f4n cao c\u00f9ng \u0111\u1ed9i ng\u0169 c\u00f4ng nh\u00e2n l\u00e0nh ngh\u1ec1 \u0111\u00e3 tr\u1ea3i qua nhi\u1ec1u c\u00f4ng tr\u00ecnh quy m\u00f4 l\u1edbn, l\u00e0m vi\u1ec7c trong m\u00f4i tr\u01b0\u1eddng gi\u00e1m s\u00e1t ch\u1eb7t ch\u1ebd &#8230;<\/p>\n","protected":false},"author":1,"featured_media":0,"parent":0,"menu_order":0,"comment_status":"closed","ping_status":"closed","template":"page-right-sidebar.php","meta":{"footnotes":""},"class_list":["post-38","page","type-page","status-publish","hentry"],"_links":{"self":[{"href":"https:\/\/giaodienwebsite.tgs.com.vn\/xaydung2\/wp-json\/wp\/v2\/pages\/38","targetHints":{"allow":["GET"]}}],"collection":[{"href":"https:\/\/giaodienwebsite.tgs.com.vn\/xaydung2\/wp-json\/wp\/v2\/pages"}],"about":[{"href":"https:\/\/giaodienwebsite.tgs.com.vn\/xaydung2\/wp-json\/wp\/v2\/types\/page"}],"author":[{"embeddable":true,"href":"https:\/\/giaodienwebsite.tgs.com.vn\/xaydung2\/wp-json\/wp\/v2\/users\/1"}],"replies":[{"embeddable":true,"href":"https:\/\/giaodienwebsite.tgs.com.vn\/xaydung2\/wp-json\/wp\/v2\/comments?post=38"}],"version-history":[{"count":0,"href":"https:\/\/giaodienwebsite.tgs.com.vn\/xaydung2\/wp-json\/wp\/v2\/pages\/38\/revisions"}],"wp:attachment":[{"href":"https:\/\/giaodienwebsite.tgs.com.vn\/xaydung2\/wp-json\/wp\/v2\/media?parent=38"}],"curies":[{"name":"wp","href":"https:\/\/api.w.org\/{rel}","templated":true}]}}