{"id":339,"date":"2021-04-26T01:39:32","date_gmt":"2021-04-26T01:39:32","guid":{"rendered":"https:\/\/giaodienwebsite.tgs.com.vn\/trangsuc2\/?post_type=product&#038;p=339"},"modified":"2021-04-26T01:39:33","modified_gmt":"2021-04-26T01:39:33","slug":"bong-tai-bac-dinh-da-pnjsilver-xmxmw000037","status":"publish","type":"product","link":"https:\/\/giaodienwebsite.tgs.com.vn\/trangsuc2\/san-pham\/bong-tai-bac-dinh-da-pnjsilver-xmxmw000037\/","title":{"rendered":"B\u00f4ng tai B\u1ea1c \u0111\u00ednh \u0111\u00e1 PNJSilver XMXMW000037"},"content":{"rendered":"<div class=\"ty-product-block-title-outer\">\n<p class=\"ty-product-block-title\">N\u1ed9i dung \u0111ang \u0111\u01b0\u1ee3c c\u1eadp nh\u1eadt&#8230;<\/p>\n<\/div>\n<p class=\"ty-product-block__sku\">\n","protected":false},"excerpt":{"rendered":"<p>N\u1ed9i dung \u0111ang \u0111\u01b0\u1ee3c c\u1eadp nh\u1eadt&#8230;<\/p>\n","protected":false},"featured_media":340,"comment_status":"open","ping_status":"closed","template":"","meta":[],"class_list":["post-339","product","type-product","status-publish","has-post-thumbnail","hentry","product_cat-trang-suc","product_cat-bong-tai-bac","pa_bo-suu-tap-phong-cach","pa_dip-tang-qua-qua-cuoi","pa_gioi-tinh-nu","pa_kich-co-73","pa_kich-co-74","pa_kich-co-75","pa_loai-da-chinh-synthetic","pa_loai-da-phu-mix-da","pa_mau-sac-cam","pa_qua-tang-cho-nguoi-than-cho-nang","pa_so-thich-sanh-dieu"],"yoast_head":"<!-- This site is optimized with the Yoast SEO Premium plugin v15.5 - https:\/\/yoast.com\/wordpress\/plugins\/seo\/ -->\n<title>B\u00f4ng tai B\u1ea1c \u0111\u00ednh \u0111\u00e1 PNJSilver XMXMW000037 - M\u1eabu web trang s\u1ee9c - Giao di\u1ec7n web \u0111\u1eb9p<\/title>\n<meta name=\"robots\" content=\"index, follow, max-snippet:-1, max-image-preview:large, max-video-preview:-1\" \/>\n<link rel=\"canonical\" href=\"https:\/\/giaodienwebsite.tgs.com.vn\/trangsuc2\/san-pham\/bong-tai-bac-dinh-da-pnjsilver-xmxmw000037\/\" \/>\n<meta property=\"og:locale\" content=\"vi_VN\" \/>\n<meta property=\"og:type\" content=\"article\" \/>\n<meta property=\"og:title\" content=\"B\u00f4ng tai B\u1ea1c \u0111\u00ednh \u0111\u00e1 PNJSilver XMXMW000037 - M\u1eabu web trang s\u1ee9c - Giao di\u1ec7n web \u0111\u1eb9p\" \/>\n<meta property=\"og:description\" content=\"N\u1ed9i dung \u0111ang \u0111\u01b0\u1ee3c c\u1eadp nh\u1eadt&#8230;\" \/>\n<meta property=\"og:url\" content=\"https:\/\/giaodienwebsite.tgs.com.vn\/trangsuc2\/san-pham\/bong-tai-bac-dinh-da-pnjsilver-xmxmw000037\/\" \/>\n<meta property=\"og:site_name\" content=\"M\u1eabu web trang s\u1ee9c - Giao di\u1ec7n web \u0111\u1eb9p\" \/>\n<meta property=\"article:modified_time\" content=\"2021-04-26T01:39:33+00:00\" \/>\n<meta property=\"og:image\" content=\"https:\/\/giaodienwebsite.tgs.com.vn\/trangsuc2\/wp-content\/uploads\/2021\/04\/sbxmxmw000037-bong-tai-bac-dinh-da-pnjsilver-001.png\" \/>\n\t<meta property=\"og:image:width\" content=\"435\" \/>\n\t<meta property=\"og:image:height\" content=\"435\" \/>\n<meta name=\"twitter:card\" content=\"summary_large_image\" \/>\n<meta name=\"twitter:label1\" content=\"\u01af\u1edbc t\u00ednh th\u1eddi gian \u0111\u1ecdc\">\n\t<meta name=\"twitter:data1\" content=\"0 ph\u00fat\">\n<script type=\"application\/ld+json\" class=\"yoast-schema-graph\">{\"@context\":\"https:\/\/schema.org\",\"@graph\":[{\"@type\":\"WebSite\",\"@id\":\"https:\/\/giaodienwebsite.tgs.com.vn\/trangsuc2\/#website\",\"url\":\"https:\/\/giaodienwebsite.tgs.com.vn\/trangsuc2\/\",\"name\":\"M\\u1eabu web trang s\\u1ee9c - Giao di\\u1ec7n web \\u0111\\u1eb9p\",\"description\":\"M\\u1ed9t trang web m\\u1edbi s\\u1eed d\\u1ee5ng WordPress\",\"potentialAction\":[{\"@type\":\"SearchAction\",\"target\":\"https:\/\/giaodienwebsite.tgs.com.vn\/trangsuc2\/?s={search_term_string}\",\"query-input\":\"required name=search_term_string\"}],\"inLanguage\":\"vi\"},{\"@type\":\"ImageObject\",\"@id\":\"https:\/\/giaodienwebsite.tgs.com.vn\/trangsuc2\/san-pham\/bong-tai-bac-dinh-da-pnjsilver-xmxmw000037\/#primaryimage\",\"inLanguage\":\"vi\",\"url\":\"https:\/\/giaodienwebsite.tgs.com.vn\/trangsuc2\/wp-content\/uploads\/2021\/04\/sbxmxmw000037-bong-tai-bac-dinh-da-pnjsilver-001.png\",\"width\":435,\"height\":435},{\"@type\":\"WebPage\",\"@id\":\"https:\/\/giaodienwebsite.tgs.com.vn\/trangsuc2\/san-pham\/bong-tai-bac-dinh-da-pnjsilver-xmxmw000037\/#webpage\",\"url\":\"https:\/\/giaodienwebsite.tgs.com.vn\/trangsuc2\/san-pham\/bong-tai-bac-dinh-da-pnjsilver-xmxmw000037\/\",\"name\":\"B\\u00f4ng tai B\\u1ea1c \\u0111\\u00ednh \\u0111\\u00e1 PNJSilver XMXMW000037 - M\\u1eabu web trang s\\u1ee9c - Giao di\\u1ec7n web \\u0111\\u1eb9p\",\"isPartOf\":{\"@id\":\"https:\/\/giaodienwebsite.tgs.com.vn\/trangsuc2\/#website\"},\"primaryImageOfPage\":{\"@id\":\"https:\/\/giaodienwebsite.tgs.com.vn\/trangsuc2\/san-pham\/bong-tai-bac-dinh-da-pnjsilver-xmxmw000037\/#primaryimage\"},\"datePublished\":\"2021-04-26T01:39:32+00:00\",\"dateModified\":\"2021-04-26T01:39:33+00:00\",\"breadcrumb\":{\"@id\":\"https:\/\/giaodienwebsite.tgs.com.vn\/trangsuc2\/san-pham\/bong-tai-bac-dinh-da-pnjsilver-xmxmw000037\/#breadcrumb\"},\"inLanguage\":\"vi\",\"potentialAction\":[{\"@type\":\"ReadAction\",\"target\":[\"https:\/\/giaodienwebsite.tgs.com.vn\/trangsuc2\/san-pham\/bong-tai-bac-dinh-da-pnjsilver-xmxmw000037\/\"]}]},{\"@type\":\"BreadcrumbList\",\"@id\":\"https:\/\/giaodienwebsite.tgs.com.vn\/trangsuc2\/san-pham\/bong-tai-bac-dinh-da-pnjsilver-xmxmw000037\/#breadcrumb\",\"itemListElement\":[{\"@type\":\"ListItem\",\"position\":1,\"item\":{\"@type\":\"WebPage\",\"@id\":\"https:\/\/giaodienwebsite.tgs.com.vn\/trangsuc2\/\",\"url\":\"https:\/\/giaodienwebsite.tgs.com.vn\/trangsuc2\/\",\"name\":\"Trang ch\\u1ee7\"}},{\"@type\":\"ListItem\",\"position\":2,\"item\":{\"@type\":\"WebPage\",\"@id\":\"https:\/\/giaodienwebsite.tgs.com.vn\/trangsuc2\/cua-hang\/\",\"url\":\"https:\/\/giaodienwebsite.tgs.com.vn\/trangsuc2\/cua-hang\/\",\"name\":\"C\\u1eeda h\\u00e0ng\"}},{\"@type\":\"ListItem\",\"position\":3,\"item\":{\"@type\":\"WebPage\",\"@id\":\"https:\/\/giaodienwebsite.tgs.com.vn\/trangsuc2\/san-pham\/bong-tai-bac-dinh-da-pnjsilver-xmxmw000037\/\",\"url\":\"https:\/\/giaodienwebsite.tgs.com.vn\/trangsuc2\/san-pham\/bong-tai-bac-dinh-da-pnjsilver-xmxmw000037\/\",\"name\":\"B\\u00f4ng tai B\\u1ea1c \\u0111\\u00ednh \\u0111\\u00e1 PNJSilver XMXMW000037\"}}]}]}<\/script>\n<!-- \/ Yoast SEO Premium plugin. -->","_links":{"self":[{"href":"https:\/\/giaodienwebsite.tgs.com.vn\/trangsuc2\/wp-json\/wp\/v2\/product\/339","targetHints":{"allow":["GET"]}}],"collection":[{"href":"https:\/\/giaodienwebsite.tgs.com.vn\/trangsuc2\/wp-json\/wp\/v2\/product"}],"about":[{"href":"https:\/\/giaodienwebsite.tgs.com.vn\/trangsuc2\/wp-json\/wp\/v2\/types\/product"}],"replies":[{"embeddable":true,"href":"https:\/\/giaodienwebsite.tgs.com.vn\/trangsuc2\/wp-json\/wp\/v2\/comments?post=339"}],"wp:featuredmedia":[{"embeddable":true,"href":"https:\/\/giaodienwebsite.tgs.com.vn\/trangsuc2\/wp-json\/wp\/v2\/media\/340"}],"wp:attachment":[{"href":"https:\/\/giaodienwebsite.tgs.com.vn\/trangsuc2\/wp-json\/wp\/v2\/media?parent=339"}],"curies":[{"name":"wp","href":"https:\/\/api.w.org\/{rel}","templated":true}]}}