{"id":259,"date":"2020-09-07T15:52:49","date_gmt":"2020-09-07T15:52:49","guid":{"rendered":"https:\/\/giaodienwebsite.tgs.com.vn\/thucphamhuuco\/?post_type=product&#038;p=259"},"modified":"2020-09-07T15:53:28","modified_gmt":"2020-09-07T15:53:28","slug":"bo-dak-lak","status":"publish","type":"product","link":"https:\/\/giaodienwebsite.tgs.com.vn\/thucphamhuuco\/bo-dak-lak\/","title":{"rendered":"B\u01a0 \u0110\u0102K L\u1eaeK"},"content":{"rendered":"<p>NH\u1eeeNG C\u00d4NG D\u1ee4NG C\u1ef0C K\u1ef2 QU\u00dd C\u1ee6A RAU B\u1eaeP C\u1ea2I<\/p>\n<p>V\u00e0o m\u00f9a \u0111\u00f4ng, lo\u1ea1i rau xanh \u0111\u01b0\u1ee3c c\u00e1c gia \u0111\u00ecnh hay s\u1eed d\u1ee5ng nh\u1ea5t, c\u00f3 l\u1ebd l\u00e0 b\u1eafp c\u1ea3i. B\u1eafp c\u1ea3i kh\u00f4ng nh\u1eefng l\u00e0 m\u1ed9t lo\u1ea1i rau b\u1ed5 d\u01b0\u1ee1ng m\u00e0 c\u00f2n l\u00e0 v\u1ecb thu\u1ed1c qu\u00fd \u0111\u01b0\u1ee3c s\u1eed d\u1ee5ng nhi\u1ec1u trong d\u00e2n gian.<\/p>\n<p>C\u00f4ng d\u1ee5ng ch\u1eefa b\u1ec7nh c\u1ee7a rau c\u1ea3i b\u1eafp h\u1eefu c\u01a1:<\/p>\n<p>+B\u1eafp c\u1ea3i l\u00e0 lo\u1ea1i thu\u1ed1c tr\u1ecb giun t\u1ed1t: D\u00f9ng \u0111\u1eafp ngo\u00e0i \u0111\u1ec3 t\u1ea9y u\u1ebf v\u00e0 l\u00e0m li\u1ec1n s\u1eb9o c\u00e1c v\u1ebft th\u01b0\u01a1ng, m\u1ee5n nh\u1ecdt, c\u00e1c v\u1ebft th\u01b0\u01a1ng \u0111\u1ed9c, \u0111\u1ed3ng th\u1eddi l\u00e0 lo\u1ea1i thu\u1ed1c tr\u1eeb s\u00e2u b\u1ecd \u0111\u1ed1t (ong, ong v\u00f2 v\u1ebd, nh\u1ec7n\u2026).<\/p>\n<p>+B\u1eafp c\u1ea3i c\u00f2n l\u00e0 lo\u1ea1i thu\u1ed1c d\u1ecbu \u0111au trong b\u1ec7nh th\u1ea5p kh\u1edbp, th\u1ed1ng phong, \u0111au d\u00e2y th\u1ea7n kinh h\u00f4ng (l\u1ea5y c\u00e1c l\u00e1 b\u1eafp c\u1ea3i r\u1ed3i d\u00f9ng b\u00e0n l\u00e0 \u1ee7i cho m\u1ec1m, sau \u0111\u00f3 \u0111\u1eafp l\u00ean c\u00e1c ph\u1ea7n b\u1ecb \u0111au). B\u1eafp c\u1ea3i l\u00e0m s\u1ea1ch \u0111\u01b0\u1eddng h\u00f4 h\u1ea5p b\u1eb1ng c\u00e1ch ho\u1eb7c d\u00f9ng \u0111\u1eafp (tr\u1ecb vi\u00eam h\u1ecdng kh\u1ea3n ti\u1ebfng) ho\u1eb7c u\u1ed1ng trong (ho, vi\u00eam s\u01b0ng ph\u1ed5i).<\/p>\n<p>+B\u1eafp c\u1ea3i c\u0169ng l\u00e0 thu\u1ed1c ch\u1ed1ng ho\u1ea1i huy\u1ebft, tr\u1ecb l\u1ef5 v\u00e0 cung c\u1ea5p cho c\u01a1 th\u1ec3 m\u1ed9t y\u1ebfu t\u1ed1 quan tr\u1ecdng l\u00e0 l\u01b0u hu\u1ef3nh (S). N\u01b0\u1edbc b\u1eafp c\u1ea3i d\u00f9ng l\u1ecdc m\u00e1u.<\/p>\n<p>Cu\u1ed1i c\u00f9ng, b\u1eafp c\u1ea3i l\u00e0 lo\u1ea1i thu\u1ed1c m\u1ea1nh \u0111\u1ec3 ch\u1ed1ng k\u00edch th\u00edch th\u1ea7n kinh v\u00e0 ch\u1ee9ng m\u1ea5t ng\u1ee7. Nh\u1eefng ng\u01b0\u1eddi hay lo \u00e2u, c\u00e1c th\u00ed sinh \u0111i thi, c\u00e1c ng\u01b0\u1eddi b\u1ecb suy nh\u01b0\u1ee3c th\u1ea7n kinh, nh\u1eefng ng\u01b0\u1eddi m\u1ec7t m\u1ecfi li\u00ean mi\u00ean n\u00ean d\u00f9ng b\u1eafp c\u1ea3i th\u01b0\u1eddng xuy\u00ean.<\/p>\n<p>NH\u1eeeNG C\u00d4NG D\u1ee4NG C\u1ef0C K\u1ef2 QU\u00dd C\u1ee6A RAU B\u1eaeP C\u1ea2I<\/p>\n<p>V\u00e0o m\u00f9a \u0111\u00f4ng, lo\u1ea1i rau xanh \u0111\u01b0\u1ee3c c\u00e1c gia \u0111\u00ecnh hay s\u1eed d\u1ee5ng nh\u1ea5t, c\u00f3 l\u1ebd l\u00e0 b\u1eafp c\u1ea3i. B\u1eafp c\u1ea3i kh\u00f4ng nh\u1eefng l\u00e0 m\u1ed9t lo\u1ea1i rau b\u1ed5 d\u01b0\u1ee1ng m\u00e0 c\u00f2n l\u00e0 v\u1ecb thu\u1ed1c qu\u00fd \u0111\u01b0\u1ee3c s\u1eed d\u1ee5ng nhi\u1ec1u trong d\u00e2n gian.<\/p>\n<p>C\u00f4ng d\u1ee5ng ch\u1eefa b\u1ec7nh c\u1ee7a rau c\u1ea3i b\u1eafp h\u1eefu c\u01a1:<\/p>\n<p>+B\u1eafp c\u1ea3i l\u00e0 lo\u1ea1i thu\u1ed1c tr\u1ecb giun t\u1ed1t: D\u00f9ng \u0111\u1eafp ngo\u00e0i \u0111\u1ec3 t\u1ea9y u\u1ebf v\u00e0 l\u00e0m li\u1ec1n s\u1eb9o c\u00e1c v\u1ebft th\u01b0\u01a1ng, m\u1ee5n nh\u1ecdt, c\u00e1c v\u1ebft th\u01b0\u01a1ng \u0111\u1ed9c, \u0111\u1ed3ng th\u1eddi l\u00e0 lo\u1ea1i thu\u1ed1c tr\u1eeb s\u00e2u b\u1ecd \u0111\u1ed1t (ong, ong v\u00f2 v\u1ebd, nh\u1ec7n\u2026).<\/p>\n<p>+B\u1eafp c\u1ea3i c\u00f2n l\u00e0 lo\u1ea1i thu\u1ed1c d\u1ecbu \u0111au trong b\u1ec7nh th\u1ea5p kh\u1edbp, th\u1ed1ng phong, \u0111au d\u00e2y th\u1ea7n kinh h\u00f4ng (l\u1ea5y c\u00e1c l\u00e1 b\u1eafp c\u1ea3i r\u1ed3i d\u00f9ng b\u00e0n l\u00e0 \u1ee7i cho m\u1ec1m, sau \u0111\u00f3 \u0111\u1eafp l\u00ean c\u00e1c ph\u1ea7n b\u1ecb \u0111au). B\u1eafp c\u1ea3i l\u00e0m s\u1ea1ch \u0111\u01b0\u1eddng h\u00f4 h\u1ea5p b\u1eb1ng c\u00e1ch ho\u1eb7c d\u00f9ng \u0111\u1eafp (tr\u1ecb vi\u00eam h\u1ecdng kh\u1ea3n ti\u1ebfng) ho\u1eb7c u\u1ed1ng trong (ho, vi\u00eam s\u01b0ng ph\u1ed5i).<\/p>\n<p>+B\u1eafp c\u1ea3i c\u0169ng l\u00e0 thu\u1ed1c ch\u1ed1ng ho\u1ea1i huy\u1ebft, tr\u1ecb l\u1ef5 v\u00e0 cung c\u1ea5p cho c\u01a1 th\u1ec3 m\u1ed9t y\u1ebfu t\u1ed1 quan tr\u1ecdng l\u00e0 l\u01b0u hu\u1ef3nh (S). N\u01b0\u1edbc b\u1eafp c\u1ea3i d\u00f9ng l\u1ecdc m\u00e1u.<\/p>\n<p>Cu\u1ed1i c\u00f9ng, b\u1eafp c\u1ea3i l\u00e0 lo\u1ea1i thu\u1ed1c m\u1ea1nh \u0111\u1ec3 ch\u1ed1ng k\u00edch th\u00edch th\u1ea7n kinh v\u00e0 ch\u1ee9ng m\u1ea5t ng\u1ee7. Nh\u1eefng ng\u01b0\u1eddi hay lo \u00e2u, c\u00e1c th\u00ed sinh \u0111i thi, c\u00e1c ng\u01b0\u1eddi b\u1ecb suy nh\u01b0\u1ee3c th\u1ea7n kinh, nh\u1eefng ng\u01b0\u1eddi m\u1ec7t m\u1ecfi li\u00ean mi\u00ean n\u00ean d\u00f9ng b\u1eafp c\u1ea3i th\u01b0\u1eddng xuy\u00ean.<\/p>\n","protected":false},"excerpt":{"rendered":"<p>NH\u1eeeNG C\u00d4NG D\u1ee4NG C\u1ef0C K\u1ef2 QU\u00dd C\u1ee6A RAU B\u1eaeP C\u1ea2I V\u00e0o m\u00f9a \u0111\u00f4ng, lo\u1ea1i rau xanh \u0111\u01b0\u1ee3c c\u00e1c gia \u0111\u00ecnh hay s\u1eed d\u1ee5ng nh\u1ea5t, c\u00f3 l\u1ebd l\u00e0 b\u1eafp c\u1ea3i. B\u1eafp c\u1ea3i kh\u00f4ng nh\u1eefng l\u00e0 m\u1ed9t lo\u1ea1i rau b\u1ed5 d\u01b0\u1ee1ng m\u00e0 c\u00f2n l\u00e0 v\u1ecb thu\u1ed1c qu\u00fd \u0111\u01b0\u1ee3c s\u1eed d\u1ee5ng nhi\u1ec1u trong d\u00e2n gian. C\u00f4ng d\u1ee5ng ch\u1eefa&#8230;<\/p>\n","protected":false},"featured_media":247,"comment_status":"open","ping_status":"closed","template":"","meta":[],"_links":{"self":[{"href":"https:\/\/giaodienwebsite.tgs.com.vn\/thucphamhuuco\/wp-json\/wp\/v2\/product\/259"}],"collection":[{"href":"https:\/\/giaodienwebsite.tgs.com.vn\/thucphamhuuco\/wp-json\/wp\/v2\/product"}],"about":[{"href":"https:\/\/giaodienwebsite.tgs.com.vn\/thucphamhuuco\/wp-json\/wp\/v2\/types\/product"}],"replies":[{"embeddable":true,"href":"https:\/\/giaodienwebsite.tgs.com.vn\/thucphamhuuco\/wp-json\/wp\/v2\/comments?post=259"}],"wp:featuredmedia":[{"embeddable":true,"href":"https:\/\/giaodienwebsite.tgs.com.vn\/thucphamhuuco\/wp-json\/wp\/v2\/media\/247"}],"wp:attachment":[{"href":"https:\/\/giaodienwebsite.tgs.com.vn\/thucphamhuuco\/wp-json\/wp\/v2\/media?parent=259"}],"curies":[{"name":"wp","href":"https:\/\/api.w.org\/{rel}","templated":true}]}}