{"id":137,"date":"2018-07-18T23:29:58","date_gmt":"2018-07-18T23:29:58","guid":{"rendered":"https:\/\/giaodienwebsite.tgs.com.vn\/thucphamhuuco\/?page_id=137"},"modified":"2018-07-18T23:31:27","modified_gmt":"2018-07-18T23:31:27","slug":"tam-nhin-su-menh","status":"publish","type":"page","link":"https:\/\/giaodienwebsite.tgs.com.vn\/thucphamhuuco\/tam-nhin-su-menh\/","title":{"rendered":"T\u1ea7m nh\u00ecn s\u1ee9 m\u1ec7nh"},"content":{"rendered":"\t<section class=\"section\" id=\"section_2076446051\">\n\t\t<div class=\"bg section-bg fill bg-fill  bg-loaded\" >\n\n\t\t\t\n\t\t\t\n\t\t\t\n\n\t\t<\/div>\n\n\t\t<div class=\"section-content relative\">\n\t\t\t\n\t<div class=\"img has-hover x md-x lg-x y md-y lg-y\" id=\"image_1220990556\">\n\t\t\t\t\t\t\t\t<div class=\"img-inner dark\" >\n\t\t\t<img width=\"1440\" height=\"390\" src=\"https:\/\/giaodienwebsite.tgs.com.vn\/thucphamhuuco\/wp-content\/uploads\/2018\/07\/2_banner_vision.png\" class=\"attachment-original size-original\" alt=\"\" loading=\"lazy\" srcset=\"https:\/\/giaodienwebsite.tgs.com.vn\/thucphamhuuco\/wp-content\/uploads\/2018\/07\/2_banner_vision.png 1440w, https:\/\/giaodienwebsite.tgs.com.vn\/thucphamhuuco\/wp-content\/uploads\/2018\/07\/2_banner_vision-800x217.png 800w, https:\/\/giaodienwebsite.tgs.com.vn\/thucphamhuuco\/wp-content\/uploads\/2018\/07\/2_banner_vision-768x208.png 768w, https:\/\/giaodienwebsite.tgs.com.vn\/thucphamhuuco\/wp-content\/uploads\/2018\/07\/2_banner_vision-1400x379.png 1400w, https:\/\/giaodienwebsite.tgs.com.vn\/thucphamhuuco\/wp-content\/uploads\/2018\/07\/2_banner_vision-600x163.png 600w\" sizes=\"(max-width: 1440px) 100vw, 1440px\" \/>\t\t\t\t\t\t\n\t\t\t\t\t<\/div>\n\t\t\t\t\t\t\t\t\n<style>\n#image_1220990556 {\n  width: 100%;\n}\n<\/style>\n\t<\/div>\n\t\n\t\t<\/div>\n\n\t\t\n<style>\n#section_2076446051 {\n  padding-top: 0px;\n  padding-bottom: 0px;\n}\n<\/style>\n\t<\/section>\n\t\n\t<section class=\"section\" id=\"section_10509885\">\n\t\t<div class=\"bg section-bg fill bg-fill  bg-loaded\" >\n\n\t\t\t\n\t\t\t\n\t\t\t\n\n\t\t<\/div>\n\n\t\t<div class=\"section-content relative\">\n\t\t\t\n<div class=\"row\"  id=\"row-1734361180\">\n\n\t<div id=\"col-1307127091\" class=\"col medium-3 small-12 large-3\"  >\n\t\t<div class=\"col-inner\"  >\n\t\t\t\n\t\t\t\n<ul class=\"sidebar-wrapper ul-reset\"><li id=\"nav_menu-2\" class=\"widget widget_nav_menu\"><div class=\"menu-menu-gioi-thieu-container\"><ul id=\"menu-menu-gioi-thieu\" class=\"menu\"><li id=\"menu-item-133\" class=\"menu-item menu-item-type-post_type menu-item-object-page menu-item-133\"><a href=\"https:\/\/giaodienwebsite.tgs.com.vn\/thucphamhuuco\/lich-su-phat-trien\/\">L\u1ecbch s\u1eed ph\u00e1t tri\u1ec3n<\/a><\/li>\n<li id=\"menu-item-153\" class=\"menu-item menu-item-type-post_type menu-item-object-page menu-item-153\"><a href=\"https:\/\/giaodienwebsite.tgs.com.vn\/thucphamhuuco\/thanh-tuu\/\">Th\u00e0nh t\u1ef1u<\/a><\/li>\n<li id=\"menu-item-155\" class=\"menu-item menu-item-type-post_type menu-item-object-page menu-item-155\"><a href=\"https:\/\/giaodienwebsite.tgs.com.vn\/thucphamhuuco\/tam-nhin-su-menh\/\">T\u1ea7m nh\u00ecn s\u1ee9 m\u1ec7nh<\/a><\/li>\n<\/ul><\/div><\/li><\/ul>\n\t\t<\/div>\n\t\t\t<\/div>\n\n\t\n\n\t<div id=\"col-734355027\" class=\"col medium-9 small-12 large-9\"  >\n\t\t<div class=\"col-inner\"  >\n\t\t\t\n\t\t\t\n<h2 class=\"title-page gr-avo-33 text-uppercase\">T\u1ea6M NH\u00ccN S\u1ee8 M\u1ec6NH<\/h2>\n<div class=\"show-content\">\n<p><strong>Tr\u1ea3i qua ch\u1eb7ng \u0111\u01b0\u1eddng g\u1ea7n 40 n\u0103m x\u00e2y d\u1ef1ng v\u00e0 ph\u00e1t tri\u1ec3n, Betrimex \u0111\u00e3 nhanh ch\u00f3ng kh\u1eb3ng \u0111\u1ecbnh th\u01b0\u01a1ng hi\u1ec7u, tr\u1edf th\u00e0nh m\u1ed9t trong nh\u1eefng doanh nghi\u1ec7p h\u00e0ng \u0111\u1ea7u trong l\u0129nh v\u1ef1c ch\u1ebf bi\u1ebfn v\u00e0 xu\u1ea5t kh\u1ea9u c\u00e1c s\u1ea3n ph\u1ea9m t\u1eeb c\u00e2y d\u1eeba Vi\u1ec7t. Kh\u00f4ng ch\u1ec9 nh\u1ea1y b\u00e9n n\u1eafm b\u1eaft nhu c\u1ea7u th\u1ecb tr\u01b0\u1eddng, th\u1ecb hi\u1ebfu c\u1ee7a ng\u01b0\u1eddi ti\u00eau d\u00f9ng \u0111\u1ec3 k\u1ecbp th\u1eddi \u0111\u00e1p \u1ee9ng, Betrimex c\u00f2n lu\u00f4n ch\u00fa tr\u1ecdng n\u00e2ng cao ch\u1ea5t l\u01b0\u1ee3ng s\u1ea3n ph\u1ea9m, v\u01b0\u01a1n l\u00ean tr\u1edf th\u00e0nh doanh nghi\u1ec7p xu\u1ea5t kh\u1ea9u uy t\u00edn v\u00e0 c\u00f3 th\u01b0\u01a1ng hi\u1ec7u v\u1eefng m\u1ea1nh t\u1ea1i th\u1ecb tr\u01b0\u1eddng trong n\u01b0\u1edbc v\u00e0 qu\u1ed1c t\u1ebf.<\/strong><\/p>\n<p>\u00a0<img id=\"__mcenew\" src=\"http:\/\/www.betrimex.com.vn\/media\/1471\/dji_0247.jpg\" alt=\"\" data-id=\"2568\" \/><br \/>V\u1edbi vi\u1ec7c m\u1ea1nh d\u1ea1n \u0111\u1ea7u t\u01b0 c\u00f4ng ngh\u1ec7 m\u1edbi, kh\u00f4ng ng\u1eebng n\u00e2ng cao ch\u1ea5t l\u01b0\u1ee3ng s\u1ea3n ph\u1ea9m, c\u00e1c th\u00e0nh ph\u1ea9m c\u1ee7a Betrimex \u0111\u00e3 chinh ph\u1ee5c \u0111\u01b0\u1ee3c c\u00e1c th\u1ecb tr\u01b0\u1eddng n\u1ed5i ti\u1ebfng kh\u1eaft khe v\u00e0 kh\u00f3 t\u00ednh nh\u01b0 Nh\u1eadt B\u1ea3n, Ch\u00e2u \u00c2u, H\u00e0n Qu\u1ed1c, Hoa K\u1ef3\u2026<\/p>\n<p>B\u1eb1ng chi\u1ebfn l\u01b0\u1ee3c \u0111\u00fang \u0111\u1eafn, trong nhi\u1ec1u n\u0103m li\u1ec1n, Betrimex li\u00ean t\u1ee5c t\u0103ng tr\u01b0\u1edfng \u1ed5n \u0111\u1ecbnh, \u0111\u1eddi s\u1ed1ng c\u00e1n b\u1ed9 c\u00f4ng nh\u00e2n vi\u00ean ng\u00e0y c\u00e0ng \u0111\u01b0\u1ee3c c\u1ea3i thi\u1ec7n. C\u00f4ng ty lu\u00f4n n\u1ed9p \u0111\u1ea7y \u0111\u1ee7 c\u00e1c lo\u1ea1i thu\u1ebf, \u0111\u00f3ng g\u00f3p thi\u1ebft th\u1ef1c v\u00e0o c\u00f4ng cu\u1ed9c ph\u00e1t tri\u1ec3n kinh t\u1ebf &#8211; x\u00e3 h\u1ed9i.<\/p>\n<p>X\u00e1c \u0111\u1ecbnh \u201cKinh doanh l\u00e0 s\u1ee9 m\u1ec7nh ch\u1ee9 kh\u00f4ng ph\u1ea3i quy\u1ec1n l\u1ee3i\u201d, t\u1ea7m nh\u00ecn c\u1ee7a Betrimex l\u00e0 tr\u1edf th\u00e0nh m\u1ed9t c\u00f4ng ty c\u00f3 n\u1ed9i l\u1ef1c v\u00e0 v\u1ecb th\u1ebf l\u1edbn m\u1ea1nh nh\u1ea5t trong ng\u00e0nh d\u1eeba Vi\u1ec7t Nam \u0111\u1ed3ng th\u1eddi mang l\u1ea1i gi\u00e1 tr\u1ecb gia t\u0103ng cho ng\u01b0\u1eddi n\u00f4ng d\u00e2n, \u0111\u1ed1i t\u00e1c, kh\u00e1ch h\u00e0ng, c\u00e1n b\u1ed9 nh\u00e2n vi\u00ean (CBNV), mang l\u1ea1i gi\u00e1 tr\u1ecb c\u00f3 \u00edch cho c\u1ed9ng \u0111\u1ed3ng x\u00e3 h\u1ed9i.<\/p>\n<p><img id=\"__mcenew\" src=\"http:\/\/www.betrimex.com.vn\/media\/1472\/dji_0259_2.jpg\" alt=\"\" data-id=\"2569\" \/><\/p>\n<p>Tr\u00ean con \u0111\u01b0\u1eddng tr\u1edf th\u00e0nh doanh nghi\u1ec7p l\u1edbn nh\u1ea5t trong ng\u00e0nh d\u1eeba Vi\u1ec7t Nam, Betrimex lu\u00f4n xem s\u1ef1 tin y\u00eau, chia s\u1ebb v\u00e0 nh\u1eefng th\u00e0nh c\u00f4ng c\u1ee7a \u0111\u1ed1i t\u00e1c, c\u1ed5 \u0111\u00f4ng, kh\u00e1ch h\u00e0ng, ng\u01b0\u1eddi n\u00f4ng d\u00e2n ch\u00ednh l\u00e0 s\u1ee9 m\u1ec7nh, \u0111\u1ed9ng l\u1ef1c ph\u1ea5n \u0111\u1ea5u v\u00e0 l\u00e0 ph\u1ea7n th\u01b0\u1edfng c\u1ee7a ch\u00ednh m\u00ecnh. C\u00f9ng v\u1edbi m\u1ee5c ti\u00eau v\u00e0 k\u1ef3 v\u1ecdng ph\u00eda tr\u01b0\u1edbc, v\u1edbi t\u00ednh n\u0103ng \u0111\u1ed9ng s\u00e1ng t\u1ea1o v\u00e0 \u00fd ch\u00ed v\u01b0\u1ee3t l\u00ean ch\u00ednh m\u00ecnh c\u1ee7a \u0111\u1ed9i ng\u0169 L\u00e3nh \u0111\u1ea1o v\u00e0 CBNV, Betrimex \u0111ang v\u1eefng ti\u1ebfn v\u1ec1 ph\u00eda tr\u01b0\u1edbc, n\u1ed7 l\u1ef1c c\u1ed1ng hi\u1ebfn x\u1ee9ng \u0111\u00e1ng h\u01a1n v\u00e0o s\u1ef1 ph\u00e1t tri\u1ec3n c\u1ee7a t\u1ec9nh B\u1ebfn Tre n\u00f3i ri\u00eang v\u00e0 n\u1ec1n kinh t\u1ebf c\u1ee7a \u0111\u1ea5t n\u01b0\u1edbc n\u00f3i chung.<\/p>\n<\/div>\n\t\t<\/div>\n\t\t\t<\/div>\n\n\t\n<\/div>\n\t\t<\/div>\n\n\t\t\n<style>\n#section_10509885 {\n  padding-top: 30px;\n  padding-bottom: 30px;\n}\n<\/style>\n\t<\/section>\n\t\n","protected":false},"excerpt":{"rendered":"","protected":false},"author":1,"featured_media":0,"parent":0,"menu_order":0,"comment_status":"closed","ping_status":"closed","template":"page-blank.php","meta":[],"_links":{"self":[{"href":"https:\/\/giaodienwebsite.tgs.com.vn\/thucphamhuuco\/wp-json\/wp\/v2\/pages\/137"}],"collection":[{"href":"https:\/\/giaodienwebsite.tgs.com.vn\/thucphamhuuco\/wp-json\/wp\/v2\/pages"}],"about":[{"href":"https:\/\/giaodienwebsite.tgs.com.vn\/thucphamhuuco\/wp-json\/wp\/v2\/types\/page"}],"author":[{"embeddable":true,"href":"https:\/\/giaodienwebsite.tgs.com.vn\/thucphamhuuco\/wp-json\/wp\/v2\/users\/1"}],"replies":[{"embeddable":true,"href":"https:\/\/giaodienwebsite.tgs.com.vn\/thucphamhuuco\/wp-json\/wp\/v2\/comments?post=137"}],"version-history":[{"count":2,"href":"https:\/\/giaodienwebsite.tgs.com.vn\/thucphamhuuco\/wp-json\/wp\/v2\/pages\/137\/revisions"}],"predecessor-version":[{"id":140,"href":"https:\/\/giaodienwebsite.tgs.com.vn\/thucphamhuuco\/wp-json\/wp\/v2\/pages\/137\/revisions\/140"}],"wp:attachment":[{"href":"https:\/\/giaodienwebsite.tgs.com.vn\/thucphamhuuco\/wp-json\/wp\/v2\/media?parent=137"}],"curies":[{"name":"wp","href":"https:\/\/api.w.org\/{rel}","templated":true}]}}