{"id":128,"date":"2018-07-18T23:23:31","date_gmt":"2018-07-18T23:23:31","guid":{"rendered":"https:\/\/giaodienwebsite.tgs.com.vn\/thucphamhuuco\/?page_id=128"},"modified":"2018-07-18T23:28:49","modified_gmt":"2018-07-18T23:28:49","slug":"lich-su-phat-trien","status":"publish","type":"page","link":"https:\/\/giaodienwebsite.tgs.com.vn\/thucphamhuuco\/lich-su-phat-trien\/","title":{"rendered":"L\u1ecbch s\u1eed ph\u00e1t tri\u1ec3n"},"content":{"rendered":"\t<section class=\"section\" id=\"section_1784103035\">\n\t\t<div class=\"bg section-bg fill bg-fill  bg-loaded\" >\n\n\t\t\t\n\t\t\t\n\t\t\t\n\n\t\t<\/div>\n\n\t\t<div class=\"section-content relative\">\n\t\t\t\n\t<div class=\"img has-hover x md-x lg-x y md-y lg-y\" id=\"image_395155011\">\n\t\t\t\t\t\t\t\t<div class=\"img-inner dark\" >\n\t\t\t<img width=\"1920\" height=\"390\" src=\"https:\/\/giaodienwebsite.tgs.com.vn\/thucphamhuuco\/wp-content\/uploads\/2018\/07\/lich-su-phat-trien.jpg\" class=\"attachment-original size-original\" alt=\"\" loading=\"lazy\" srcset=\"https:\/\/giaodienwebsite.tgs.com.vn\/thucphamhuuco\/wp-content\/uploads\/2018\/07\/lich-su-phat-trien.jpg 1920w, https:\/\/giaodienwebsite.tgs.com.vn\/thucphamhuuco\/wp-content\/uploads\/2018\/07\/lich-su-phat-trien-800x163.jpg 800w, https:\/\/giaodienwebsite.tgs.com.vn\/thucphamhuuco\/wp-content\/uploads\/2018\/07\/lich-su-phat-trien-768x156.jpg 768w, https:\/\/giaodienwebsite.tgs.com.vn\/thucphamhuuco\/wp-content\/uploads\/2018\/07\/lich-su-phat-trien-1400x284.jpg 1400w, https:\/\/giaodienwebsite.tgs.com.vn\/thucphamhuuco\/wp-content\/uploads\/2018\/07\/lich-su-phat-trien-600x122.jpg 600w\" sizes=\"(max-width: 1920px) 100vw, 1920px\" \/>\t\t\t\t\t\t\n\t\t\t\t\t<\/div>\n\t\t\t\t\t\t\t\t\n<style>\n#image_395155011 {\n  width: 100%;\n}\n<\/style>\n\t<\/div>\n\t\n\t\t<\/div>\n\n\t\t\n<style>\n#section_1784103035 {\n  padding-top: 0px;\n  padding-bottom: 0px;\n}\n<\/style>\n\t<\/section>\n\t\n\t<section class=\"section\" id=\"section_900077630\">\n\t\t<div class=\"bg section-bg fill bg-fill  bg-loaded\" >\n\n\t\t\t\n\t\t\t\n\t\t\t\n\n\t\t<\/div>\n\n\t\t<div class=\"section-content relative\">\n\t\t\t\n<div class=\"row\"  id=\"row-350168541\">\n\n\t<div id=\"col-1743198347\" class=\"col medium-3 small-12 large-3\"  >\n\t\t<div class=\"col-inner\"  >\n\t\t\t\n\t\t\t\n<ul class=\"sidebar-wrapper ul-reset\"><li id=\"nav_menu-2\" class=\"widget widget_nav_menu\"><div class=\"menu-menu-gioi-thieu-container\"><ul id=\"menu-menu-gioi-thieu\" class=\"menu\"><li id=\"menu-item-133\" class=\"menu-item menu-item-type-post_type menu-item-object-page menu-item-133\"><a href=\"https:\/\/giaodienwebsite.tgs.com.vn\/thucphamhuuco\/lich-su-phat-trien\/\">L\u1ecbch s\u1eed ph\u00e1t tri\u1ec3n<\/a><\/li>\n<li id=\"menu-item-153\" class=\"menu-item menu-item-type-post_type menu-item-object-page menu-item-153\"><a href=\"https:\/\/giaodienwebsite.tgs.com.vn\/thucphamhuuco\/thanh-tuu\/\">Th\u00e0nh t\u1ef1u<\/a><\/li>\n<li id=\"menu-item-155\" class=\"menu-item menu-item-type-post_type menu-item-object-page menu-item-155\"><a href=\"https:\/\/giaodienwebsite.tgs.com.vn\/thucphamhuuco\/tam-nhin-su-menh\/\">T\u1ea7m nh\u00ecn s\u1ee9 m\u1ec7nh<\/a><\/li>\n<\/ul><\/div><\/li><\/ul>\n\t\t<\/div>\n\t\t\t<\/div>\n\n\t\n\n\t<div id=\"col-66762142\" class=\"col medium-9 small-12 large-9\"  >\n\t\t<div class=\"col-inner\"  >\n\t\t\t\n\t\t\t\n<h2 class=\"title-page gr-avo-33 text-uppercase\">L\u1ecaCH S\u1eec PH\u00c1T TRI\u1ec2N<\/h2>\n<div class=\"show-content\">\n<p><strong>Tr\u1ea3i qua ch\u1eb7ng \u0111\u01b0\u1eddng h\u01a1n 40 n\u0103m d\u1ef1ng x\u00e2y v\u00e0 ph\u00e1t tri\u1ec3n, C\u00f4ng ty C\u1ed5 ph\u1ea7n Xu\u1ea5t Nh\u1eadp Kh\u1ea9u B\u1ebfn Tre (Betrimex) &#8211; m\u1ed9t th\u00e0nh vi\u00ean c\u1ee7a T\u1eadp \u0111o\u00e0n TTC &#8211; \u0111\u00e3 nhanh ch\u00f3ng kh\u1eb3ng \u0111\u1ecbnh th\u01b0\u01a1ng hi\u1ec7u c\u1ee7a m\u00ecnh trong l\u0129nh v\u1ef1c ch\u1ebf bi\u1ebfn, xu\u1ea5t kh\u1ea9u c\u00e1c s\u1ea3n ph\u1ea9m t\u1eeb D\u1eeba. \u0110\u00e3 c\u00f3 nh\u1eefng b\u01b0\u1edbc th\u0103ng tr\u1ea7m nh\u01b0ng c\u0169ng c\u00f3 nh\u1eefng th\u00e0nh t\u00edch ph\u00e1t tri\u1ec3n v\u01b0\u1ee3t b\u1eadt g\u00f3p ph\u1ea7n th\u00fac \u0111\u1ea9y kinh t\u1ebf x\u00e3 h\u1ed9i t\u1ec9nh nh\u00e0 ng\u00e0y c\u00e0ng ph\u00e1t tri\u1ec3n m\u1ea1nh h\u01a1n.<\/strong><\/p>\n<p>\u00a0<\/p>\n<p><img id=\"__mcenew\" class=\"aligncenter\" src=\"http:\/\/www.betrimex.com.vn\/media\/1436\/logo.jpg\" alt=\"Betrimex Logo\" data-id=\"2508\" \/><\/p>\n<p><em>Logo m\u1edbi &#8211; H\u00ecnh \u1ea3nh m\u1edbi c\u1ee7a Betrimex<\/em><\/p>\n<p>Theo ti\u1ebfn tr\u00ecnh \u0111\u1ed5i m\u1edbi kinh t\u1ebf \u0111\u1ea5t n\u01b0\u1edbc v\u00e0 xu th\u1ebf h\u1ed9i nh\u1eadp, Betrimex \u0111\u00e3 x\u00e2y d\u1ef1ng \u0111\u01b0\u1ee3c m\u1ed9t h\u1ec7 th\u1ed1ng ho\u00e0n thi\u1ec7n v\u1edbi 5 nh\u00e0 m\u00e1y s\u1ea3n xu\u1ea5t, 1 c\u00f4ng ty th\u00e0nh vi\u00ean, h\u01a1n 950 nh\u00e2n vi\u00ean gi\u1ecfi chuy\u00ean m\u00f4n, gi\u00e0u nhi\u1ec7t huy\u1ebft c\u00f9ng m\u1ed9t \u0111\u1ed9i ng\u0169 \u0111\u00f4ng \u0111\u1ea3o c\u00f4ng nh\u00e2n l\u00e0nh ngh\u1ec1. Ngo\u00e0i ra, c\u00f4ng ty c\u00f2n kh\u00f4ng ng\u1eebng \u0111\u1ea7u t\u01b0 v\u1ec1 trang thi\u1ebft b\u1ecb v\u00e0 c\u00f4ng ngh\u1ec7 hi\u1ec7n \u0111\u1ea1i \u0111\u1ec3 m\u1edf r\u1ed9ng quy m\u00f4 s\u1ea3n xu\u1ea5t, n\u00e2ng cao ch\u1ea5t l\u01b0\u1ee3ng, \u0111a d\u1ea1ng h\u00f3a s\u1ea3n ph\u1ea9m, x\u00e2y d\u1ef1ng th\u01b0\u01a1ng hi\u1ec7u, ph\u00e1t tri\u1ec3n h\u1ec7 th\u1ed1ng ph\u00e2n ph\u1ed1i v\u00e0 m\u1edf r\u1ed9ng th\u1ecb tr\u01b0\u1eddng. Hi\u1ec7n nay, c\u00e1c s\u1ea3n ph\u1ea9m m\u0169i nh\u1ecdn nh\u01b0 c\u01a1m d\u1eeba s\u1ea5y kh\u00f4, ch\u1ec9 x\u01a1 d\u1eeba, l\u01b0\u1edbi x\u01a1 d\u1eeba, th\u1ea3m x\u01a1 d\u1eeba, m\u1ee5n d\u1eeba \u00e9p vi\u00ean, than g\u00e1o d\u1eeba, than ho\u1ea1t t\u00ednh,d\u1ea7u d\u1eeba\u2026 ng\u00e0y c\u00e0ng \u0111\u01b0\u1ee3c ph\u00eda \u0111\u1ed1i t\u00e1c t\u00edn nhi\u1ec7m. S\u1ea3n ph\u1ea9m c\u1ee7a Betrimex c\u00f3 m\u1eb7t r\u1ed9ng kh\u1eafp tr\u00ean 40 qu\u1ed1c gia v\u00e0 v\u00f9ng l\u00e3nh th\u1ed5.<\/p>\n<p>V\u1edbi \u0111\u1ecbnh h\u01b0\u1edbng chi\u1ebfn l\u01b0\u1ee3c t\u1eadp trung v\u00e0o ch\u1ea5t l\u01b0\u1ee3ng s\u1ea3n ph\u1ea9m, ph\u01b0\u01a1ng ch\u00e2m \u201cCh\u1ea5t l\u01b0\u1ee3ng s\u1ea3n ph\u1ea9m v\u00e0 uy t\u00edn\u201d lu\u00f4n l\u00e0 ti\u00eau ch\u00ed h\u00e0ng \u0111\u1ea7u m\u00e0 Betrimex h\u01b0\u1edbng \u0111\u1ebfn. C\u00f4ng ty \u0111\u00e3 \u00e1p d\u1ee5ng th\u00e0nh c\u00f4ng c\u00e1c h\u1ec7 th\u1ed1ng qu\u1ea3n l\u00fd ch\u1ea5t l\u01b0\u1ee3ng ti\u00ean ti\u1ebfn nh\u01b0: ISO 22000:2005, HACCP, GMP, HALAL, KOSHER v\u00e0 ORGANIC. B\u1ea5t k\u1ef3 m\u1ed9t s\u1ea3n ph\u1ea9m n\u00e0o c\u1ee7a Betrimex \u0111\u1ec1u mang trong m\u00ecnh m\u1ed9t s\u1ef1 cam k\u1ebft tuy\u1ec7t \u0111\u1ed1i v\u1ec1 ch\u1ea5t l\u01b0\u1ee3ng, s\u1ed1 l\u01b0\u1ee3ng v\u00e0 th\u1eddi gian nh\u1eb1m \u0111\u1ea3m b\u1ea3o Betrimex lu\u00f4n l\u00e0 th\u01b0\u01a1ng hi\u1ec7u h\u00e0ng \u0111\u1ea7u \u1edf Vi\u1ec7t Nam v\u00e0 khu v\u1ef1c.<\/p>\n<p><img id=\"__mcenew\" class=\"aligncenter\" src=\"http:\/\/www.betrimex.com.vn\/media\/2168\/san-pham-chinh.png\" alt=\"S\u1ea3n ph\u1ea9m c\u1ee7a Betrimex\" width=\"800\" data-id=\"2715\" \/><\/p>\n<div><iframe src=\"https:\/\/www.youtube.com\/embed\/R0znP201dHo?showinfo=0\" width=\"560\" height=\"315\" frameborder=\"0\" allowfullscreen=\"allowfullscreen\" data-mce-fragment=\"1\"><\/iframe><\/div>\n<p><iframe src=\"https:\/\/www.youtube.com\/embed\/XuhqsFELdpc?showinfo=0\" width=\"560\" height=\"315\" frameborder=\"0\" allowfullscreen=\"allowfullscreen\" data-mce-fragment=\"1\"><\/iframe><\/p>\n<p>\u00a0<\/p>\n<p>Hi\u1ec3u r\u00f5 \u0111\u01b0\u1ee3c nguy\u00ean l\u00fd th\u00e1ch th\u1ee9c lu\u00f4n \u0111i k\u00e8m v\u1edbi c\u01a1 h\u1ed9i, ngay trong b\u1ed1i c\u1ea3nh n\u1ec1n kinh t\u1ebf c\u00f2n g\u1eb7p nhi\u1ec1u kh\u00f3 kh\u0103n: s\u1ea3n xu\u1ea5t ch\u1ee7 y\u1ebfu t\u1eadp trung \u1edf c\u00e1c s\u1ea3n ph\u1ea9m th\u00f4, s\u01a1 ch\u1ebf, c\u00f2n ph\u1ee5 thu\u1ed9c v\u00e0 chi ph\u1ed1i nhi\u1ec1u \u1edf m\u1ed9t s\u1ed1 th\u1ecb tr\u01b0\u1eddng nh\u1ea5t \u0111\u1ecbnh,\u2026 Betrimex \u0111\u00e3 m\u1ea1nh d\u1ea1n \u0111\u1ea7u t\u01b0 x\u00e2y d\u1ef1ng nh\u00e0 m\u00e1y s\u1ea3n xu\u1ea5t n\u01b0\u1edbc d\u1eeba, s\u1eefa d\u1eeba t\u1ea1i c\u1ee5m c\u00f4ng nghi\u1ec7p Phong N\u1eabm huy\u1ec7n Gi\u1ed3ng Tr\u00f4m, v\u1edbi t\u1ed5ng di\u1ec7n t\u00edch kho\u1ea3ng 7.5 ha, t\u1ed5ng s\u1ed1 v\u1ed1n \u0111\u1ea7u t\u01b0 h\u01a1n 20 tri\u1ec7u USD, s\u1eed d\u1ee5ng m\u00e1y m\u00f3c c\u00f4ng ngh\u1ec7 ho\u00e0n to\u00e0n c\u1ee7a Tetra Pak &#8211; Th\u1ee5y \u0110i\u1ec3n. Sau khi \u0111i v\u00e0o ho\u1ea1t \u0111\u1ed9ng \u0111ang n\u00e2ng cao\u00a0gi\u00e1 tr\u1ecb s\u1ea3n xu\u1ea5t c\u1ee7a ng\u00e0nh d\u1eeba trong v\u00e0 ngo\u00e0i t\u1ec9nh v\u1edbi c\u00f4ng su\u1ea5t t\u1ed1i \u0111a\u00a0l\u00e0 42 tri\u1ec7u l\u00edt n\u01b0\u1edbc d\u1eeba \/n\u0103m, gi\u1ea3i quy\u1ebft vi\u1ec7c l\u00e0m cho h\u00e0ng tr\u0103m lao \u0111\u1ed9ng \u0111\u1ecba ph\u01b0\u01a1ng. \u0110\u00e2y l\u00e0 m\u1ed9t ho\u1ea1t \u0111\u1ed9ng t\u00edch c\u1ef1c g\u00f3p ph\u1ea7n ho\u00e0n thi\u1ec7n chu\u1ed7i gi\u00e1 tr\u1ecb, \u0111\u01b0a c\u00e2y d\u1eeba B\u1ebfn Tre l\u00ean m\u1ed9t t\u1ea7m cao m\u1edbi.<\/p>\n<p><img id=\"__mcenew\" class=\"aligncenter\" src=\"http:\/\/www.betrimex.com.vn\/media\/1584\/factory-topview-min.jpg\" alt=\"Khu c\u00f4ng nghi\u1ec7p-Nh\u00e0 M\u00e1y TTC - Phong N\u1eabm\" data-id=\"2878\" \/><\/p>\n<p><em>Khu C\u00f4ng Nghi\u1ec7p\/Nh\u00e0 m\u00e1y TTC &#8211; Phong N\u1eabm: s\u1ea3n xu\u1ea5t n\u01b0\u1edbc d\u1eeba, s\u1eefa d\u1eeba<\/em><\/p>\n<p>Kh\u00f4ng ch\u1ec9 \u0111\u01b0\u1ee3c bi\u1ebft \u0111\u1ebfn l\u00e0 doanh nghi\u1ec7p xu\u1ea5t kh\u1ea9u h\u00e0ng \u0111\u1ea7u c\u1ee7a B\u1ebfn Tre m\u00e0 Betrimex c\u00f2n l\u00e0 m\u1ed9t \u201cth\u01b0\u01a1ng hi\u1ec7u v\u00ec c\u1ed9ng \u0111\u1ed3ng\u201d. V\u1edbi ph\u01b0\u01a1ng ch\u00e2m \u201cG\u1eafn s\u1ea3n xu\u1ea5t kinh doanh v\u1edbi an sinh x\u00e3 h\u1ed9i\u201d, ngay t\u1eeb ng\u00e0y \u0111\u1ea7u th\u00e0nh l\u1eadp, c\u00f4ng t\u00e1c ph\u00fac l\u1ee3i x\u00e3 h\u1ed9i lu\u00f4n \u0111\u01b0\u1ee3c Betrimex ch\u00fa tr\u1ecdng, tr\u1edf th\u00e0nh m\u1ed9t v\u0103n h\u00f3a \u0111\u1eb7c tr\u01b0ng c\u1ee7a doanh nghi\u1ec7p. B\u1eb1ng tr\u00e1ch nhi\u1ec7m, l\u00f2ng nh\u00e2n \u00e1i, s\u1ef1 thi\u1ebft tha v\u00ec c\u1ed9ng \u0111\u1ed3ng, v\u00ec ng\u01b0\u1eddi ngh\u00e8o, trong nh\u1eefng n\u0103m g\u1ea7n \u0111\u00e2y Betrimex \u0111\u00e3 g\u00f3p ph\u1ea7n chia s\u1ebb nh\u1ecdc nh\u1eb1n v\u1edbi bao m\u1ea3nh \u0111\u1eddi b\u1ea5t h\u1ea1nh th\u00f4ng qua c\u00f4ng t\u00e1c \u0111\u1ec1n \u01a1n \u0111\u00e1p ngh\u0129a, h\u1ed7 tr\u1ee3 \u0111\u1ecba ph\u01b0\u01a1ng, tr\u01b0\u1eddng h\u1ecdc\u2026 M\u1ed7i n\u0103m c\u00f2n gi\u1ea3i quy\u1ebft vi\u1ec7c l\u00e0m cho h\u00e0ng tr\u0103m lao \u0111\u1ed9ng nh\u00e0n r\u1ed7i t\u1ea1i \u0111\u1ecba ph\u01b0\u01a1ng.<\/p>\n<p>M\u1eb7c d\u00f9 c\u00f2n g\u1eb7p nhi\u1ec1u kh\u00f3 kh\u0103n qu\u00e1 tr\u00ecnh h\u1ed9i nh\u1eadp v\u00e0 ph\u00e1t tri\u1ec3n, nh\u01b0ng b\u1eb1ng s\u1ef1 n\u1ed5 l\u1ef1c v\u01b0\u01a1n l\u00ean, Betrimex \u0111\u00e3 c\u00f3 nh\u1eefng b\u01b0\u1edbc chuy\u1ec3n m\u00ecnh m\u1ea1nh m\u1ebd, ph\u00e1t tri\u1ec3n ph\u00f9 h\u1ee3p v\u1edbi t\u00ecnh h\u00ecnh kinh t\u1ebf x\u00e3 h\u1ed9i c\u1ee7a \u0111\u1ea5t n\u01b0\u1edbc. V\u1ec1 \u0111\u1ecbnh h\u01b0\u1edbng ph\u00e1t tri\u1ec3n nh\u1eefng n\u0103m t\u1edbi, Betrimex s\u1ebd ph\u1ea5n \u0111\u1ea5u gi\u1eef v\u1eefng vai tr\u00f2 \u0111\u1ea7u ng\u00e0nh v\u1edbi t\u1ed1c \u0111\u1ed9 t\u0103ng tr\u01b0\u1edfng v\u01b0\u1ee3t b\u1eadc.Betrimex s\u1ebd kh\u00f4ng ng\u1eebng ph\u1ea5n \u0111\u1ea5u ho\u00e0n thi\u1ec7n v\u00e0 ph\u00e1t huy n\u1ed9i l\u1ef1c, v\u01b0\u1ee3t qua th\u00e1ch th\u1ee9c v\u00e0 t\u1eadn d\u1ee5ng c\u01a1 h\u1ed9i t\u1eeb m\u00f4i tr\u01b0\u1eddng kinh doanh \u0111\u1ec3 th\u00fac \u0111\u1ea9y s\u1ef1 tr\u0103ng tr\u01b0\u1edfng b\u1ec1n v\u1eefng, h\u1ed9i nh\u1eadp ph\u00e1t tri\u1ec3n c\u00f9ng n\u1ec1n kinh t\u1ebf Vi\u1ec7t Nam v\u00e0 th\u1ebf gi\u1edbi.<\/p>\n<\/div>\n\t\t<\/div>\n\t\t\t<\/div>\n\n\t\n<\/div>\n\t\t<\/div>\n\n\t\t\n<style>\n#section_900077630 {\n  padding-top: 30px;\n  padding-bottom: 30px;\n}\n<\/style>\n\t<\/section>\n\t\n","protected":false},"excerpt":{"rendered":"","protected":false},"author":1,"featured_media":0,"parent":0,"menu_order":0,"comment_status":"closed","ping_status":"closed","template":"page-blank.php","meta":[],"_links":{"self":[{"href":"https:\/\/giaodienwebsite.tgs.com.vn\/thucphamhuuco\/wp-json\/wp\/v2\/pages\/128"}],"collection":[{"href":"https:\/\/giaodienwebsite.tgs.com.vn\/thucphamhuuco\/wp-json\/wp\/v2\/pages"}],"about":[{"href":"https:\/\/giaodienwebsite.tgs.com.vn\/thucphamhuuco\/wp-json\/wp\/v2\/types\/page"}],"author":[{"embeddable":true,"href":"https:\/\/giaodienwebsite.tgs.com.vn\/thucphamhuuco\/wp-json\/wp\/v2\/users\/1"}],"replies":[{"embeddable":true,"href":"https:\/\/giaodienwebsite.tgs.com.vn\/thucphamhuuco\/wp-json\/wp\/v2\/comments?post=128"}],"version-history":[{"count":4,"href":"https:\/\/giaodienwebsite.tgs.com.vn\/thucphamhuuco\/wp-json\/wp\/v2\/pages\/128\/revisions"}],"predecessor-version":[{"id":135,"href":"https:\/\/giaodienwebsite.tgs.com.vn\/thucphamhuuco\/wp-json\/wp\/v2\/pages\/128\/revisions\/135"}],"wp:attachment":[{"href":"https:\/\/giaodienwebsite.tgs.com.vn\/thucphamhuuco\/wp-json\/wp\/v2\/media?parent=128"}],"curies":[{"name":"wp","href":"https:\/\/api.w.org\/{rel}","templated":true}]}}