{"id":10379,"date":"2020-04-30T11:48:29","date_gmt":"2020-04-30T04:48:29","guid":{"rendered":"https:\/\/giaodienwebsite.tgs.com.vn\/thanhly2\/?page_id=10379"},"modified":"2020-05-03T09:02:03","modified_gmt":"2020-05-03T02:02:03","slug":"lien-he","status":"publish","type":"page","link":"https:\/\/giaodienwebsite.tgs.com.vn\/thanhly2\/lien-he\/","title":{"rendered":"Li\u00ean h\u1ec7"},"content":{"rendered":"<p><iframe style=\"border: 0;\" tabindex=\"0\" src=\"https:\/\/www.google.com\/maps\/embed?pb=!1m14!1m8!1m3!1d125401.71685634142!2d106.618781!3d10.826333!3m2!1i1024!2i768!4f13.1!3m3!1m2!1s0x0%3A0x4b1f1aec39a3c754!2zVEhBTkggTMOdIFBIw5JORyBORVQgLSBUaGFuaCBMw70gQ8aw4budbmcgUGjDoXQ!5e0!3m2!1svi!2sus!4v1588328059597!5m2!1svi!2sus\" width=\"100%\" height=\"350\" frameborder=\"0\" allowfullscreen=\"allowfullscreen\" aria-hidden=\"false\"><\/iframe><\/p>\n\t<section class=\"section\" id=\"section_1865483393\">\n\t\t<div class=\"bg section-bg fill bg-fill  bg-loaded\" >\n\n\t\t\t\n\t\t\t\n\t\t\t\n\n\t\t<\/div>\n\n\t\t<div class=\"section-content relative\">\n\t\t\t\n<div class=\"row\"  id=\"row-566134628\">\n\n\t<div id=\"col-837798150\" class=\"col medium-6 small-12 large-6\"  >\n\t\t<div class=\"col-inner\"  >\n\t\t\t\n\t\t\t\n<h2>Th\u00f4ng tin li\u00ean h\u1ec7<\/h2>\n<ul>\n<li><strong>\u0110\u1ecba ch\u1ec9 c\u00f4ng ty:\u00a0<\/strong> S\u1ed1 1 \u0111\u01b0\u1eddng T\u00e2n Th\u1edbi Nh\u1ea5t 22, T\u00e2n Th\u1edbi Nh\u1ea5t, Qu\u1eadn 12, TP.H\u1ed3 Ch\u00ed Minh<\/li>\n<li><strong>S\u1ed1 \u0111i\u1ec7n tho\u1ea1i h\u1ed7 tr\u1ee3:<\/strong> 0917562238<\/li>\n<li><strong>Email c\u00f4ng ty:<\/strong> dotancuong@gmail.com<\/li>\n<\/ul>\n<p>Qu\u00fd kh\u00e1ch c\u00f3 nhu c\u1ea7u thanh l\u00fd ph\u00f2ng NET, vui l\u00f2ng g\u1ecdi tr\u1ef1c ti\u1ebfp hotline ho\u1eb7c g\u1eedi th\u00f4ng tin cho ch\u00fang t\u00f4i qua bi\u1ec3u m\u1eabu d\u01b0\u1edbi \u0111\u00e2y:<\/p>\n\t\t<\/div>\n\t\t\t<\/div>\n\n\t\n\n\t<div id=\"col-93395721\" class=\"col medium-6 small-12 large-6\"  >\n\t\t<div class=\"col-inner\"  >\n\t\t\t\n\t\t\t\n<h3>Quy kh\u00e1ch mua h\u00e0ng theo h\u00ecnh th\u1ee9c<\/h3>\n<ol>\n<li>Thanh to\u00e1n ti\u1ec1n m\u1eb7t qua c\u1eeda h\u00e0ng<\/li>\n<li>Chuy\u1ec3n kho\u1ea3n qua ng\u00e2n h\u00e0ng qua th\u00f4ng tin b\u00ean d\u01b0\u1edbi<\/li>\n<\/ol>\n<h3>\u0110\u1ed3ng ch\u1ee7 t\u00e0i kho\u1ea3n<\/h3>\n<ul>\n<li>Vietcombank: 0371000413384 CN. T\u00e2n B\u00ecnh. TP HCM (VCB)<\/li>\n<li>Sacombank: 060111481264 \u2013 PGD. T\u00e2n Q\u00fay. TP HCM (SCB)<\/li>\n<\/ul>\n\t\t<\/div>\n\t\t\t<\/div>\n\n\t\n<\/div>\n\t\t<\/div>\n\n\t\t\n<style>\n#section_1865483393 {\n  padding-top: 30px;\n  padding-bottom: 30px;\n}\n<\/style>\n\t<\/section>\n\t\n\t<section class=\"section quy-trinh-section\" id=\"section_652935348\">\n\t\t<div class=\"bg section-bg fill bg-fill  bg-loaded\" >\n\n\t\t\t\n\t\t\t\n\t\t\t\n\n\t\t<\/div>\n\n\t\t<div class=\"section-content relative\">\n\t\t\t\n<div class=\"row\"  id=\"row-338657439\">\n\n\t<div id=\"col-51507096\" class=\"col small-12 large-12\"  >\n\t\t<div class=\"col-inner\"  >\n\t\t\t\n\t\t\t\n<h2 style=\"text-align: center;\">3 B\u01af\u1edaC LI\u00caN H\u1ec6 THANH L\u00dd GI\u00c0N N\u00c9T &#8211; TH\u1eacT \u0110\u01a0N GI\u1ea2N!<\/h2>\n<p style=\"text-align: center;\">Thanh l\u00fd d\u00e0n NET ch\u01b0a bao gi\u1edd \u0111\u01a1n gi\u1ea3n h\u01a1n th\u1ebf, ch\u1ec9 c\u1ea7n nh\u1ea5c m\u00e1y g\u1ecdi hotline: <span style=\"color: #ff6600;\">0917.562.238<\/span> ho\u1eb7c ho\u00e0n th\u00e0nh bi\u1ec3u m\u1eabu sau,<br \/>\nnh\u00e2n vi\u00ean c\u1ee7a ch\u00fang t\u00f4i s\u1ebd \u0111i\u1ec7n t\u01b0 v\u1ea5n l\u1ea1i cho qu\u00fd kh\u00e1ch trong ch\u1ed1c l\u00e1t.<\/p>\n\t\t<\/div>\n\t\t\t<\/div>\n\n\t\n\n\t<div id=\"col-215674188\" class=\"col medium-4 small-12 large-4\"  >\n\t\t<div class=\"col-inner\"  >\n\t\t\t\n\t\t\t\n\n\t\t<div class=\"icon-box featured-box icon-box-center text-center\"  >\n\t\t\t\t\t<div class=\"icon-box-img\" style=\"width: 100px\">\n\t\t\t\t<div class=\"icon\">\n\t\t\t\t\t<div class=\"icon-inner\" >\n\t\t\t\t\t\t<img width=\"100\" height=\"100\" src=\"https:\/\/giaodienwebsite.tgs.com.vn\/thanhly2\/wp-content\/uploads\/2020\/05\/tiep-nhan.png\" class=\"attachment-medium size-medium\" alt=\"\" loading=\"lazy\" \/>\t\t\t\t\t<\/div>\n\t\t\t\t<\/div>\n\t\t\t<\/div>\n\t\t\t\t<div class=\"icon-box-text last-reset\">\n\t\t\t\t\t\t\t\t\t\n<h3>01- Ti\u1ebfp nh\u1eadn th\u00f4ng tin<\/h3>\n<p style=\"text-align: left;\">G\u1ecdi \u0111\u1ebfn Hotline ch\u00fang t\u00f4i: 0917.562.238 ho\u1eb7c trao \u0111\u1ed5i qua qua SMS, Zalo, Facebook.<\/p>\n<p style=\"text-align: left;\">Cung c\u1ea5p c\u1ea5u h\u00ecnh m\u00e1y, s\u1ed1 l\u01b0\u1ee3ng, \u0111\u1ecba ch\u1ec9.<\/p>\n\t\t<\/div>\n\t<\/div>\n\t\n\t\n\t\t<\/div>\n\t\t\t<\/div>\n\n\t\n\n\t<div id=\"col-402194304\" class=\"col medium-4 small-12 large-4\"  >\n\t\t<div class=\"col-inner\"  >\n\t\t\t\n\t\t\t\n\n\t\t<div class=\"icon-box featured-box icon-box-center text-center\"  >\n\t\t\t\t\t<div class=\"icon-box-img\" style=\"width: 100px\">\n\t\t\t\t<div class=\"icon\">\n\t\t\t\t\t<div class=\"icon-inner\" >\n\t\t\t\t\t\t<img width=\"100\" height=\"100\" src=\"https:\/\/giaodienwebsite.tgs.com.vn\/thanhly2\/wp-content\/uploads\/2020\/05\/test.png\" class=\"attachment-medium size-medium\" alt=\"\" loading=\"lazy\" \/>\t\t\t\t\t<\/div>\n\t\t\t\t<\/div>\n\t\t\t<\/div>\n\t\t\t\t<div class=\"icon-box-text last-reset\">\n\t\t\t\t\t\t\t\t\t\n<h3>02 &#8211; Ki\u1ec3m tra v\u00e0 \u0111\u1ecbnh gi\u00e1<\/h3>\n<p style=\"text-align: left;\">Ti\u1ebfp nh\u1eadn th\u00f4ng tin Nh\u00e2n vi\u00ean ch\u00fang t\u00f4i ti\u1ebfn h\u00e0nh xem x\u00e9t c\u1ea5u h\u00ecnh m\u00e1y v\u00e0 t\u00ednh to\u00e1n gi\u00e1 c\u1ea3 10 &#8211; 15 ph\u00fat v\u00e0 b\u00e1o gi\u00e1 l\u1ea1i ngay.<\/p>\n\t\t<\/div>\n\t<\/div>\n\t\n\t\n\t\t<\/div>\n\t\t\t<\/div>\n\n\t\n\n\t<div id=\"col-344145566\" class=\"col medium-4 small-12 large-4\"  >\n\t\t<div class=\"col-inner\"  >\n\t\t\t\n\t\t\t\n\n\t\t<div class=\"icon-box featured-box icon-box-center text-center\"  >\n\t\t\t\t\t<div class=\"icon-box-img\" style=\"width: 100px\">\n\t\t\t\t<div class=\"icon\">\n\t\t\t\t\t<div class=\"icon-inner\" >\n\t\t\t\t\t\t<img width=\"100\" height=\"100\" src=\"https:\/\/giaodienwebsite.tgs.com.vn\/thanhly2\/wp-content\/uploads\/2020\/05\/pay.png\" class=\"attachment-medium size-medium\" alt=\"\" loading=\"lazy\" \/>\t\t\t\t\t<\/div>\n\t\t\t\t<\/div>\n\t\t\t<\/div>\n\t\t\t\t<div class=\"icon-box-text last-reset\">\n\t\t\t\t\t\t\t\t\t\n<h3>03 &#8211; Th\u01b0\u01a1ng l\u01b0\u1ee3ng v\u00e0 thanh to\u00e1n<\/h3>\n<p style=\"text-align: left;\">Th\u01b0\u01a1ng l\u01b0\u1ee3ng th\u00e0nh c\u00f4ng, c\u00f4ng ty cho xe t\u1ea3i \u0111\u1ebfn thu h\u00e0ng t\u1eadn n\u01a1i<\/p>\n<p style=\"text-align: left;\">Thanh to\u00e1n ti\u1ec1n m\u1eb7t 1 l\u1ea7n ho\u1eb7c chuy\u1ec3n kho\u1ea3n<\/p>\n\t\t<\/div>\n\t<\/div>\n\t\n\t\n\t\t<\/div>\n\t\t\t<\/div>\n\n\t\n<\/div>\n\t\t<\/div>\n\n\t\t\n<style>\n#section_652935348 {\n  padding-top: 45px;\n  padding-bottom: 45px;\n  background-color: rgb(242, 242, 242);\n}\n<\/style>\n\t<\/section>\n\t\n","protected":false},"excerpt":{"rendered":"","protected":false},"author":2,"featured_media":0,"parent":0,"menu_order":0,"comment_status":"closed","ping_status":"closed","template":"page-blank.php","meta":[],"yst_prominent_words":[],"_links":{"self":[{"href":"https:\/\/giaodienwebsite.tgs.com.vn\/thanhly2\/wp-json\/wp\/v2\/pages\/10379"}],"collection":[{"href":"https:\/\/giaodienwebsite.tgs.com.vn\/thanhly2\/wp-json\/wp\/v2\/pages"}],"about":[{"href":"https:\/\/giaodienwebsite.tgs.com.vn\/thanhly2\/wp-json\/wp\/v2\/types\/page"}],"author":[{"embeddable":true,"href":"https:\/\/giaodienwebsite.tgs.com.vn\/thanhly2\/wp-json\/wp\/v2\/users\/2"}],"replies":[{"embeddable":true,"href":"https:\/\/giaodienwebsite.tgs.com.vn\/thanhly2\/wp-json\/wp\/v2\/comments?post=10379"}],"version-history":[{"count":12,"href":"https:\/\/giaodienwebsite.tgs.com.vn\/thanhly2\/wp-json\/wp\/v2\/pages\/10379\/revisions"}],"predecessor-version":[{"id":11210,"href":"https:\/\/giaodienwebsite.tgs.com.vn\/thanhly2\/wp-json\/wp\/v2\/pages\/10379\/revisions\/11210"}],"wp:attachment":[{"href":"https:\/\/giaodienwebsite.tgs.com.vn\/thanhly2\/wp-json\/wp\/v2\/media?parent=10379"}],"wp:term":[{"taxonomy":"yst_prominent_words","embeddable":true,"href":"https:\/\/giaodienwebsite.tgs.com.vn\/thanhly2\/wp-json\/wp\/v2\/yst_prominent_words?post=10379"}],"curies":[{"name":"wp","href":"https:\/\/api.w.org\/{rel}","templated":true}]}}