{"id":10377,"date":"2020-04-30T11:48:26","date_gmt":"2020-04-30T04:48:26","guid":{"rendered":"https:\/\/giaodienwebsite.tgs.com.vn\/thanhly2\/?page_id=10377"},"modified":"2020-05-01T17:36:45","modified_gmt":"2020-05-01T10:36:45","slug":"gioi-thieu","status":"publish","type":"page","link":"https:\/\/giaodienwebsite.tgs.com.vn\/thanhly2\/gioi-thieu\/","title":{"rendered":"Gi\u1edbi thi\u1ec7u"},"content":{"rendered":"\t<div class=\"img has-hover x md-x lg-x y md-y lg-y\" id=\"image_1063395906\">\n\t\t\t\t\t\t\t\t<div class=\"img-inner dark\" >\n\t\t\t<img width=\"1920\" height=\"578\" src=\"https:\/\/giaodienwebsite.tgs.com.vn\/thanhly2\/wp-content\/uploads\/2020\/04\/slider1.jpg\" class=\"attachment-original size-original\" alt=\"\" loading=\"lazy\" srcset=\"https:\/\/giaodienwebsite.tgs.com.vn\/thanhly2\/wp-content\/uploads\/2020\/04\/slider1.jpg 1920w, https:\/\/giaodienwebsite.tgs.com.vn\/thanhly2\/wp-content\/uploads\/2020\/04\/slider1-300x90.jpg 300w, https:\/\/giaodienwebsite.tgs.com.vn\/thanhly2\/wp-content\/uploads\/2020\/04\/slider1-1024x308.jpg 1024w, https:\/\/giaodienwebsite.tgs.com.vn\/thanhly2\/wp-content\/uploads\/2020\/04\/slider1-768x231.jpg 768w, https:\/\/giaodienwebsite.tgs.com.vn\/thanhly2\/wp-content\/uploads\/2020\/04\/slider1-1536x462.jpg 1536w\" sizes=\"(max-width: 1920px) 100vw, 1920px\" \/>\t\t\t\t\t\t\n\t\t\t\t\t<\/div>\n\t\t\t\t\t\t\t\t\n<style>\n#image_1063395906 {\n  width: 100%;\n}\n<\/style>\n\t<\/div>\n\t\n\t<section class=\"section gioi-thieu-section\" id=\"section_1235335547\">\n\t\t<div class=\"bg section-bg fill bg-fill  bg-loaded\" >\n\n\t\t\t\n\t\t\t\n\t\t\t\n\n\t\t<\/div>\n\n\t\t<div class=\"section-content relative\">\n\t\t\t\n<div class=\"row\"  id=\"row-1773345921\">\n\n\t<div id=\"col-1952549666\" class=\"col medium-5 small-12 large-5\"  >\n\t\t<div class=\"col-inner\"  >\n\t\t\t\n\t\t\t\n\t<div class=\"img has-hover x md-x lg-x y md-y lg-y\" id=\"image_683714060\">\n\t\t\t\t\t\t\t\t<div class=\"img-inner dark\" >\n\t\t\t<img width=\"421\" height=\"470\" src=\"https:\/\/giaodienwebsite.tgs.com.vn\/thanhly2\/wp-content\/uploads\/2020\/05\/img7.jpg\" class=\"attachment-original size-original\" alt=\"\" loading=\"lazy\" srcset=\"https:\/\/giaodienwebsite.tgs.com.vn\/thanhly2\/wp-content\/uploads\/2020\/05\/img7.jpg 421w, https:\/\/giaodienwebsite.tgs.com.vn\/thanhly2\/wp-content\/uploads\/2020\/05\/img7-269x300.jpg 269w\" sizes=\"(max-width: 421px) 100vw, 421px\" \/>\t\t\t\t\t\t\n\t\t\t\t\t<\/div>\n\t\t\t\t\t\t\t\t\n<style>\n#image_683714060 {\n  width: 100%;\n}\n<\/style>\n\t<\/div>\n\t\n\t\t<\/div>\n\t\t\t<\/div>\n\n\t\n\n\t<div id=\"col-1761822227\" class=\"col medium-7 small-12 large-7\"  >\n\t\t<div class=\"col-inner\"  >\n\t\t\t\n\t\t\t\n<h2 class=\"title-hd\">Gi\u1edbi thi\u1ec7u v\u1ec1 d\u1ecbch v\u1ee5<\/h2>\n<div class=\"ws-sgct\">\n<p><span style=\"font-size: 95%;\">Ra \u0111\u1eddi trong b\u1ed1i c\u1ea3nh th\u1ecb tr\u01b0\u1eddng m\u00e1y t\u00ednh \u0111ang di\u1ec5n ra s\u00f4i \u0111\u1ed9ng, \u0111\u1eb7c bi\u1ec7t l\u00e0 trong l\u0129nh v\u1ef1c thanh l\u00fd, mua b\u00e1n m\u00e1y t\u00ednh c\u0169. Nh\u1eb1m \u0111\u00e1p \u1ee9ng nhu c\u1ea7u ng\u00e0y c\u00e0ng cao trong vi\u1ec7c thanh l\u00fd m\u00e1y t\u00ednh c\u0169 c\u1ee7a c\u00e1c ph\u00f2ng game, ti\u1ec7m n\u00e9t hay kh\u00e1ch h\u00e0ng l\u00e0 c\u00e1 nh\u00e2n, \u0111\u01a1n v\u1ecb, ch\u00fang t\u00f4i \u0111\u00e3 thi\u1ebft k\u1ebf v\u00e0 cung c\u1ea5p \u0111\u1ebfn Qu\u00fd kh\u00e1ch h\u00e0ng c\u00e1c d\u1ecbch v\u1ee5 nh\u01b0 thanh l\u00fd ph\u00f2ng game; mua b\u00e1n m\u00e1y t\u00ednh c\u0169; b\u00e1n linh ki\u1ec7n m\u00e1y t\u00ednh v\u00e0 d\u1ecbch v\u1ee5 sang ti\u1ec7m n\u00e9t.<\/span><\/p>\n<\/div>\n<div class=\"row row-small\"  id=\"row-1540002886\">\n\n\t<div id=\"col-953919647\" class=\"col medium-4 small-12 large-4\"  >\n\t\t<div class=\"col-inner\"  >\n\t\t\t\n\t\t\t\n\n\t\t<div class=\"icon-box featured-box icon-box-center text-center\"  >\n\t\t\t\t\t<div class=\"icon-box-img\" style=\"width: 80px\">\n\t\t\t\t<div class=\"icon\">\n\t\t\t\t\t<div class=\"icon-inner\" >\n\t\t\t\t\t\t<img width=\"73\" height=\"56\" src=\"https:\/\/giaodienwebsite.tgs.com.vn\/thanhly2\/wp-content\/uploads\/2020\/05\/i2.png\" class=\"attachment-medium size-medium\" alt=\"\" loading=\"lazy\" \/>\t\t\t\t\t<\/div>\n\t\t\t\t<\/div>\n\t\t\t<\/div>\n\t\t\t\t<div class=\"icon-box-text last-reset\">\n\t\t\t\t\t\t\t\t\t\n<h3 style=\"text-align: center;\">\u0110\u1ecbnh h\u01b0\u1edbng ph\u00e1t tri\u1ec3n c\u1ee7a c\u00f4ng ty<\/h3>\n<p style=\"text-align: center;\">Gi\u1eef v\u1eefng v\u00e0 ng\u00e0y c\u00e0ng t\u0103ng t\u1ed1c \u0111\u1ed9 ph\u00e1t tri\u1ec3n tr\u00ean m\u1ecdi ch\u1ec9 ti\u00eau<\/p>\n\t\t<\/div>\n\t<\/div>\n\t\n\t\n\t\t<\/div>\n\t\t\t<\/div>\n\n\t\n\n\t<div id=\"col-2102792413\" class=\"col medium-4 small-12 large-4\"  >\n\t\t<div class=\"col-inner\"  >\n\t\t\t\n\t\t\t\n\n\t\t<div class=\"icon-box featured-box icon-box-center text-center\"  >\n\t\t\t\t\t<div class=\"icon-box-img\" style=\"width: 57px\">\n\t\t\t\t<div class=\"icon\">\n\t\t\t\t\t<div class=\"icon-inner\" >\n\t\t\t\t\t\t<img width=\"59\" height=\"64\" src=\"https:\/\/giaodienwebsite.tgs.com.vn\/thanhly2\/wp-content\/uploads\/2020\/05\/i1.png\" class=\"attachment-medium size-medium\" alt=\"\" loading=\"lazy\" \/>\t\t\t\t\t<\/div>\n\t\t\t\t<\/div>\n\t\t\t<\/div>\n\t\t\t\t<div class=\"icon-box-text last-reset\">\n\t\t\t\t\t\t\t\t\t\n<h3 style=\"text-align: center;\">\u0110\u1ed9i ng\u0169 nh\u00e2n vi\u00ean c\u1ee7a ch\u00fang t\u00f4i<\/h3>\n<p style=\"text-align: center;\">\u0110\u1ed9i ng\u0169 k\u1ef9 s\u01b0 c\u1ee7a ch\u00fang t\u00f4i \u0111\u00e3 v\u00e0 \u0111ang \u0111\u1ea1t \u0111\u01b0\u1ee3c c\u00e1c b\u1eb1ng c\u1ea5p t\u1eeb c\u00e1c c\u00f4ng ty h\u00e0ng \u0111\u1ea7u th\u1ebf gi\u1edbi.<\/p>\n\t\t<\/div>\n\t<\/div>\n\t\n\t\n\t\t<\/div>\n\t\t\t<\/div>\n\n\t\n\n\t<div id=\"col-2003710175\" class=\"col medium-4 small-12 large-4\"  >\n\t\t<div class=\"col-inner\"  >\n\t\t\t\n\t\t\t\n\n\t\t<div class=\"icon-box featured-box icon-box-center text-center\"  >\n\t\t\t\t\t<div class=\"icon-box-img\" style=\"width: 97px\">\n\t\t\t\t<div class=\"icon\">\n\t\t\t\t\t<div class=\"icon-inner\" >\n\t\t\t\t\t\t<img width=\"82\" height=\"53\" src=\"https:\/\/giaodienwebsite.tgs.com.vn\/thanhly2\/wp-content\/uploads\/2020\/05\/i3.png\" class=\"attachment-medium size-medium\" alt=\"\" loading=\"lazy\" \/>\t\t\t\t\t<\/div>\n\t\t\t\t<\/div>\n\t\t\t<\/div>\n\t\t\t\t<div class=\"icon-box-text last-reset\">\n\t\t\t\t\t\t\t\t\t\n<h3 style=\"text-align: center;\">Ti\u1ebfp nh\u1eadn v\u00e0 bi\u1ebft \u01a1n \u0111\u00f3ng g\u00f3p kh\u00e1ch h\u00e0ng<\/h3>\n<p style=\"text-align: center;\">Ph\u00e1t huy v\u00e0 n\u00e2ng cao th\u1ebf m\u1ea1nh s\u1eb5n c\u00f3 c\u1ee7a c\u00f4ng ty v\u1ec1 tri\u1ec3n khai thu h\u00e0ng c\u0169 v\u00e0 l\u1eafp \u0111\u1eb7t h\u00e0ng m\u1edbi<\/p>\n\t\t<\/div>\n\t<\/div>\n\t\n\t\n\t\t<\/div>\n\t\t\t<\/div>\n\n\t\n<\/div>\n\t\t<\/div>\n\t\t\t<\/div>\n\n\t\n<\/div>\n<div class=\"row\"  id=\"row-317689739\">\n\n\t<div id=\"col-1075662226\" class=\"col medium-7 small-12 large-7\"  >\n\t\t<div class=\"col-inner\"  >\n\t\t\t\n\t\t\t\n<h3>T\u1ea7m nh\u00ecn c\u1ee7a ch\u00fang t\u00f4i<\/h3>\n<p>\u0110\u1ed3ng h\u00e0nh c\u00f9ng nh\u1eefng b\u01b0\u1edbc \u0111i v\u1eefng ch\u1eafc v\u00e0 s\u1ef1 tin y\u00eau t\u1eeb ph\u00eda kh\u00e1ch h\u00e0ng trong th\u1eddi gian qua, ch\u00fang t\u00f4i s\u1ebd lu\u00f4n ph\u1ea5u \u0111\u1ea5u v\u1edbi m\u1ee5c ti\u00eau mang \u0111\u1ebfn ch\u1ea5t l\u01b0\u1ee3ng d\u1ecbch v\u1ee5 t\u1ed1t nh\u1ea5t, gi\u00e1 c\u1ea3 thanh l\u00fd ph\u00f2ng n\u00e9t cao nh\u1ea5t \u0111\u1ec3 tr\u1edf th\u00e0nh m\u1ed9t trong nh\u1eefng \u0111\u01a1n v\u1ecb chuy\u00ean thanh l\u00fd ph\u00f2ng n\u00e9t t\u1ed1t nh\u1ea5t tr\u00ean \u0111\u1ecba b\u00e0n TP.HCM v\u00e0 trong c\u1ea3 n\u01b0\u1edbc.<\/p>\n<h3>S\u1ee9 m\u1ec7nh c\u1ee7a ch\u00fang t\u00f4i<\/h3>\n<p>Lu\u00f4n lu\u00f4n l\u1ea5y s\u1ef1 h\u00e0i l\u00f2ng v\u1ec1 ch\u1ea5t l\u01b0\u1ee3ng d\u1ecbch v\u1ee5 v\u00e0 gi\u00e1 c\u1ea3 l\u00e0 ph\u01b0\u01a1ng ch\u00e2m b\u1ea5t di b\u1ea5t d\u1ecbch c\u1ee7a ch\u00fang t\u00f4i trong su\u1ed1t qu\u00e3ng th\u1eddi gian qua, hi\u1ec7n t\u1ea1i v\u00e0 trong th\u1eddi gian t\u1edbi. C\u01b0\u1eddng Ph\u00e1t r\u1ea5t mong t\u1ea5t c\u1ea3 Qu\u00fd kh\u00e1ch h\u00e0ng chung tay \u0111\u1ec3 ch\u00fang t\u00f4i ho\u00e0n th\u00e0nh t\u1ed1t s\u1ee9 m\u1ec7nh c\u1ee7a m\u00ecnh.<\/p>\n\t\t<\/div>\n\t\t\t<\/div>\n\n\t\n\n\t<div id=\"col-202081681\" class=\"col medium-5 small-12 large-5\"  >\n\t\t<div class=\"col-inner\"  >\n\t\t\t\n\t\t\t\n\t<div class=\"img has-hover x md-x lg-x y md-y lg-y\" id=\"image_653947744\">\n\t\t\t\t\t\t\t\t<div class=\"img-inner dark\" >\n\t\t\t<img width=\"1041\" height=\"486\" src=\"https:\/\/giaodienwebsite.tgs.com.vn\/thanhly2\/wp-content\/uploads\/2017\/05\/laptop.jpg\" class=\"attachment-original size-original\" alt=\"laptop\" loading=\"lazy\" srcset=\"https:\/\/giaodienwebsite.tgs.com.vn\/thanhly2\/wp-content\/uploads\/2017\/05\/laptop.jpg 1041w, https:\/\/giaodienwebsite.tgs.com.vn\/thanhly2\/wp-content\/uploads\/2017\/05\/laptop-300x140.jpg 300w, https:\/\/giaodienwebsite.tgs.com.vn\/thanhly2\/wp-content\/uploads\/2017\/05\/laptop-1024x478.jpg 1024w, https:\/\/giaodienwebsite.tgs.com.vn\/thanhly2\/wp-content\/uploads\/2017\/05\/laptop-768x359.jpg 768w\" sizes=\"(max-width: 1041px) 100vw, 1041px\" \/>\t\t\t\t\t\t\n\t\t\t\t\t<\/div>\n\t\t\t\t\t\t\t\t\n<style>\n#image_653947744 {\n  width: 100%;\n}\n<\/style>\n\t<\/div>\n\t\n\t\t<\/div>\n\t\t\t<\/div>\n\n\t\n\n\t<div id=\"col-1593595662\" class=\"col small-12 large-12\"  >\n\t\t<div class=\"col-inner\"  >\n\t\t\t\n\t\t\t\n\t<div class=\"img has-hover x md-x lg-x y md-y lg-y\" id=\"image_1325727357\">\n\t\t\t\t\t\t\t\t<div class=\"img-inner dark\" >\n\t\t\t<img width=\"1170\" height=\"120\" src=\"https:\/\/giaodienwebsite.tgs.com.vn\/thanhly2\/wp-content\/uploads\/2020\/05\/Banner-2.jpg\" class=\"attachment-original size-original\" alt=\"\" loading=\"lazy\" srcset=\"https:\/\/giaodienwebsite.tgs.com.vn\/thanhly2\/wp-content\/uploads\/2020\/05\/Banner-2.jpg 1170w, https:\/\/giaodienwebsite.tgs.com.vn\/thanhly2\/wp-content\/uploads\/2020\/05\/Banner-2-300x31.jpg 300w, https:\/\/giaodienwebsite.tgs.com.vn\/thanhly2\/wp-content\/uploads\/2020\/05\/Banner-2-1024x105.jpg 1024w, https:\/\/giaodienwebsite.tgs.com.vn\/thanhly2\/wp-content\/uploads\/2020\/05\/Banner-2-768x79.jpg 768w\" sizes=\"(max-width: 1170px) 100vw, 1170px\" \/>\t\t\t\t\t\t\n\t\t\t\t\t<\/div>\n\t\t\t\t\t\t\t\t\n<style>\n#image_1325727357 {\n  width: 100%;\n}\n<\/style>\n\t<\/div>\n\t\n\t\t<\/div>\n\t\t\t<\/div>\n\n\t\n<\/div>\n\t\t<\/div>\n\n\t\t\n<style>\n#section_1235335547 {\n  padding-top: 30px;\n  padding-bottom: 30px;\n}\n<\/style>\n\t<\/section>\n\t\n\t<section class=\"section dark\" id=\"section_165856560\">\n\t\t<div class=\"bg section-bg fill bg-fill  \" >\n\n\t\t\t\n\t\t\t<div class=\"section-bg-overlay absolute fill\"><\/div>\n\t\t\t\n\n\t\t<\/div>\n\n\t\t<div class=\"section-content relative\">\n\t\t\t\n<div class=\"row\"  id=\"row-1642621750\">\n\n\t<div id=\"col-2050326997\" class=\"col small-12 large-12\"  >\n\t\t<div class=\"col-inner\"  >\n\t\t\t\n\t\t\t\n<h2 style=\"text-align: center;\">D\u1ecaCH V\u1ee4 CH\u00cdNH C\u1ee6A CH\u00daNG T\u00d4I<\/h2>\n<p style=\"text-align: center;\">D\u01b0\u1edbi \u0111\u00e2y l\u00e0 m\u1ed9t s\u1ed1 d\u1ecbch v\u1ee5 ch\u00ednh m\u00e0 C\u01b0\u1eddng Ph\u00e1t ch\u00fang t\u00f4i \u0111ang cung c\u1ea5p<\/p>\n\t\t<\/div>\n\t\t\t<\/div>\n\n\t\n\n\t<div id=\"col-641702940\" class=\"col medium-4 small-12 large-4\"  >\n\t\t<div class=\"col-inner\"  >\n\t\t\t\n\t\t\t\n\t<div class=\"box has-hover   has-hover box-shadow-3-hover box-text-bottom\" >\n\n\t\t<div class=\"box-image\" >\n\t\t\t\t\t\t<div class=\"image-zoom image-cover\" style=\"padding-top:63%;\">\n\t\t\t\t<img width=\"360\" height=\"218\" src=\"https:\/\/giaodienwebsite.tgs.com.vn\/thanhly2\/wp-content\/uploads\/2020\/05\/n1.png\" class=\"attachment-original size-original\" alt=\"\" loading=\"lazy\" srcset=\"https:\/\/giaodienwebsite.tgs.com.vn\/thanhly2\/wp-content\/uploads\/2020\/05\/n1.png 360w, https:\/\/giaodienwebsite.tgs.com.vn\/thanhly2\/wp-content\/uploads\/2020\/05\/n1-300x182.png 300w\" sizes=\"(max-width: 360px) 100vw, 360px\" \/>\t\t\t\t\t\t\t\t\t\t\t<\/div>\n\t\t\t\t\t<\/div>\n\n\t\t<div class=\"box-text text-center\" style=\"background-color:rgb(0, 97, 169);\">\n\t\t\t<div class=\"box-text-inner\">\n\t\t\t\t\n<h4 style=\"text-align: center;\">Thanh l\u00fd ph\u00f2ng NET<\/h4>\n\t\t\t<\/div>\n\t\t<\/div>\n\t<\/div>\n\t\n\t\t<\/div>\n\t\t\t<\/div>\n\n\t\n\n\t<div id=\"col-146007621\" class=\"col medium-4 small-12 large-4\"  >\n\t\t<div class=\"col-inner\"  >\n\t\t\t\n\t\t\t\n\t<div class=\"box has-hover   has-hover box-shadow-3-hover box-text-bottom\" >\n\n\t\t<div class=\"box-image\" >\n\t\t\t\t\t\t<div class=\"image-zoom image-cover\" style=\"padding-top:63%;\">\n\t\t\t\t<img width=\"500\" height=\"333\" src=\"https:\/\/giaodienwebsite.tgs.com.vn\/thanhly2\/wp-content\/uploads\/2017\/05\/tu-van-mua-man-hinh-may-tinh-cu-1.jpg\" class=\"attachment-original size-original\" alt=\"tu van mua man hinh may tinh cu 1\" loading=\"lazy\" srcset=\"https:\/\/giaodienwebsite.tgs.com.vn\/thanhly2\/wp-content\/uploads\/2017\/05\/tu-van-mua-man-hinh-may-tinh-cu-1.jpg 500w, https:\/\/giaodienwebsite.tgs.com.vn\/thanhly2\/wp-content\/uploads\/2017\/05\/tu-van-mua-man-hinh-may-tinh-cu-1-300x200.jpg 300w\" sizes=\"(max-width: 500px) 100vw, 500px\" \/>\t\t\t\t\t\t\t\t\t\t\t<\/div>\n\t\t\t\t\t<\/div>\n\n\t\t<div class=\"box-text text-center\" style=\"background-color:rgb(0, 97, 169);\">\n\t\t\t<div class=\"box-text-inner\">\n\t\t\t\t\n<h4 style=\"text-align: center;\">Thu mua m\u00e1y t\u00ednh c\u0169<\/h4>\n\t\t\t<\/div>\n\t\t<\/div>\n\t<\/div>\n\t\n\t\t<\/div>\n\t\t\t<\/div>\n\n\t\n\n\t<div id=\"col-1764529158\" class=\"col medium-4 small-12 large-4\"  >\n\t\t<div class=\"col-inner\"  >\n\t\t\t\n\t\t\t\n\t<div class=\"box has-hover   has-hover box-shadow-3-hover box-text-bottom\" >\n\n\t\t<div class=\"box-image\" >\n\t\t\t\t\t\t<div class=\"image-zoom image-cover\" style=\"padding-top:63%;\">\n\t\t\t\t<img width=\"1920\" height=\"1280\" src=\"https:\/\/giaodienwebsite.tgs.com.vn\/thanhly2\/wp-content\/uploads\/2017\/05\/0N4A9919.jpg\" class=\"attachment-original size-original\" alt=\"0N4A9919\" loading=\"lazy\" srcset=\"https:\/\/giaodienwebsite.tgs.com.vn\/thanhly2\/wp-content\/uploads\/2017\/05\/0N4A9919.jpg 1920w, https:\/\/giaodienwebsite.tgs.com.vn\/thanhly2\/wp-content\/uploads\/2017\/05\/0N4A9919-300x200.jpg 300w, https:\/\/giaodienwebsite.tgs.com.vn\/thanhly2\/wp-content\/uploads\/2017\/05\/0N4A9919-1024x683.jpg 1024w, https:\/\/giaodienwebsite.tgs.com.vn\/thanhly2\/wp-content\/uploads\/2017\/05\/0N4A9919-768x512.jpg 768w, https:\/\/giaodienwebsite.tgs.com.vn\/thanhly2\/wp-content\/uploads\/2017\/05\/0N4A9919-1536x1024.jpg 1536w\" sizes=\"(max-width: 1920px) 100vw, 1920px\" \/>\t\t\t\t\t\t\t\t\t\t\t<\/div>\n\t\t\t\t\t<\/div>\n\n\t\t<div class=\"box-text text-center\" style=\"background-color:rgb(0, 97, 169);\">\n\t\t\t<div class=\"box-text-inner\">\n\t\t\t\t\n<h4 style=\"text-align: center;\">Mua b\u00e1n linh ki\u1ec7n m\u00e1y t\u00ednh<\/h4>\n\t\t\t<\/div>\n\t\t<\/div>\n\t<\/div>\n\t\n\t\t<\/div>\n\t\t\t<\/div>\n\n\t\n<\/div>\n\t\t<\/div>\n\n\t\t\n<style>\n#section_165856560 {\n  padding-top: 47px;\n  padding-bottom: 47px;\n}\n#section_165856560 .section-bg-overlay {\n  background-color: rgba(0, 19, 80, 0.66);\n}\n#section_165856560 .section-bg.bg-loaded {\n  background-image: url(https:\/\/giaodienwebsite.tgs.com.vn\/thanhly2\/wp-content\/uploads\/2017\/06\/bg-7.jpg);\n}\n<\/style>\n\t<\/section>\n\t\n\t<section class=\"section\" id=\"section_46619387\">\n\t\t<div class=\"bg section-bg fill bg-fill  bg-loaded\" >\n\n\t\t\t\n\t\t\t\n\t\t\t\n\n\t\t<\/div>\n\n\t\t<div class=\"section-content relative\">\n\t\t\t\n<div class=\"row\"  id=\"row-127597150\">\n\n\t<div id=\"col-536018475\" class=\"col medium-6 small-12 large-6\"  >\n\t\t<div class=\"col-inner\"  >\n\t\t\t\n\t\t\t\n<h3>C\u00e1c c\u00e2u h\u1ecfi th\u01b0\u1eddng g\u1eb7p<\/h3>\n<div class=\"accordion\" rel=\"1\">\n<div class=\"accordion-item\"><a href=\"#\" class=\"accordion-title plain\"><button class=\"toggle\"><i class=\"icon-angle-down\"><\/i><\/button><span>Nh\u00e2n vi\u00ean gi\u00e0u kinh nghi\u1ec7m, nhi\u1ec7t t\u00ecnh chu \u0111\u00e1o?<\/span><\/a><div class=\"accordion-inner\">\n<p>C\u00e1c nh\u00e2n vi\u00ean k\u1ef9 thu\u1eadt gi\u1ecfi chuy\u00ean m\u00f4n v\u1edbi kh\u1ea3 n\u0103ng x\u1eed l\u00fd nhanh nh\u1ea1y, t\u1ea1o \u0111i\u1ec1u ki\u1ec7n thu\u1eadn l\u1ee3i, \u0111\u00e1p \u1ee9ng nhu c\u1ea7u c\u1ee7a kh\u00e1ch h\u00e0ng.<\/p>\n<p>T\u1eadp th\u1ec3 nh\u00e2n vi\u00ean xin c\u1ea3m \u01a1n t\u1ea5t c\u1ea3 Qu\u00fd kh\u00e1ch h\u00e0ng \u0111\u00e3 tin t\u01b0\u1edfng v\u00e0 s\u1eed d\u1ee5ng c\u00e1c d\u1ecbch v\u1ee5 c\u1ee7a ch\u00fang t\u00f4i trong su\u1ed1t th\u1eddi gian qua. R\u1ea5t mong s\u1ef1 \u0111\u00f3ng g\u00f3p \u00fd ki\u1ebfn v\u1ec1 s\u1ea3n ph\u1ea9m, ch\u1ea5t l\u01b0\u1ee3ng d\u1ecbch v\u1ee5 v\u00e0 gi\u00e1 c\u1ea3 \u0111\u1ec3 ch\u00fang t\u00f4i ti\u1ebfp t\u1ee5c ho\u00e0n thi\u1ec7n m\u00ecnh mang \u0111\u1ebfn cho Qu\u00fd kh\u00e1ch nh\u1eefng ch\u1ea5t l\u01b0\u1ee3ng d\u1ecbch v\u1ee5 v\u00e0 gi\u00e1 c\u1ea3 t\u1ed1t h\u01a1n n\u1eefa. \u0110\u01a1n v\u1ecb r\u1ea5t h\u00e2n h\u1ea1nh ch\u00e0o \u0111\u00f3n Qu\u00fd kh\u00e1ch!<\/p>\n<\/div><\/div>\n<div class=\"accordion-item\"><a href=\"#\" class=\"accordion-title plain\"><button class=\"toggle\"><i class=\"icon-angle-down\"><\/i><\/button><span>D\u1ecbch v\u1ee5 c\u00f3 m\u1eb7t kh\u1eafp c\u00e1c t\u1ec9nh th\u00e0nh Mi\u1ec1n Nam, T\u00e2y Nguy\u00ean?<\/span><\/a><div class=\"accordion-inner\">\n<p>Ch\u00fang t\u00f4i kh\u00f4ng ng\u1ea1i \u0111\u1ecba \u0111i\u1ec3m thu mua g\u1ea7n hay xa, b\u1ea5t k\u00ec \u0111\u00e2u hay b\u1ea5t k\u00ec t\u1ec9nh th\u00e0nh n\u00e0o trong c\u1ea3 n\u01b0\u1edbc ch\u1ec9 c\u1ea7n kh\u00e1ch h\u00e0ng c\u00f3 nhu c\u1ea7u. D\u1ecbch v\u1ee5 thanh l\u00fd \u0111\u00e3 ph\u1ee7 s\u00f3ng h\u1ebft t\u1ea5t c\u1ea3 24 qu\u1eadn huy\u1ec7n t\u1ea1i th\u00e0nh ph\u1ed1 H\u1ed3 Ch\u00ed Minh.<\/p>\n<\/div><\/div>\n<div class=\"accordion-item\"><a href=\"#\" class=\"accordion-title plain\"><button class=\"toggle\"><i class=\"icon-angle-down\"><\/i><\/button><span>B\u00e1n m\u00e1y t\u00ednh v\u00e0 linh ki\u1ec7n ch\u00ednh h\u00e3ng Dell, ASUS, HP, Lenovo....?<\/span><\/a><div class=\"accordion-inner\">\n<p>Ngo\u00e0i m\u1ea3ng thanh l\u00fd ph\u00f2ng game chuy\u00ean nghi\u1ec7p, uy t\u00edn, gi\u00e1 cao, C\u00f2n li\u00ean k\u1ebft v\u1edbi c\u00e1c nh\u00e0 s\u1ea3n xu\u1ea5t m\u00e1y t\u00ednh h\u00e0ng \u0111\u1ea7u th\u1ebf gi\u1edbi, c\u00e1c nh\u00e0 cung c\u1ea5p linh ki\u1ec7n uy t\u00edn \u0111\u1ec3 mang \u0111\u1ebfn ch\u1ea5t l\u01b0\u1ee3ng m\u00e1y v\u00e0 linh ki\u1ec7n t\u1ed1t nh\u1ea5t, \u0111\u1eb7c bi\u1ec7t l\u00e0 c\u00e1c lo\u1ea1i m\u00e1y c\u00f3 c\u1ea5u h\u00ecnh m\u1ea1nh, chuy\u00ean ph\u1ee5c v\u1ee5 cho c\u00e1c ph\u00f2ng game.<\/p>\n<\/div><\/div>\n<div class=\"accordion-item\"><a href=\"#\" class=\"accordion-title plain\"><button class=\"toggle\"><i class=\"icon-angle-down\"><\/i><\/button><span>D\u1ecbch V\u1ee5 L\u1eafp \u0111\u1eb7t ph\u00f2ng net tr\u1ecdn g\u00f3i<\/span><\/a><div class=\"accordion-inner\">\n<p>Kinh doanh ph\u00f2ng Net l\u00e0 m\u00f4 h\u00ecnh kinh doanh \u0111\u01b0\u1ee3c nhi\u1ec1u ng\u01b0\u1eddi tham gia \u0111\u1ea7u t\u01b0, b\u1edfi ng\u00e0nh kinh doanh n\u00e0y c\u00f3 kh\u1ea3 n\u0103ng thu h\u1ed3i v\u1ed1n nhanh ch\u00f3ng. V\u00ec v\u1eady ch\u00fang t\u00f4i cho ra \u0111\u1eddi d\u1ecbch v\u1ee5 \u0111\u1ec3 ph\u1ee5c v\u1ee5 nhu c\u1ea7u kh\u00e1ch h\u00e0ng c\u1ea7n m\u1edf ph\u00f2ng net.<\/p>\n<p>H\u01a1n n\u1eefa, d\u1ecbch v\u1ee5 l\u1eafp \u0111\u1eb7t ph\u00f2ng net tr\u1ecdn g\u00f3i v\u1edbi \u0111\u1ed9i ng\u1ee7 nh\u00e2n vi\u00ean t\u01b0 v\u1ea5n gi\u00e0u kinh nghi\u1ec7m, nhi\u1ec7t t\u00ecnh, gi\u1ecfi k\u1ef9 thu\u1eadt, \u0111\u1ea3m b\u1ea3o m\u00e1y t\u00ednh hay linh ki\u1ec7n \u0111\u01b0\u1ee3c l\u1eafp \u0111\u1eb7t ch\u00ednh x\u00e1c.<\/p>\n<\/div><\/div>\n<\/div>\n\t\t<\/div>\n\t\t\t<\/div>\n\n\t\n\n\t<div id=\"col-43598612\" class=\"col medium-6 small-12 large-6\"  >\n\t\t<div class=\"col-inner\"  >\n\t\t\t\n\t\t\t\n<h3><span style=\"font-size: 95%;\">Ho\u1ea1t \u0111\u1ed9ng<\/span><\/h3>\n<p><span style=\"font-size: 95%;\">Ch\u00fang t\u00f4i ho\u1ea1t \u0111\u1ed9ng 24\/24 ch\u1ec9 c\u1ea7n kh\u00e1ch h\u00e0ng g\u1ecdi ch\u00fang t\u00f4i s\u1ebd b\u00e1o gi\u00e1 nhanh nh\u1ea5t. Ch\u1ee7 nh\u1eadt v\u00e0 ng\u00e0y l\u1ec5 v\u1eabn ho\u1ea1t \u0111\u1ed9ng b\u00ecnh th\u01b0\u1eddng.<\/span><\/p>\n<p><span style=\"font-size: 95%;\">S\u1ed1 1 \u0110\u01b0\u1eddng T\u00e2n Th\u1edbi Nh\u1ea5t 22, Ph\u01b0\u1eddng t\u00e2n th\u1edbi nh\u1ea5t, Qu\u1eadn 12. TP H\u1ed3 Ch\u00ed Minh.<\/span><\/p>\n<p><span style=\"font-size: 95%;\">M\u00e3 s\u1ed1 thu\u1ebf: 0312809445-001 \u2013 Ng\u01b0\u1eddi \u0110DPL: \u0110\u1ed7 T\u1ea5n C\u01b0\u1eddng \u2013 Ng\u00e0y ho\u1ea1t \u0111\u1ed9ng: 25\/02\/2015 \u2013<\/span><\/p>\n<p><span style=\"font-size: 95%;\">L\u0129nh v\u1ef1c: B\u00e1n bu\u00f4n m\u00e1y vi t\u00ednh, thi\u1ebft b\u1ecb ngo\u1ea1i vi v\u00e0 ph\u1ea7n m\u1ec1m<\/span><\/p>\n<h3><span style=\"font-size: 95%;\">PH\u00d2NG KINH DOANH<\/span><\/h3>\n<p><span style=\"font-size: 95%;\">Phone : 0917.562.238<\/span><\/p>\n\t\t<\/div>\n\t\t\t<\/div>\n\n\t\n<\/div>\n\t\t<\/div>\n\n\t\t\n<style>\n#section_46619387 {\n  padding-top: 45px;\n  padding-bottom: 45px;\n}\n<\/style>\n\t<\/section>\n\t\n","protected":false},"excerpt":{"rendered":"","protected":false},"author":2,"featured_media":0,"parent":0,"menu_order":0,"comment_status":"closed","ping_status":"closed","template":"page-transparent-header.php","meta":[],"yst_prominent_words":[],"_links":{"self":[{"href":"https:\/\/giaodienwebsite.tgs.com.vn\/thanhly2\/wp-json\/wp\/v2\/pages\/10377"}],"collection":[{"href":"https:\/\/giaodienwebsite.tgs.com.vn\/thanhly2\/wp-json\/wp\/v2\/pages"}],"about":[{"href":"https:\/\/giaodienwebsite.tgs.com.vn\/thanhly2\/wp-json\/wp\/v2\/types\/page"}],"author":[{"embeddable":true,"href":"https:\/\/giaodienwebsite.tgs.com.vn\/thanhly2\/wp-json\/wp\/v2\/users\/2"}],"replies":[{"embeddable":true,"href":"https:\/\/giaodienwebsite.tgs.com.vn\/thanhly2\/wp-json\/wp\/v2\/comments?post=10377"}],"version-history":[{"count":62,"href":"https:\/\/giaodienwebsite.tgs.com.vn\/thanhly2\/wp-json\/wp\/v2\/pages\/10377\/revisions"}],"predecessor-version":[{"id":10835,"href":"https:\/\/giaodienwebsite.tgs.com.vn\/thanhly2\/wp-json\/wp\/v2\/pages\/10377\/revisions\/10835"}],"wp:attachment":[{"href":"https:\/\/giaodienwebsite.tgs.com.vn\/thanhly2\/wp-json\/wp\/v2\/media?parent=10377"}],"wp:term":[{"taxonomy":"yst_prominent_words","embeddable":true,"href":"https:\/\/giaodienwebsite.tgs.com.vn\/thanhly2\/wp-json\/wp\/v2\/yst_prominent_words?post=10377"}],"curies":[{"name":"wp","href":"https:\/\/api.w.org\/{rel}","templated":true}]}}