{"id":75,"date":"2020-12-07T10:12:27","date_gmt":"2020-12-07T03:12:27","guid":{"rendered":"https:\/\/giaodienwebsite.tgs.com.vn\/noithat22\/?post_type=product&#038;p=75"},"modified":"2020-12-10T23:07:47","modified_gmt":"2020-12-10T16:07:47","slug":"bo-ban-an-4-ghe-pall-mall-2","status":"publish","type":"product","link":"https:\/\/giaodienwebsite.tgs.com.vn\/noithat22\/san-pham\/bo-ban-an-4-ghe-pall-mall-2\/","title":{"rendered":"B\u1ed8 B\u00c0N \u0102N 4 GH\u1ebe PALL-MALL"},"content":{"rendered":"<p>B\u1ed9 b\u00e0n &amp; 4 gh\u1ebf \u0103n PALL MALL t\u1eeb n\u1ed9i th\u1ea5t BAYA \u0111\u01b0\u1ee3c l\u00e0m t\u1eeb g\u1ed7 cao su ph\u1ee7 MFC b\u1ec1n ch\u1eafc. S\u1ea3n ph\u1ea9m c\u00f3 thi\u1ebft k\u1ebf \u0111\u01a1n gi\u1ea3n v\u1edbi gam m\u00e0u n\u00e2u th\u1eabm v\u00e0 ki\u1ec3u d\u00e1ng thanh m\u1ea3nh mang l\u1ea1i v\u1ebb \u0111\u1eb9p \u1ea5m c\u00fang, tinh t\u1ebf cho ph\u00f2ng \u0103n gia \u0111\u00ecnh b\u1ea1n.<\/p>\n","protected":false},"excerpt":{"rendered":"<p>B\u1ed9 b\u00e0n &amp; 4 gh\u1ebf \u0103n PALL MALL t\u1eeb n\u1ed9i th\u1ea5t BAYA \u0111\u01b0\u1ee3c l\u00e0m t\u1eeb g\u1ed7 cao su ph\u1ee7 MFC b\u1ec1n ch\u1eafc. S\u1ea3n ph\u1ea9m c\u00f3 thi\u1ebft k\u1ebf \u0111\u01a1n gi\u1ea3n v\u1edbi gam m\u00e0u n\u00e2u th\u1eabm v\u00e0 ki\u1ec3u d\u00e1ng thanh m\u1ea3nh mang l\u1ea1i v\u1ebb \u0111\u1eb9p \u1ea5m c\u00fang, tinh t\u1ebf cho ph\u00f2ng \u0103n gia \u0111\u00ecnh b\u1ea1n.<\/p>\n","protected":false},"featured_media":76,"comment_status":"open","ping_status":"closed","template":"","meta":[],"yoast_head":"<!-- This site is optimized with the Yoast SEO plugin v15.4 - https:\/\/yoast.com\/wordpress\/plugins\/seo\/ -->\n<title>B\u1ed8 B\u00c0N \u0102N 4 GH\u1ebe PALL-MALL - M\u1eabu web n\u1ed9i th\u1ea5t<\/title>\n<meta name=\"robots\" content=\"noindex, follow, max-snippet:-1, max-image-preview:large, max-video-preview:-1\" \/>\n<meta property=\"og:locale\" content=\"vi_VN\" \/>\n<meta property=\"og:type\" content=\"article\" \/>\n<meta property=\"og:title\" content=\"B\u1ed8 B\u00c0N \u0102N 4 GH\u1ebe PALL-MALL - M\u1eabu web n\u1ed9i th\u1ea5t\" \/>\n<meta property=\"og:description\" content=\"B\u1ed9 b\u00e0n &amp; 4 gh\u1ebf \u0103n PALL MALL t\u1eeb n\u1ed9i th\u1ea5t BAYA \u0111\u01b0\u1ee3c l\u00e0m t\u1eeb g\u1ed7 cao su ph\u1ee7 MFC b\u1ec1n ch\u1eafc. S\u1ea3n ph\u1ea9m c\u00f3 thi\u1ebft k\u1ebf \u0111\u01a1n gi\u1ea3n v\u1edbi gam m\u00e0u n\u00e2u th\u1eabm v\u00e0 ki\u1ec3u d\u00e1ng thanh m\u1ea3nh mang l\u1ea1i v\u1ebb \u0111\u1eb9p \u1ea5m c\u00fang, tinh t\u1ebf cho ph\u00f2ng \u0103n gia \u0111\u00ecnh b\u1ea1n.\" \/>\n<meta property=\"og:url\" content=\"https:\/\/giaodienwebsite.tgs.com.vn\/noithat22\/san-pham\/bo-ban-an-4-ghe-pall-mall-2\/\" \/>\n<meta property=\"og:site_name\" content=\"M\u1eabu web n\u1ed9i th\u1ea5t\" \/>\n<meta property=\"article:modified_time\" content=\"2020-12-10T16:07:47+00:00\" \/>\n<meta property=\"og:image\" content=\"https:\/\/giaodienwebsite.tgs.com.vn\/noithat22\/wp-content\/uploads\/2020\/12\/PALL_MALL_Dining_Set_UMA_1099119_1.jpg\" \/>\n\t<meta property=\"og:image:width\" content=\"1000\" \/>\n\t<meta property=\"og:image:height\" content=\"1000\" \/>\n<meta name=\"twitter:card\" content=\"summary_large_image\" \/>\n<meta name=\"twitter:label1\" content=\"Written by\">\n\t<meta name=\"twitter:data1\" content=\"Thuan Nguyen\">\n\t<meta name=\"twitter:label2\" content=\"Est. reading time\">\n\t<meta name=\"twitter:data2\" content=\"0 ph\u00fat\">\n<script type=\"application\/ld+json\" class=\"yoast-schema-graph\">{\"@context\":\"https:\/\/schema.org\",\"@graph\":[{\"@type\":\"WebSite\",\"@id\":\"https:\/\/giaodienwebsite.tgs.com.vn\/noithat22\/#website\",\"url\":\"https:\/\/giaodienwebsite.tgs.com.vn\/noithat22\/\",\"name\":\"M\\u1eabu web n\\u1ed9i th\\u1ea5t\",\"description\":\"D\\u1ecbch v\\u1ee5 thi\\u1ebft k\\u1ebf website uy t\\u00edn chuy\\u00ean nghi\\u1ec7p\",\"potentialAction\":[{\"@type\":\"SearchAction\",\"target\":\"https:\/\/giaodienwebsite.tgs.com.vn\/noithat22\/?s={search_term_string}\",\"query-input\":\"required name=search_term_string\"}],\"inLanguage\":\"vi\"},{\"@type\":\"ImageObject\",\"@id\":\"https:\/\/giaodienwebsite.tgs.com.vn\/noithat22\/san-pham\/bo-ban-an-4-ghe-pall-mall-2\/#primaryimage\",\"inLanguage\":\"vi\",\"url\":\"https:\/\/giaodienwebsite.tgs.com.vn\/noithat22\/wp-content\/uploads\/2020\/12\/PALL_MALL_Dining_Set_UMA_1099119_1.jpg\",\"width\":1000,\"height\":1000},{\"@type\":\"WebPage\",\"@id\":\"https:\/\/giaodienwebsite.tgs.com.vn\/noithat22\/san-pham\/bo-ban-an-4-ghe-pall-mall-2\/#webpage\",\"url\":\"https:\/\/giaodienwebsite.tgs.com.vn\/noithat22\/san-pham\/bo-ban-an-4-ghe-pall-mall-2\/\",\"name\":\"B\\u1ed8 B\\u00c0N \\u0102N 4 GH\\u1ebe PALL-MALL - M\\u1eabu web n\\u1ed9i th\\u1ea5t\",\"isPartOf\":{\"@id\":\"https:\/\/giaodienwebsite.tgs.com.vn\/noithat22\/#website\"},\"primaryImageOfPage\":{\"@id\":\"https:\/\/giaodienwebsite.tgs.com.vn\/noithat22\/san-pham\/bo-ban-an-4-ghe-pall-mall-2\/#primaryimage\"},\"datePublished\":\"2020-12-07T03:12:27+00:00\",\"dateModified\":\"2020-12-10T16:07:47+00:00\",\"breadcrumb\":{\"@id\":\"https:\/\/giaodienwebsite.tgs.com.vn\/noithat22\/san-pham\/bo-ban-an-4-ghe-pall-mall-2\/#breadcrumb\"},\"inLanguage\":\"vi\",\"potentialAction\":[{\"@type\":\"ReadAction\",\"target\":[\"https:\/\/giaodienwebsite.tgs.com.vn\/noithat22\/san-pham\/bo-ban-an-4-ghe-pall-mall-2\/\"]}]},{\"@type\":\"BreadcrumbList\",\"@id\":\"https:\/\/giaodienwebsite.tgs.com.vn\/noithat22\/san-pham\/bo-ban-an-4-ghe-pall-mall-2\/#breadcrumb\",\"itemListElement\":[{\"@type\":\"ListItem\",\"position\":1,\"item\":{\"@type\":\"WebPage\",\"@id\":\"https:\/\/giaodienwebsite.tgs.com.vn\/noithat22\/\",\"url\":\"https:\/\/giaodienwebsite.tgs.com.vn\/noithat22\/\",\"name\":\"Trang ch\\u1ee7\"}},{\"@type\":\"ListItem\",\"position\":2,\"item\":{\"@type\":\"WebPage\",\"@id\":\"https:\/\/giaodienwebsite.tgs.com.vn\/noithat22\/cua-hang\/\",\"url\":\"https:\/\/giaodienwebsite.tgs.com.vn\/noithat22\/cua-hang\/\",\"name\":\"C\\u1eeda h\\u00e0ng\"}},{\"@type\":\"ListItem\",\"position\":3,\"item\":{\"@type\":\"WebPage\",\"@id\":\"https:\/\/giaodienwebsite.tgs.com.vn\/noithat22\/danh-muc-san-pham\/noi-that-go\/\",\"url\":\"https:\/\/giaodienwebsite.tgs.com.vn\/noithat22\/danh-muc-san-pham\/noi-that-go\/\",\"name\":\"N\\u1ed9i th\\u1ea5t g\\u1ed7\"}},{\"@type\":\"ListItem\",\"position\":4,\"item\":{\"@type\":\"WebPage\",\"@id\":\"https:\/\/giaodienwebsite.tgs.com.vn\/noithat22\/danh-muc-san-pham\/noi-that-go\/ban\/\",\"url\":\"https:\/\/giaodienwebsite.tgs.com.vn\/noithat22\/danh-muc-san-pham\/noi-that-go\/ban\/\",\"name\":\"B\\u00e0n\"}},{\"@type\":\"ListItem\",\"position\":5,\"item\":{\"@type\":\"WebPage\",\"@id\":\"https:\/\/giaodienwebsite.tgs.com.vn\/noithat22\/san-pham\/bo-ban-an-4-ghe-pall-mall-2\/\",\"url\":\"https:\/\/giaodienwebsite.tgs.com.vn\/noithat22\/san-pham\/bo-ban-an-4-ghe-pall-mall-2\/\",\"name\":\"B\\u1ed8 B\\u00c0N \\u0102N 4 GH\\u1ebe PALL-MALL\"}}]}]}<\/script>\n<!-- \/ Yoast SEO plugin. -->","_links":{"self":[{"href":"https:\/\/giaodienwebsite.tgs.com.vn\/noithat22\/wp-json\/wp\/v2\/product\/75"}],"collection":[{"href":"https:\/\/giaodienwebsite.tgs.com.vn\/noithat22\/wp-json\/wp\/v2\/product"}],"about":[{"href":"https:\/\/giaodienwebsite.tgs.com.vn\/noithat22\/wp-json\/wp\/v2\/types\/product"}],"replies":[{"embeddable":true,"href":"https:\/\/giaodienwebsite.tgs.com.vn\/noithat22\/wp-json\/wp\/v2\/comments?post=75"}],"wp:featuredmedia":[{"embeddable":true,"href":"https:\/\/giaodienwebsite.tgs.com.vn\/noithat22\/wp-json\/wp\/v2\/media\/76"}],"wp:attachment":[{"href":"https:\/\/giaodienwebsite.tgs.com.vn\/noithat22\/wp-json\/wp\/v2\/media?parent=75"}],"curies":[{"name":"wp","href":"https:\/\/api.w.org\/{rel}","templated":true}]}}