{"id":70,"date":"2020-12-07T10:11:09","date_gmt":"2020-12-07T03:11:09","guid":{"rendered":"https:\/\/giaodienwebsite.tgs.com.vn\/noithat22\/?post_type=product&#038;p=70"},"modified":"2020-12-10T23:07:47","modified_gmt":"2020-12-10T16:07:47","slug":"bo-ban-an-4-ghe-cobra","status":"publish","type":"product","link":"https:\/\/giaodienwebsite.tgs.com.vn\/noithat22\/san-pham\/bo-ban-an-4-ghe-cobra\/","title":{"rendered":"B\u1ed8 B\u00c0N \u0102N 4 GH\u1ebe COBRA"},"content":{"rendered":"<p>B\u1ed9 b\u00e0n COBRA &amp; 4 gh\u1ebf \u0103n SAMUEL l\u00e0 m\u1ed9t thi\u1ebft k\u1ebf \u0111\u1eb7c bi\u1ec7t c\u1ee7a BAYA, v\u1edbi ch\u1ea5t li\u1ec7u g\u1ed7 s\u1ed3i cao c\u1ea5p ph\u1ed1i m\u00e0u s\u1eafc t\u1ef1 nhi\u00ean v\u00e0 \u0111\u01b0\u1eddng n\u00e9t v\u00e2n g\u1ed7 \u0111\u1eb9p m\u1eaft. S\u1ea3n ph\u1ea9m mang l\u1ea1i v\u1ebb \u0111\u1eb9p tinh t\u1ebf ho\u00e0n h\u1ea3o cho t\u1ed5 \u1ea5m b\u1ea1n, \u0111\u1ec7m ng\u1ed3i v\u00e0 t\u1ef1a l\u01b0ng b\u1ecdc v\u1ea3i b\u1ed1 m\u1ec1m m\u1ea1i v\u00e0 sang tr\u1ecdng. Nh\u1eefng chi ti\u1ebft bo tr\u00f2n v\u00e0 u\u1ed1n cong nh\u1eb9 nh\u00e0ng cho b\u1ea1n c\u1ea3m gi\u00e1c tho\u1ea3i m\u00e1i trong kh\u00f4ng gian d\u00f9ng b\u1eefa.<\/p>\n<table id=\"product-attribute-specs-table\" class=\"data table additional-attributes\">\n<tbody>\n<tr>\n<th class=\"col label\" scope=\"row\">S\u1ea3n ph\u1ea9m<\/th>\n<td class=\"col data\" data-th=\"S\u1ea3n ph\u1ea9m\">B\u1ed9 b\u00e0n \u0103n 4 gh\u1ebf<\/td>\n<\/tr>\n<tr>\n<th class=\"col label\" scope=\"row\">B\u1ed9 s\u01b0u t\u1eadp<\/th>\n<td class=\"col data\" data-th=\"B\u1ed9 s\u01b0u t\u1eadp\">COBRA<\/td>\n<\/tr>\n<tr>\n<th class=\"col label\" scope=\"row\">K\u00edch c\u1ee1<\/th>\n<td class=\"col data\" data-th=\"K\u00edch c\u1ee1\">L160xW90xH75<\/td>\n<\/tr>\n<tr>\n<th class=\"col label\" scope=\"row\">Ch\u1ea5t li\u1ec7u<\/th>\n<td class=\"col data\" data-th=\"Ch\u1ea5t li\u1ec7u\">S\u1ed3i veneer\/ S\u1ed3i\/ MDF\/ V\u00e1n d\u0103m<\/td>\n<\/tr>\n<tr>\n<th class=\"col label\" scope=\"row\">Ki\u1ec3u d\u00e1ng<\/th>\n<td class=\"col data\" data-th=\"Ki\u1ec3u d\u00e1ng\">NULL<\/td>\n<\/tr>\n<tr>\n<th class=\"col label\" scope=\"row\">\u0110\u01a1n v\u1ecb<\/th>\n<td class=\"col data\" data-th=\"\u0110\u01a1n v\u1ecb\">SET<\/td>\n<\/tr>\n<\/tbody>\n<\/table>\n","protected":false},"excerpt":{"rendered":"<p>B\u1ed9 b\u00e0n COBRA &amp; 4 gh\u1ebf \u0103n SAMUEL l\u00e0 m\u1ed9t thi\u1ebft k\u1ebf \u0111\u1eb7c bi\u1ec7t c\u1ee7a BAYA, v\u1edbi ch\u1ea5t li\u1ec7u g\u1ed7 s\u1ed3i cao c\u1ea5p ph\u1ed1i m\u00e0u s\u1eafc t\u1ef1 nhi\u00ean v\u00e0 \u0111\u01b0\u1eddng n\u00e9t v\u00e2n g\u1ed7 \u0111\u1eb9p m\u1eaft. S\u1ea3n ph\u1ea9m mang l\u1ea1i v\u1ebb \u0111\u1eb9p tinh t\u1ebf ho\u00e0n h\u1ea3o cho t\u1ed5 \u1ea5m b\u1ea1n, \u0111\u1ec7m ng\u1ed3i v\u00e0 t\u1ef1a l\u01b0ng b\u1ecdc &#8230;<\/p>\n","protected":false},"featured_media":71,"comment_status":"open","ping_status":"closed","template":"","meta":[],"yoast_head":"<!-- This site is optimized with the Yoast SEO plugin v15.4 - https:\/\/yoast.com\/wordpress\/plugins\/seo\/ -->\n<title>B\u1ed8 B\u00c0N \u0102N 4 GH\u1ebe COBRA - M\u1eabu web n\u1ed9i th\u1ea5t<\/title>\n<meta name=\"robots\" content=\"noindex, follow, max-snippet:-1, max-image-preview:large, max-video-preview:-1\" \/>\n<meta property=\"og:locale\" content=\"vi_VN\" \/>\n<meta property=\"og:type\" content=\"article\" \/>\n<meta property=\"og:title\" content=\"B\u1ed8 B\u00c0N \u0102N 4 GH\u1ebe COBRA - M\u1eabu web n\u1ed9i th\u1ea5t\" \/>\n<meta property=\"og:description\" content=\"B\u1ed9 b\u00e0n COBRA &amp; 4 gh\u1ebf \u0103n SAMUEL l\u00e0 m\u1ed9t thi\u1ebft k\u1ebf \u0111\u1eb7c bi\u1ec7t c\u1ee7a BAYA, v\u1edbi ch\u1ea5t li\u1ec7u g\u1ed7 s\u1ed3i cao c\u1ea5p ph\u1ed1i m\u00e0u s\u1eafc t\u1ef1 nhi\u00ean v\u00e0 \u0111\u01b0\u1eddng n\u00e9t v\u00e2n g\u1ed7 \u0111\u1eb9p m\u1eaft. S\u1ea3n ph\u1ea9m mang l\u1ea1i v\u1ebb \u0111\u1eb9p tinh t\u1ebf ho\u00e0n h\u1ea3o cho t\u1ed5 \u1ea5m b\u1ea1n, \u0111\u1ec7m ng\u1ed3i v\u00e0 t\u1ef1a l\u01b0ng b\u1ecdc ...\" \/>\n<meta property=\"og:url\" content=\"https:\/\/giaodienwebsite.tgs.com.vn\/noithat22\/san-pham\/bo-ban-an-4-ghe-cobra\/\" \/>\n<meta property=\"og:site_name\" content=\"M\u1eabu web n\u1ed9i th\u1ea5t\" \/>\n<meta property=\"article:modified_time\" content=\"2020-12-10T16:07:47+00:00\" \/>\n<meta property=\"og:image\" content=\"https:\/\/giaodienwebsite.tgs.com.vn\/noithat22\/wp-content\/uploads\/2020\/12\/COBRA_Dining_set_UMA_1099515_1.jpg\" \/>\n\t<meta property=\"og:image:width\" content=\"1000\" \/>\n\t<meta property=\"og:image:height\" content=\"1000\" \/>\n<meta name=\"twitter:card\" content=\"summary_large_image\" \/>\n<meta name=\"twitter:label1\" content=\"Written by\">\n\t<meta name=\"twitter:data1\" content=\"Thuan Nguyen\">\n\t<meta name=\"twitter:label2\" content=\"Est. reading time\">\n\t<meta name=\"twitter:data2\" content=\"1 ph\u00fat\">\n<script type=\"application\/ld+json\" class=\"yoast-schema-graph\">{\"@context\":\"https:\/\/schema.org\",\"@graph\":[{\"@type\":\"WebSite\",\"@id\":\"https:\/\/giaodienwebsite.tgs.com.vn\/noithat22\/#website\",\"url\":\"https:\/\/giaodienwebsite.tgs.com.vn\/noithat22\/\",\"name\":\"M\\u1eabu web n\\u1ed9i th\\u1ea5t\",\"description\":\"D\\u1ecbch v\\u1ee5 thi\\u1ebft k\\u1ebf website uy t\\u00edn chuy\\u00ean nghi\\u1ec7p\",\"potentialAction\":[{\"@type\":\"SearchAction\",\"target\":\"https:\/\/giaodienwebsite.tgs.com.vn\/noithat22\/?s={search_term_string}\",\"query-input\":\"required name=search_term_string\"}],\"inLanguage\":\"vi\"},{\"@type\":\"ImageObject\",\"@id\":\"https:\/\/giaodienwebsite.tgs.com.vn\/noithat22\/san-pham\/bo-ban-an-4-ghe-cobra\/#primaryimage\",\"inLanguage\":\"vi\",\"url\":\"https:\/\/giaodienwebsite.tgs.com.vn\/noithat22\/wp-content\/uploads\/2020\/12\/COBRA_Dining_set_UMA_1099515_1.jpg\",\"width\":1000,\"height\":1000},{\"@type\":\"WebPage\",\"@id\":\"https:\/\/giaodienwebsite.tgs.com.vn\/noithat22\/san-pham\/bo-ban-an-4-ghe-cobra\/#webpage\",\"url\":\"https:\/\/giaodienwebsite.tgs.com.vn\/noithat22\/san-pham\/bo-ban-an-4-ghe-cobra\/\",\"name\":\"B\\u1ed8 B\\u00c0N \\u0102N 4 GH\\u1ebe COBRA - M\\u1eabu web n\\u1ed9i th\\u1ea5t\",\"isPartOf\":{\"@id\":\"https:\/\/giaodienwebsite.tgs.com.vn\/noithat22\/#website\"},\"primaryImageOfPage\":{\"@id\":\"https:\/\/giaodienwebsite.tgs.com.vn\/noithat22\/san-pham\/bo-ban-an-4-ghe-cobra\/#primaryimage\"},\"datePublished\":\"2020-12-07T03:11:09+00:00\",\"dateModified\":\"2020-12-10T16:07:47+00:00\",\"breadcrumb\":{\"@id\":\"https:\/\/giaodienwebsite.tgs.com.vn\/noithat22\/san-pham\/bo-ban-an-4-ghe-cobra\/#breadcrumb\"},\"inLanguage\":\"vi\",\"potentialAction\":[{\"@type\":\"ReadAction\",\"target\":[\"https:\/\/giaodienwebsite.tgs.com.vn\/noithat22\/san-pham\/bo-ban-an-4-ghe-cobra\/\"]}]},{\"@type\":\"BreadcrumbList\",\"@id\":\"https:\/\/giaodienwebsite.tgs.com.vn\/noithat22\/san-pham\/bo-ban-an-4-ghe-cobra\/#breadcrumb\",\"itemListElement\":[{\"@type\":\"ListItem\",\"position\":1,\"item\":{\"@type\":\"WebPage\",\"@id\":\"https:\/\/giaodienwebsite.tgs.com.vn\/noithat22\/\",\"url\":\"https:\/\/giaodienwebsite.tgs.com.vn\/noithat22\/\",\"name\":\"Trang ch\\u1ee7\"}},{\"@type\":\"ListItem\",\"position\":2,\"item\":{\"@type\":\"WebPage\",\"@id\":\"https:\/\/giaodienwebsite.tgs.com.vn\/noithat22\/cua-hang\/\",\"url\":\"https:\/\/giaodienwebsite.tgs.com.vn\/noithat22\/cua-hang\/\",\"name\":\"C\\u1eeda h\\u00e0ng\"}},{\"@type\":\"ListItem\",\"position\":3,\"item\":{\"@type\":\"WebPage\",\"@id\":\"https:\/\/giaodienwebsite.tgs.com.vn\/noithat22\/danh-muc-san-pham\/noi-that-go\/\",\"url\":\"https:\/\/giaodienwebsite.tgs.com.vn\/noithat22\/danh-muc-san-pham\/noi-that-go\/\",\"name\":\"N\\u1ed9i th\\u1ea5t g\\u1ed7\"}},{\"@type\":\"ListItem\",\"position\":4,\"item\":{\"@type\":\"WebPage\",\"@id\":\"https:\/\/giaodienwebsite.tgs.com.vn\/noithat22\/danh-muc-san-pham\/noi-that-go\/ban\/\",\"url\":\"https:\/\/giaodienwebsite.tgs.com.vn\/noithat22\/danh-muc-san-pham\/noi-that-go\/ban\/\",\"name\":\"B\\u00e0n\"}},{\"@type\":\"ListItem\",\"position\":5,\"item\":{\"@type\":\"WebPage\",\"@id\":\"https:\/\/giaodienwebsite.tgs.com.vn\/noithat22\/san-pham\/bo-ban-an-4-ghe-cobra\/\",\"url\":\"https:\/\/giaodienwebsite.tgs.com.vn\/noithat22\/san-pham\/bo-ban-an-4-ghe-cobra\/\",\"name\":\"B\\u1ed8 B\\u00c0N \\u0102N 4 GH\\u1ebe COBRA\"}}]}]}<\/script>\n<!-- \/ Yoast SEO plugin. -->","_links":{"self":[{"href":"https:\/\/giaodienwebsite.tgs.com.vn\/noithat22\/wp-json\/wp\/v2\/product\/70"}],"collection":[{"href":"https:\/\/giaodienwebsite.tgs.com.vn\/noithat22\/wp-json\/wp\/v2\/product"}],"about":[{"href":"https:\/\/giaodienwebsite.tgs.com.vn\/noithat22\/wp-json\/wp\/v2\/types\/product"}],"replies":[{"embeddable":true,"href":"https:\/\/giaodienwebsite.tgs.com.vn\/noithat22\/wp-json\/wp\/v2\/comments?post=70"}],"wp:featuredmedia":[{"embeddable":true,"href":"https:\/\/giaodienwebsite.tgs.com.vn\/noithat22\/wp-json\/wp\/v2\/media\/71"}],"wp:attachment":[{"href":"https:\/\/giaodienwebsite.tgs.com.vn\/noithat22\/wp-json\/wp\/v2\/media?parent=70"}],"curies":[{"name":"wp","href":"https:\/\/api.w.org\/{rel}","templated":true}]}}