{"id":48,"date":"2020-12-07T09:36:18","date_gmt":"2020-12-07T02:36:18","guid":{"rendered":"https:\/\/giaodienwebsite.tgs.com.vn\/noithat22\/?post_type=product&#038;p=48"},"modified":"2020-12-10T23:07:47","modified_gmt":"2020-12-10T16:07:47","slug":"bo-qua-chau-trang-tri-giang-sinh-carols","status":"publish","type":"product","link":"https:\/\/giaodienwebsite.tgs.com.vn\/noithat22\/san-pham\/bo-qua-chau-trang-tri-giang-sinh-carols\/","title":{"rendered":"B\u1ed8 QU\u1ea2 CH\u00c2U TRANG TR\u00cd GI\u00c1NG SINH CAROLS"},"content":{"rendered":"<table id=\"product-attribute-specs-table\" class=\"data table additional-attributes\">\n<tbody>\n<tr>\n<th class=\"col label\" scope=\"row\">S\u1ea3n ph\u1ea9m<\/th>\n<td class=\"col data\" data-th=\"S\u1ea3n ph\u1ea9m\">B\u1ed9 qu\u1ea3 ch\u00e2u trang tr\u00ed Gi\u00e1ng sinh<\/td>\n<\/tr>\n<tr>\n<th class=\"col label\" scope=\"row\">B\u1ed9 s\u01b0u t\u1eadp<\/th>\n<td class=\"col data\" data-th=\"B\u1ed9 s\u01b0u t\u1eadp\">CAROLS<\/td>\n<\/tr>\n<tr>\n<th class=\"col label\" scope=\"row\">K\u00edch c\u1ee1<\/th>\n<td class=\"col data\" data-th=\"K\u00edch c\u1ee1\">Dia5-Set-of-20<\/td>\n<\/tr>\n<tr>\n<th class=\"col label\" scope=\"row\">M\u00e0u s\u1eafc<\/th>\n<td class=\"col data\" data-th=\"M\u00e0u s\u1eafc\">M\u00e0u \u0111\u1ecf<\/td>\n<\/tr>\n<tr>\n<th class=\"col label\" scope=\"row\">Ch\u1ea5t li\u1ec7u<\/th>\n<td class=\"col data\" data-th=\"Ch\u1ea5t li\u1ec7u\">Nh\u1ef1a<\/td>\n<\/tr>\n<tr>\n<th class=\"col label\" scope=\"row\">Xu\u1ea5t x\u1ee9<\/th>\n<td class=\"col data\" data-th=\"Xu\u1ea5t x\u1ee9\">Trung Qu\u1ed1c<\/td>\n<\/tr>\n<tr>\n<th class=\"col label\" scope=\"row\">\u0110\u01a1n v\u1ecb<\/th>\n<td class=\"col data\" data-th=\"\u0110\u01a1n v\u1ecb\">SET<\/td>\n<\/tr>\n<\/tbody>\n<\/table>\n","protected":false},"excerpt":{"rendered":"<p>S\u1ea3n ph\u1ea9m B\u1ed9 qu\u1ea3 ch\u00e2u trang tr\u00ed Gi\u00e1ng sinh B\u1ed9 s\u01b0u t\u1eadp CAROLS K\u00edch c\u1ee1 Dia5-Set-of-20 M\u00e0u s\u1eafc M\u00e0u \u0111\u1ecf Ch\u1ea5t li\u1ec7u Nh\u1ef1a Xu\u1ea5t x\u1ee9 Trung Qu\u1ed1c \u0110\u01a1n v\u1ecb SET<\/p>\n","protected":false},"featured_media":49,"comment_status":"open","ping_status":"closed","template":"","meta":[],"yoast_head":"<!-- This site is optimized with the Yoast SEO plugin v15.4 - https:\/\/yoast.com\/wordpress\/plugins\/seo\/ -->\n<title>B\u1ed8 QU\u1ea2 CH\u00c2U TRANG TR\u00cd GI\u00c1NG SINH CAROLS - M\u1eabu web n\u1ed9i th\u1ea5t<\/title>\n<meta name=\"robots\" content=\"noindex, follow, max-snippet:-1, max-image-preview:large, max-video-preview:-1\" \/>\n<meta property=\"og:locale\" content=\"vi_VN\" \/>\n<meta property=\"og:type\" content=\"article\" \/>\n<meta property=\"og:title\" content=\"B\u1ed8 QU\u1ea2 CH\u00c2U TRANG TR\u00cd GI\u00c1NG SINH CAROLS - M\u1eabu web n\u1ed9i th\u1ea5t\" \/>\n<meta property=\"og:description\" content=\"S\u1ea3n ph\u1ea9m B\u1ed9 qu\u1ea3 ch\u00e2u trang tr\u00ed Gi\u00e1ng sinh B\u1ed9 s\u01b0u t\u1eadp CAROLS K\u00edch c\u1ee1 Dia5-Set-of-20 M\u00e0u s\u1eafc M\u00e0u \u0111\u1ecf Ch\u1ea5t li\u1ec7u Nh\u1ef1a Xu\u1ea5t x\u1ee9 Trung Qu\u1ed1c \u0110\u01a1n v\u1ecb SET\" \/>\n<meta property=\"og:url\" content=\"https:\/\/giaodienwebsite.tgs.com.vn\/noithat22\/san-pham\/bo-qua-chau-trang-tri-giang-sinh-carols\/\" \/>\n<meta property=\"og:site_name\" content=\"M\u1eabu web n\u1ed9i th\u1ea5t\" \/>\n<meta property=\"article:modified_time\" content=\"2020-12-10T16:07:47+00:00\" \/>\n<meta property=\"og:image\" content=\"https:\/\/giaodienwebsite.tgs.com.vn\/noithat22\/wp-content\/uploads\/2020\/12\/carols_christmas_ball_pack_baya_73000009.jpg\" \/>\n\t<meta property=\"og:image:width\" content=\"1000\" \/>\n\t<meta property=\"og:image:height\" content=\"1000\" \/>\n<meta name=\"twitter:card\" content=\"summary_large_image\" \/>\n<meta name=\"twitter:label1\" content=\"Written by\">\n\t<meta name=\"twitter:data1\" content=\"Thuan Nguyen\">\n\t<meta name=\"twitter:label2\" content=\"Est. reading time\">\n\t<meta name=\"twitter:data2\" content=\"0 ph\u00fat\">\n<script type=\"application\/ld+json\" class=\"yoast-schema-graph\">{\"@context\":\"https:\/\/schema.org\",\"@graph\":[{\"@type\":\"WebSite\",\"@id\":\"https:\/\/giaodienwebsite.tgs.com.vn\/noithat22\/#website\",\"url\":\"https:\/\/giaodienwebsite.tgs.com.vn\/noithat22\/\",\"name\":\"M\\u1eabu web n\\u1ed9i th\\u1ea5t\",\"description\":\"D\\u1ecbch v\\u1ee5 thi\\u1ebft k\\u1ebf website uy t\\u00edn chuy\\u00ean nghi\\u1ec7p\",\"potentialAction\":[{\"@type\":\"SearchAction\",\"target\":\"https:\/\/giaodienwebsite.tgs.com.vn\/noithat22\/?s={search_term_string}\",\"query-input\":\"required name=search_term_string\"}],\"inLanguage\":\"vi\"},{\"@type\":\"ImageObject\",\"@id\":\"https:\/\/giaodienwebsite.tgs.com.vn\/noithat22\/san-pham\/bo-qua-chau-trang-tri-giang-sinh-carols\/#primaryimage\",\"inLanguage\":\"vi\",\"url\":\"https:\/\/giaodienwebsite.tgs.com.vn\/noithat22\/wp-content\/uploads\/2020\/12\/carols_christmas_ball_pack_baya_73000009.jpg\",\"width\":1000,\"height\":1000},{\"@type\":\"WebPage\",\"@id\":\"https:\/\/giaodienwebsite.tgs.com.vn\/noithat22\/san-pham\/bo-qua-chau-trang-tri-giang-sinh-carols\/#webpage\",\"url\":\"https:\/\/giaodienwebsite.tgs.com.vn\/noithat22\/san-pham\/bo-qua-chau-trang-tri-giang-sinh-carols\/\",\"name\":\"B\\u1ed8 QU\\u1ea2 CH\\u00c2U TRANG TR\\u00cd GI\\u00c1NG SINH CAROLS - M\\u1eabu web n\\u1ed9i th\\u1ea5t\",\"isPartOf\":{\"@id\":\"https:\/\/giaodienwebsite.tgs.com.vn\/noithat22\/#website\"},\"primaryImageOfPage\":{\"@id\":\"https:\/\/giaodienwebsite.tgs.com.vn\/noithat22\/san-pham\/bo-qua-chau-trang-tri-giang-sinh-carols\/#primaryimage\"},\"datePublished\":\"2020-12-07T02:36:18+00:00\",\"dateModified\":\"2020-12-10T16:07:47+00:00\",\"breadcrumb\":{\"@id\":\"https:\/\/giaodienwebsite.tgs.com.vn\/noithat22\/san-pham\/bo-qua-chau-trang-tri-giang-sinh-carols\/#breadcrumb\"},\"inLanguage\":\"vi\",\"potentialAction\":[{\"@type\":\"ReadAction\",\"target\":[\"https:\/\/giaodienwebsite.tgs.com.vn\/noithat22\/san-pham\/bo-qua-chau-trang-tri-giang-sinh-carols\/\"]}]},{\"@type\":\"BreadcrumbList\",\"@id\":\"https:\/\/giaodienwebsite.tgs.com.vn\/noithat22\/san-pham\/bo-qua-chau-trang-tri-giang-sinh-carols\/#breadcrumb\",\"itemListElement\":[{\"@type\":\"ListItem\",\"position\":1,\"item\":{\"@type\":\"WebPage\",\"@id\":\"https:\/\/giaodienwebsite.tgs.com.vn\/noithat22\/\",\"url\":\"https:\/\/giaodienwebsite.tgs.com.vn\/noithat22\/\",\"name\":\"Trang ch\\u1ee7\"}},{\"@type\":\"ListItem\",\"position\":2,\"item\":{\"@type\":\"WebPage\",\"@id\":\"https:\/\/giaodienwebsite.tgs.com.vn\/noithat22\/cua-hang\/\",\"url\":\"https:\/\/giaodienwebsite.tgs.com.vn\/noithat22\/cua-hang\/\",\"name\":\"C\\u1eeda h\\u00e0ng\"}},{\"@type\":\"ListItem\",\"position\":3,\"item\":{\"@type\":\"WebPage\",\"@id\":\"https:\/\/giaodienwebsite.tgs.com.vn\/noithat22\/danh-muc-san-pham\/noi-that-go\/\",\"url\":\"https:\/\/giaodienwebsite.tgs.com.vn\/noithat22\/danh-muc-san-pham\/noi-that-go\/\",\"name\":\"N\\u1ed9i th\\u1ea5t g\\u1ed7\"}},{\"@type\":\"ListItem\",\"position\":4,\"item\":{\"@type\":\"WebPage\",\"@id\":\"https:\/\/giaodienwebsite.tgs.com.vn\/noithat22\/danh-muc-san-pham\/noi-that-go\/ban\/\",\"url\":\"https:\/\/giaodienwebsite.tgs.com.vn\/noithat22\/danh-muc-san-pham\/noi-that-go\/ban\/\",\"name\":\"B\\u00e0n\"}},{\"@type\":\"ListItem\",\"position\":5,\"item\":{\"@type\":\"WebPage\",\"@id\":\"https:\/\/giaodienwebsite.tgs.com.vn\/noithat22\/san-pham\/bo-qua-chau-trang-tri-giang-sinh-carols\/\",\"url\":\"https:\/\/giaodienwebsite.tgs.com.vn\/noithat22\/san-pham\/bo-qua-chau-trang-tri-giang-sinh-carols\/\",\"name\":\"B\\u1ed8 QU\\u1ea2 CH\\u00c2U TRANG TR\\u00cd GI\\u00c1NG SINH CAROLS\"}}]}]}<\/script>\n<!-- \/ Yoast SEO plugin. -->","_links":{"self":[{"href":"https:\/\/giaodienwebsite.tgs.com.vn\/noithat22\/wp-json\/wp\/v2\/product\/48"}],"collection":[{"href":"https:\/\/giaodienwebsite.tgs.com.vn\/noithat22\/wp-json\/wp\/v2\/product"}],"about":[{"href":"https:\/\/giaodienwebsite.tgs.com.vn\/noithat22\/wp-json\/wp\/v2\/types\/product"}],"replies":[{"embeddable":true,"href":"https:\/\/giaodienwebsite.tgs.com.vn\/noithat22\/wp-json\/wp\/v2\/comments?post=48"}],"wp:featuredmedia":[{"embeddable":true,"href":"https:\/\/giaodienwebsite.tgs.com.vn\/noithat22\/wp-json\/wp\/v2\/media\/49"}],"wp:attachment":[{"href":"https:\/\/giaodienwebsite.tgs.com.vn\/noithat22\/wp-json\/wp\/v2\/media?parent=48"}],"curies":[{"name":"wp","href":"https:\/\/api.w.org\/{rel}","templated":true}]}}