{"id":41,"date":"2020-12-07T09:29:00","date_gmt":"2020-12-07T02:29:00","guid":{"rendered":"https:\/\/giaodienwebsite.tgs.com.vn\/noithat22\/?post_type=product&#038;p=41"},"modified":"2020-12-11T00:22:35","modified_gmt":"2020-12-10T17:22:35","slug":"gau-bong-giang-sinh-carols","status":"publish","type":"product","link":"https:\/\/giaodienwebsite.tgs.com.vn\/noithat22\/san-pham\/gau-bong-giang-sinh-carols\/","title":{"rendered":"G\u1ea4U B\u00d4NG GI\u00c1NG SINH CAROLS"},"content":{"rendered":"<p>D\u1eabu m\u1edbi, t\u1ee7 c\u00f3 h\u1ed9c CHESTER nhanh ch\u00f3ng tr\u1edf th\u00e0nh l\u1ef1a ch\u1ecdn y\u00eau th\u00edch c\u1ee7a nhi\u1ec1u kh\u00e1ch h\u00e0ng t\u1eeb ch\u1ee9c n\u0103ng cho \u0111\u1ebfn ki\u1ec3u d\u00e1ng.<\/p>\n<p>V\u1edbi chi\u1ec1u d\u00e0i 1m4 g\u1ed3m 6 h\u1ed9c k\u00e9o, b\u1ea1n c\u00f3 th\u1ec3 tho\u1ea3i m\u00e1i c\u1ea5t gi\u1eef nh\u1eefng v\u1eadt d\u1ee5ng c\u1ea7n thi\u1ebft. M\u1eb7t tr\u00ean c\u1ee7a t\u1ee7 c\u00f3 th\u1ec3 d\u00f9ng l\u00e0m n\u01a1i tr\u01b0ng b\u00e0y nh\u1eefng \u0111\u1ed3 d\u00f9ng trang tr\u00ed nh\u01b0 khung \u1ea3nh, b\u00ecnh hoa, \u0111\u1ed3ng h\u1ed3&#8230; C\u0169ng nh\u1edd v\u00e0o thi\u1ebft k\u1ebf g\u1ecdn g\u00e0ng v\u00e0 m\u00e0u s\u1eafc tr\u1ea7m \u1ea5m, t\u1ee7 c\u00f3 h\u1ed9c CHESTER c\u00f3 th\u1ec3 \u0111\u01b0\u1ee3c s\u1eed d\u1ee5ng trong ph\u00f2ng kh\u00e1ch, ph\u00f2ng l\u00e0m vi\u1ec7c, hay ph\u00f2ng ng\u1ee7.<\/p>\n","protected":false},"excerpt":{"rendered":"<p>D\u1eabu m\u1edbi, t\u1ee7 c\u00f3 h\u1ed9c CHESTER nhanh ch\u00f3ng tr\u1edf th\u00e0nh l\u1ef1a ch\u1ecdn y\u00eau th\u00edch c\u1ee7a nhi\u1ec1u kh\u00e1ch h\u00e0ng t\u1eeb ch\u1ee9c n\u0103ng cho \u0111\u1ebfn ki\u1ec3u d\u00e1ng. V\u1edbi chi\u1ec1u d\u00e0i 1m4 g\u1ed3m 6 h\u1ed9c k\u00e9o, b\u1ea1n c\u00f3 th\u1ec3 tho\u1ea3i m\u00e1i c\u1ea5t gi\u1eef nh\u1eefng v\u1eadt d\u1ee5ng c\u1ea7n thi\u1ebft. M\u1eb7t tr\u00ean c\u1ee7a t\u1ee7 c\u00f3 th\u1ec3 d\u00f9ng l\u00e0m n\u01a1i tr\u01b0ng &#8230;<\/p>\n","protected":false},"featured_media":42,"comment_status":"open","ping_status":"closed","template":"","meta":[],"yoast_head":"<!-- This site is optimized with the Yoast SEO plugin v15.4 - https:\/\/yoast.com\/wordpress\/plugins\/seo\/ -->\n<title>G\u1ea4U B\u00d4NG GI\u00c1NG SINH CAROLS - M\u1eabu web n\u1ed9i th\u1ea5t<\/title>\n<meta name=\"robots\" content=\"noindex, follow, max-snippet:-1, max-image-preview:large, max-video-preview:-1\" \/>\n<meta property=\"og:locale\" content=\"vi_VN\" \/>\n<meta property=\"og:type\" content=\"article\" \/>\n<meta property=\"og:title\" content=\"G\u1ea4U B\u00d4NG GI\u00c1NG SINH CAROLS - M\u1eabu web n\u1ed9i th\u1ea5t\" \/>\n<meta property=\"og:description\" content=\"D\u1eabu m\u1edbi, t\u1ee7 c\u00f3 h\u1ed9c CHESTER nhanh ch\u00f3ng tr\u1edf th\u00e0nh l\u1ef1a ch\u1ecdn y\u00eau th\u00edch c\u1ee7a nhi\u1ec1u kh\u00e1ch h\u00e0ng t\u1eeb ch\u1ee9c n\u0103ng cho \u0111\u1ebfn ki\u1ec3u d\u00e1ng. V\u1edbi chi\u1ec1u d\u00e0i 1m4 g\u1ed3m 6 h\u1ed9c k\u00e9o, b\u1ea1n c\u00f3 th\u1ec3 tho\u1ea3i m\u00e1i c\u1ea5t gi\u1eef nh\u1eefng v\u1eadt d\u1ee5ng c\u1ea7n thi\u1ebft. M\u1eb7t tr\u00ean c\u1ee7a t\u1ee7 c\u00f3 th\u1ec3 d\u00f9ng l\u00e0m n\u01a1i tr\u01b0ng ...\" \/>\n<meta property=\"og:url\" content=\"https:\/\/giaodienwebsite.tgs.com.vn\/noithat22\/san-pham\/gau-bong-giang-sinh-carols\/\" \/>\n<meta property=\"og:site_name\" content=\"M\u1eabu web n\u1ed9i th\u1ea5t\" \/>\n<meta property=\"article:modified_time\" content=\"2020-12-10T17:22:35+00:00\" \/>\n<meta property=\"og:image\" content=\"https:\/\/giaodienwebsite.tgs.com.vn\/noithat22\/wp-content\/uploads\/2020\/12\/carols_christmas_doll_baya_7300018.jpg\" \/>\n\t<meta property=\"og:image:width\" content=\"1000\" \/>\n\t<meta property=\"og:image:height\" content=\"1000\" \/>\n<meta name=\"twitter:card\" content=\"summary_large_image\" \/>\n<meta name=\"twitter:label1\" content=\"Written by\">\n\t<meta name=\"twitter:data1\" content=\"Thuan Nguyen\">\n\t<meta name=\"twitter:label2\" content=\"Est. reading time\">\n\t<meta name=\"twitter:data2\" content=\"1 ph\u00fat\">\n<script type=\"application\/ld+json\" class=\"yoast-schema-graph\">{\"@context\":\"https:\/\/schema.org\",\"@graph\":[{\"@type\":\"WebSite\",\"@id\":\"https:\/\/giaodienwebsite.tgs.com.vn\/noithat22\/#website\",\"url\":\"https:\/\/giaodienwebsite.tgs.com.vn\/noithat22\/\",\"name\":\"M\\u1eabu web n\\u1ed9i th\\u1ea5t\",\"description\":\"D\\u1ecbch v\\u1ee5 thi\\u1ebft k\\u1ebf website uy t\\u00edn chuy\\u00ean nghi\\u1ec7p\",\"potentialAction\":[{\"@type\":\"SearchAction\",\"target\":\"https:\/\/giaodienwebsite.tgs.com.vn\/noithat22\/?s={search_term_string}\",\"query-input\":\"required name=search_term_string\"}],\"inLanguage\":\"vi\"},{\"@type\":\"ImageObject\",\"@id\":\"https:\/\/giaodienwebsite.tgs.com.vn\/noithat22\/san-pham\/gau-bong-giang-sinh-carols\/#primaryimage\",\"inLanguage\":\"vi\",\"url\":\"https:\/\/giaodienwebsite.tgs.com.vn\/noithat22\/wp-content\/uploads\/2020\/12\/carols_christmas_doll_baya_7300018.jpg\",\"width\":1000,\"height\":1000},{\"@type\":\"WebPage\",\"@id\":\"https:\/\/giaodienwebsite.tgs.com.vn\/noithat22\/san-pham\/gau-bong-giang-sinh-carols\/#webpage\",\"url\":\"https:\/\/giaodienwebsite.tgs.com.vn\/noithat22\/san-pham\/gau-bong-giang-sinh-carols\/\",\"name\":\"G\\u1ea4U B\\u00d4NG GI\\u00c1NG SINH CAROLS - M\\u1eabu web n\\u1ed9i th\\u1ea5t\",\"isPartOf\":{\"@id\":\"https:\/\/giaodienwebsite.tgs.com.vn\/noithat22\/#website\"},\"primaryImageOfPage\":{\"@id\":\"https:\/\/giaodienwebsite.tgs.com.vn\/noithat22\/san-pham\/gau-bong-giang-sinh-carols\/#primaryimage\"},\"datePublished\":\"2020-12-07T02:29:00+00:00\",\"dateModified\":\"2020-12-10T17:22:35+00:00\",\"breadcrumb\":{\"@id\":\"https:\/\/giaodienwebsite.tgs.com.vn\/noithat22\/san-pham\/gau-bong-giang-sinh-carols\/#breadcrumb\"},\"inLanguage\":\"vi\",\"potentialAction\":[{\"@type\":\"ReadAction\",\"target\":[\"https:\/\/giaodienwebsite.tgs.com.vn\/noithat22\/san-pham\/gau-bong-giang-sinh-carols\/\"]}]},{\"@type\":\"BreadcrumbList\",\"@id\":\"https:\/\/giaodienwebsite.tgs.com.vn\/noithat22\/san-pham\/gau-bong-giang-sinh-carols\/#breadcrumb\",\"itemListElement\":[{\"@type\":\"ListItem\",\"position\":1,\"item\":{\"@type\":\"WebPage\",\"@id\":\"https:\/\/giaodienwebsite.tgs.com.vn\/noithat22\/\",\"url\":\"https:\/\/giaodienwebsite.tgs.com.vn\/noithat22\/\",\"name\":\"Trang ch\\u1ee7\"}},{\"@type\":\"ListItem\",\"position\":2,\"item\":{\"@type\":\"WebPage\",\"@id\":\"https:\/\/giaodienwebsite.tgs.com.vn\/noithat22\/cua-hang\/\",\"url\":\"https:\/\/giaodienwebsite.tgs.com.vn\/noithat22\/cua-hang\/\",\"name\":\"C\\u1eeda h\\u00e0ng\"}},{\"@type\":\"ListItem\",\"position\":3,\"item\":{\"@type\":\"WebPage\",\"@id\":\"https:\/\/giaodienwebsite.tgs.com.vn\/noithat22\/danh-muc-san-pham\/noi-that-go\/\",\"url\":\"https:\/\/giaodienwebsite.tgs.com.vn\/noithat22\/danh-muc-san-pham\/noi-that-go\/\",\"name\":\"N\\u1ed9i th\\u1ea5t g\\u1ed7\"}},{\"@type\":\"ListItem\",\"position\":4,\"item\":{\"@type\":\"WebPage\",\"@id\":\"https:\/\/giaodienwebsite.tgs.com.vn\/noithat22\/danh-muc-san-pham\/noi-that-go\/ban\/\",\"url\":\"https:\/\/giaodienwebsite.tgs.com.vn\/noithat22\/danh-muc-san-pham\/noi-that-go\/ban\/\",\"name\":\"B\\u00e0n\"}},{\"@type\":\"ListItem\",\"position\":5,\"item\":{\"@type\":\"WebPage\",\"@id\":\"https:\/\/giaodienwebsite.tgs.com.vn\/noithat22\/san-pham\/gau-bong-giang-sinh-carols\/\",\"url\":\"https:\/\/giaodienwebsite.tgs.com.vn\/noithat22\/san-pham\/gau-bong-giang-sinh-carols\/\",\"name\":\"G\\u1ea4U B\\u00d4NG GI\\u00c1NG SINH CAROLS\"}}]}]}<\/script>\n<!-- \/ Yoast SEO plugin. -->","_links":{"self":[{"href":"https:\/\/giaodienwebsite.tgs.com.vn\/noithat22\/wp-json\/wp\/v2\/product\/41"}],"collection":[{"href":"https:\/\/giaodienwebsite.tgs.com.vn\/noithat22\/wp-json\/wp\/v2\/product"}],"about":[{"href":"https:\/\/giaodienwebsite.tgs.com.vn\/noithat22\/wp-json\/wp\/v2\/types\/product"}],"replies":[{"embeddable":true,"href":"https:\/\/giaodienwebsite.tgs.com.vn\/noithat22\/wp-json\/wp\/v2\/comments?post=41"}],"wp:featuredmedia":[{"embeddable":true,"href":"https:\/\/giaodienwebsite.tgs.com.vn\/noithat22\/wp-json\/wp\/v2\/media\/42"}],"wp:attachment":[{"href":"https:\/\/giaodienwebsite.tgs.com.vn\/noithat22\/wp-json\/wp\/v2\/media?parent=41"}],"curies":[{"name":"wp","href":"https:\/\/api.w.org\/{rel}","templated":true}]}}