{"id":910,"date":"2020-09-09T09:22:01","date_gmt":"2020-09-09T02:22:01","guid":{"rendered":"https:\/\/giaodienwebsite.tgs.com.vn\/mypham10\/?post_type=product&#038;p=910"},"modified":"2020-09-09T09:22:34","modified_gmt":"2020-09-09T02:22:34","slug":"nuoc-hoa-dolce-gabbana","status":"publish","type":"product","link":"https:\/\/giaodienwebsite.tgs.com.vn\/mypham10\/nuoc-hoa-dolce-gabbana\/","title":{"rendered":"N\u01b0\u1edbc hoa Dolce &#038; Gabbana"},"content":{"rendered":"<p><span style=\"color: #555555; font-size: 14.4px;\">Kiara Phytoceuticals l\u00e0 th\u01b0\u01a1ng hi\u1ec7u chuy\u00ean v\u1ec1 c\u00e1c s\u1ea3n ph\u1ea9m d\u1ea1ng d\u1ea7u ch\u0103m s\u00f3c da c\u1ee7a \u00dac, th\u01b0\u01a1ng hi\u1ec7u n\u00e0y c\u0169ng g\u1eafn li\u1ec1n v\u1edbi nhi\u1ec1u lo\u1ea1i d\u1ea7u \u0111\u01b0\u1ee3c y\u00eau th\u00edch nh\u01b0 Macadamia oil, camelia oil, maracuja oil,\u2026 \u0111\u01b0\u1ee3c s\u1ea3n xu\u1ea5t t\u1eeb thi\u00ean nhi\u00ean, \u0111\u1ea3m b\u1ea3o ch\u1ea5t l\u01b0\u1ee3ng, \u0111\u1ed9 tinh khi\u1ebft, \u0111\u1ed9 t\u01b0\u01a1i m\u1edbi an to\u00e0n cho ng\u01b0\u1eddi d\u00f9ng. V\u1ec1 d\u1ea7u Argan, th\u00ec \u0111\u00e2y l\u00e0 lo\u1ea1i d\u1ea7u d\u01b0\u1ee1ng da \u0111\u1eaft \u0111\u1ecf b\u1eadc nh\u1ea5t th\u1ebf gi\u1edbi v\u00e0 \u0111\u01b0\u1ee3c v\u00ed nh\u01b0 \u201cv\u00e0ng l\u1ecfng\u201d trong gi\u1edbi skincare v\u1edbi nhi\u1ec1u t\u00ednh n\u0103ng \u0111\u1eb7c tr\u01b0ng nh\u01b0 c\u1ee7a em Kiara Phytoceuticals Argan Oil n\u00e0y:<\/span><\/p>\n<div class=\"tab-float\">\n<div id=\"tab-1\" class=\"tab-content content_extab current\">\n<div class=\"rte\">\n<p>Gi\u00e0u vitamin E, acid b\u00e9o h\u00e0m l\u01b0\u1ee3ng cao gi\u00fap l\u00e0m \u1ea9m v\u00e0 d\u1ecbu da hi\u1ec7u qu\u1ea3.<br \/>\nCh\u1ed1ng l\u00e3o h\u00f3a, c\u1ea3i thi\u1ec7n n\u1ebfp nh\u0103n, ph\u1ee5c h\u1ed3i \u0111\u1ed9 \u0111\u00e0n h\u1ed3i v\u00e0 t\u0103ng sinh collagen<br \/>\nC\u00e2n b\u1eb1ng da b\u1eb1ng c\u00e1ch cung c\u1ea5p \u0111\u1ed9 \u1ea9m t\u1ef1 nhi\u00ean, ch\u1eefa l\u00e0nh c\u00e1c t\u1ebf b\u00e0o h\u01b0, gi\u1ea3m vi\u00eam<br \/>\nGi\u1ea3m th\u00e2m m\u1ee5n, s\u1eb9o v\u00e0 ng\u0103n ng\u1eeba m\u1ee5n m\u1edbi<br \/>\nNgo\u00e0i ra, em n\u00e0y c\u00f2n c\u00f3 c\u00f4ng d\u1ee5ng r\u1ea5t t\u1ed1t trong vi\u1ec7c ph\u1ee5c h\u1ed3i t\u00f3c b\u00f3ng kh\u1ecfe; nu\u00f4i d\u01b0\u1ee1ng m\u00f3ng kh\u00f4ng b\u1ecb kh\u00f4, gi\u00f2n, d\u1ec5 g\u00e3y; ch\u1eefa \u1ea9m cho m\u00f4i kh\u00f4 n\u1ee9t n\u1ebb.<br \/>\nS\u1eed d\u1ee5ng d\u1ea7u Argan tr\u01b0\u1edbc khi makeup hay tr\u1ed9n v\u00e0o kem n\u1ec1n s\u1ebd gi\u00fap l\u1edbp n\u1ec1n \u0111\u01b0\u1ee3c b\u00f3ng kh\u1ecfe, da m\u1ecbn m\u00e0ng v\u00e0 ki\u1ec1m d\u1ea7u \u0111\u01b0\u1ee3c t\u1ed1t h\u01a1n.<br \/>\nS\u1ea3n ph\u1ea9m \u0111\u01b0\u1ee3c gi\u1edbi thi\u1ec7u ho\u00e0n to\u00e0n l\u00e0nh t\u00ednh, c\u00f3 th\u1ec3 s\u1eed d\u1ee5ng \u0111\u01b0\u1ee3c cho tr\u1ebb em v\u00e0 ph\u1ee5 n\u1eef c\u00f3 thai .<br \/>\nKh\u00f4ng ch\u1ee9a h\u00f3a ch\u1ea5t, kh\u00f4ng ch\u1ea5t b\u1ea3o qu\u1ea3n, kh\u00f4ng h\u01b0\u01a1ng li\u1ec7u, ph\u00f9 h\u1ee3p v\u1edbi m\u1ecdi lo\u1ea1i da.<br \/>\nN\u00ean b\u1ea3o qu\u1ea3n s\u1ea3n ph\u1ea9m trong m\u00f4i tr\u01b0\u1eddng m\u00e1t m\u1ebb, d\u01b0\u1edbi 25 \u0111\u1ed9 C, v\u00e0 tr\u00e1nh \u00e1nh n\u1eafng.<\/p>\n<\/div>\n<\/div>\n<\/div>\n","protected":false},"excerpt":{"rendered":"<p>Kiara Phytoceuticals l\u00e0 th\u01b0\u01a1ng hi\u1ec7u chuy\u00ean v\u1ec1 c\u00e1c s\u1ea3n ph\u1ea9m d\u1ea1ng d\u1ea7u ch\u0103m s\u00f3c da c\u1ee7a \u00dac, th\u01b0\u01a1ng hi\u1ec7u n\u00e0y c\u0169ng g\u1eafn li\u1ec1n v\u1edbi nhi\u1ec1u lo\u1ea1i d\u1ea7u \u0111\u01b0\u1ee3c y\u00eau th\u00edch nh\u01b0 Macadamia oil, camelia oil, maracuja oil,\u2026 \u0111\u01b0\u1ee3c s\u1ea3n xu\u1ea5t t\u1eeb thi\u00ean nhi\u00ean, \u0111\u1ea3m b\u1ea3o ch\u1ea5t l\u01b0\u1ee3ng, \u0111\u1ed9 tinh khi\u1ebft, \u0111\u1ed9 t\u01b0\u01a1i m\u1edbi an to\u00e0n&#8230;<\/p>\n","protected":false},"featured_media":890,"comment_status":"open","ping_status":"closed","template":"","meta":[],"_links":{"self":[{"href":"https:\/\/giaodienwebsite.tgs.com.vn\/mypham10\/wp-json\/wp\/v2\/product\/910"}],"collection":[{"href":"https:\/\/giaodienwebsite.tgs.com.vn\/mypham10\/wp-json\/wp\/v2\/product"}],"about":[{"href":"https:\/\/giaodienwebsite.tgs.com.vn\/mypham10\/wp-json\/wp\/v2\/types\/product"}],"replies":[{"embeddable":true,"href":"https:\/\/giaodienwebsite.tgs.com.vn\/mypham10\/wp-json\/wp\/v2\/comments?post=910"}],"wp:featuredmedia":[{"embeddable":true,"href":"https:\/\/giaodienwebsite.tgs.com.vn\/mypham10\/wp-json\/wp\/v2\/media\/890"}],"wp:attachment":[{"href":"https:\/\/giaodienwebsite.tgs.com.vn\/mypham10\/wp-json\/wp\/v2\/media?parent=910"}],"curies":[{"name":"wp","href":"https:\/\/api.w.org\/{rel}","templated":true}]}}