{"id":903,"date":"2020-09-09T09:10:42","date_gmt":"2020-09-09T02:10:42","guid":{"rendered":"https:\/\/giaodienwebsite.tgs.com.vn\/mypham10\/?post_type=product&#038;p=903"},"modified":"2020-09-09T10:34:50","modified_gmt":"2020-09-09T03:34:50","slug":"ma-hong-son-dior-cheek-lip-glow","status":"publish","type":"product","link":"https:\/\/giaodienwebsite.tgs.com.vn\/mypham10\/ma-hong-son-dior-cheek-lip-glow\/","title":{"rendered":"M\u00e1 H\u1ed3ng &#038; Son Dior Cheek Lip"},"content":{"rendered":"<p>Dior Cheek and Lip Glow c\u00f3 ngo\u1ea1i h\u00ecnh nh\u1ecf nh\u1eafn xinh x\u1eafn, tho\u1ea1t nh\u00ecn nh\u01b0 m\u1ed9t chai s\u01a1n m\u00f3ng tay v\u1edbi l\u1edbp v\u1ecf th\u1ee7y tinh trong su\u1ed1t thi\u1ebft k\u1ebf vu\u00f4ng v\u1ee9c, n\u1eafp \u0111\u1eady m\u00e0u b\u1ea1c s\u00e1ng lung linh tr\u00f4ng v\u00f4 c\u00f9ng sang tr\u1ecdng v\u00e0 r\u1ea5t \u201cb\u1eaft m\u1eaft\u201d.<\/p>\n<p>\u0110\u1eb7c bi\u1ec7t, em n\u00e0y ch\u00ednh l\u00e0 s\u1ea3n ph\u1ea9m \u201c2 trong 1\u201d v\u1edbi s\u1ef1 k\u1ebft h\u1ee3p ho\u00e0n h\u1ea3o gi\u1eefa son m\u00f4i v\u00e0 m\u00e1 h\u1ed3ng nh\u1edd kh\u1ea3 n\u0103ng gi\u00fap l\u00e0n m\u00f4i c\u0103ng m\u1ecdng, trong veo v\u00e0 \u201cph\u00f9 ph\u00e9p\u201d cho \u0111\u00f4i g\u00f2 m\u00e1 lu\u00f4n \u1eedng h\u1ed3ng t\u1ef1 nhi\u00ean, c\u1ef1c k\u00ec ph\u00f9 h\u1ee3p v\u1edbi nh\u1eefng c\u00f4 n\u00e0ng n\u1eef t\u00ednh th\u00edch style trang \u0111i\u1ec3m nh\u1eb9 nh\u00e0ng h\u00e0ng ng\u00e0y \u0111\u00f3 nha!<\/p>\n<p>\u0110\u1ea7u c\u1ecd \u0111\u01b0\u1ee3c thi\u1ebft k\u1ebf bo tr\u00f2n, gi\u00fap l\u1ea5y \u0111\u01b0\u1ee3c l\u01b0\u1ee3ng ch\u00ednh x\u00e1c s\u1ea3n ph\u1ea9m cho m\u1ed7i l\u1ea7n s\u1eed d\u1ee5ng, kh\u00f4ng th\u1eeba, kh\u00f4ng thi\u1ebfu, c\u0169ng kh\u00f4ng g\u00e2y d\u00ednh b\u1ea9n.<\/p>\n<p>K\u1ebft c\u1ea5u son kh\u00e1 \u0111\u1eb7c tuy nhi\u00ean khi swatch l\u00ean da l\u1ea1i cho m\u00e0u s\u1eafc nh\u1ea1t h\u01a1n m\u1ed9t ch\u00fat so v\u1edbi m\u00e0u s\u1eafc nh\u00ecn t\u1eeb b\u00ean ngo\u00e0i chai, v\u00ec v\u1eady m\u00e0 khi l\u00ean m\u00f4i tr\u00f4ng t\u1ef1 nhi\u00ean l\u1eafm nha c\u00e1c n\u00e0ng.<\/p>\n","protected":false},"excerpt":{"rendered":"<p>Dior Cheek and Lip Glow c\u00f3 ngo\u1ea1i h\u00ecnh nh\u1ecf nh\u1eafn xinh x\u1eafn, tho\u1ea1t nh\u00ecn nh\u01b0 m\u1ed9t chai s\u01a1n m\u00f3ng tay v\u1edbi l\u1edbp v\u1ecf th\u1ee7y tinh trong su\u1ed1t thi\u1ebft k\u1ebf vu\u00f4ng v\u1ee9c, n\u1eafp \u0111\u1eady m\u00e0u b\u1ea1c s\u00e1ng lung linh tr\u00f4ng v\u00f4 c\u00f9ng sang tr\u1ecdng v\u00e0 r\u1ea5t \u201cb\u1eaft m\u1eaft\u201d. \u0110\u1eb7c bi\u1ec7t, em n\u00e0y ch\u00ednh l\u00e0 s\u1ea3n ph\u1ea9m&#8230;<\/p>\n","protected":false},"featured_media":904,"comment_status":"open","ping_status":"closed","template":"","meta":[],"_links":{"self":[{"href":"https:\/\/giaodienwebsite.tgs.com.vn\/mypham10\/wp-json\/wp\/v2\/product\/903"}],"collection":[{"href":"https:\/\/giaodienwebsite.tgs.com.vn\/mypham10\/wp-json\/wp\/v2\/product"}],"about":[{"href":"https:\/\/giaodienwebsite.tgs.com.vn\/mypham10\/wp-json\/wp\/v2\/types\/product"}],"replies":[{"embeddable":true,"href":"https:\/\/giaodienwebsite.tgs.com.vn\/mypham10\/wp-json\/wp\/v2\/comments?post=903"}],"wp:featuredmedia":[{"embeddable":true,"href":"https:\/\/giaodienwebsite.tgs.com.vn\/mypham10\/wp-json\/wp\/v2\/media\/904"}],"wp:attachment":[{"href":"https:\/\/giaodienwebsite.tgs.com.vn\/mypham10\/wp-json\/wp\/v2\/media?parent=903"}],"curies":[{"name":"wp","href":"https:\/\/api.w.org\/{rel}","templated":true}]}}