{"id":900,"date":"2020-09-09T09:09:17","date_gmt":"2020-09-09T02:09:17","guid":{"rendered":"https:\/\/giaodienwebsite.tgs.com.vn\/mypham10\/?post_type=product&#038;p=900"},"modified":"2020-09-09T09:16:37","modified_gmt":"2020-09-09T02:16:37","slug":"son-bam-clio","status":"publish","type":"product","link":"https:\/\/giaodienwebsite.tgs.com.vn\/mypham10\/son-bam-clio\/","title":{"rendered":"Son b\u1ea5m Clio"},"content":{"rendered":"<p>????Th\u1ecfi Son D\u1ea1ng B\u1ea5m c\u1ee7a th\u01b0\u01a1ng hi\u1ec7u Clio (H\u00e0n Qu\u1ed1c) mang t\u00ean: Rouge Heel Velvet.<\/p>\n<p>???? Rouge Heel Velvet c\u00f3 l\u1edbp v\u1ecf ngo\u00e0i m\u00e0u \u0111en, d\u1ea1ng nh\u1ef1a l\u00ec m\u1ecbn v\u1edbi \u0111\u01b0\u1eddng c\u1eaft cong h\u01a1i v\u00e1t nh\u1eb9; c\u00f2n b\u00ean trong th\u00e2n son l\u1ea1i l\u00e0 l\u1edbp v\u1ecf nh\u1ef1a tr\u00f9ng v\u1edbi m\u00e0u son b\u00ean trong. Ch\u00ednh v\u00ec l\u1ebd \u0111\u00f3 th\u1ecfi son n\u00e0y v\u1eeba mang \u1ea5n t\u01b0\u1ee3ng sang tr\u1ecdng, quy\u1ec1n l\u1ef1c, m\u00e0 v\u1eabn c\u00f3 n\u00e9t n\u1ed5i b\u1eadt, t\u01b0\u01a1i tr\u1ebb, l\u1edbp v\u1ecf \u0111\u1ed3ng m\u00e0u b\u00ean trong c\u0169ng gi\u00fap ng\u01b0\u1eddi d\u00f9ng d\u1ec5 d\u00e0ng ph\u00e2n bi\u1ec7t c\u00e1c m\u00e0u son.<\/p>\n<p>????Clio Rouge Heel Velvet s\u1edf h\u1eefu ch\u1ea5t son l\u00ec m\u1ec1m m\u1ecbn nh\u01b0 nhung. Kh\u00f4ng d\u00e0y nh\u01b0ng ch\u1ec9 c\u1ea7n m\u1ed9t l\u1edbp l\u00ean c\u0169ng \u0111\u1ee7 chu\u1ea9n m\u00e0u. K\u00e8m theo \u0111\u00f3 l\u00e0 \u0111\u1ed9 ba\u0301m c\u01b0\u0323c l\u00e2u tr\u00f4i l\u1ea1i kh\u00f4ng h\u00ea\u0300 g\u00e2y kh\u00f4 m\u00f4i, kh\u00e1 m\u01b0\u1ee3t m\u00e0 v\u00e0 d\u1ec5 t\u00e1n \u0111\u1ec1u tr\u00ean m\u00f4i. B\u1ea1n ho\u00e0n to\u00e0n c\u00f3 th\u1ec3 t\u1ef1 tin xu\u1ed1ng ph\u1ed1 m\u00e0 ch\u1eb3ng ph\u1ea3i thoa \u0111i thoa l\u1ea1i nhi\u1ec1u l\u1ea7n.<\/p>\n","protected":false},"excerpt":{"rendered":"<p>????Th\u1ecfi Son D\u1ea1ng B\u1ea5m c\u1ee7a th\u01b0\u01a1ng hi\u1ec7u Clio (H\u00e0n Qu\u1ed1c) mang t\u00ean: Rouge Heel Velvet. ???? Rouge Heel Velvet c\u00f3 l\u1edbp v\u1ecf ngo\u00e0i m\u00e0u \u0111en, d\u1ea1ng nh\u1ef1a l\u00ec m\u1ecbn v\u1edbi \u0111\u01b0\u1eddng c\u1eaft cong h\u01a1i v\u00e1t nh\u1eb9; c\u00f2n b\u00ean trong th\u00e2n son l\u1ea1i l\u00e0 l\u1edbp v\u1ecf nh\u1ef1a tr\u00f9ng v\u1edbi m\u00e0u son b\u00ean trong. Ch\u00ednh v\u00ec l\u1ebd&#8230;<\/p>\n","protected":false},"featured_media":901,"comment_status":"open","ping_status":"closed","template":"","meta":[],"_links":{"self":[{"href":"https:\/\/giaodienwebsite.tgs.com.vn\/mypham10\/wp-json\/wp\/v2\/product\/900"}],"collection":[{"href":"https:\/\/giaodienwebsite.tgs.com.vn\/mypham10\/wp-json\/wp\/v2\/product"}],"about":[{"href":"https:\/\/giaodienwebsite.tgs.com.vn\/mypham10\/wp-json\/wp\/v2\/types\/product"}],"replies":[{"embeddable":true,"href":"https:\/\/giaodienwebsite.tgs.com.vn\/mypham10\/wp-json\/wp\/v2\/comments?post=900"}],"wp:featuredmedia":[{"embeddable":true,"href":"https:\/\/giaodienwebsite.tgs.com.vn\/mypham10\/wp-json\/wp\/v2\/media\/901"}],"wp:attachment":[{"href":"https:\/\/giaodienwebsite.tgs.com.vn\/mypham10\/wp-json\/wp\/v2\/media?parent=900"}],"curies":[{"name":"wp","href":"https:\/\/api.w.org\/{rel}","templated":true}]}}