{"id":897,"date":"2020-09-09T09:03:23","date_gmt":"2020-09-09T02:03:23","guid":{"rendered":"https:\/\/giaodienwebsite.tgs.com.vn\/mypham10\/?post_type=product&#038;p=897"},"modified":"2020-09-09T09:04:47","modified_gmt":"2020-09-09T02:04:47","slug":"son-li-3ce-matte-lip-color-216-217","status":"publish","type":"product","link":"https:\/\/giaodienwebsite.tgs.com.vn\/mypham10\/son-li-3ce-matte-lip-color-216-217\/","title":{"rendered":"SON L\u00cc 3CE MATTE LIP COLOR #216 #217"},"content":{"rendered":"<p>SON L\u00cc 3CE MATTE LIP COLOR #216 #217 Th\u00f4ng tin s\u1ea3n ph\u1ea9m M\u00f4 t\u1ea3 Son 3CE Matte Lip Color Xu\u1ea5t x\u1ee9: H\u00e0n Qu\u1ed1c Son 3CE m\u00e0u 216 l\u00e0 m\u1ed9t trong th\u1ecfi son n\u1ed5i b\u1eadt nh\u1ea5t c\u1ee7a 3CE b\u1edfi m\u00e0u son qu\u00e1 \u0111\u1ed7i ng\u1ecdt ng\u00e0o. Ngay khi thoa s\u1eafc son n\u00e0y l\u00ean m\u00f4i, m\u00e0u h\u1ed3ng cam c\u1ee7a son s\u1ebd lan t\u1ecfa s\u1ef1 t\u01b0\u01a1i t\u1eafn, r\u1ea1ng ng\u1eddi, cho c\u00e1c c\u00f4 g\u00e1i v\u1ebb \u0111\u1eb9p n\u0103ng \u0111\u1ed9ng, c\u0103ng tr\u00e0n s\u1ee9c s\u1ed1ng. S\u1eafc h\u1ed3ng v\u00e0 cam \u0111\u01b0\u1ee3c h\u00f2a tr\u1ed9n h\u00e0i h\u00f2a trong \u0111\u00f3, s\u1eafc h\u1ed3ng v\u1eabn l\u00e0 ch\u1ee7 \u0111\u1ea1o n\u00ean son 3CE 216 Blushed v\u00f4 c\u00f9ng t\u00f4n da. 3CE Matte Lip Color 216 d\u00f9ng \u0111\u00e1nh l\u00f2ng m\u00f4i r\u1ea5t xinh m\u00e0 full m\u00f4i th\u00ec c\u1ef1c \u0111\u1eb9p, ki\u1ec3u quy\u1ebfn r\u0169. B\u1edfi s\u1eafc son t\u01b0\u01a1i tr\u1ebb n\u00ean h\u1ee3p c\u1ea3 kh \u0111i h\u1ecdc, l\u00e0m r\u1ed3i \u0111i ch\u01a1i. Son h\u1ee3p m\u1ecdi t\u00f4ng da, t\u00f4n c\u1ea3 l\u00e0n da ng\u0103m \u0111en, b\u1edfi th\u1ebf ch\u1eb3ng l\u1ea1 khi th\u1ecfi son m\u00f4i n\u00e0y l\u00e0 m\u00e0u son \u0111\u01b0\u1ee3c y\u00eau th\u00edch nh\u1ea5t. Ch\u1ea5t son l\u00ec l\u00fd t\u01b0\u1edfng c\u1ee7a son 3CE 216 C\u00f3 th\u1ec3 kh\u1eb3ng \u0111\u1ecbnh r\u1eb1ng th\u1ecfi son 3CE 216 n\u00e0y c\u00f3 ch\u1ea5t son l\u00ec \u0111\u00fang chu\u1ea9n. Son l\u00ec nh\u01b0ng kh\u00f4ng b\u1ecb b\u1ed9t qu\u00e1, ch\u1eb3ng h\u1ec1 b\u1ecb l\u1ed9 v\u00e2n m\u00f4i m\u1ed9t ch\u00fat n\u00e0o. Son l\u00ec n\u00ean kh\u00f4ng b\u1ecb b\u00f3ng d\u00f9 ch\u1ec9 l\u00e0 m\u1ed9t ch\u00fat, tuy nhi\u00ean l\u1ea1i kh\u00f4ng b\u1ecb d\u00e0y t\u1ea1o c\u1ea3m gi\u00e1c n\u1eb7ng n\u1ec1 cho \u0111\u00f4i m\u00f4i, ng\u01b0\u1ee3c l\u1ea1i son 3CE m\u00e0u 216 cho c\u1ea3m gi\u00e1c \u0111\u00f4i m\u00f4i kh\u00e1 m\u1ecfng nh\u1eb9, t\u00e1n v\u00e0 tr\u01b0\u1ee3t tr\u00ean m\u00f4i kh\u00e1 d\u1ec5 d\u00e0ng, nhanh ch\u00f3ng. Thi\u1ebft k\u1ebf \u0111\u01a1n gi\u1ea3n nh\u01b0ng c\u00f3 \u0111i\u1ec3m nh\u1ea5n Son 3CE 216 c\u00f3 v\u1ebb ngo\u00e0i m\u00e0u \u0111en m\u1edd \u0111\u1eb3ng c\u1ea5p v\u1edbi vi\u1ec7c ghi d\u1ea5u \u1ea5n th\u01b0\u01a1ng hi\u1ec7u b\u1eb1ng logo 3CE \u1edf tr\u00ean th\u00e2n. D\u00f9 nh\u00ecn kh\u00e1 \u0111\u01a1n gi\u1ea3n nh\u01b0ng l\u1ea1i kh\u00f4ng h\u1ec1 \u0111\u01a1n \u0111i\u1ec7u, ng\u01b0\u1ee3c l\u1ea1i, r\u1ea5t sang tr\u1ecdng v\u00e0 c\u00f3 \u0111\u1eb7c tr\u01b0ng ri\u00eang. Son \u0111\u01b0\u1ee3c l\u00e0m b\u1eb1ng ch\u1ea5t li\u1ec7u ch\u1eafc ch\u1eafn, c\u1ea7m tr\u00ean tay c\u1ea3m gi\u00e1c kh\u00e1 l\u00e0 v\u1eeba v\u1eb7n v\u00e0 tho\u1ea3i m\u00e1i. Trong khi c\u00e1c th\u01b0\u01a1ng hi\u1ec7u son m\u00f4i th\u01b0\u1eddng l\u00e0m son h\u00ecnh tr\u1ee5 tr\u00f2n kh\u00e1c th\u00ec son 3CE 216 n\u00e0y l\u1ea1i c\u00f3 thi\u1ebft k\u1ec3 v\u1ecf vu\u00f4ng. L\u00e0 m\u1ed9t trong nh\u1eefng nh\u00e0 ti\u00ean phong cho xu h\u01b0\u1edbng son v\u1ecf ki\u1ec3u n\u00e0y, 3CE khi\u1ebfn c\u00e1c c\u00f4 n\u00e0ng ai c\u0169ng mu\u1ed1n mang theo m\u1ed9t th\u1ecfi son c\u1ee7a h\u00e3ng \u0111i kh\u1eafp mu\u00f4n n\u01a1i. V\u1eeba sang ch\u1ea3nh l\u1ea1i d\u1ec5 nh\u1eadn di\u1ec7n, ch\u1ea1m nh\u1eb9 c\u00e1i l\u00e0 bi\u1ebft ngay!<\/p>\n","protected":false},"excerpt":{"rendered":"<p>SON L\u00cc 3CE MATTE LIP COLOR #216 #217 Th\u00f4ng tin s\u1ea3n ph\u1ea9m M\u00f4 t\u1ea3 Son 3CE Matte Lip Color Xu\u1ea5t x\u1ee9: H\u00e0n Qu\u1ed1c Son 3CE m\u00e0u 216 l\u00e0 m\u1ed9t trong th\u1ecfi son n\u1ed5i b\u1eadt nh\u1ea5t c\u1ee7a 3CE b\u1edfi m\u00e0u son qu\u00e1 \u0111\u1ed7i ng\u1ecdt ng\u00e0o. Ngay khi thoa s\u1eafc son n\u00e0y l\u00ean m\u00f4i, m\u00e0u h\u1ed3ng cam&#8230;<\/p>\n","protected":false},"featured_media":899,"comment_status":"open","ping_status":"closed","template":"","meta":[],"_links":{"self":[{"href":"https:\/\/giaodienwebsite.tgs.com.vn\/mypham10\/wp-json\/wp\/v2\/product\/897"}],"collection":[{"href":"https:\/\/giaodienwebsite.tgs.com.vn\/mypham10\/wp-json\/wp\/v2\/product"}],"about":[{"href":"https:\/\/giaodienwebsite.tgs.com.vn\/mypham10\/wp-json\/wp\/v2\/types\/product"}],"replies":[{"embeddable":true,"href":"https:\/\/giaodienwebsite.tgs.com.vn\/mypham10\/wp-json\/wp\/v2\/comments?post=897"}],"wp:featuredmedia":[{"embeddable":true,"href":"https:\/\/giaodienwebsite.tgs.com.vn\/mypham10\/wp-json\/wp\/v2\/media\/899"}],"wp:attachment":[{"href":"https:\/\/giaodienwebsite.tgs.com.vn\/mypham10\/wp-json\/wp\/v2\/media?parent=897"}],"curies":[{"name":"wp","href":"https:\/\/api.w.org\/{rel}","templated":true}]}}