{"id":882,"date":"2020-09-09T08:00:43","date_gmt":"2020-09-09T01:00:43","guid":{"rendered":"https:\/\/giaodienwebsite.tgs.com.vn\/mypham10\/?post_type=product&#038;p=882"},"modified":"2020-09-09T08:00:43","modified_gmt":"2020-09-09T01:00:43","slug":"sua-tam-victorias-secret-quyen-ru","status":"publish","type":"product","link":"https:\/\/giaodienwebsite.tgs.com.vn\/mypham10\/sua-tam-victorias-secret-quyen-ru\/","title":{"rendered":"S\u1eefa t\u1eafm Victoria\u2019s Secret quy\u1ebfn r\u0169"},"content":{"rendered":"<p><span style=\"color: #555555; font-size: 14.4px;\">S\u1eefa t\u1eafm Sparkling Citrus Luscious Crush \u2013 Victoria\u2019s Secret mang \u0111\u1ebfn s\u1ee9c s\u1ed1ng c\u0103ng tr\u00e0n v\u00e0 v\u1ebb m\u1ecbn m\u00e0ng t\u01b0\u01a1i tr\u1ebb cho l\u00e0n da nh\u1edd chi\u1ebft xu\u1ea5t t\u1eeb qu\u00fdt v\u00e0 nh\u1eefng lo\u00e0i hoa th\u01a1m m\u00ea \u0111\u1eafm. \u00a0C\u00e1c h\u1ea1t vitamin C nh\u1eb9 nh\u00e0ng l\u00e0m s\u1ea1ch v\u00e0 nu\u00f4i d\u01b0\u1ee1ng l\u00e0n da gi\u00fap cho l\u00e0n da m\u1ecbn m\u00e0ng, m\u1ec1m m\u1ea1i v\u00e0 kh\u00f4ng k\u00e9m ph\u1ea7n quy\u1ebfn r\u0169. H\u00e3y \u0111\u00e1nh th\u1ee9c v\u1ebb \u0111\u1eb9p c\u1ee7a l\u00e0n da b\u1ea1n ngay t\u1eeb b\u00e2y gi\u1edd!.<\/span><\/p>\n<div class=\"tab-float\">\n<div id=\"tab-1\" class=\"tab-content content_extab current\">\n<div class=\"rte\">\n<p><strong>C\u00f4ng d\u1ee5ng :<\/strong><\/p>\n<p>&#8211; S\u1eefa t\u1eafm d\u1ea1ng kem v\u1edbi c\u00f4ng th\u1ee9c v\u01b0\u1ee3t tr\u1ed9i v\u1ec1 d\u01b0\u1ee1ng m\u1ecbn &amp; b\u1ed5 sung \u0111\u1ed9 \u1ea9m gi\u00fap da b\u1ea1n h\u1ea5p th\u1ee5 hi\u1ec7u qu\u1ea3 \u0111a d\u01b0\u1ee1ng ch\u1ea5t<br \/>\n&#8211; Sau khi t\u1eafm xong, b\u1ea1n s\u1ebd c\u1ea3m nh\u1eadn \u0111\u01b0\u1ee3c tr\u00ean da m\u00ecnh \u0111\u01b0\u1ee3c bao b\u1ecdc v\u00e0 b\u1ea3o v\u1ec7 b\u1edfi m\u1ed9t l\u1edbp kem m\u1ecfng m\u1ecbn v\u00e0 m\u00f9i h\u01b0\u01a1ng c\u1ef1c k\u1ef3 quy\u1ebfn r\u0169 v\u00e0 n\u1ed3ng n\u00e0n l\u01b0u l\u1ea1i tr\u00ean c\u01a1 th\u1ec3.<br \/>\n&#8211; \u0110\u1eb7c bi\u1ec7t l\u00e0 r\u1ea5t th\u00edch h\u1ee3p s\u1eed d\u1ee5ng cho l\u00e0n da kh\u00f4 c\u1ea7n \u0111\u01b0\u1ee3c h\u1ed3i sinh.<\/p>\n<p><strong>H\u01b0\u1edbng d\u1eabn s\u1eed d\u1ee5ng:<\/strong><\/p>\n<p>L\u1ea5y 1 l\u01b0\u1ee3ng s\u1ea3n ph\u1ea9m v\u1eeba \u0111\u1ee7 thoa \u0111\u1ec1u l\u00ean c\u01a1 th\u1ec3, massage nh\u1eb9 nh\u00e0ng<\/p>\n<p>T\u1eafm s\u1ea1ch l\u1ea1i v\u1edbi n\u01b0\u1edbc<\/p>\n<p><strong>Th\u00f4ng tin th\u01b0\u01a1ng hi\u1ec7u:<\/strong><\/p>\n<p>Victoria\u2019s Secret l\u00e0 m\u1ed9t nh\u00e3n hi\u1ec7u n\u1ed9i y n\u1ed5i ti\u1ebfng v\u1edbi show th\u1eddi trang th\u01b0\u1eddng ni\u00ean lu\u00f4n thu h\u00fat \u0111\u01b0\u1ee3c s\u1ef1 quan t\u00e2m c\u1ee7a h\u00e0ng ch\u1ee5c tri\u1ec7u ng\u01b0\u1eddi tr\u00ean to\u00e0n th\u1ebf gi\u1edbi. D\u00f2ng m\u1ef9 ph\u1ea9m v\u00e0 n\u01b0\u1edbc hoa mang t\u00ean Victoria\u2019s Secret c\u0169ng \u0111\u1ea7y g\u1ee3i c\u1ea3m nh\u01b0 c\u00e1c thi\u00ean th\u1ea7n c\u1ee7a h\u1ecd tr\u00ean s\u00e0n catwalk.<\/p>\n<\/div>\n<\/div>\n<\/div>\n","protected":false},"excerpt":{"rendered":"<p>S\u1eefa t\u1eafm Sparkling Citrus Luscious Crush \u2013 Victoria\u2019s Secret mang \u0111\u1ebfn s\u1ee9c s\u1ed1ng c\u0103ng tr\u00e0n v\u00e0 v\u1ebb m\u1ecbn m\u00e0ng t\u01b0\u01a1i tr\u1ebb cho l\u00e0n da nh\u1edd chi\u1ebft xu\u1ea5t t\u1eeb qu\u00fdt v\u00e0 nh\u1eefng lo\u00e0i hoa th\u01a1m m\u00ea \u0111\u1eafm. \u00a0C\u00e1c h\u1ea1t vitamin C nh\u1eb9 nh\u00e0ng l\u00e0m s\u1ea1ch v\u00e0 nu\u00f4i d\u01b0\u1ee1ng l\u00e0n da gi\u00fap cho l\u00e0n da m\u1ecbn m\u00e0ng,&#8230;<\/p>\n","protected":false},"featured_media":883,"comment_status":"open","ping_status":"closed","template":"","meta":[],"_links":{"self":[{"href":"https:\/\/giaodienwebsite.tgs.com.vn\/mypham10\/wp-json\/wp\/v2\/product\/882"}],"collection":[{"href":"https:\/\/giaodienwebsite.tgs.com.vn\/mypham10\/wp-json\/wp\/v2\/product"}],"about":[{"href":"https:\/\/giaodienwebsite.tgs.com.vn\/mypham10\/wp-json\/wp\/v2\/types\/product"}],"replies":[{"embeddable":true,"href":"https:\/\/giaodienwebsite.tgs.com.vn\/mypham10\/wp-json\/wp\/v2\/comments?post=882"}],"wp:featuredmedia":[{"embeddable":true,"href":"https:\/\/giaodienwebsite.tgs.com.vn\/mypham10\/wp-json\/wp\/v2\/media\/883"}],"wp:attachment":[{"href":"https:\/\/giaodienwebsite.tgs.com.vn\/mypham10\/wp-json\/wp\/v2\/media?parent=882"}],"curies":[{"name":"wp","href":"https:\/\/api.w.org\/{rel}","templated":true}]}}