{"id":8,"date":"2018-05-09T11:00:57","date_gmt":"2018-05-09T04:00:57","guid":{"rendered":"https:\/\/giaodienwebsite.tgs.com.vn\/mypham10\/?page_id=8"},"modified":"2018-11-23T15:00:56","modified_gmt":"2018-11-23T08:00:56","slug":"lien-he","status":"publish","type":"page","link":"https:\/\/giaodienwebsite.tgs.com.vn\/mypham10\/lien-he\/","title":{"rendered":"Li\u00ean h\u1ec7"},"content":{"rendered":"\t<div class=\"img has-hover x md-x lg-x y md-y lg-y\" id=\"image_1144109511\">\n\t\t\t\t\t\t\t\t<div class=\"img-inner image-cover dark\" style=\"padding-top:20%;\">\n\t\t\t<img width=\"1920\" height=\"450\" src=\"https:\/\/giaodienwebsite.tgs.com.vn\/mypham10\/wp-content\/uploads\/2018\/05\/slider4.jpg\" class=\"attachment-original size-original\" alt=\"\" loading=\"lazy\" srcset=\"https:\/\/giaodienwebsite.tgs.com.vn\/mypham10\/wp-content\/uploads\/2018\/05\/slider4.jpg 1920w, https:\/\/giaodienwebsite.tgs.com.vn\/mypham10\/wp-content\/uploads\/2018\/05\/slider4-500x117.jpg 500w, https:\/\/giaodienwebsite.tgs.com.vn\/mypham10\/wp-content\/uploads\/2018\/05\/slider4-300x70.jpg 300w, https:\/\/giaodienwebsite.tgs.com.vn\/mypham10\/wp-content\/uploads\/2018\/05\/slider4-768x180.jpg 768w, https:\/\/giaodienwebsite.tgs.com.vn\/mypham10\/wp-content\/uploads\/2018\/05\/slider4-1024x240.jpg 1024w\" sizes=\"(max-width: 1920px) 100vw, 1920px\" \/>\t\t\t\t\t\t\n\t\t\t\t\t<\/div>\n\t\t\t\t\t\t\t\t\n<style>\n#image_1144109511 {\n  width: 100%;\n}\n<\/style>\n\t<\/div>\n\t\n\t<div id=\"gap-1349955743\" class=\"gap-element clearfix\" style=\"display:block; height:auto;\">\n\t\t\n<style>\n#gap-1349955743 {\n  padding-top: 20px;\n}\n<\/style>\n\t<\/div>\n\t\n<div class=\"row\"  id=\"row-174240343\">\n\n\t<div id=\"col-1797911294\" class=\"col medium-6 small-12 large-6\"  >\n\t\t<div class=\"col-inner\"  >\n\t\t\t\n\t\t\t\n<h3><span style=\"color: #000000;\">Li\u00ean h\u1ec7 v\u1edbi ch\u00fang t\u00f4i<\/span><\/h3>\n<p><span style=\"font-size: 90%; color: #000000;\">\u0110\u1ec3 kh\u00f4ng ng\u1eebng n\u00e2ng cao ch\u1ea5t l\u01b0\u1ee3ng d\u1ecbch v\u1ee5 v\u00e0 \u0111\u00e1p \u1ee9ng t\u1ed1t h\u01a1n n\u1eefa c\u00e1c y\u00eau c\u1ea7u c\u1ee7a Qu\u00fd kh\u00e1ch, ch\u00fang t\u00f4i mong mu\u1ed1n nh\u1eadn \u0111\u01b0\u1ee3c c\u00e1c th\u00f4ng tin ph\u1ea3n h\u1ed3i. N\u1ebfu Qu\u00fd kh\u00e1ch c\u00f3 b\u1ea5t k\u1ef3 th\u1eafc m\u1eafc ho\u1eb7c \u0111\u00f3ng g\u00f3p n\u00e0o, xin vui l\u00f2ng li\u00ean h\u1ec7 v\u1edbi ch\u00fang t\u00f4i theo th\u00f4ng tin d\u01b0\u1edbi \u0111\u00e2y. Ch\u00fang t\u00f4i s\u1ebd ph\u1ea3n h\u1ed3i l\u1ea1i Qu\u00fd kh\u00e1ch trong th\u1eddi gian s\u1edbm nh\u1ea5t.<\/span><\/p>\n<h3><span style=\"color: #000000;\">Th\u00f4ng tin li\u00ean h\u1ec7<\/span><\/h3>\n<p><span style=\"font-size: 90%; color: #000000;\">M\u1ef9 ph\u1ea9m Ajuma<\/span><\/p>\n<p><span style=\"font-size: 90%; color: #000000;\"><strong>&#8211; \u0110\u1ecba ch\u1ec9:<\/strong> 215 Nguy\u1ec5n Ch\u00ed Thanh &#8211; H\u00e0 N\u1ed9i.<\/span><br \/>\n<span style=\"font-size: 90%; color: #000000;\"><strong>&#8211; Hotline:<\/strong> 0921.145.254<\/span><br \/>\n<span style=\"font-size: 90%; color: #000000;\"><strong>&#8211; Email:<\/strong>\u00a0myphamdep@gmail.com<\/span><br \/>\n<span style=\"font-size: 90%; color: #000000;\"><strong>&#8211; Website:<\/strong> www.myphamdep.com<\/span><\/p>\n\t\t<\/div>\n\t\t\t<\/div>\n\n\t\n\n\t<div id=\"col-1176872965\" class=\"col medium-6 small-12 large-6\"  >\n\t\t<div class=\"col-inner\"  >\n\t\t\t\n\t\t\t\n<h3><span style=\"color: #000000;\">\u0110\u0103ng k\u00fd nh\u1eadn t\u01b0 v\u1ea5n mi\u1ec5n ph\u00ed<\/span><\/h3>\n<p><span style=\"color: #000000; font-size: 90%;\">Lorem ipsum dolor sit amet, consectetuer adipiscing elit, sed diam nonummy nibh euismod tincidunt ut laoreet dolore magna aliquam erat volutpat.<\/span><\/p>\n<div role=\"form\" class=\"wpcf7\" id=\"wpcf7-f701-o1\" lang=\"vi\" dir=\"ltr\">\n<div class=\"screen-reader-response\" role=\"alert\" aria-live=\"polite\"><\/div>\n<form action=\"\/mypham10\/wp-json\/wp\/v2\/pages\/8#wpcf7-f701-o1\" method=\"post\" class=\"wpcf7-form init\" novalidate=\"novalidate\">\n<div style=\"display: none;\">\n<input type=\"hidden\" name=\"_wpcf7\" value=\"701\" \/>\n<input type=\"hidden\" name=\"_wpcf7_version\" value=\"5.2.2\" \/>\n<input type=\"hidden\" name=\"_wpcf7_locale\" value=\"vi\" \/>\n<input type=\"hidden\" name=\"_wpcf7_unit_tag\" value=\"wpcf7-f701-o1\" \/>\n<input type=\"hidden\" name=\"_wpcf7_container_post\" value=\"0\" \/>\n<input type=\"hidden\" name=\"_wpcf7_posted_data_hash\" value=\"\" \/>\n<\/div>\n<p><span class=\"wpcf7-form-control-wrap text-629\"><input type=\"text\" name=\"text-629\" value=\"\" size=\"40\" class=\"wpcf7-form-control wpcf7-text wpcf7-validates-as-required\" aria-required=\"true\" aria-invalid=\"false\" placeholder=\"H\u1ecd t\u00ean c\u1ee7a b\u1ea1n...\" \/><\/span><br \/>\n<span class=\"wpcf7-form-control-wrap email-353\"><input type=\"email\" name=\"email-353\" value=\"\" size=\"40\" class=\"wpcf7-form-control wpcf7-text wpcf7-email wpcf7-validates-as-required wpcf7-validates-as-email\" aria-required=\"true\" aria-invalid=\"false\" placeholder=\"Email c\u1ee7a b\u1ea1n...\" \/><\/span><br \/>\n<span class=\"wpcf7-form-control-wrap tel-633\"><input type=\"tel\" name=\"tel-633\" value=\"\" size=\"40\" class=\"wpcf7-form-control wpcf7-text wpcf7-tel wpcf7-validates-as-required wpcf7-validates-as-tel\" aria-required=\"true\" aria-invalid=\"false\" placeholder=\"S\u1ed1 \u0111i\u1ec7n tho\u1ea1i...\" \/><\/span><br \/>\n<span class=\"wpcf7-form-control-wrap textarea-964\"><textarea name=\"textarea-964\" cols=\"40\" rows=\"10\" class=\"wpcf7-form-control wpcf7-textarea\" aria-invalid=\"false\">N\u1ed9i dung li\u00ean h\u1ec7...<\/textarea><\/span><br \/>\n<input type=\"submit\" value=\"G\u1eedi li\u00ean h\u1ec7\" class=\"wpcf7-form-control wpcf7-submit\" \/><\/p>\n<div class=\"wpcf7-response-output\" role=\"alert\" aria-hidden=\"true\"><\/div><\/form><\/div>\n\t\t<\/div>\n\t\t\t<\/div>\n\n\t\n<\/div>\n","protected":false},"excerpt":{"rendered":"","protected":false},"author":2,"featured_media":0,"parent":0,"menu_order":0,"comment_status":"closed","ping_status":"closed","template":"","meta":[],"_links":{"self":[{"href":"https:\/\/giaodienwebsite.tgs.com.vn\/mypham10\/wp-json\/wp\/v2\/pages\/8"}],"collection":[{"href":"https:\/\/giaodienwebsite.tgs.com.vn\/mypham10\/wp-json\/wp\/v2\/pages"}],"about":[{"href":"https:\/\/giaodienwebsite.tgs.com.vn\/mypham10\/wp-json\/wp\/v2\/types\/page"}],"author":[{"embeddable":true,"href":"https:\/\/giaodienwebsite.tgs.com.vn\/mypham10\/wp-json\/wp\/v2\/users\/2"}],"replies":[{"embeddable":true,"href":"https:\/\/giaodienwebsite.tgs.com.vn\/mypham10\/wp-json\/wp\/v2\/comments?post=8"}],"version-history":[{"count":1,"href":"https:\/\/giaodienwebsite.tgs.com.vn\/mypham10\/wp-json\/wp\/v2\/pages\/8\/revisions"}],"predecessor-version":[{"id":858,"href":"https:\/\/giaodienwebsite.tgs.com.vn\/mypham10\/wp-json\/wp\/v2\/pages\/8\/revisions\/858"}],"wp:attachment":[{"href":"https:\/\/giaodienwebsite.tgs.com.vn\/mypham10\/wp-json\/wp\/v2\/media?parent=8"}],"curies":[{"name":"wp","href":"https:\/\/api.w.org\/{rel}","templated":true}]}}