{"id":6,"date":"2018-05-09T11:00:30","date_gmt":"2018-05-09T04:00:30","guid":{"rendered":"https:\/\/giaodienwebsite.tgs.com.vn\/mypham10\/?page_id=6"},"modified":"2020-09-23T21:49:02","modified_gmt":"2020-09-23T14:49:02","slug":"gioi-thieu","status":"publish","type":"page","link":"https:\/\/giaodienwebsite.tgs.com.vn\/mypham10\/gioi-thieu\/","title":{"rendered":"Gi\u1edbi thi\u1ec7u"},"content":{"rendered":"<h1 class=\"mceTemp\"><strong>Shop m\u1ef9 ph\u1ea9m Xinh tr\u1ecdng ch\u1eef t\u00edn n\u00ean mua b\u00e1n ph\u1ea3i r\u00f5 r\u00e0ng. Shop ch\u00fang t\u00f4i \u0111\u1eb7t ph\u01b0\u01a1ng ch\u00e2m l\u1ea5y uy t\u00edn l\u00e0m \u0111\u1ea7u v\u00e0 l\u00e0 th\u01b0\u1edbc \u0111o cho th\u00e0nh c\u00f4ng trong vi\u1ec7c kinh doanh tr\u00ean m\u1ea1ng tr\u1ef1c tuy\u1ebfn. H\u01a1n n\u1eefa qu\u00fd kh\u00e1ch c\u00f3 th\u1ec3 \u0111\u1ebfn c\u1eeda h\u00e0ng \u0111\u1ec3 xem s\u1ea3n ph\u1ea9m tr\u1ef1c ti\u1ebfp.<\/strong><\/h1>\n<p><strong>Ch\u00fang t\u00f4i cam k\u1ebft:<\/strong><br \/>\n\u2013 C\u00e1c m\u1eb7t h\u00e0ng \u0111\u0103ng b\u00e1n l\u00e0 ch\u00ednh x\u00e1c nh\u01b0 m\u00f4 t\u1ea3 (ki\u1ec3u d\u00e1ng, k\u00edch th\u01b0\u1edbc, m\u00e0u s\u1eafc).<br \/>\n\u2013 Gi\u00e1 tr\u00ean web \u0111\u0103ng l\u00e0 gi\u00e1 fixed \u2013 kh\u00f4ng gi\u1ea3m \u0111\u01b0\u1ee3c n\u1eefa.<br \/>\n\u2013 N\u1ebfu mu\u1ed1n mua gi\u00e1 r\u1ebb h\u01a1n vui l\u00f2ng tham kh\u1ea3o th\u01b0\u1eddng xuy\u00ean c\u00e1c \u0111\u1ee3t b\u00e1n h\u00e0ng gi\u00e1 thanh l\u00fd.<br \/>\n\u2013 Shop s\u1ebd c\u1eadp nh\u1eadt ngay tr\u00ean website khi gi\u00e1 s\u1ea3n ph\u1ea9m thay \u0111\u1ed5i ho\u1eb7c h\u1ebft h\u00e0ng.<br \/>\n\u2013 C\u00f2n \u0111\u0103ng tin l\u00e0 c\u00f2n h\u00e0ng. N\u1ebfu b\u1ea1n t\u1edbi mua \u0111\u01b0\u1ee3c b\u00e1o h\u1ebft h\u00e0ng d\u00f9 tr\u00ean web b\u1ea1n v\u1eabn c\u00f2n th\u1ea5y ch\u1ec9 c\u00f3 th\u1ec3 l\u00e0 trong th\u1eddi gian b\u1ea1n di chuy\u1ec3n t\u1edbi shop th\u00ec ng\u01b0\u1eddi kh\u00e1c v\u1eeba m\u1edbi \u0111\u1eb7t h\u00e0ng. C\u00e1ch t\u1ed1t nh\u1ea5t \u0111\u1ec3 ch\u1eafc ch\u1eafn l\u00e0 g\u1ecdi \u0111i\u1ec7n tho\u1ea1i tr\u01b0\u1edbc khi t\u1edbi n\u1ebfu b\u1ea1n \u1edf xa.<\/p>\n<p>Khi mua h\u00e0ng \u1edf shop ch\u00fang t\u00f4i, qu\u00fd kh\u00e1ch s\u1ebd ho\u00e0n to\u00e0n y\u00ean t\u00e2m v\u1ec1 s\u1ed1 l\u01b0\u1ee3ng c\u0169ng nh\u01b0 ch\u1ea5t l\u01b0\u1ee3ng s\u1ea3n ph\u1ea9m v\u00e0 s\u1ef1 ph\u1ee5c v\u1ee5. Nh\u1eefng s\u1ea3n ph\u1ea9m c\u1ee7a ch\u00fang t\u00f4i \u0111\u1ec1u c\u00f3 xu\u1ea5t x\u1ee9 r\u00f5 r\u00e0ng v\u00e0 c\u00f3 ch\u1ecdn l\u1ecdc. Ch\u00fang t\u00f4i lu\u00f4n l\u1ea5y uy t\u00edn l\u00e0m \u0111\u1ea7u n\u00ean s\u1ebd kh\u00f4ng bao gi\u1edd b\u00e1n h\u00e0ng gi\u1ea3 h\u00e0ng k\u00e9m ch\u1ea5t l\u01b0\u1ee3ng.<br \/>\nS\u1ea3n ph\u1ea9m ch\u00fang t\u00f4i b\u00e1n cho kh\u00e1ch h\u00e0ng l\u00e0 nh\u1eefng s\u1ea3n ph\u1ea9m ch\u1ecdn l\u1ecdc c\u00f3 ngu\u1ed3n g\u1ed1c t\u1eeb nh\u1eefng m\u1eb7t h\u00e0ng c\u1ee7a c\u00e1c c\u00f4ng ty l\u1edbn v\u00e0 c\u00f3 th\u01b0\u01a1ng hi\u1ec7u uy t\u00edn tr\u00ean th\u1ecb tr\u01b0\u1eddng. \u0110\u1eb7c bi\u1ec7t l\u00e0 h\u00e0ng m\u1ef9 ph\u1ea9m ch\u00fang t\u00f4i lu\u00f4n cam k\u1ebft ch\u1ec9\u00a0b\u00e1n h\u00e0ng ch\u00ednh h\u00e3ng 100%, qu\u00fd kh\u00e1ch c\u00f3 th\u1ec3 t\u1ea3i \u1ee9ng d\u1ee5ng \u0111\u1ec3 ki\u1ec3m tra m\u00e3 code.<br \/>\nShop tr\u00ecnh b\u00e0y r\u1ea5t s\u1ea1ch s\u1ebd v\u00e0 r\u00f5 r\u00e0ng, r\u1ea5t ti\u1ec7n l\u1ee3i cho kh\u00e1ch khi \u0111\u1ebfn mua h\u00e0ng tr\u1ef1c ti\u1ebfp. Nh\u00e2n vi\u00ean t\u01b0 v\u1ea5n nhi\u1ec7t t\u00ecnh, am hi\u1ec3u v\u1ec1 s\u1ea3n ph\u1ea9m. Shop n\u1eb1m t\u1ea1i trung t\u00e2m qu\u1eadn 7, r\u1ea5t ti\u1ec7n cho c\u00e1c b\u1ea1n gh\u00e9 th\u0103m th\u01b0\u1eddng xuy\u00ean.<\/p>\n<p><strong>\u0110\u1ed1i v\u1edbi m\u1eb7t h\u00e0ng\u00a0m\u1ef9 ph\u1ea9m:<\/strong><br \/>\nShop l\u00e0 n\u01a1i t\u1eadp h\u1ee3p c\u00e1c m\u1eb7t h\u00e0ng m\u1ef9 ph\u1ea9m ch\u00ednh h\u00e3ng t\u1eeb nhi\u1ec1u th\u01b0\u01a1ng hi\u1ec7u n\u1ed5i ti\u1ebfng kh\u00e1c nhau, r\u1ea5t phong ph\u00fa, \u0111a d\u1ea1ng, lu\u00f4n c\u1eadp nh\u00e2t nhi\u1ec1u m\u1eb7t h\u00e0ng \u0111\u1ec3 \u0111\u00e1p \u1ee9ng nhu c\u1ea7u c\u1ee7a kh\u00e1ch. B\u1ea1n kh\u00f4ng c\u00f2n ph\u1ea3i b\u0103n kho\u0103n khi mua h\u00e0ng online v\u00ec s\u1ee3 mua ph\u1ea3i h\u00e0ng nh\u00e1i, h\u00e0ng gi\u1ea3, h\u00e0ng c\u1eadn date. \u0110\u1ebfn v\u1edbi shop th\u00ec b\u1ea1n ho\u00e0n to\u00e0n y\u00ean t\u00e2m v\u1ec1 v\u1ea5n \u0111\u1ec1 n\u00e0y.\u00a0<em>Shop m\u1ef9 ph\u1ea9m xinh<\/em>\u00a0cam k\u1ebft ch\u1ec9 b\u00e1n h\u00e0ng ch\u00ednh h\u00e3ng v\u1edbi gi\u00e1 c\u1ea1nh tranh nh\u1ea5t th\u1ecb tr\u01b0\u1eddng. V\u1edbi mong mu\u1ed1n mang \u0111\u1ebfn cho kh\u00e1ch h\u00e0ng c\u01a1 h\u1ed9i s\u1edf h\u1eefu nh\u1eefng th\u01b0\u01a1ng hi\u1ec7u ch\u1ea5t l\u01b0\u1ee3ng v\u1edbi gi\u00e1 h\u1ea5p d\u1eabn, shop kh\u00f4ng ng\u1eebng n\u1ed7 l\u1ee5c trong vi\u1ec7c \u0111em \u0111\u1ebfn cho kh\u00e1ch h\u00e0ng h\u00e0ng ch\u1ee5c th\u01b0\u01a1ng hi\u1ec7u n\u1ed5i ti\u1ebfng v\u1edbi nhi\u1ec1u s\u1ea3n ph\u1ea9m \u0111\u01b0\u1ee3c c\u1eadp nh\u00e2t m\u1ed7i ng\u00e0y. V\u1edbi cam k\u1ebft 100% s\u1ea3n ph\u1ea9m ch\u00ednh h\u00e3ng \u2013 100% h\u00e0i l\u00f2ng, shop s\u1ebd mang \u0111\u1ebfn cho kh\u00e1ch h\u00e0ng s\u1ef1 h\u00e0i l\u00f2ng v\u00e0 ni\u1ec1m vui mua s\u1eafm. Shop b\u00e1n c\u00e1c m\u1eb7t h\u00e0ng t\u1eeb ph\u1ed5 th\u00f4ng \u0111\u1ebfn cao c\u1ea5p, ch\u1eafc ch\u1eafn gi\u00e1 c\u1ea1nh tranh nh\u1ea5t th\u1ecb tr\u01b0\u1eddng hi\u1ec7n nay. C\u00e1c b\u1ea1n c\u1ee9 th\u1eed d\u00f9ng m\u1ed9t l\u1ea7n s\u1ea3n ph\u1ea9m c\u1ee7a shop xem c\u00f3 gi\u1ed1ng s\u1ea3n ph\u1ea9m c\u1ee7a b\u1ea1n \u0111\u00e3 t\u1eebng s\u1eed d\u1ee5ng hay kh\u00f4ng? \u0110\u1eebng b\u1ea5t ng\u1edd v\u00ec gi\u00e1 r\u1ebb m\u00e0 lo ng\u1ea1i ch\u1ea5t l\u01b0\u1ee3ng. Cam k\u1ebft ch\u1ea5t l\u01b0\u1ee3ng, xem h\u00e0ng tho\u1ea3i m\u00e1i khi t\u1edbi shop mua. H\u00e3y l\u00e0 nh\u1eefng ng\u01b0\u1eddi ti\u00eau d\u00f9ng th\u00f4ng minh.<\/p>\n<p><strong>V\u00ec \u0111\u1ebfn v\u1edbi shop, qu\u00fd kh\u00e1ch s\u1ebd \u0111\u01b0\u1ee3c:<\/strong><br \/>\n<em>+ Ch\u1ea5t l\u01b0\u1ee3ng \u0111\u1ea3m b\u1ea3o:<\/em>\u00a0h\u1ea7u h\u1ebft c\u00e1c m\u1eb7t h\u00e0ng \u0111\u1ec1u \u0111\u01b0\u1ee3c shop l\u1ef1a ch\u1ecdn c\u1ea9n th\u1eadn. \u0110\u00e2y l\u00e0 m\u1eb7t h\u00e0ng m\u1ef9 ph\u1ea9m l\u00e0m \u0111\u1eb9p, c\u00f3 \u1ea3nh h\u01b0\u1edfng \u0111\u1ebfn s\u1ee9c kh\u1ecfe, nhan s\u1eafc c\u1ee7a kh\u00e1ch h\u00e0ng n\u00ean ch\u1ea5t l\u01b0\u1ee3ng v\u1eabn l\u00e0 y\u1ebfu t\u1ed1 h\u00e0ng \u0111\u1ea7u shop quan t\u00e2m. Khi mua d\u00f2ng s\u1ea3n ph\u1ea9m t\u00f9y theo s\u1edf th\u00edch, \u0111i\u1ec1u ki\u1ec7n\u2026 c\u00e1c b\u1ea1n ch\u1ecdn s\u1ea3n ph\u1ea9m, shop lu\u00f4n n\u00f3i r\u00f5 \u0111\u00e2y l\u00e0 h\u00e0ng c\u1ee7a n\u01b0\u1edbc n\u00e0o \u0111\u1ec3 c\u00e1c b\u1ea1n kh\u1ecfi th\u1eafc m\u1eafc.<br \/>\n<em>+ Gi\u00e1 c\u1ea3 h\u1ee3p l\u00fd:<\/em>\u00a0khi xem qua c\u00e1c b\u1ea1n s\u1ebd b\u1ea5t ng\u1edd v\u00ec gi\u00e1 shop \u0111\u01b0a ra r\u1ebb h\u01a1n nhi\u1ec1u so v\u1edbi c\u00e1c shop kh\u00e1c v\u00e0 c\u00f3 \u0111\u00f4i ch\u00fat lo l\u1eafng \u201c li\u1ec7u s\u1ea3n ph\u1ea9m c\u00f3 t\u1ed1t kh\u00f4ng?\u201d. M\u1ed7i shop c\u00f3 m\u1ed9t chi\u1ebfn l\u01b0\u1ee3c kinh doanh ri\u00eang, tuy nhi\u00ean gi\u00e1 shop r\u1ebb h\u01a1n v\u00ec shop kh\u00f4ng t\u1ed1n nhi\u1ec1u chi ph\u00ed cho vi\u1ec7c kinh doanh do shop b\u00e1n h\u00e0ng online t\u1ea1i nh\u00e0. Ch\u00ednh ch\u1ee7 shop \u0111\u1ee9ng ra ch\u1ecbu tr\u00e1ch nhi\u1ec7m t\u01b0 v\u1ea5n v\u00e0 b\u00e1n h\u00e0ng n\u00ean kh\u00f4ng t\u1ed1n k\u00e9m ti\u1ec1n nh\u00e2n vi\u00ean. C\u00e1c b\u1ea1n c\u00f3 th\u1ec3 th\u1eed m\u1ed9t l\u1ea7n d\u00f9ng s\u1ea3n ph\u1ea9m c\u1ee7a shop \u0111\u1ec3 so s\u00e1nh v\u1edbi c\u00e1c s\u1ea3n ph\u1ea9m m\u00e0 c\u00e1c b\u1ea1n \u0111\u00e3 d\u00f9ng xem c\u00f3 kh\u00e1c g\u00ec kh\u00f4ng. C\u00f3 s\u1ea3n ph\u1ea9m gi\u00e1 c\u1ee7a shop th\u1ea5p h\u01a1n, c\u0169ng c\u00f3 s\u1ea3n ph\u1ea9m cao h\u01a1n t\u00f9y v\u00e0o ngu\u1ed3n h\u00e0ng v\u00e0 s\u1ed1 l\u01b0\u1ee3ng h\u00e0ng\u00a0shop m\u1ef9 ph\u1ea9m xinh\u00a0l\u1ea5y.<\/p>\n","protected":false},"excerpt":{"rendered":"<p>Shop m\u1ef9 ph\u1ea9m Xinh tr\u1ecdng ch\u1eef t\u00edn n\u00ean mua b\u00e1n ph\u1ea3i r\u00f5 r\u00e0ng. Shop ch\u00fang t\u00f4i \u0111\u1eb7t ph\u01b0\u01a1ng ch\u00e2m l\u1ea5y uy t\u00edn l\u00e0m \u0111\u1ea7u v\u00e0 l\u00e0 th\u01b0\u1edbc \u0111o cho th\u00e0nh c\u00f4ng trong vi\u1ec7c kinh doanh tr\u00ean m\u1ea1ng tr\u1ef1c tuy\u1ebfn. H\u01a1n n\u1eefa qu\u00fd kh\u00e1ch c\u00f3 th\u1ec3 \u0111\u1ebfn c\u1eeda h\u00e0ng \u0111\u1ec3 xem s\u1ea3n ph\u1ea9m tr\u1ef1c ti\u1ebfp. Ch\u00fang&#8230;<\/p>\n","protected":false},"author":2,"featured_media":0,"parent":0,"menu_order":0,"comment_status":"closed","ping_status":"closed","template":"page-blank-title-center.php","meta":[],"_links":{"self":[{"href":"https:\/\/giaodienwebsite.tgs.com.vn\/mypham10\/wp-json\/wp\/v2\/pages\/6"}],"collection":[{"href":"https:\/\/giaodienwebsite.tgs.com.vn\/mypham10\/wp-json\/wp\/v2\/pages"}],"about":[{"href":"https:\/\/giaodienwebsite.tgs.com.vn\/mypham10\/wp-json\/wp\/v2\/types\/page"}],"author":[{"embeddable":true,"href":"https:\/\/giaodienwebsite.tgs.com.vn\/mypham10\/wp-json\/wp\/v2\/users\/2"}],"replies":[{"embeddable":true,"href":"https:\/\/giaodienwebsite.tgs.com.vn\/mypham10\/wp-json\/wp\/v2\/comments?post=6"}],"version-history":[{"count":1,"href":"https:\/\/giaodienwebsite.tgs.com.vn\/mypham10\/wp-json\/wp\/v2\/pages\/6\/revisions"}],"predecessor-version":[{"id":859,"href":"https:\/\/giaodienwebsite.tgs.com.vn\/mypham10\/wp-json\/wp\/v2\/pages\/6\/revisions\/859"}],"wp:attachment":[{"href":"https:\/\/giaodienwebsite.tgs.com.vn\/mypham10\/wp-json\/wp\/v2\/media?parent=6"}],"curies":[{"name":"wp","href":"https:\/\/api.w.org\/{rel}","templated":true}]}}