{"id":613,"date":"2025-04-29T07:17:43","date_gmt":"2025-04-29T07:17:43","guid":{"rendered":"http:\/\/localhost:8888\/khoahoc187\/thong-tin-tai-khoan\/"},"modified":"2025-04-29T07:17:43","modified_gmt":"2025-04-29T07:17:43","slug":"thong-tin-tai-khoan","status":"publish","type":"page","link":"https:\/\/giaodienwebsite.tgs.com.vn\/learningchain\/thong-tin-tai-khoan\/","title":{"rendered":"Th\u00f4ng tin t\u00e0i kho\u1ea3n"},"content":{"rendered":"Vui l\u00f2ng <a data-login_url=\"\" href=\"#\" class=\"tutor-open-login-modal\">\u0110\u0103ng nh\u1eadp<\/a> \u0111\u1ec3 xem trang n\u00e0y","protected":false},"excerpt":{"rendered":"<p>Vui l\u00f2ng \u0110\u0103ng nh\u1eadp \u0111\u1ec3 xem trang n\u00e0y<\/p>\n","protected":false},"author":1,"featured_media":0,"parent":0,"menu_order":0,"comment_status":"closed","ping_status":"closed","template":"","meta":{"_acf_changed":false,"footnotes":""},"class_list":["post-613","page","type-page","status-publish","hentry"],"acf":[],"_links":{"self":[{"href":"https:\/\/giaodienwebsite.tgs.com.vn\/learningchain\/wp-json\/wp\/v2\/pages\/613","targetHints":{"allow":["GET"]}}],"collection":[{"href":"https:\/\/giaodienwebsite.tgs.com.vn\/learningchain\/wp-json\/wp\/v2\/pages"}],"about":[{"href":"https:\/\/giaodienwebsite.tgs.com.vn\/learningchain\/wp-json\/wp\/v2\/types\/page"}],"author":[{"embeddable":true,"href":"https:\/\/giaodienwebsite.tgs.com.vn\/learningchain\/wp-json\/wp\/v2\/users\/1"}],"replies":[{"embeddable":true,"href":"https:\/\/giaodienwebsite.tgs.com.vn\/learningchain\/wp-json\/wp\/v2\/comments?post=613"}],"version-history":[{"count":0,"href":"https:\/\/giaodienwebsite.tgs.com.vn\/learningchain\/wp-json\/wp\/v2\/pages\/613\/revisions"}],"wp:attachment":[{"href":"https:\/\/giaodienwebsite.tgs.com.vn\/learningchain\/wp-json\/wp\/v2\/media?parent=613"}],"curies":[{"name":"wp","href":"https:\/\/api.w.org\/{rel}","templated":true}]}}