{"id":31,"date":"2025-04-26T08:23:45","date_gmt":"2025-04-26T08:23:45","guid":{"rendered":"http:\/\/localhost:8888\/khoahoc187\/?page_id=31"},"modified":"2025-04-30T04:48:26","modified_gmt":"2025-04-30T04:48:26","slug":"hoc-tap","status":"publish","type":"page","link":"https:\/\/giaodienwebsite.tgs.com.vn\/learningchain\/hoc-tap\/","title":{"rendered":"H\u1ecdc t\u1eadp"},"content":{"rendered":"\n  <div class=\"banner has-hover\" id=\"banner-1894696591\">\n          <div class=\"banner-inner fill\">\n        <div class=\"banner-bg fill\" >\n            <img loading=\"lazy\" decoding=\"async\" width=\"1440\" height=\"300\" src=\"https:\/\/giaodienwebsite.tgs.com.vn\/learningchain\/wp-content\/uploads\/2025\/04\/Cover_study-1.png\" class=\"bg attachment-original size-original\" alt=\"\" \/>                                    \n                    <\/div>\n\t\t\n        <div class=\"banner-layers container\">\n            <div class=\"fill banner-link\"><\/div>            \n   <div id=\"text-box-1240769175\" class=\"text-box banner-layer x50 md-x50 lg-x50 y50 md-y50 lg-y50 res-text\">\n                                <div class=\"text-box-content text dark\">\n              \n              <div class=\"text-inner text-center\">\n                  \n\t<div id=\"text-463396501\" class=\"text\">\n\t\t\n<h5 class=\"uppercase mb-0\">H\u1ecdc t\u1eadp c\u00f9ng ch\u00fang t\u00f4i<\/h5>\n\t\t\n<style>\n#text-463396501 {\n  font-size: 1rem;\n}\n@media (min-width:550px) {\n  #text-463396501 {\n    font-size: 1.4rem;\n  }\n}\n<\/style>\n\t<\/div>\n\t\n\t<div id=\"gap-578557670\" class=\"gap-element clearfix\" style=\"display:block; height:auto;\">\n\t\t\n<style>\n#gap-578557670 {\n  padding-top: 0px;\n}\n@media (min-width:550px) {\n  #gap-578557670 {\n    padding-top: 15px;\n  }\n}\n<\/style>\n\t<\/div>\n\t\n\t<div id=\"text-4038057663\" class=\"text\">\n\t\t\n<h3 class=\"uppercase\"><strong>N\u00e2ng cao ki\u1ebfn \u200b\u200bth\u1ee9c v\u1edbi c\u00e1c kh\u00f3a h\u1ecdc mi\u1ec5n ph\u00ed<\/strong><\/h3>\n\t\t\n<style>\n#text-4038057663 {\n  font-size: 0.75rem;\n}\n@media (min-width:550px) {\n  #text-4038057663 {\n    font-size: 1.6rem;\n  }\n}\n<\/style>\n\t<\/div>\n\t\n              <\/div>\n           <\/div>\n                            \n<style>\n#text-box-1240769175 {\n  width: 97%;\n}\n#text-box-1240769175 .text-box-content {\n  font-size: 100%;\n}\n@media (min-width:550px) {\n  #text-box-1240769175 {\n    width: 68%;\n  }\n}\n<\/style>\n    <\/div>\n \n        <\/div>\n      <\/div>\n\n            \n<style>\n#banner-1894696591 {\n  padding-top: 35%;\n}\n@media (min-width:550px) {\n  #banner-1894696591 {\n    padding-top: 21%;\n  }\n}\n<\/style>\n  <\/div>\n\n\n\n\t<section class=\"section\" id=\"section_264532876\">\n\t\t<div class=\"section-bg fill\" >\n\t\t\t\t\t\t\t\t\t\n\t\t\t\n\n\t\t<\/div>\n\n\t\t\n\n\t\t<div class=\"section-content relative\">\n\t\t\t\n<div class=\"row\"  id=\"row-95937322\">\n\n\t<div id=\"col-2123041790\" class=\"col small-12 large-12\"  >\n\t\t\t\t<div class=\"col-inner\"  >\n\t\t\t\n\t\t\t\n\n\n<div class=\"tutor-course-header\">\n    <div class=\"tutor-header-left\">\n        <button class=\"filter-toggle\">\n            <img decoding=\"async\" src=\"https:\/\/giaodienwebsite.tgs.com.vn\/learningchain\/wp-content\/themes\/flatsome-child\/images\/filters.png\" alt=\"\" width=\"20\">\n            L\u1ecdc\n        <\/button>\n        <div class=\"sort-dropdown\">S\u1eafp x\u1ebfp theo:\n            <select name=\"sort\" id=\"course-sort-select\">\n                <option value=\"new\">M\u1edbi nh\u1ea5t<\/option>\n                <option value=\"old\">C\u0169 nh\u1ea5t<\/option>\n            <\/select>\n        <\/div>\n    <\/div>\n\n    <div class=\"course-count\">\n        7 kh\u00f3a h\u1ecdc    <\/div>\n<\/div>\n<div class=\"tutor-course-grid-wrapper no-sidebar\">\n\t<form id=\"course-filter-form\">\n\t<div class=\"sidebar-filters\">\n\t\t<h4>CH\u1ee6 \u0110\u1ec0<\/h4>\n\t\t<ul>\n\t\t\t\t\t\t<li>\n\t\t\t\t<label>\n\t\t\t\t\t<input type=\"checkbox\" name=\"topic[]\" value=\"8\">\n\t\t\t\t\tA.I\t\t\t\t<\/label>\n\t\t\t<\/li>\n\t\t\t\t\t\t<li>\n\t\t\t\t<label>\n\t\t\t\t\t<input type=\"checkbox\" name=\"topic[]\" value=\"7\">\n\t\t\t\t\tBlockchain\t\t\t\t<\/label>\n\t\t\t<\/li>\n\t\t\t\t\t\t<li>\n\t\t\t\t<label>\n\t\t\t\t\t<input type=\"checkbox\" name=\"topic[]\" value=\"11\">\n\t\t\t\t\t\u0110\u1ea7u t\u01b0\t\t\t\t<\/label>\n\t\t\t<\/li>\n\t\t\t\t\t\t<li>\n\t\t\t\t<label>\n\t\t\t\t\t<input type=\"checkbox\" name=\"topic[]\" value=\"12\">\n\t\t\t\t\tKh\u00e1c\t\t\t\t<\/label>\n\t\t\t<\/li>\n\t\t\t\t\t\t<li>\n\t\t\t\t<label>\n\t\t\t\t\t<input type=\"checkbox\" name=\"topic[]\" value=\"10\">\n\t\t\t\t\tKinh doanh - Kh\u1edfi nghi\u1ec7p\t\t\t\t<\/label>\n\t\t\t<\/li>\n\t\t\t\t\t\t<li>\n\t\t\t\t<label>\n\t\t\t\t\t<input type=\"checkbox\" name=\"topic[]\" value=\"9\">\n\t\t\t\t\tT\u00e0i Ch\u00ednh\t\t\t\t<\/label>\n\t\t\t<\/li>\n\t\t\t\t\t<\/ul>\n\n\t\t<h4>PH\u00c2N LO\u1ea0I<\/h4>\n\t\t<ul>\n\t\t\t<li>\n\t\t\t\t<label>\n\t\t\t\t\t<input type=\"radio\" name=\"difficulty_level[]\" value=\"beginner\"> Cho ng\u01b0\u1eddi m\u1edbi b\u1eaft \u0111\u1ea7u\n\t\t\t\t<\/label>\n\t\t\t<\/li>\n\t\t\t<li>\n\t\t\t\t<label>\n\t\t\t\t\t<input type=\"radio\" name=\"difficulty_level[]\" value=\"intermediate\"> Trung c\u1ea5p\n\t\t\t\t<\/label>\n\t\t\t<\/li>\n\t\t\t<li>\n\t\t\t\t<label>\n\t\t\t\t\t<input type=\"radio\" name=\"difficulty_level[]\" value=\"expert\"> Chuy\u00ean gia\n\t\t\t\t<\/label>\n\t\t\t<\/li>\n\t\t<\/ul>\n\n\t\t<h4>B\u1ea2NG GI\u00c1<\/h4>\n\t\t<ul>\n\t\t\t<li>\n\t\t\t\t<label>\n\t\t\t\t\t<input type=\"radio\" name=\"price_range\" value=\"all\" checked> T\u1ea5t c\u1ea3\n\t\t\t\t<\/label>\n\t\t\t<\/li>\n\t\t\t<li>\n\t\t\t\t<label>\n\t\t\t\t\t<input type=\"radio\" name=\"price_range\" value=\"paid\"> Tr\u1ea3 ph\u00ed\n\t\t\t\t<\/label>\n\t\t\t<\/li>\n\t\t\t<li>\n\t\t\t\t<label>\n\t\t\t\t\t<input type=\"radio\" name=\"price_range\" value=\"free\"> Mi\u1ec5n ph\u00ed\n\t\t\t\t<\/label>\n\t\t\t<\/li>\n\t\t<\/ul>\n\t\t<h4>LO\u1ea0I KH\u00d3A H\u1eccC<\/h4>\n\t\t<ul>\n\t\t\t<li>\n\t\t\t\t<label>\n\t\t\t\t\t<input type=\"radio\" name=\"course_type\" value=\"all\" checked> T\u1ea5t c\u1ea3\n\t\t\t\t<\/label>\n\t\t\t\t<label>\n\t\t\t\t\t<input type=\"radio\" name=\"course_type\" value=\"truc-tuyen\"> Tr\u1ef1c tuy\u1ebfn\n\t\t\t\t<\/label>\n\t\t\t<\/li>\n\t\t\t<li>\n\t\t\t\t<label>\n\t\t\t\t\t<input type=\"radio\" name=\"course_type\" value=\"truc-tiep\"> Tr\u1ef1c ti\u1ebfp\n\t\t\t\t<\/label>\n\t\t\t<\/li>\n\t\t<\/ul>\n\t<\/div>\n<\/form>\n\t<div id=\"ajax-course-grid\" class=\"course-grid\">\n\t\t\n<div class=\"course-card\">\n    <a href=\"https:\/\/giaodienwebsite.tgs.com.vn\/learningchain\/courses\/bitcoin-danh-cho-doanh-nghiep-3\/\">\n        <div class=\"course-thumbnail\">\n            <img loading=\"lazy\" decoding=\"async\" width=\"300\" height=\"240\" src=\"https:\/\/giaodienwebsite.tgs.com.vn\/learningchain\/wp-content\/uploads\/2025\/04\/image-4.png\" class=\"attachment-full size-full wp-post-image\" alt=\"\" \/>                            <span class=\"tutor-category\"><span class=\"cham\"><\/span>Blockchain<\/span>\n                    <\/div>\n        <div class=\"course-info\">\n            <h3 class=\"course-title\">Bitcoin d\u00e0nh cho doanh nghi\u1ec7p<\/h3>\n            <p class=\"course-meta\">\n            <img decoding=\"async\" src=\"https:\/\/giaodienwebsite.tgs.com.vn\/learningchain\/wp-content\/themes\/flatsome-child\/images\/clock.png\" alt=\"\" width=\"20\">\n                17               \n                b\u00e0i h\u1ecdc <span class=\"cham-small\"><\/span> <span class=\"tutor-meta-level\"> 1<\/span><span class=\"tutor-meta-value tutor-color-secondary tutor-mr-4\"> gi\u1edd<\/span><span class=\"tutor-meta-level\"> 30<\/span><span class=\"tutor-meta-value tutor-color-secondary tutor-mr-4\"> ph\u00fat<\/span>            <\/p>\n        <\/div>\n    <\/a>\n<\/div>\n\n<div class=\"course-card\">\n    <a href=\"https:\/\/giaodienwebsite.tgs.com.vn\/learningchain\/courses\/bitcoin-danh-cho-doanh-nghiep-3-3-2\/\">\n        <div class=\"course-thumbnail\">\n            <img loading=\"lazy\" decoding=\"async\" width=\"300\" height=\"240\" src=\"https:\/\/giaodienwebsite.tgs.com.vn\/learningchain\/wp-content\/uploads\/2025\/04\/image-4.png\" class=\"attachment-full size-full wp-post-image\" alt=\"\" \/>                            <span class=\"tutor-category\"><span class=\"cham\"><\/span>Blockchain<\/span>\n                    <\/div>\n        <div class=\"course-info\">\n            <h3 class=\"course-title\">Bitcoin d\u00e0nh cho doanh nghi\u1ec7p<\/h3>\n            <p class=\"course-meta\">\n            <img decoding=\"async\" src=\"https:\/\/giaodienwebsite.tgs.com.vn\/learningchain\/wp-content\/themes\/flatsome-child\/images\/clock.png\" alt=\"\" width=\"20\">\n                17               \n                b\u00e0i h\u1ecdc <span class=\"cham-small\"><\/span> <span class=\"tutor-meta-level\"> 1<\/span><span class=\"tutor-meta-value tutor-color-secondary tutor-mr-4\"> gi\u1edd<\/span><span class=\"tutor-meta-level\"> 30<\/span><span class=\"tutor-meta-value tutor-color-secondary tutor-mr-4\"> ph\u00fat<\/span>            <\/p>\n        <\/div>\n    <\/a>\n<\/div>\n\n<div class=\"course-card\">\n    <a href=\"https:\/\/giaodienwebsite.tgs.com.vn\/learningchain\/courses\/bitcoin-danh-cho-doanh-nghiep-3-3-3\/\">\n        <div class=\"course-thumbnail\">\n            <img loading=\"lazy\" decoding=\"async\" width=\"300\" height=\"240\" src=\"https:\/\/giaodienwebsite.tgs.com.vn\/learningchain\/wp-content\/uploads\/2025\/04\/image-4.png\" class=\"attachment-full size-full wp-post-image\" alt=\"\" \/>                            <span class=\"tutor-category\"><span class=\"cham\"><\/span>Blockchain<\/span>\n                    <\/div>\n        <div class=\"course-info\">\n            <h3 class=\"course-title\">Bitcoin d\u00e0nh cho doanh nghi\u1ec7p<\/h3>\n            <p class=\"course-meta\">\n            <img decoding=\"async\" src=\"https:\/\/giaodienwebsite.tgs.com.vn\/learningchain\/wp-content\/themes\/flatsome-child\/images\/clock.png\" alt=\"\" width=\"20\">\n                17               \n                b\u00e0i h\u1ecdc <span class=\"cham-small\"><\/span> <span class=\"tutor-meta-level\"> 1<\/span><span class=\"tutor-meta-value tutor-color-secondary tutor-mr-4\"> gi\u1edd<\/span><span class=\"tutor-meta-level\"> 30<\/span><span class=\"tutor-meta-value tutor-color-secondary tutor-mr-4\"> ph\u00fat<\/span>            <\/p>\n        <\/div>\n    <\/a>\n<\/div>\n\n<div class=\"course-card\">\n    <a href=\"https:\/\/giaodienwebsite.tgs.com.vn\/learningchain\/courses\/bitcoin-danh-cho-doanh-nghiep-3-3\/\">\n        <div class=\"course-thumbnail\">\n            <img loading=\"lazy\" decoding=\"async\" width=\"300\" height=\"240\" src=\"https:\/\/giaodienwebsite.tgs.com.vn\/learningchain\/wp-content\/uploads\/2025\/04\/image-4.png\" class=\"attachment-full size-full wp-post-image\" alt=\"\" \/>                            <span class=\"tutor-category\"><span class=\"cham\"><\/span>Blockchain<\/span>\n                    <\/div>\n        <div class=\"course-info\">\n            <h3 class=\"course-title\">Bitcoin d\u00e0nh cho doanh nghi\u1ec7p<\/h3>\n            <p class=\"course-meta\">\n            <img decoding=\"async\" src=\"https:\/\/giaodienwebsite.tgs.com.vn\/learningchain\/wp-content\/themes\/flatsome-child\/images\/clock.png\" alt=\"\" width=\"20\">\n                17               \n                b\u00e0i h\u1ecdc <span class=\"cham-small\"><\/span> <span class=\"tutor-meta-level\"> 1<\/span><span class=\"tutor-meta-value tutor-color-secondary tutor-mr-4\"> gi\u1edd<\/span><span class=\"tutor-meta-level\"> 30<\/span><span class=\"tutor-meta-value tutor-color-secondary tutor-mr-4\"> ph\u00fat<\/span>            <\/p>\n        <\/div>\n    <\/a>\n<\/div>\n\n<div class=\"course-card\">\n    <a href=\"https:\/\/giaodienwebsite.tgs.com.vn\/learningchain\/courses\/bitcoin-danh-cho-doanh-nghiep-3-2-2\/\">\n        <div class=\"course-thumbnail\">\n            <img loading=\"lazy\" decoding=\"async\" width=\"300\" height=\"240\" src=\"https:\/\/giaodienwebsite.tgs.com.vn\/learningchain\/wp-content\/uploads\/2025\/04\/image-4.png\" class=\"attachment-full size-full wp-post-image\" alt=\"\" \/>                            <span class=\"tutor-category\"><span class=\"cham\"><\/span>A.I<\/span>\n                    <\/div>\n        <div class=\"course-info\">\n            <h3 class=\"course-title\">Bitcoin d\u00e0nh cho doanh nghi\u1ec7p<\/h3>\n            <p class=\"course-meta\">\n            <img decoding=\"async\" src=\"https:\/\/giaodienwebsite.tgs.com.vn\/learningchain\/wp-content\/themes\/flatsome-child\/images\/clock.png\" alt=\"\" width=\"20\">\n                17               \n                b\u00e0i h\u1ecdc <span class=\"cham-small\"><\/span> <span class=\"tutor-meta-level\"> 1<\/span><span class=\"tutor-meta-value tutor-color-secondary tutor-mr-4\"> gi\u1edd<\/span><span class=\"tutor-meta-level\"> 30<\/span><span class=\"tutor-meta-value tutor-color-secondary tutor-mr-4\"> ph\u00fat<\/span>            <\/p>\n        <\/div>\n    <\/a>\n<\/div>\n\n<div class=\"course-card\">\n    <a href=\"https:\/\/giaodienwebsite.tgs.com.vn\/learningchain\/courses\/bitcoin-danh-cho-doanh-nghiep-3-2\/\">\n        <div class=\"course-thumbnail\">\n            <img loading=\"lazy\" decoding=\"async\" width=\"300\" height=\"240\" src=\"https:\/\/giaodienwebsite.tgs.com.vn\/learningchain\/wp-content\/uploads\/2025\/04\/image-4.png\" class=\"attachment-full size-full wp-post-image\" alt=\"\" \/>                            <span class=\"tutor-category\"><span class=\"cham\"><\/span>A.I<\/span>\n                    <\/div>\n        <div class=\"course-info\">\n            <h3 class=\"course-title\">Bitcoin d\u00e0nh cho doanh nghi\u1ec7p<\/h3>\n            <p class=\"course-meta\">\n            <img decoding=\"async\" src=\"https:\/\/giaodienwebsite.tgs.com.vn\/learningchain\/wp-content\/themes\/flatsome-child\/images\/clock.png\" alt=\"\" width=\"20\">\n                17               \n                b\u00e0i h\u1ecdc <span class=\"cham-small\"><\/span> <span class=\"tutor-meta-level\"> 1<\/span><span class=\"tutor-meta-value tutor-color-secondary tutor-mr-4\"> gi\u1edd<\/span><span class=\"tutor-meta-level\"> 30<\/span><span class=\"tutor-meta-value tutor-color-secondary tutor-mr-4\"> ph\u00fat<\/span>            <\/p>\n        <\/div>\n    <\/a>\n<\/div>\n\n<div class=\"course-card\">\n    <a href=\"https:\/\/giaodienwebsite.tgs.com.vn\/learningchain\/courses\/bitcoin-danh-cho-doanh-nghiep\/\">\n        <div class=\"course-thumbnail\">\n            <img loading=\"lazy\" decoding=\"async\" width=\"300\" height=\"240\" src=\"https:\/\/giaodienwebsite.tgs.com.vn\/learningchain\/wp-content\/uploads\/2025\/04\/image-4.png\" class=\"attachment-full size-full wp-post-image\" alt=\"\" \/>                            <span class=\"tutor-category\"><span class=\"cham\"><\/span>A.I<\/span>\n                    <\/div>\n        <div class=\"course-info\">\n            <h3 class=\"course-title\">Bitcoin d\u00e0nh cho doanh nghi\u1ec7p<\/h3>\n            <p class=\"course-meta\">\n            <img decoding=\"async\" src=\"https:\/\/giaodienwebsite.tgs.com.vn\/learningchain\/wp-content\/themes\/flatsome-child\/images\/clock.png\" alt=\"\" width=\"20\">\n                17               \n                b\u00e0i h\u1ecdc <span class=\"cham-small\"><\/span> <span class=\"tutor-meta-level\"> 1<\/span><span class=\"tutor-meta-value tutor-color-secondary tutor-mr-4\"> gi\u1edd<\/span><span class=\"tutor-meta-level\"> 30<\/span><span class=\"tutor-meta-value tutor-color-secondary tutor-mr-4\"> ph\u00fat<\/span>            <\/p>\n        <\/div>\n    <\/a>\n<\/div>\n<div class=\"pagination\">\n\t<\/div>\n\t<\/div>\n<\/div>\n\n<script>\n\tdocument.addEventListener('DOMContentLoaded', function() {\n\t\t\/\/ Toggle sidebar\n\t\tconst toggleBtn = document.querySelector('.filter-toggle');\n\t\tconst wrapper = document.querySelector('.tutor-course-grid-wrapper');\n\t\tif (toggleBtn && wrapper) {\n\t\t\ttoggleBtn.addEventListener('click', function() {\n\t\t\t\twrapper.classList.toggle('has-sidebar');\n\t\t\t\twrapper.classList.toggle('no-sidebar');\n\t\t\t});\n\t\t}\n\n\t\t\/\/ AJAX filter\n\t\tconst form = document.getElementById('course-filter-form');\n\t\tconst sortSelect = document.getElementById('course-sort-select');\n\n\t\tfunction fetchCourses() {\n\t\t\tconst formData = new FormData(form);\n\n\t\t\tformData.append('action', 'filter_courses_ajax');\n\t\t\tif (sortSelect) {\n\t\t\t\tformData.append('sort', sortSelect.value);\n\t\t\t}\n\n\t\t\tfetch('https:\/\/giaodienwebsite.tgs.com.vn\/learningchain\/wp-admin\/admin-ajax.php', {\n\t\t\t\tmethod: 'POST',\n\t\t\t\tbody: formData\n\t\t\t})\n\t\t\t\t.then(res => res.text())\n\t\t\t\t.then(html => {\n\t\t\t\tconst grid = document.getElementById('ajax-course-grid');\n\t\t\t\tif (grid) {\n\t\t\t\t\tgrid.innerHTML = html;\n\t\t\t\t}\n\t\t\t\t\n\t\t\t\t\n\t\t\t});\n\t\t}\n\n\t\tif (form) {\n\t\t\tform.addEventListener('change', fetchCourses);\n\t\t}\n\t\tif (sortSelect) {\n\t\t\tsortSelect.addEventListener('change', fetchCourses);\n\t\t}\n\t});\n<\/script>\n\n\n\n\t\t<\/div>\n\t\t\t\t\t<\/div>\n\n\t\n<\/div>\n\t\t<\/div>\n\n\t\t\n<style>\n#section_264532876 {\n  padding-top: 30px;\n  padding-bottom: 30px;\n  background-color: rgb(29, 29, 29);\n}\n<\/style>\n\t<\/section>\n\t\n","protected":false},"excerpt":{"rendered":"","protected":false},"author":1,"featured_media":0,"parent":0,"menu_order":0,"comment_status":"closed","ping_status":"closed","template":"page-blank.php","meta":{"_acf_changed":false,"footnotes":""},"class_list":["post-31","page","type-page","status-publish","hentry"],"acf":[],"_links":{"self":[{"href":"https:\/\/giaodienwebsite.tgs.com.vn\/learningchain\/wp-json\/wp\/v2\/pages\/31","targetHints":{"allow":["GET"]}}],"collection":[{"href":"https:\/\/giaodienwebsite.tgs.com.vn\/learningchain\/wp-json\/wp\/v2\/pages"}],"about":[{"href":"https:\/\/giaodienwebsite.tgs.com.vn\/learningchain\/wp-json\/wp\/v2\/types\/page"}],"author":[{"embeddable":true,"href":"https:\/\/giaodienwebsite.tgs.com.vn\/learningchain\/wp-json\/wp\/v2\/users\/1"}],"replies":[{"embeddable":true,"href":"https:\/\/giaodienwebsite.tgs.com.vn\/learningchain\/wp-json\/wp\/v2\/comments?post=31"}],"version-history":[{"count":12,"href":"https:\/\/giaodienwebsite.tgs.com.vn\/learningchain\/wp-json\/wp\/v2\/pages\/31\/revisions"}],"predecessor-version":[{"id":703,"href":"https:\/\/giaodienwebsite.tgs.com.vn\/learningchain\/wp-json\/wp\/v2\/pages\/31\/revisions\/703"}],"wp:attachment":[{"href":"https:\/\/giaodienwebsite.tgs.com.vn\/learningchain\/wp-json\/wp\/v2\/media?parent=31"}],"curies":[{"name":"wp","href":"https:\/\/api.w.org\/{rel}","templated":true}]}}