{"id":408,"date":"2020-11-23T04:52:22","date_gmt":"2020-11-23T04:52:22","guid":{"rendered":"https:\/\/giaodienwebsite.tgs.com.vn\/gachmen\/?post_type=product&#038;p=408"},"modified":"2020-11-23T04:52:23","modified_gmt":"2020-11-23T04:52:23","slug":"gach-bong-xanh-40x40cm-thanh-ly-hang-ton-kho","status":"publish","type":"product","link":"https:\/\/giaodienwebsite.tgs.com.vn\/gachmen\/san-pham\/gach-bong-xanh-40x40cm-thanh-ly-hang-ton-kho\/","title":{"rendered":"G\u1ea1ch b\u00f4ng xanh 40x40cm thanh l\u00fd h\u00e0ng t\u1ed3n kho"},"content":{"rendered":"<div id=\"main_dm_product\">\n<div class=\"main_prouduct_dm\">\n<div class=\"block_content_detail\">\n<div class=\"show-pro\">\n<div id=\"container1\">\n<div id=\"tab_detail\">\n<div id=\"tabs\">\n<div id=\"tab-1\">\n<div class=\"info-content\">\n<p>G\u1ea1ch b\u00f4ng xanh 40&#215;40 thanh l\u00fd t\u1ed3n kho gi\u00e1 ch\u1ec9 65000\/th\u00f9ng&#8230; v\u00e0 c\u00f2n nhi\u1ec1u m\u1eabu m\u00e3 kh\u00e1c<\/p>\n<p>&nbsp;<\/p>\n<\/div>\n<\/div>\n<\/div>\n<\/div>\n<\/div>\n<div class=\"clear\"><\/div>\n<\/div>\n<\/div>\n<\/div>\n<\/div>\n<div class=\"wap_sp\">\n<div class=\"title_index\">\n<div class=\"title_c\"><\/div>\n<\/div>\n<\/div>\n","protected":false},"excerpt":{"rendered":"<p>G\u1ea1ch b\u00f4ng xanh 40&#215;40 thanh l\u00fd t\u1ed3n kho gi\u00e1 ch\u1ec9 65000\/th\u00f9ng&#8230; v\u00e0 c\u00f2n nhi\u1ec1u m\u1eabu m\u00e3 kh\u00e1c<\/p>\n","protected":false},"featured_media":409,"comment_status":"open","ping_status":"closed","template":"","meta":[],"_links":{"self":[{"href":"https:\/\/giaodienwebsite.tgs.com.vn\/gachmen\/wp-json\/wp\/v2\/product\/408"}],"collection":[{"href":"https:\/\/giaodienwebsite.tgs.com.vn\/gachmen\/wp-json\/wp\/v2\/product"}],"about":[{"href":"https:\/\/giaodienwebsite.tgs.com.vn\/gachmen\/wp-json\/wp\/v2\/types\/product"}],"replies":[{"embeddable":true,"href":"https:\/\/giaodienwebsite.tgs.com.vn\/gachmen\/wp-json\/wp\/v2\/comments?post=408"}],"wp:featuredmedia":[{"embeddable":true,"href":"https:\/\/giaodienwebsite.tgs.com.vn\/gachmen\/wp-json\/wp\/v2\/media\/409"}],"wp:attachment":[{"href":"https:\/\/giaodienwebsite.tgs.com.vn\/gachmen\/wp-json\/wp\/v2\/media?parent=408"}],"curies":[{"name":"wp","href":"https:\/\/api.w.org\/{rel}","templated":true}]}}