{"id":404,"date":"2020-11-23T04:48:49","date_gmt":"2020-11-23T04:48:49","guid":{"rendered":"https:\/\/giaodienwebsite.tgs.com.vn\/gachmen\/?post_type=product&#038;p=404"},"modified":"2020-11-23T04:48:49","modified_gmt":"2020-11-23T04:48:49","slug":"gach-bong-40x40cm-xam-mon-loai-a","status":"publish","type":"product","link":"https:\/\/giaodienwebsite.tgs.com.vn\/gachmen\/san-pham\/gach-bong-40x40cm-xam-mon-loai-a\/","title":{"rendered":"G\u1ea1ch b\u00f4ng 40x40cm x\u00e1m m\u00f4n lo\u1ea1i A"},"content":{"rendered":"<div id=\"main_dm_product\">\n<div class=\"main_prouduct_dm\">\n<div class=\"block_content_detail\">\n<div class=\"show-pro\">\n<div id=\"container1\">\n<div id=\"tab_detail\">\n<div id=\"tabs\">\n<div id=\"tab-1\">\n<div class=\"info-content\">\n<p>G\u1ea1ch b\u00f4ng 40&#215;40 x\u00e1m khoai m\u00f4n lo\u1ea1i A gi\u00e1 6800\/th\u00f9ng = 0,96m2<\/p>\n<p>&nbsp;<\/p>\n<\/div>\n<\/div>\n<\/div>\n<\/div>\n<\/div>\n<div class=\"clear\"><\/div>\n<\/div>\n<\/div>\n<\/div>\n<\/div>\n<div class=\"wap_sp\">\n<div class=\"title_index\">\n<div class=\"title_c\"><\/div>\n<\/div>\n<\/div>\n","protected":false},"excerpt":{"rendered":"<p>G\u1ea1ch b\u00f4ng 40&#215;40 x\u00e1m khoai m\u00f4n lo\u1ea1i A gi\u00e1 6800\/th\u00f9ng = 0,96m2<\/p>\n","protected":false},"featured_media":405,"comment_status":"open","ping_status":"closed","template":"","meta":[],"_links":{"self":[{"href":"https:\/\/giaodienwebsite.tgs.com.vn\/gachmen\/wp-json\/wp\/v2\/product\/404"}],"collection":[{"href":"https:\/\/giaodienwebsite.tgs.com.vn\/gachmen\/wp-json\/wp\/v2\/product"}],"about":[{"href":"https:\/\/giaodienwebsite.tgs.com.vn\/gachmen\/wp-json\/wp\/v2\/types\/product"}],"replies":[{"embeddable":true,"href":"https:\/\/giaodienwebsite.tgs.com.vn\/gachmen\/wp-json\/wp\/v2\/comments?post=404"}],"wp:featuredmedia":[{"embeddable":true,"href":"https:\/\/giaodienwebsite.tgs.com.vn\/gachmen\/wp-json\/wp\/v2\/media\/405"}],"wp:attachment":[{"href":"https:\/\/giaodienwebsite.tgs.com.vn\/gachmen\/wp-json\/wp\/v2\/media?parent=404"}],"curies":[{"name":"wp","href":"https:\/\/api.w.org\/{rel}","templated":true}]}}