{"id":133,"date":"2020-11-19T09:51:00","date_gmt":"2020-11-19T09:51:00","guid":{"rendered":"https:\/\/giaodienwebsite.tgs.com.vn\/gachmen\/?post_type=product&#038;p=133"},"modified":"2020-11-19T09:51:00","modified_gmt":"2020-11-19T09:51:00","slug":"gach-lat-nen-40x40-bong-xam-khoai-mon-chinh-pham-loai-i","status":"publish","type":"product","link":"https:\/\/giaodienwebsite.tgs.com.vn\/gachmen\/san-pham\/gach-lat-nen-40x40-bong-xam-khoai-mon-chinh-pham-loai-i\/","title":{"rendered":"G\u1ea1ch l\u00e1t n\u1ec1n 40&#215;40 b\u00f4ng x\u00e1m khoai m\u00f4n ch\u00ednh ph\u1ea9m lo\u1ea1i I"},"content":{"rendered":"<p>G\u1ea1ch l\u00e1t n\u1ec1n 40&#215;40 b\u00f4ng x\u00e1m khoai m\u00f4n chinh ph\u1ea9m lo\u1ea1i I<\/p>\n","protected":false},"excerpt":{"rendered":"<p>G\u1ea1ch l\u00e1t n\u1ec1n 40&#215;40 b\u00f4ng x\u00e1m khoai m\u00f4n chinh ph\u1ea9m lo\u1ea1i I<\/p>\n","protected":false},"featured_media":134,"comment_status":"open","ping_status":"closed","template":"","meta":[],"_links":{"self":[{"href":"https:\/\/giaodienwebsite.tgs.com.vn\/gachmen\/wp-json\/wp\/v2\/product\/133"}],"collection":[{"href":"https:\/\/giaodienwebsite.tgs.com.vn\/gachmen\/wp-json\/wp\/v2\/product"}],"about":[{"href":"https:\/\/giaodienwebsite.tgs.com.vn\/gachmen\/wp-json\/wp\/v2\/types\/product"}],"replies":[{"embeddable":true,"href":"https:\/\/giaodienwebsite.tgs.com.vn\/gachmen\/wp-json\/wp\/v2\/comments?post=133"}],"wp:featuredmedia":[{"embeddable":true,"href":"https:\/\/giaodienwebsite.tgs.com.vn\/gachmen\/wp-json\/wp\/v2\/media\/134"}],"wp:attachment":[{"href":"https:\/\/giaodienwebsite.tgs.com.vn\/gachmen\/wp-json\/wp\/v2\/media?parent=133"}],"curies":[{"name":"wp","href":"https:\/\/api.w.org\/{rel}","templated":true}]}}