{"id":113,"date":"2020-11-19T09:36:05","date_gmt":"2020-11-19T09:36:05","guid":{"rendered":"https:\/\/giaodienwebsite.tgs.com.vn\/gachmen\/?post_type=product&#038;p=113"},"modified":"2020-11-19T09:36:05","modified_gmt":"2020-11-19T09:36:05","slug":"da-bong-kieng-sale-cat-lo-ton-kho-du-loai-1-2-3-gia-tu-95000-den-145000","status":"publish","type":"product","link":"https:\/\/giaodienwebsite.tgs.com.vn\/gachmen\/san-pham\/da-bong-kieng-sale-cat-lo-ton-kho-du-loai-1-2-3-gia-tu-95000-den-145000\/","title":{"rendered":"\u0110\u00e1 b\u00f3ng ki\u1ebfng sale, c\u1eaft l\u00f4, t\u00f4n kho \u0111\u1ee7 lo\u1ea1i 1-2-3 gi\u00e1 t\u1eeb 95000 \u0111\u1ebfn 145000"},"content":{"rendered":"<p>Lu\u00f4n lu\u00f4n c\u00f3 \u0111\u00e1 b\u00f3ng ki\u1ebfng h\u00e0ng lo\u1ea1i 1-2-3, h\u00e0ng sale, t\u1ed3n kho, c\u1eaft l\u00f4 gi\u00e1 t\u1eeb 95000 &gt;145000\/m2<\/p>\n","protected":false},"excerpt":{"rendered":"<p>Lu\u00f4n lu\u00f4n c\u00f3 \u0111\u00e1 b\u00f3ng ki\u1ebfng h\u00e0ng lo\u1ea1i 1-2-3, h\u00e0ng sale, t\u1ed3n kho, c\u1eaft l\u00f4 gi\u00e1 t\u1eeb 95000 &gt;145000\/m2<\/p>\n","protected":false},"featured_media":114,"comment_status":"open","ping_status":"closed","template":"","meta":[],"_links":{"self":[{"href":"https:\/\/giaodienwebsite.tgs.com.vn\/gachmen\/wp-json\/wp\/v2\/product\/113"}],"collection":[{"href":"https:\/\/giaodienwebsite.tgs.com.vn\/gachmen\/wp-json\/wp\/v2\/product"}],"about":[{"href":"https:\/\/giaodienwebsite.tgs.com.vn\/gachmen\/wp-json\/wp\/v2\/types\/product"}],"replies":[{"embeddable":true,"href":"https:\/\/giaodienwebsite.tgs.com.vn\/gachmen\/wp-json\/wp\/v2\/comments?post=113"}],"wp:featuredmedia":[{"embeddable":true,"href":"https:\/\/giaodienwebsite.tgs.com.vn\/gachmen\/wp-json\/wp\/v2\/media\/114"}],"wp:attachment":[{"href":"https:\/\/giaodienwebsite.tgs.com.vn\/gachmen\/wp-json\/wp\/v2\/media?parent=113"}],"curies":[{"name":"wp","href":"https:\/\/api.w.org\/{rel}","templated":true}]}}