{"id":111,"date":"2020-11-19T09:33:51","date_gmt":"2020-11-19T09:33:51","guid":{"rendered":"https:\/\/giaodienwebsite.tgs.com.vn\/gachmen\/?post_type=product&#038;p=111"},"modified":"2020-11-19T09:33:51","modified_gmt":"2020-11-19T09:33:51","slug":"gach-lat-nen-va-op-tuong-hang-sale-cat-lo-ton-kho-loai-1-2-3","status":"publish","type":"product","link":"https:\/\/giaodienwebsite.tgs.com.vn\/gachmen\/san-pham\/gach-lat-nen-va-op-tuong-hang-sale-cat-lo-ton-kho-loai-1-2-3\/","title":{"rendered":"G\u1ea1ch l\u00e1t n\u1ec1n v\u00e0 \u1ed1p t\u01b0\u1eddng h\u00e0ng sale, c\u1eaft l\u00f4, t\u1ed3n kho lo\u1ea1i 1-2-3"},"content":{"rendered":"<p>Ch\u00fang t\u00f4i lu\u00f4n lu\u00f4n c\u00f3 c\u00e1c lo\u1ea1i g\u1ea1ch l\u00e1t n\u1ec1n v\u00e0 \u1ed1p t\u01b0\u1eddng h\u00e0ng sale, c\u1eaft l\u00f4,t\u1ed3n kho lo\u1ea1i 1-2-3&#8230; c\u00e1c lo\u1ea1i. Gi\u00e1 t\u1eeb 58000\u0111\u1ed3ng \u0111\u1ebfn 62000 \u0111\u1ed3ng\/kg.<\/p>\n","protected":false},"excerpt":{"rendered":"<p>Ch\u00fang t\u00f4i lu\u00f4n lu\u00f4n c\u00f3 c\u00e1c lo\u1ea1i g\u1ea1ch l\u00e1t n\u1ec1n v\u00e0 \u1ed1p t\u01b0\u1eddng h\u00e0ng sale, c\u1eaft l\u00f4,t\u1ed3n kho lo\u1ea1i 1-2-3&#8230; c\u00e1c lo\u1ea1i<\/p>\n","protected":false},"featured_media":112,"comment_status":"open","ping_status":"closed","template":"","meta":[],"_links":{"self":[{"href":"https:\/\/giaodienwebsite.tgs.com.vn\/gachmen\/wp-json\/wp\/v2\/product\/111"}],"collection":[{"href":"https:\/\/giaodienwebsite.tgs.com.vn\/gachmen\/wp-json\/wp\/v2\/product"}],"about":[{"href":"https:\/\/giaodienwebsite.tgs.com.vn\/gachmen\/wp-json\/wp\/v2\/types\/product"}],"replies":[{"embeddable":true,"href":"https:\/\/giaodienwebsite.tgs.com.vn\/gachmen\/wp-json\/wp\/v2\/comments?post=111"}],"wp:featuredmedia":[{"embeddable":true,"href":"https:\/\/giaodienwebsite.tgs.com.vn\/gachmen\/wp-json\/wp\/v2\/media\/112"}],"wp:attachment":[{"href":"https:\/\/giaodienwebsite.tgs.com.vn\/gachmen\/wp-json\/wp\/v2\/media?parent=111"}],"curies":[{"name":"wp","href":"https:\/\/api.w.org\/{rel}","templated":true}]}}