{"id":555,"date":"2019-07-15T17:44:01","date_gmt":"2019-07-15T10:44:01","guid":{"rendered":"https:\/\/giaodienwebsite.tgs.com.vn\/cuanhom\/?post_type=product&#038;p=555"},"modified":"2019-07-15T18:03:28","modified_gmt":"2019-07-15T11:03:28","slug":"cua-kinh-thuy-luc-mo-xoay-cao-cap-1","status":"publish","type":"product","link":"https:\/\/giaodienwebsite.tgs.com.vn\/cuanhom\/san-pham\/cua-kinh-thuy-luc-mo-xoay-cao-cap-1\/","title":{"rendered":"C\u1eeda k\u00ednh th\u1ee7y l\u1ef1c m\u1edf xoay cao c\u1ea5p 1"},"content":{"rendered":"<p>C\u1eeda th\u1ee7y l\u1ef1c 1 c\u00e1nh k\u1ebft h\u1ee3p v\u1edbi v\u00e1ch k\u00ednh c\u1ed1\u00a0\u0111\u1ecbnh b\u00ean c\u1ea1nh v\u00e0 v\u00e1ch k\u00ednh b\u00ean tr\u00ean t\u1ea1o l\u00ean 1 kh\u00f4ng gian m\u1edf cho ng\u00f4i nh\u00e0 c\u1ee7a b\u1ea1n m\u00e0 v\u1eabn\u00a0\u0111\u1ea3m b\u1ea3o\u00a0\u0111\u01b0\u1ee3c\u00a0\u0111\u1ed9 k\u00edn c\u00e1ch \u00a0\u00e2m c\u00e1ch nhi\u1ec7t t\u1ed1t nh\u1ea5t.<br \/>\nChi\u1ec1u r\u1ed9ng c\u1ee7a c\u00e1nh c\u1eeda th\u1ee7y l\u1ef1c l\u00e0 1500 mm , chi\u1ec1u cao l\u00e0 2320mm\u00a0\u0111\u00e2y l\u00e0 b\u1ed9 c\u1eeda c\u00f3 c\u00e1nh r\u1ea5t to\u00a0\u0111\u1ea3m b\u1ea3o y\u00eau c\u1ea7u k\u1ef9 thu\u1eadt t\u1ed1t m\u1edbi c\u00f3 th\u1ec3 thi c\u00f4ng l\u1eafp\u00a0\u0111\u1eb7t\u00a0\u0111\u01b0\u1ee3c, h\u01a1n n\u1eefa b\u1ea1n ph\u1ea3i ch\u1ecdn cho\u00a0\u0111\u01b0\u1ee3c lo\u1ea1i ph\u1ee5 ki\u1ec7n ph\u00f9 h\u1ee3p v\u1edbi t\u1ea3i tr\u1ecdng c\u1ee7a c\u00e1nh c\u1eeda\u00a0\u0111\u1ec3\u00a0\u0111\u1ea3m b\u00e0o cho\u00a0\u0111\u1ed9 an to\u00e0n cao v\u00e0\u00a0\u0111\u1ed9 b\u1ec1n b\u1ec9\u00a0\u0111\u01b0\u1ee3c l\u00e2u.<\/p>\n<p>V\u00e1ch d\u1ef1ng k\u00ednh th\u01b0\u1eddng \u0111\u01b0\u1ee3c s\u1eed d\u1ee5ng trong c\u00e1c c\u00f4ng tr\u00ecnh t\u00f2a nh\u00e0 cao t\u1ea7ng d\u00f9ng \u0111\u1ec3 l\u00e0m v\u0103n ph\u00f2ng hay c\u00e1c cao \u1ed1c, n\u1ebfu nh\u01b0 vi\u1ec7c s\u1eed d\u1ee5ng c\u00e1c c\u1eeda k\u00ednh th\u00f4ng th\u01b0\u1eddng s\u1ebd l\u00e0m x\u1ea5u \u0111i h\u00ecnh \u1ea3nh t\u00f2a nh\u00e0 v\u00e0 kh\u00f4ng th\u1ec3 hi\u1ec7n t\u00ednh chuy\u00ean nghi\u1ec7p c\u1ee7a c\u00f4ng tr\u00ecnh, V\u1edbi kh\u1ea3 n\u0103ng ch\u1ecbu \u0111\u1ed9 b\u1ec1n cao, th\u1ea9m m\u1ef9 \u0111\u1eb9p, h\u1ec7 d\u1ef1ng k\u00ednh th\u1eadt s\u1ef1 mang l\u1ea1i gi\u00e1 tr\u1ecb th\u1ea9m m\u1ef9 cao cho ng\u1eddi s\u1eed d\u1ee5ng.<\/p>\n<h2><strong>4. M\u00e1i k\u00ednh<\/strong><\/h2>\n<p>Hi\u1ec7n nay xu h\u01b0\u1edbng s\u1eed d\u1ee5ng m\u00e1i k\u00ednh cho c\u00e1c c\u00f4ng tr\u00ecnh nh\u00e0 ri\u00eang r\u1ea5t nhi\u1ec1u, m\u00e1i k\u00ednh l\u00e0 n\u01a1i m\u00e0 ng\u01b0\u1eddi s\u1eed d\u1ee5ng mu\u1ed1n l\u1ea5y \u00e1nh s\u00e1ng t\u1ef1 nhi\u00ean b\u00ea ngo\u00e0i v\u00e0o, th\u00f4ng th\u01b0\u1eddng nh\u1eefng m\u00e1i k\u00ednh th\u00ec ng\u01b0\u1eddi ta s\u1ebd s\u1eed d\u1ee5ng h\u1ec7\u00a0<strong>k\u00ednh c\u01b0\u1eddng l\u1ef1c<\/strong>\u00a0(temper glassed)<\/p>\n<p>M\u00e1i k\u00ednh th\u00f4ng th\u01b0\u1eddng \u0111\u01b0\u1ee3c \u0111\u1eb7t tr\u00ean ph\u00f2ng tr\u00ean c\u00f9ng \u0111\u1ec3 l\u1ea5y \u00e1nh s\u00e1ng, ho\u1eb7c c\u0169ng c\u00f3 th\u1ec3 l\u00e0m \u1edf ngo\u00e0i s\u00e2n v\u01b0\u1eddn \u0111\u1ec3 che m\u01b0a \u1edf nh\u01b0ng n\u01a1i ng\u1ed3i h\u00f3ng m\u00e1t.<\/p>\n<h2><strong>5. T\u1ee7 \u0111\u1ef1ng \u0111\u1ed3 b\u1eb1ng nh\u00f4m k\u00ednh<\/strong><\/h2>\n<p>Th\u1eadt ti\u1ec7n l\u1ee3i khi s\u1eed d\u1ee5ng h\u1ec7 t\u1ee7 \u0111\u1ed3 b\u1eb1ng nh\u00f4m k\u00ednh, ch\u1eb3ng h\u1ea1n nh\u01b0 t\u1ee7 thu\u1ed1c, t\u1ee7 k\u1ec7 ch\u1ee9a \u0111i\u1ec7n tho\u1ea1i, hay c\u00e1c t\u1ee7 k\u1ec7 cho c\u00e1c c\u1eeda h\u00e0ng th\u1eddi trang. V\u1edbi s\u1ea3n ph\u1ea9m n\u00e0y kh\u00e1ch h\u00e0ng c\u00f3 th\u1ec3 y\u00ean t\u00e2m s\u1eed d\u1ee5ng m\u00e0 kh\u00f4ng lo b\u1ecb \u1ea9m m\u1ed1c, cong v\u00eanh hay m\u1ed1i m\u1ecdt nh\u01b0 c\u00e1c s\u1ea3n ph\u1ea9m g\u1ed7 th\u00f4ng th\u01b0\u1eddng, M\u1ed9t \u01b0u \u0111i\u1ec3m n\u1eefa khi s\u1eed d\u1ee5ng t\u1ee7 nh\u00f4m k\u00ednh l\u00e0 gi\u00e1 th\u00e0nh r\u1ebb h\u01a1n r\u1ea5t nhi\u1ec1u so v\u1edbi s\u1ea3n ph\u1ea9m l\u00e0m t\u1eeb c\u00e1c ch\u1ea5t li\u1ec7u kh\u00e1c v\u00e0 \u0111\u1ed9 b\u1ec1n th\u1eadm ch\u00ed c\u00f2n h\u01a1n h\u1eb3n.<\/p>\n<p>C\u00f2n r\u1ea5t nhi\u1ec1u s\u1ea3n ph\u1ea9m t\u1eeb nh\u00f4m k\u00ednh kh\u00e1c m\u00e0 ch\u00fang t\u00f4i ch\u01b0a th\u1ec3 gi\u1edbi thi\u1ec7u trong b\u00e0i vi\u1ebft n\u00e0y ngay \u0111\u01b0\u1ee3c, qu\u00fd kh\u00e1ch n\u00e0o c\u00f3 nh\u1eefng \u00fd t\u01b0\u1edfng v\u00e0 gi\u1ea3i ph\u00e1p mu\u1ed1n s\u1eed d\u1ee5ng h\u1ec7 nh\u00f4m k\u00ednh cho kh\u00f4ng gian gia \u0111\u00ecnh m\u00ecnh c\u00f3 th\u1ec3 li\u00ean h\u1ec7 v\u1edbi ch\u00fang t\u00f4i, ch\u00fang t\u00f4i s\u1ebd \u0111\u1ebfn t\u1eadn n\u01a1i \u0111\u1ec3 t\u01b0 v\u1ea5n v\u00e0 \u0111\u01b0a gia \u00fd t\u01b0\u1edfng k\u1ebft h\u1ee3p c\u00f9ng v\u1edbi t\u00ednh n\u0103ng h\u1ee3p l\u00fd.<\/p>\n","protected":false},"excerpt":{"rendered":"<p>Chi\u1ec1u r\u1ed9ng c\u1ee7a c\u00e1nh c\u1eeda th\u1ee7y l\u1ef1c l\u00e0 1500 mm , chi\u1ec1u cao l\u00e0 2320mm \u0111\u00e2y l\u00e0 b\u1ed9 c\u1eeda c\u00f3 c\u00e1nh r\u1ea5t to \u0111\u1ea3m b\u1ea3o y\u00eau c\u1ea7u k\u1ef9 thu\u1eadt t\u1ed1t m\u1edbi c\u00f3 th\u1ec3 thi c\u00f4ng l\u1eafp \u0111\u1eb7t \u0111\u01b0\u1ee3c, h\u01a1n n\u1eefa b\u1ea1n ph\u1ea3i ch\u1ecdn cho \u0111\u01b0\u1ee3c lo\u1ea1i ph\u1ee5 ki\u1ec7n ph\u00f9 h\u1ee3p v\u1edbi t\u1ea3i tr\u1ecdng c\u1ee7a c\u00e1nh c\u1eeda \u0111\u1ec3 \u0111\u1ea3m b\u00e0o cho \u0111\u1ed9 an to\u00e0n cao v\u00e0 \u0111\u1ed9 b\u1ec1n b\u1ec9 \u0111\u01b0\u1ee3c l\u00e2u.<\/p>\n","protected":false},"featured_media":556,"comment_status":"open","ping_status":"closed","template":"","meta":[],"_links":{"self":[{"href":"https:\/\/giaodienwebsite.tgs.com.vn\/cuanhom\/wp-json\/wp\/v2\/product\/555"}],"collection":[{"href":"https:\/\/giaodienwebsite.tgs.com.vn\/cuanhom\/wp-json\/wp\/v2\/product"}],"about":[{"href":"https:\/\/giaodienwebsite.tgs.com.vn\/cuanhom\/wp-json\/wp\/v2\/types\/product"}],"replies":[{"embeddable":true,"href":"https:\/\/giaodienwebsite.tgs.com.vn\/cuanhom\/wp-json\/wp\/v2\/comments?post=555"}],"wp:featuredmedia":[{"embeddable":true,"href":"https:\/\/giaodienwebsite.tgs.com.vn\/cuanhom\/wp-json\/wp\/v2\/media\/556"}],"wp:attachment":[{"href":"https:\/\/giaodienwebsite.tgs.com.vn\/cuanhom\/wp-json\/wp\/v2\/media?parent=555"}],"curies":[{"name":"wp","href":"https:\/\/api.w.org\/{rel}","templated":true}]}}