{"id":73,"date":"2019-07-08T10:30:18","date_gmt":"2019-07-08T03:30:18","guid":{"rendered":"https:\/\/giaodienwebsite.tgs.com.vn\/cuanhom\/?page_id=73"},"modified":"2019-07-09T16:54:34","modified_gmt":"2019-07-09T09:54:34","slug":"bang-gia","status":"publish","type":"page","link":"https:\/\/giaodienwebsite.tgs.com.vn\/cuanhom\/bang-gia\/","title":{"rendered":"B\u1ea3ng gi\u00e1"},"content":{"rendered":"<table style=\"border-collapse: separate; width: 100%;\" border=\"2\">\n<tbody>\n<tr style=\"height: 21px;\">\n<td style=\"text-align: center; height: 21px;\" width=\"49\"><strong>STT<\/strong><\/td>\n<td style=\"text-align: center; height: 21px;\" width=\"416\"><strong>CH\u1ee6NG LO\u1ea0I<\/strong><\/td>\n<td style=\"text-align: center; height: 21px;\" width=\"67\"><strong>\u0110VT<\/strong><\/td>\n<td style=\"text-align: center; height: 21px;\" width=\"72\"><strong>\u0110\u01a0N GI\u00c1<\/strong><\/td>\n<\/tr>\n<tr style=\"height: 21px;\">\n<td style=\"height: 21px; text-align: center;\" width=\"49\"><strong>A<\/strong><\/td>\n<td style=\"text-align: center; height: 21px;\" colspan=\"3\" width=\"555\"><strong>B\u00c1O GI\u00c1 C\u1eecA NH\u00d4M VI\u1ec6T PH\u00c1P<\/strong><\/td>\n<\/tr>\n<tr style=\"height: 21px;\">\n<td style=\"height: 42px; text-align: center;\" rowspan=\"2\" width=\"49\">1<\/td>\n<td style=\"height: 21px;\" width=\"416\"><strong><u>C\u1eeda s\u1ed5 tr\u01b0\u1ee3t 2 c\u00e1nh: <\/u><\/strong>khung nh\u00f4m h\u1ec7 2600, k\u00ednh d\u00e1n an to\u00e0n tr\u1eafng trong 6.38mm, keo v\u00edt, ho\u00e0n thi\u1ec7n<\/td>\n<td style=\"height: 21px; text-align: center;\" width=\"67\">M2<\/td>\n<td style=\"height: 21px; text-align: right;\" width=\"72\">1.200.000<\/td>\n<\/tr>\n<tr style=\"height: 21px;\">\n<td style=\"height: 21px;\" width=\"416\">Ph\u1ee5 ki\u1ec7n c\u1eeda tr\u01b0\u1ee3t 2 c\u00e1nh: b\u00e1nh xe tr\u01b0\u1ee3t, ch\u1ed1t s\u00f2, ch\u1ed1ng nh\u1ea5c..<\/td>\n<td style=\"height: 21px; text-align: center;\" width=\"67\">B\u1ed9<\/td>\n<td style=\"height: 21px;\" width=\"72\">250.000<\/td>\n<\/tr>\n<tr style=\"height: 42px;\">\n<td style=\"height: 63px; text-align: center;\" rowspan=\"2\" width=\"49\">2<\/td>\n<td style=\"height: 42px;\" width=\"416\"><strong><u>C\u1eeda s\u1ed5 m\u1edf quay 1 c\u00e1nh:<\/u><\/strong> khung nh\u00f4m h\u1ec7 4400 Vi\u1ec7t Ph\u00e1p, k\u00ednh d\u00e1n an to\u00e0n 6.38mm, keo, v\u00edt, l\u1eafp \u0111\u1eb7t ho\u00e0n thi\u1ec7n<\/td>\n<td style=\"height: 42px; text-align: center;\" width=\"67\">M2<\/td>\n<td style=\"height: 42px; text-align: right;\" width=\"72\">1.250.000<\/td>\n<\/tr>\n<tr style=\"height: 21px;\">\n<td style=\"height: 21px;\" width=\"416\">Ph\u1ee5 ki\u1ec7n c\u1eeda s\u1ed5 m\u1edf quay 1 c\u00e1nh: b\u1ea3n l\u1ec1 ch\u1eef A, tay cai<\/td>\n<td style=\"height: 21px; text-align: center;\" width=\"67\">B\u1ed9<\/td>\n<td style=\"height: 21px; text-align: right;\" width=\"72\">200.000<\/td>\n<\/tr>\n<tr style=\"height: 42px;\">\n<td style=\"height: 63px; text-align: center;\" rowspan=\"2\" width=\"49\">3<\/td>\n<td style=\"height: 42px;\" width=\"416\"><strong><u>C\u1eeda s\u1ed5 m\u1edf h\u1ea5t 1 c\u00e1nh<\/u><\/strong>: khung nh\u00f4m h\u1ec7 4400 Vi\u1ec7t Ph\u00e1p, k\u00ednh d\u00e1n an to\u00e0n 6.38mm, keo, v\u00edt, l\u1eafp \u0111\u1eb7t ho\u00e0n thi\u1ec7n<\/td>\n<td style=\"height: 42px; text-align: center;\" width=\"67\">M2<\/td>\n<td style=\"height: 42px; text-align: right;\" width=\"72\">1.250.000<\/td>\n<\/tr>\n<tr style=\"height: 21px;\">\n<td style=\"height: 21px;\" width=\"416\">Ph\u1ee5 ki\u1ec7n c\u1eeda s\u1ed5 m\u1edf quay 1 c\u00e1nh: b\u1ea3n l\u1ec1 ch\u1eef A, tay c\u00e0i, ch\u1ed1ng sao<\/td>\n<td style=\"height: 21px; text-align: center;\" width=\"67\">B\u1ed9<\/td>\n<td style=\"height: 21px; text-align: right;\" width=\"72\">250.000<\/td>\n<\/tr>\n<tr style=\"height: 21px;\">\n<td style=\"height: 42px; text-align: center;\" rowspan=\"2\" width=\"49\">4<\/td>\n<td style=\"height: 21px;\" width=\"416\"><strong><u>C\u1eeda \u0111i 1 c\u00e1nh m\u1edf quay<\/u><\/strong>: khung nh\u00f4m h\u1ec7 450, k\u00ednh an to\u00e0n 6.38mm, keo v\u00edt, l\u1eafp \u0111\u1eb7t ho\u00e0n thi\u1ec7n<\/td>\n<td style=\"height: 21px; text-align: center;\" width=\"67\">M2<\/td>\n<td style=\"height: 21px; text-align: right;\" width=\"72\">1.400.000<\/td>\n<\/tr>\n<tr style=\"height: 21px;\">\n<td style=\"height: 21px;\" width=\"416\">Ph\u1ee5 ki\u1ec7n c\u1eeda \u0111i 1 c\u00e1nh : kh\u00f3a tay g\u1ea1t, b\u1ea3n l\u1ec1 c\u1ed1i<\/td>\n<td style=\"height: 21px; text-align: center;\" width=\"67\">B\u1ed9<\/td>\n<td style=\"height: 21px; text-align: right;\" width=\"72\">550.000<\/td>\n<\/tr>\n<tr style=\"height: 42px;\">\n<td style=\"height: 63px; text-align: center;\" rowspan=\"2\" width=\"49\">5<\/td>\n<td style=\"height: 42px;\" width=\"416\"><strong><u>C\u1eeda \u0111i tr\u01b0\u1ee3t 2 c\u00e1nh<\/u><\/strong>: khung nh\u00f4m h\u1ec7 2600 Vi\u1ec7t Ph\u00e1p, k\u00ednh d\u00e1n 6.38mm tr\u1eafng trong, keo, v\u00edt, l\u1eafp \u0111\u1eb7t ho\u00e0n thi\u1ec7n.<\/td>\n<td style=\"height: 42px; text-align: center;\" width=\"67\">M2<\/td>\n<td style=\"height: 42px; text-align: right;\" width=\"72\">1.200.000<\/td>\n<\/tr>\n<tr style=\"height: 21px;\">\n<td style=\"height: 21px;\" width=\"416\">Ph\u1ee5 ki\u1ec7n c\u1eeda \u0111i tr\u01b0\u1ee3t 2 c\u00e1nh: ch\u1ed1t \u00e2m, b\u00e1nh xe tr\u01b0\u1ee3t<\/td>\n<td style=\"height: 21px; text-align: center;\" width=\"67\">B\u1ed9<\/td>\n<td style=\"height: 21px; text-align: right;\" width=\"72\">250.000<\/td>\n<\/tr>\n<tr style=\"height: 21px;\">\n<td style=\"height: 21px; text-align: center;\" width=\"49\">6<\/td>\n<td style=\"height: 21px;\" width=\"416\"><strong><u>V\u00e1ch c\u1ed1 \u0111\u1ecbnh:<\/u><\/strong> khung nh\u00f4m h\u1ec7 4400 Vi\u1ec7t ph\u00e1p, k\u00ednh d\u00e1n an to\u00e0n 6.38mm tr\u1eafng trong, v\u00edt, keo, ho\u00e0n thi\u1ec7n.<\/td>\n<td style=\"height: 21px; text-align: center;\" width=\"67\">M2<\/td>\n<td style=\"height: 21px; text-align: right;\" width=\"72\">1.000.000<\/td>\n<\/tr>\n<tr style=\"height: 21px;\">\n<td style=\"height: 21px; text-align: center;\" width=\"49\"><strong>B<\/strong><\/td>\n<td style=\"text-align: center; height: 21px;\" colspan=\"3\" width=\"555\"><strong>B\u00c1O GI\u00c1 C\u1eecA NH\u00d4M XINGFA<\/strong><\/td>\n<\/tr>\n<tr style=\"height: 42px;\">\n<td style=\"height: 63px; text-align: center;\" rowspan=\"2\" width=\"49\">1<\/td>\n<td style=\"height: 42px;\" width=\"416\"><strong><u>C\u1eeda s\u1ed5 tr\u01b0\u1ee3t 2 c\u00e1nh Xingfa: <\/u><\/strong>khung nh\u00f4m h\u1ec7 93 Xingfa, k\u00ednh d\u00e1n an to\u00e0n tr\u1eafng trong 6.38mm, keo v\u00edt, ho\u00e0n thi\u1ec7n<\/td>\n<td style=\"height: 42px; text-align: center;\" width=\"67\">M2<\/td>\n<td style=\"height: 42px; text-align: right;\" width=\"72\">1.600.000<\/td>\n<\/tr>\n<tr style=\"height: 21px;\">\n<td style=\"height: 21px;\" width=\"416\">Ph\u1ee5 ki\u1ec7n c\u1eeda tr\u01b0\u1ee3t 2 c\u00e1nh (Kinlong): b\u00e1nh xe tr\u01b0\u1ee3t, ch\u1ed1t \u00e2m t\u1ef1 s\u1eadp..<\/td>\n<td style=\"height: 21px; text-align: center;\" width=\"67\">B\u1ed9<\/td>\n<td style=\"height: 21px; text-align: right;\" width=\"72\">350.000<\/td>\n<\/tr>\n<tr style=\"height: 42px;\">\n<td style=\"height: 63px; text-align: center;\" rowspan=\"2\" width=\"49\">2<\/td>\n<td style=\"height: 42px;\" width=\"416\"><strong><u>C\u1eeda s\u1ed5 m\u1edf quay 1 c\u00e1nh Xingfa:<\/u><\/strong> khung nh\u00f4m h\u1ec7 55 Xingfa, k\u00ednh d\u00e1n an to\u00e0n 6.38mm, keo, v\u00edt, l\u1eafp \u0111\u1eb7t ho\u00e0n thi\u1ec7n<\/td>\n<td style=\"height: 42px; text-align: center;\" width=\"67\">M2<\/td>\n<td style=\"height: 42px; text-align: right;\" width=\"72\">1.750.000<\/td>\n<\/tr>\n<tr style=\"height: 21px;\">\n<td style=\"height: 21px;\" width=\"416\">Ph\u1ee5 ki\u1ec7n c\u1eeda s\u1ed5 m\u1edf quay 1 c\u00e1nh(Kinlong): b\u1ea3n l\u1ec1 ch\u1eef A, tay c\u00e0i \u0111a \u0111i\u1ec3m<\/td>\n<td style=\"height: 21px; text-align: center;\" width=\"67\">B\u1ed9<\/td>\n<td style=\"height: 21px; text-align: right;\" width=\"72\">450.000<\/td>\n<\/tr>\n<tr style=\"height: 21px;\">\n<td style=\"text-align: center;\" rowspan=\"2\" width=\"49\">3<\/td>\n<td style=\"height: 21px;\" width=\"416\"><strong><u>C\u1eeda s\u1ed5 m\u1edf h\u1ea5t 1 c\u00e1nh<\/u><\/strong>: khung nh\u00f4m h\u1ec7 55 Xingfa, k\u00ednh d\u00e1n an to\u00e0n 6.38mm, keo, v\u00edt, l\u1eafp \u0111\u1eb7t ho\u00e0n thi\u1ec7n<\/td>\n<td style=\"height: 21px; text-align: center;\" width=\"67\">M2<\/td>\n<td style=\"height: 21px; text-align: right;\" width=\"72\">1.750.000<\/td>\n<\/tr>\n<tr>\n<td width=\"416\">Ph\u1ee5 ki\u1ec7n c\u1eeda s\u1ed5 m\u1edf quay 1 c\u00e1nh(Kinlong): b\u1ea3n l\u1ec1 ch\u1eef A, tay c\u00e0i \u0111a \u0111i\u1ec3m, ch\u1ed1ng sao.<\/td>\n<td style=\"text-align: center;\" width=\"67\">B\u1ed9<\/td>\n<td style=\"text-align: right;\" width=\"72\">550.000<\/td>\n<\/tr>\n<tr style=\"height: 21px;\">\n<td style=\"height: 42px; text-align: center;\" rowspan=\"2\" width=\"49\">4<\/td>\n<td style=\"height: 21px;\" width=\"416\"><strong><u>C\u1eeda \u0111i 1 c\u00e1nh m\u1edf quay<\/u><\/strong>: khung nh\u00f4m h\u1ec7 55 Xingfa, k\u00ednh an to\u00e0n 6.38mm, keo v\u00edt, l\u1eafp \u0111\u1eb7t ho\u00e0n thi\u1ec7n<\/td>\n<td style=\"height: 21px; text-align: center;\" width=\"67\">M2<\/td>\n<td style=\"height: 21px; text-align: right;\" width=\"72\">1.800.000<\/td>\n<\/tr>\n<tr style=\"height: 21px;\">\n<td style=\"height: 21px;\" width=\"416\">Ph\u1ee5 ki\u1ec7n c\u1eeda \u0111i 1 c\u00e1nh (Kinlong) : kh\u00f3a tay g\u1ea1t, b\u1ea3n l\u1ec1 c\u1ed1i<\/td>\n<td style=\"height: 21px; text-align: center;\" width=\"67\">B\u1ed9<\/td>\n<td style=\"height: 21px; text-align: right;\" width=\"72\">1.250.000<\/td>\n<\/tr>\n<tr style=\"height: 21px;\">\n<td style=\"height: 42px; text-align: center;\" rowspan=\"2\" width=\"49\">5<\/td>\n<td style=\"height: 21px;\" width=\"416\"><strong><u>C\u1eeda \u0111i tr\u01b0\u1ee3t 2 c\u00e1nh<\/u><\/strong>:khung nh\u00f4m h\u1ec7 93 Xingfa, k\u00ednh d\u00e1n an to\u00e0n tr\u1eafng trong 6.38mm, keo v\u00edt, ho\u00e0n thi\u1ec7n<\/td>\n<td style=\"height: 21px; text-align: center;\" width=\"67\">M2<\/td>\n<td style=\"height: 21px; text-align: right;\" width=\"72\">1.750.000<\/td>\n<\/tr>\n<tr style=\"height: 21px;\">\n<td style=\"height: 21px;\" width=\"416\">Ph\u1ee5 ki\u1ec7n c\u1eeda \u0111i tr\u01b0\u1ee3t 2 c\u00e1nh (Kinlong): tay c\u00e0i \u0111a \u0111i\u1ec3m, b\u00e1nh xe tr\u01b0\u1ee3t<\/td>\n<td style=\"height: 21px; text-align: center;\" width=\"67\">B\u1ed9<\/td>\n<td style=\"height: 21px; text-align: right;\" width=\"72\">450.000<\/td>\n<\/tr>\n<tr style=\"height: 21px;\">\n<td style=\"height: 21px; text-align: center;\" width=\"49\">6<\/td>\n<td style=\"height: 21px; text-align: left;\" width=\"416\"><strong><u>V\u00e1ch c\u1ed1 \u0111\u1ecbnh:<\/u><\/strong> khung nh\u00f4m h\u1ec7 55 Xingfa, k\u00ednh d\u00e1n an to\u00e0n 6.38mm tr\u1eafng trong, v\u00edt, keo, ho\u00e0n thi\u1ec7n.<\/td>\n<td style=\"height: 21px; text-align: center;\" width=\"67\">M2<\/td>\n<td style=\"height: 21px; text-align: right;\" width=\"72\">1.400.000<\/td>\n<\/tr>\n<tr style=\"height: 21px;\">\n<td style=\"height: 21px; text-align: center;\" width=\"49\"><strong>D<\/strong><\/td>\n<td style=\"text-align: center; height: 21px;\" colspan=\"3\" width=\"555\"><strong>B\u00c1O GI\u00c1 C\u1eecA NH\u00d4M HYUNDAI<\/strong><\/td>\n<\/tr>\n<tr style=\"height: 21px;\">\n<td style=\"height: 42px; text-align: center;\" rowspan=\"2\" width=\"49\">1<\/td>\n<td style=\"height: 21px;\" width=\"416\"><strong><u>C\u1eeda s\u1ed5 c\u00e1c lo\u1ea1i:<\/u><\/strong> khung nh\u00f4m h\u1ec7 Hyundai, k\u00ednh d\u00e1n an to\u00e0n 6.38mm, keo, v\u00edt, l\u1eafp ho\u00e0n thi\u1ec7n<\/td>\n<td style=\"height: 21px; text-align: center;\" width=\"67\">M2<\/td>\n<td style=\"height: 21px; text-align: right;\" width=\"72\">1.400.000<\/td>\n<\/tr>\n<tr style=\"height: 21px;\">\n<td style=\"height: 21px;\" width=\"416\">Ph\u1ee5 ki\u1ec7n c\u1eeda s\u1ed5<\/td>\n<td style=\"height: 21px; text-align: center;\" width=\"67\">B\u1ed9<\/td>\n<td style=\"height: 21px; text-align: right;\" width=\"72\">350.000<\/td>\n<\/tr>\n<tr style=\"height: 21px;\">\n<td style=\"height: 42px; text-align: center;\" rowspan=\"2\" width=\"49\">2<\/td>\n<td style=\"height: 21px;\" width=\"416\"><strong><u>C\u1eeda \u0111i c\u00e1c lo\u1ea1i:<\/u><\/strong>\u00a0 khung nh\u00f4m h\u1ec7 Hyundai, k\u00ednh d\u00e1n an to\u00e0n 6.38mm, keo, v\u00edt, l\u1eafp ho\u00e0n thi\u1ec7n<\/td>\n<td style=\"height: 21px; text-align: center;\" width=\"67\">M2<\/td>\n<td style=\"height: 21px; text-align: right;\" width=\"72\">1.500.000<\/td>\n<\/tr>\n<tr style=\"height: 21px;\">\n<td style=\"height: 21px;\" width=\"416\">Ph\u1ee5 ki\u1ec7n c\u1eeda \u0111i<\/td>\n<td style=\"height: 21px; text-align: right;\" width=\"67\">B\u1ed9<\/td>\n<td style=\"height: 21px; text-align: right;\" width=\"72\">600.000<\/td>\n<\/tr>\n<\/tbody>\n<\/table>\n","protected":false},"excerpt":{"rendered":"<p>STT CH\u1ee6NG LO\u1ea0I \u0110VT \u0110\u01a0N GI\u00c1 A B\u00c1O GI\u00c1 C\u1eecA NH\u00d4M VI\u1ec6T PH\u00c1P 1 C\u1eeda s\u1ed5 tr\u01b0\u1ee3t 2 c\u00e1nh: khung nh\u00f4m h\u1ec7 2600, k\u00ednh d\u00e1n an to\u00e0n tr\u1eafng trong 6.38mm, keo v\u00edt, ho\u00e0n thi\u1ec7n M2 1.200.000 Ph\u1ee5 ki\u1ec7n c\u1eeda tr\u01b0\u1ee3t 2 c\u00e1nh: b\u00e1nh xe tr\u01b0\u1ee3t, ch\u1ed1t s\u00f2, ch\u1ed1ng nh\u1ea5c.. B\u1ed9 250.000 2 C\u1eeda s\u1ed5 m\u1edf &#8230;<\/p>\n","protected":false},"author":2,"featured_media":0,"parent":0,"menu_order":0,"comment_status":"closed","ping_status":"closed","template":"","meta":{"footnotes":""},"yst_prominent_words":[],"_links":{"self":[{"href":"https:\/\/giaodienwebsite.tgs.com.vn\/cuanhom\/wp-json\/wp\/v2\/pages\/73"}],"collection":[{"href":"https:\/\/giaodienwebsite.tgs.com.vn\/cuanhom\/wp-json\/wp\/v2\/pages"}],"about":[{"href":"https:\/\/giaodienwebsite.tgs.com.vn\/cuanhom\/wp-json\/wp\/v2\/types\/page"}],"author":[{"embeddable":true,"href":"https:\/\/giaodienwebsite.tgs.com.vn\/cuanhom\/wp-json\/wp\/v2\/users\/2"}],"replies":[{"embeddable":true,"href":"https:\/\/giaodienwebsite.tgs.com.vn\/cuanhom\/wp-json\/wp\/v2\/comments?post=73"}],"version-history":[{"count":0,"href":"https:\/\/giaodienwebsite.tgs.com.vn\/cuanhom\/wp-json\/wp\/v2\/pages\/73\/revisions"}],"wp:attachment":[{"href":"https:\/\/giaodienwebsite.tgs.com.vn\/cuanhom\/wp-json\/wp\/v2\/media?parent=73"}],"wp:term":[{"taxonomy":"yst_prominent_words","embeddable":true,"href":"https:\/\/giaodienwebsite.tgs.com.vn\/cuanhom\/wp-json\/wp\/v2\/yst_prominent_words?post=73"}],"curies":[{"name":"wp","href":"https:\/\/api.w.org\/{rel}","templated":true}]}}