{"id":53,"date":"2019-07-08T10:26:56","date_gmt":"2019-07-08T03:26:56","guid":{"rendered":"https:\/\/giaodienwebsite.tgs.com.vn\/cuanhom\/?page_id=53"},"modified":"2019-07-30T06:09:39","modified_gmt":"2019-07-29T23:09:39","slug":"gioi-thieu","status":"publish","type":"page","link":"https:\/\/giaodienwebsite.tgs.com.vn\/cuanhom\/gioi-thieu\/","title":{"rendered":"Gi\u1edbi thi\u1ec7u"},"content":{"rendered":"<p>Hi\u1ec7n nay tr\u00ean th\u1ecb tr\u01b0\u1eddng, ng\u01b0\u1eddi ta c\u00f3 xu h\u01b0\u1edbng d\u00f9ng thi\u00ean v\u1ec1 c\u00e1c d\u00f2ng s\u1ea3n ph\u1ea9m cao c\u1ea5p cho c\u00e1c c\u00f4ng tr\u00ecnh. S\u1ea3n ph\u1ea9m gia c\u00f4ng c\u1eeda nh\u00f4m cao c\u1ea5p c\u1ee7a\u00a0<strong>C\u01a1 kh\u00ed Kh\u00e1nh H\u01b0ng<\/strong>\u00a0ch\u00ednh l\u00e0 m\u1ed9t trong nh\u1eefng l\u1ef1a ch\u1ecdn \u0111\u00f3.<\/p>\n<p>Khi ch\u1ea5t l\u01b0\u1ee3ng cu\u1ed9c s\u1ed1ng ng\u00e0y c\u00e0ng n\u00e2ng cao, ng\u01b0\u1eddi ti\u00eau d\u00f9ng c\u00e0ng khao kh\u00e1t v\u1ec1 m\u1ed9t kh\u00f4ng gian s\u1ed1ng r\u1ed9ng r\u00e3i, l\u00e3ng m\u1ea1n gi\u00fap, t\u1eadn h\u01b0\u1edfng \u0111\u01b0\u1ee3c gi\u00e1 tr\u1ecb \u0111\u00edch th\u1ef1c c\u1ee7a cu\u1ed9c s\u1ed1ng v\u0103n minh, hi\u1ec7n \u0111\u1ea1i. \u0110\u00e1p \u1ee9ng \u0111\u01b0\u1ee3c nh\u1eefng nhu c\u1ea7u tr\u00ean v\u00e0 c\u00f2n ch\u1ecbu \u0111\u01b0\u1ee3c m\u1ecdi th\u1eddi ti\u1ebft, nh\u1eb9, kh\u00f4ng g\u1ec9 s\u00e9t, d\u1ec5 b\u1ea3o tr\u00ec, d\u1ec5 l\u1eafp \u0111\u1eb7t, t\u00ednh an to\u00e0n cao\u2026 l\u00e0 l\u00fd do v\u00ec sao d\u1ecbch v\u1ee5 gia c\u00f4ng c\u1eeda nh\u00f4m c\u1ee7a ch\u00fang t\u00f4i ra \u0111\u1eddi \u0111\u1ec3 ph\u1ee5c v\u1ee5 t\u1ed1t h\u01a1n, \u0111\u00e1p \u1ee9ng t\u1ed1i \u0111a nhu c\u1ea7u c\u1ea7n thi\u1ebft cho cu\u1ed9c s\u1ed1ng.<\/p>\n<h2><strong>V\u00ec sao n\u00ean gia c\u00f4ng c\u1eeda nh\u00f4m?<\/strong><\/h2>\n<ul>\n<li>H\u1ec7 th\u1ed1ng c\u1eeda nh\u00f4m cao c\u1ea5p c\u1ee7a ch\u00fang t\u00f4i r\u1ea5t d\u1ec5 d\u00e0ng v\u00e0 ti\u1ebft ki\u1ec7m th\u1eddi gian cho vi\u1ec7c v\u1ec7 sinh v\u00e0 b\u1ea3o d\u01b0\u1ee1ng. S\u1eed d\u1ee5ng s\u1ea3n ph\u1ea9m n\u00e0y c\u00f3 th\u1ec3 gi\u1ea3m thi\u1ec3u di\u1ec7n t\u00edch cho c\u00e1c c\u00f4ng tr\u00ecnh nh\u1ecf, nh\u1eefng g\u00f3c di\u1ec7n t\u00edch h\u1eb9p nh\u01b0ng v\u1eabn \u0111\u1ea3m b\u1ea3o t\u00ednh th\u00f4ng tho\u00e1ng v\u00e0 ti\u1ec7n d\u1ee5ng, kh\u1ea3 n\u0103ng c\u00e1ch \u00e2m r\u1ea5t t\u1ed1t v\u00e0 tr\u00e1nh ho\u00e0n to\u00e0n n\u01b0\u1edbc m\u01b0a v\u00e0o trong nh\u00e0, k\u1ec3 c\u1ea3 tr\u1eddi m\u01b0a to. Ngo\u00e0i ra,\u00a0<strong>l\u00e0m c\u1eeda nh\u00f4m<\/strong>\u00a0c\u0169ng khi\u1ebfn vi\u1ec7c \u0111\u00f3ng m\u1edf c\u1eeda c\u0169ng r\u1ea5t nhanh ch\u00f3ng v\u00e0 ti\u1ec7n d\u1ee5ng.<\/li>\n<li>H\u1ec7 th\u1ed1ng c\u1eeda nh\u00f4m cao c\u1ea5p \u0111\u01b0\u1ee3c s\u1eed d\u1ee5ng \u0111a d\u1ea1ng cho c\u1eeda \u0111i, c\u1eeda s\u1ed5 m\u1edf ch\u1eef A, c\u1eeda s\u1ed5 m\u1edf b\u1eadt, c\u1eeda ch\u1edbp, c\u1eeda l\u00f9a, v\u00e1ch ng\u0103n\u2026 t\u1ea1o s\u1ef1 \u0111\u1ed3ng b\u1ed9, ph\u00f9 h\u1ee3p v\u1edbi c\u00f4ng tr\u00ecnh v\u00e0 c\u00f4ng n\u0103ng s\u1eed d\u1ee5ng c\u1ee7a s\u1ea3n ph\u1ea9m. Th\u00f4ng th\u01b0\u1eddng ng\u01b0\u1eddi ta s\u1eed d\u1ee5ng k\u00ednh d\u00e1n an to\u00e0n trong h\u1ec7 c\u1eeda n\u00e0y. Ngo\u00e0i ra c\u00f3 th\u1ec3 s\u1eed d\u1ee5ng k\u00ednh temper, k\u00ednh m\u00e0u, k\u00ednh ph\u1ea3n quang, k\u00ednh th\u01b0\u1eddng\u2026 t\u00f9y thu\u1ed9c v\u00e0o y\u00eau c\u1ea7u c\u1ee7a kh\u00e1ch h\u00e0ng.<\/li>\n<\/ul>\n<p>&nbsp;<\/p>\n<ul>\n<li>C\u1eeda nh\u00f4m \u2013 k\u00ednh \u0111\u1eb7c bi\u1ec7t th\u00edch h\u1ee3p v\u1edbi h\u1ec7 th\u1ed1ng c\u1eeda \u201cm\u1eb7t ti\u1ec1n\u201d, t\u1ee9c \u1edf v\u1ecb tr\u00ed ti\u1ebfp x\u00fac th\u01b0\u1eddng xuy\u00ean v\u1edbi n\u1eafng, m\u01b0a, gi\u00f3, b\u1ee5i\u2026 Kh\u00f4ng ch\u1ec9 b\u1ec1n tr\u01b0\u1edbc nh\u1eefng thay \u0111\u1ed5i c\u1ee7a th\u1eddi ti\u1ebft, c\u1eeda nh\u00f4m \u2013 k\u00ednh c\u00f2n \u201cgi\u1ea3i t\u1ecfa\u201d cho ch\u1ee7 nh\u00e0 chuy\u1ec7n s\u01a1n s\u1eeda, b\u1edfi ch\u1ec9 lau ch\u00f9i b\u00ecnh th\u01b0\u1eddng l\u00e0 c\u00f3 ngay nh\u1eefng b\u1ed9 c\u1eeda s\u00e1ng, \u0111\u1eb9p nh\u01b0 m\u1edbi. V\u00ec th\u1ebf, ch\u1ecdn gia c\u00f4ng c\u1eeda nh\u00f4m ch\u00ednh l\u00e0 l\u1ef1a ch\u1ecdn ho\u00e0n h\u1ea3o c\u1ee7a ng\u00f4i nh\u00e0 c\u1ee7a gia \u0111\u00ecnh b\u1ea1n.<\/li>\n<\/ul>\n<h3>H\u00e3y li\u00ean h\u1ec7 v\u1edbi ch\u00fang t\u00f4i \u0111\u1ec3 \u0111\u01b0\u1ee3c t\u01b0 v\u1ea5n mi\u1ec5n ph\u00ed v\u1ec1 d\u1ecbch v\u1ee5 gia c\u00f4ng c\u1eeda nh\u00f4m:\u00a0<b>0918 434 585 \u2013 0986 668 875.<\/b><\/h3>\n<p>&nbsp;<\/p>\n","protected":false},"excerpt":{"rendered":"<p>Hi\u1ec7n nay tr\u00ean th\u1ecb tr\u01b0\u1eddng, ng\u01b0\u1eddi ta c\u00f3 xu h\u01b0\u1edbng d\u00f9ng thi\u00ean v\u1ec1 c\u00e1c d\u00f2ng s\u1ea3n ph\u1ea9m cao c\u1ea5p cho c\u00e1c c\u00f4ng tr\u00ecnh. S\u1ea3n ph\u1ea9m gia c\u00f4ng c\u1eeda nh\u00f4m cao c\u1ea5p c\u1ee7a\u00a0C\u01a1 kh\u00ed Kh\u00e1nh H\u01b0ng\u00a0ch\u00ednh l\u00e0 m\u1ed9t trong nh\u1eefng l\u1ef1a ch\u1ecdn \u0111\u00f3. Khi ch\u1ea5t l\u01b0\u1ee3ng cu\u1ed9c s\u1ed1ng ng\u00e0y c\u00e0ng n\u00e2ng cao, ng\u01b0\u1eddi ti\u00eau d\u00f9ng c\u00e0ng &#8230;<\/p>\n","protected":false},"author":2,"featured_media":0,"parent":0,"menu_order":0,"comment_status":"closed","ping_status":"closed","template":"page-right-sidebar.php","meta":{"footnotes":""},"yst_prominent_words":[],"_links":{"self":[{"href":"https:\/\/giaodienwebsite.tgs.com.vn\/cuanhom\/wp-json\/wp\/v2\/pages\/53"}],"collection":[{"href":"https:\/\/giaodienwebsite.tgs.com.vn\/cuanhom\/wp-json\/wp\/v2\/pages"}],"about":[{"href":"https:\/\/giaodienwebsite.tgs.com.vn\/cuanhom\/wp-json\/wp\/v2\/types\/page"}],"author":[{"embeddable":true,"href":"https:\/\/giaodienwebsite.tgs.com.vn\/cuanhom\/wp-json\/wp\/v2\/users\/2"}],"replies":[{"embeddable":true,"href":"https:\/\/giaodienwebsite.tgs.com.vn\/cuanhom\/wp-json\/wp\/v2\/comments?post=53"}],"version-history":[{"count":1,"href":"https:\/\/giaodienwebsite.tgs.com.vn\/cuanhom\/wp-json\/wp\/v2\/pages\/53\/revisions"}],"predecessor-version":[{"id":625,"href":"https:\/\/giaodienwebsite.tgs.com.vn\/cuanhom\/wp-json\/wp\/v2\/pages\/53\/revisions\/625"}],"wp:attachment":[{"href":"https:\/\/giaodienwebsite.tgs.com.vn\/cuanhom\/wp-json\/wp\/v2\/media?parent=53"}],"wp:term":[{"taxonomy":"yst_prominent_words","embeddable":true,"href":"https:\/\/giaodienwebsite.tgs.com.vn\/cuanhom\/wp-json\/wp\/v2\/yst_prominent_words?post=53"}],"curies":[{"name":"wp","href":"https:\/\/api.w.org\/{rel}","templated":true}]}}