{"id":565,"date":"2020-10-07T09:29:11","date_gmt":"2020-10-07T02:29:11","guid":{"rendered":"https:\/\/giaodienwebsite.tgs.com.vn\/bikini\/?post_type=product&#038;p=565"},"modified":"2020-10-11T21:26:09","modified_gmt":"2020-10-11T14:26:09","slug":"bikini-cap-cao-hong-sen","status":"publish","type":"product","link":"https:\/\/giaodienwebsite.tgs.com.vn\/bikini\/san-pham\/bikini-cap-cao-hong-sen","title":{"rendered":"Bikini c\u1ea1p cao H\u1ed3ng sen"},"content":{"rendered":"<p>B\u1ed9 b\u01a1i n\u1eef usronnie g\u1ed3m: 1 \u00e1o l\u01b0\u1edbi h\u1ed3ng sen, 1 \u00e1o l\u00f3t c\u00f3 \u0111\u1ec7m ng\u1ef1c, 1 qu\u1ea7n ng\u1eafn.<\/p>\n<p>????\u200d\u2640\ufe0f B\u1ea2NG SIZE chu\u1ea9n theo m\u1eabu<br \/>\nM : ng\u1ef1c 68 &#8211; 76 cm, eo 58 &#8211; 66 cm, m\u00f4ng 70 &#8211; 80 cm.<br \/>\nL : ng\u1ef1c 72 &#8211; 80 cm, eo 62 &#8211; 70 cm, m\u00f4ng 74 &#8211; 84 cm.<br \/>\nXL : ng\u1ef1c 76 &#8211; 84 cm, eo 66 &#8211; 74 cm, m\u00f4ng 78 &#8211; 88 cm.<\/p>\n<p>????\u200d\u2640\ufe0f CH\u1ea4T L\u01af\u1ee2NG<br \/>\n\u2611 Va\u0309i thun la\u0323nh lycra &amp; polyester co gia\u0303n 4 chie\u0302\u0300u.<br \/>\n\u2611 Be\u0302\u0300n va\u0300 mau kho\u0302, cho\u0302\u0301ng na\u0306\u0301ng UPF 50+.<br \/>\n\u2611 \u0110u\u031bo\u031b\u0323c may ba\u0306\u0300ng ma\u0301y kha\u0302u 6 kim ta\u0306ng cu\u031bo\u031b\u0300ng \u0111o\u0323\u0302 cha\u0306\u0301c va\u0300 o\u0302m, kho\u0302ng ga\u0302y ma sa\u0301t nhie\u0302\u0300u vo\u031b\u0301i da, giu\u0301p cu\u031b\u0309 \u0111o\u0323\u0302ng thoa\u0309i ma\u0301i du\u031bo\u031b\u0301i nu\u031bo\u031b\u0301c.<\/p>\n<p>????\u200d\u2640\ufe0f CAM K\u1ebeT<br \/>\n\u2611 Chu\u1ea9n nhu\u031b hi\u0300nh 100%, lo\u0302\u0303i 1 \u0111o\u0302\u0309i 1.<br \/>\n\u2611 Ho\u0302\u0303 tro\u031b\u0323 \u0111\u1ed5i size trong v\u00f2ng 3 ng\u00e0y.<\/p>\n","protected":false},"excerpt":{"rendered":"<p>Thi\u1ebft k\u1ebf \u00e1o m\u00fat d\u00e0y n\u00e2ng ng\u1ef1c, ki\u1ec3u d\u00e1ng basic \u0111\u01a1n gi\u1ea3n m\u00e0 sang tr\u1ecdng,\u00a0 qu\u1ea7n c\u1ea1p cao che khuy\u1ebft \u0111i\u1ec3m.<br \/>\nThun b\u01a1i cao c\u1ea5p, co d\u00e3n 4 chi\u1ec1u, nh\u1eadp kh\u1ea9u H\u00e0n Qu\u1ed1c.<br \/>\nXu\u1ea5t x\u1ee9 : Made in Vi\u1ec7t Nam.<br \/>\nSize : Freesize.<br \/>\nM\u00e0u s\u1eafc : H\u1ed3ng sen<\/p>\n","protected":false},"featured_media":566,"comment_status":"open","ping_status":"closed","template":"","meta":[],"yoast_head":"<!-- This site is optimized with the Yoast SEO plugin v15.0 - https:\/\/yoast.com\/wordpress\/plugins\/seo\/ -->\n<title>Bikini c\u1ea1p cao H\u1ed3ng sen - Shop Bikini Th\u1eddi Trang<\/title>\n<meta name=\"robots\" content=\"index, follow, max-snippet:-1, max-image-preview:large, max-video-preview:-1\" \/>\n<link rel=\"canonical\" href=\"https:\/\/giaodienwebsite.tgs.com.vn\/bikini\/san-pham\/bikini-cap-cao-hong-sen\" \/>\n<meta property=\"og:locale\" content=\"vi_VN\" \/>\n<meta property=\"og:type\" content=\"article\" \/>\n<meta property=\"og:title\" content=\"Bikini c\u1ea1p cao H\u1ed3ng sen - Shop Bikini Th\u1eddi Trang\" \/>\n<meta property=\"og:description\" content=\"Thi\u1ebft k\u1ebf \u00e1o m\u00fat d\u00e0y n\u00e2ng ng\u1ef1c, ki\u1ec3u d\u00e1ng basic \u0111\u01a1n gi\u1ea3n m\u00e0 sang tr\u1ecdng,\u00a0 qu\u1ea7n c\u1ea1p cao che khuy\u1ebft \u0111i\u1ec3m. Thun b\u01a1i cao c\u1ea5p, co d\u00e3n 4 chi\u1ec1u, nh\u1eadp kh\u1ea9u H\u00e0n Qu\u1ed1c. Xu\u1ea5t x\u1ee9 : Made in Vi\u1ec7t Nam. Size : Freesize. M\u00e0u s\u1eafc : H\u1ed3ng sen\" \/>\n<meta property=\"og:url\" content=\"https:\/\/giaodienwebsite.tgs.com.vn\/bikini\/san-pham\/bikini-cap-cao-hong-sen\" \/>\n<meta property=\"og:site_name\" content=\"Shop Bikini Th\u1eddi Trang\" \/>\n<meta property=\"article:modified_time\" content=\"2020-10-11T14:26:09+00:00\" \/>\n<meta property=\"og:image\" content=\"https:\/\/giaodienwebsite.tgs.com.vn\/bikini\/wp-content\/uploads\/2020\/10\/bikini-cap-cao-hong-sen-BKN727.jpg\" \/>\n\t<meta property=\"og:image:width\" content=\"440\" \/>\n\t<meta property=\"og:image:height\" content=\"660\" \/>\n<meta name=\"twitter:card\" content=\"summary_large_image\" \/>\n<script type=\"application\/ld+json\" class=\"yoast-schema-graph\">{\"@context\":\"https:\/\/schema.org\",\"@graph\":[{\"@type\":\"WebSite\",\"@id\":\"https:\/\/giaodienwebsite.tgs.com.vn\/bikini\/#website\",\"url\":\"https:\/\/giaodienwebsite.tgs.com.vn\/bikini\/\",\"name\":\"Shop Bikini Th\\u1eddi Trang\",\"description\":\"M\\u1ed9t trang web m\\u1edbi s\\u1eed d\\u1ee5ng WordPress\",\"potentialAction\":[{\"@type\":\"SearchAction\",\"target\":\"https:\/\/giaodienwebsite.tgs.com.vn\/bikini\/?s={search_term_string}\",\"query-input\":\"required name=search_term_string\"}],\"inLanguage\":\"vi\"},{\"@type\":\"ImageObject\",\"@id\":\"https:\/\/giaodienwebsite.tgs.com.vn\/bikini\/san-pham\/bikini-cap-cao-hong-sen#primaryimage\",\"inLanguage\":\"vi\",\"url\":\"https:\/\/giaodienwebsite.tgs.com.vn\/bikini\/wp-content\/uploads\/2020\/10\/bikini-cap-cao-hong-sen-BKN727.jpg\",\"width\":440,\"height\":660},{\"@type\":\"WebPage\",\"@id\":\"https:\/\/giaodienwebsite.tgs.com.vn\/bikini\/san-pham\/bikini-cap-cao-hong-sen#webpage\",\"url\":\"https:\/\/giaodienwebsite.tgs.com.vn\/bikini\/san-pham\/bikini-cap-cao-hong-sen\",\"name\":\"Bikini c\\u1ea1p cao H\\u1ed3ng sen - Shop Bikini Th\\u1eddi Trang\",\"isPartOf\":{\"@id\":\"https:\/\/giaodienwebsite.tgs.com.vn\/bikini\/#website\"},\"primaryImageOfPage\":{\"@id\":\"https:\/\/giaodienwebsite.tgs.com.vn\/bikini\/san-pham\/bikini-cap-cao-hong-sen#primaryimage\"},\"datePublished\":\"2020-10-07T02:29:11+00:00\",\"dateModified\":\"2020-10-11T14:26:09+00:00\",\"inLanguage\":\"vi\",\"potentialAction\":[{\"@type\":\"ReadAction\",\"target\":[\"https:\/\/giaodienwebsite.tgs.com.vn\/bikini\/san-pham\/bikini-cap-cao-hong-sen\"]}]}]}<\/script>\n<!-- \/ Yoast SEO plugin. -->","_links":{"self":[{"href":"https:\/\/giaodienwebsite.tgs.com.vn\/bikini\/wp-json\/wp\/v2\/product\/565"}],"collection":[{"href":"https:\/\/giaodienwebsite.tgs.com.vn\/bikini\/wp-json\/wp\/v2\/product"}],"about":[{"href":"https:\/\/giaodienwebsite.tgs.com.vn\/bikini\/wp-json\/wp\/v2\/types\/product"}],"replies":[{"embeddable":true,"href":"https:\/\/giaodienwebsite.tgs.com.vn\/bikini\/wp-json\/wp\/v2\/comments?post=565"}],"wp:featuredmedia":[{"embeddable":true,"href":"https:\/\/giaodienwebsite.tgs.com.vn\/bikini\/wp-json\/wp\/v2\/media\/566"}],"wp:attachment":[{"href":"https:\/\/giaodienwebsite.tgs.com.vn\/bikini\/wp-json\/wp\/v2\/media?parent=565"}],"curies":[{"name":"wp","href":"https:\/\/api.w.org\/{rel}","templated":true}]}}