{"id":562,"date":"2020-10-07T09:27:14","date_gmt":"2020-10-07T02:27:14","guid":{"rendered":"https:\/\/giaodienwebsite.tgs.com.vn\/bikini\/?post_type=product&#038;p=562"},"modified":"2020-10-11T21:26:52","modified_gmt":"2020-10-11T14:26:52","slug":"set-bikini-dai-tay-quyen-ru-den","status":"publish","type":"product","link":"https:\/\/giaodienwebsite.tgs.com.vn\/bikini\/san-pham\/set-bikini-dai-tay-quyen-ru-den","title":{"rendered":"Bikini d\u00e0i tay quy\u1ebfn r\u0169 (\u0110en)"},"content":{"rendered":"<p>B\u1ed9 b\u01a1i n\u1eef usronnie g\u1ed3m: 1 \u00e1o l\u01b0\u1edbi d\u00e0i tay, 1 \u00e1o l\u00f3t c\u00f3 \u0111\u1ec7m ng\u1ef1c, 1 qu\u1ea7n ng\u1eafn.<\/p>\n<p>????\u200d\u2640\ufe0f B\u1ea2NG SIZE chu\u1ea9n theo m\u1eabu<br \/>\nM : ng\u1ef1c 68 &#8211; 76 cm, eo 58 &#8211; 66 cm, m\u00f4ng 70 &#8211; 80 cm.<br \/>\nL : ng\u1ef1c 72 &#8211; 80 cm, eo 62 &#8211; 70 cm, m\u00f4ng 74 &#8211; 84 cm.<br \/>\nXL : ng\u1ef1c 76 &#8211; 84 cm, eo 66 &#8211; 74 cm, m\u00f4ng 78 &#8211; 88 cm.<\/p>\n<p>????\u200d\u2640\ufe0f CH\u1ea4T L\u01af\u1ee2NG<br \/>\n\u2611 Va\u0309i thun la\u0323nh lycra &amp; polyester co gia\u0303n 4 chie\u0302\u0300u.<br \/>\n\u2611 Be\u0302\u0300n va\u0300 mau kho\u0302, cho\u0302\u0301ng na\u0306\u0301ng UPF 50+.<br \/>\n\u2611 \u0110u\u031bo\u031b\u0323c may ba\u0306\u0300ng ma\u0301y kha\u0302u 6 kim ta\u0306ng cu\u031bo\u031b\u0300ng \u0111o\u0323\u0302 cha\u0306\u0301c va\u0300 o\u0302m, kho\u0302ng ga\u0302y ma sa\u0301t nhie\u0302\u0300u vo\u031b\u0301i da, giu\u0301p cu\u031b\u0309 \u0111o\u0323\u0302ng thoa\u0309i ma\u0301i du\u031bo\u031b\u0301i nu\u031bo\u031b\u0301c.<\/p>\n<p>????\u200d\u2640\ufe0f CAM K\u1ebeT<br \/>\n\u2611 Chu\u1ea9n nhu\u031b hi\u0300nh 100%, lo\u0302\u0303i 1 \u0111o\u0302\u0309i 1.<br \/>\n\u2611 Ho\u0302\u0303 tro\u031b\u0323 \u0111\u1ed5i size trong v\u00f2ng 3 ng\u00e0y.<\/p>\n","protected":false},"excerpt":{"rendered":"<p>M\u00e3 s\u1ea3n ph\u1ea9m: SME002-DE<\/p>\n<p>Ch\u1ea5t li\u1ec7u : Thun Nylon<\/p>\n<p>Phong c\u00e1ch quy\u1ebfn r\u0169<\/p>\n<p>Size c\u00f3 s\u1eb5n: S M L XL<\/p>\n<p>\u1ee8ng d\u1ee5ng: \u0111i b\u01a1i<\/p>\n<p>M\u00e0u s\u1eafc s\u1eb5n c\u00f3: \u0110en<\/p>\n","protected":false},"featured_media":586,"comment_status":"open","ping_status":"closed","template":"","meta":[],"yoast_head":"<!-- This site is optimized with the Yoast SEO plugin v15.0 - https:\/\/yoast.com\/wordpress\/plugins\/seo\/ -->\n<title>Bikini d\u00e0i tay quy\u1ebfn r\u0169 (\u0110en) - Shop Bikini Th\u1eddi Trang<\/title>\n<meta name=\"robots\" content=\"index, follow, max-snippet:-1, max-image-preview:large, max-video-preview:-1\" \/>\n<link rel=\"canonical\" href=\"https:\/\/giaodienwebsite.tgs.com.vn\/bikini\/san-pham\/set-bikini-dai-tay-quyen-ru-den\" \/>\n<meta property=\"og:locale\" content=\"vi_VN\" \/>\n<meta property=\"og:type\" content=\"article\" \/>\n<meta property=\"og:title\" content=\"Bikini d\u00e0i tay quy\u1ebfn r\u0169 (\u0110en) - Shop Bikini Th\u1eddi Trang\" \/>\n<meta property=\"og:description\" content=\"M\u00e3 s\u1ea3n ph\u1ea9m: SME002-DE  Ch\u1ea5t li\u1ec7u : Thun Nylon  Phong c\u00e1ch quy\u1ebfn r\u0169  Size c\u00f3 s\u1eb5n: S M L XL  \u1ee8ng d\u1ee5ng: \u0111i b\u01a1i  M\u00e0u s\u1eafc s\u1eb5n c\u00f3: \u0110en\" \/>\n<meta property=\"og:url\" content=\"https:\/\/giaodienwebsite.tgs.com.vn\/bikini\/san-pham\/set-bikini-dai-tay-quyen-ru-den\" \/>\n<meta property=\"og:site_name\" content=\"Shop Bikini Th\u1eddi Trang\" \/>\n<meta property=\"article:modified_time\" content=\"2020-10-11T14:26:52+00:00\" \/>\n<meta property=\"og:image\" content=\"https:\/\/giaodienwebsite.tgs.com.vn\/bikini\/wp-content\/uploads\/2020\/10\/ao-boi-mot-manh-dan-day-bkn696.jpg\" \/>\n\t<meta property=\"og:image:width\" content=\"600\" \/>\n\t<meta property=\"og:image:height\" content=\"900\" \/>\n<meta name=\"twitter:card\" content=\"summary_large_image\" \/>\n<script type=\"application\/ld+json\" class=\"yoast-schema-graph\">{\"@context\":\"https:\/\/schema.org\",\"@graph\":[{\"@type\":\"WebSite\",\"@id\":\"https:\/\/giaodienwebsite.tgs.com.vn\/bikini\/#website\",\"url\":\"https:\/\/giaodienwebsite.tgs.com.vn\/bikini\/\",\"name\":\"Shop Bikini Th\\u1eddi Trang\",\"description\":\"M\\u1ed9t trang web m\\u1edbi s\\u1eed d\\u1ee5ng WordPress\",\"potentialAction\":[{\"@type\":\"SearchAction\",\"target\":\"https:\/\/giaodienwebsite.tgs.com.vn\/bikini\/?s={search_term_string}\",\"query-input\":\"required name=search_term_string\"}],\"inLanguage\":\"vi\"},{\"@type\":\"ImageObject\",\"@id\":\"https:\/\/giaodienwebsite.tgs.com.vn\/bikini\/san-pham\/set-bikini-dai-tay-quyen-ru-den#primaryimage\",\"inLanguage\":\"vi\",\"url\":\"https:\/\/giaodienwebsite.tgs.com.vn\/bikini\/wp-content\/uploads\/2020\/10\/ao-boi-mot-manh-dan-day-bkn696.jpg\",\"width\":600,\"height\":900},{\"@type\":\"WebPage\",\"@id\":\"https:\/\/giaodienwebsite.tgs.com.vn\/bikini\/san-pham\/set-bikini-dai-tay-quyen-ru-den#webpage\",\"url\":\"https:\/\/giaodienwebsite.tgs.com.vn\/bikini\/san-pham\/set-bikini-dai-tay-quyen-ru-den\",\"name\":\"Bikini d\\u00e0i tay quy\\u1ebfn r\\u0169 (\\u0110en) - Shop Bikini Th\\u1eddi Trang\",\"isPartOf\":{\"@id\":\"https:\/\/giaodienwebsite.tgs.com.vn\/bikini\/#website\"},\"primaryImageOfPage\":{\"@id\":\"https:\/\/giaodienwebsite.tgs.com.vn\/bikini\/san-pham\/set-bikini-dai-tay-quyen-ru-den#primaryimage\"},\"datePublished\":\"2020-10-07T02:27:14+00:00\",\"dateModified\":\"2020-10-11T14:26:52+00:00\",\"inLanguage\":\"vi\",\"potentialAction\":[{\"@type\":\"ReadAction\",\"target\":[\"https:\/\/giaodienwebsite.tgs.com.vn\/bikini\/san-pham\/set-bikini-dai-tay-quyen-ru-den\"]}]}]}<\/script>\n<!-- \/ Yoast SEO plugin. -->","_links":{"self":[{"href":"https:\/\/giaodienwebsite.tgs.com.vn\/bikini\/wp-json\/wp\/v2\/product\/562"}],"collection":[{"href":"https:\/\/giaodienwebsite.tgs.com.vn\/bikini\/wp-json\/wp\/v2\/product"}],"about":[{"href":"https:\/\/giaodienwebsite.tgs.com.vn\/bikini\/wp-json\/wp\/v2\/types\/product"}],"replies":[{"embeddable":true,"href":"https:\/\/giaodienwebsite.tgs.com.vn\/bikini\/wp-json\/wp\/v2\/comments?post=562"}],"wp:featuredmedia":[{"embeddable":true,"href":"https:\/\/giaodienwebsite.tgs.com.vn\/bikini\/wp-json\/wp\/v2\/media\/586"}],"wp:attachment":[{"href":"https:\/\/giaodienwebsite.tgs.com.vn\/bikini\/wp-json\/wp\/v2\/media?parent=562"}],"curies":[{"name":"wp","href":"https:\/\/api.w.org\/{rel}","templated":true}]}}