{"id":807,"date":"2020-09-07T15:59:59","date_gmt":"2020-09-07T15:59:59","guid":{"rendered":"http:\/\/bds6.thuatpartner.com\/?post_type=product&amp;p=58"},"modified":"2020-09-07T15:59:59","modified_gmt":"2020-09-07T15:59:59","slug":"eco-green-sai-gon","status":"publish","type":"product","link":"https:\/\/giaodienwebsite.tgs.com.vn\/bds50\/du-an\/eco-green-sai-gon\/","title":{"rendered":"Eco Green S\u00e0i G\u00f2n"},"content":{"rendered":"<p>Nh\u1eefng c\u0103n h\u1ed9 3 ph\u00f2ng ng\u1ee7 \u0111\u1eb9p nh\u1ea5t th\u00e1p HR2 d\u1ef1 \u00e1n Eco Green Saigon s\u1eafp s\u1eeda \u0111\u01b0\u1ee3c tung ra th\u1ecb tr\u01b0\u1eddng v\u00e0 ch\u1ee7 \u0111\u1ea7u t\u01b0 Xu\u00e2n Mai S\u00e0i G\u00f2n s\u1ebd t\u1ed5 ch\u1ee9c l\u1ec5 m\u1edf b\u00e1n v\u00e0o trung tu\u1ea7n th\u00e1ng 8\/2020 s\u1eafp t\u1edbi.\u00a0\u0110\u1ebfn ng\u00e0y event m\u1edf b\u00e1n, khi c\u00f3 gi\u00e1 b\u00e1n ch\u00ednh th\u1ee9c, kh\u00e1ch quy\u1ebft \u0111\u1ecbnh mua s\u1ebd chuy\u1ec3n ti\u1ec1n \u0111\u1eb7t ch\u1ed7 th\u00e0nh ti\u1ec1n c\u1ecdc.<\/p>\n<h2>D\u1ef1 \u00e1n Eco Green Saigon<\/h2>\n<p>+ T\u00ean th\u01b0\u01a1ng m\u1ea1i: Eco Green Saigon<\/p>\n<p>+ Ch\u1ee7 \u0111\u1ea7u t\u01b0: C\u00f4ng ty CP \u0110\u1ea7u t\u01b0 X\u00e2y d\u1ef1ng Xu\u00e2n Mai S\u00e0i G\u00f2n (Xu\u00e2n Mai S\u00e0i G\u00f2n)<\/p>\n<p>+ V\u1ecb tr\u00ed: M\u1eb7t ti\u1ec1n \u0111\u01b0\u1eddng Nguy\u1ec5n V\u0103n Linh, Ph\u01b0\u1eddng T\u00e2n Thu\u1eadn T\u00e2y, Qu\u1eadn 7, TP.HCM<\/p>\n<p>+ T\u1ed5ng th\u1ea7u x\u00e2y d\u1ef1ng: Xu\u00e2n Mai Corp<\/p>\n<p>+ \u0110\u01a1n v\u1ecb thi c\u00f4ng m\u00f3ng c\u1ecdc: An Phong v\u00e0 Bidico<\/p>\n<p>+ Ng\u00e2n h\u00e0ng li\u00ean k\u1ebft: Sacombank, LienVietPostBank<\/p>\n<p>+ Quy m\u00f4: 14.36 ha g\u1ed3m 7\u00a0th\u00e1p c\u0103n h\u1ed9 cao 36 t\u1ea7ng<\/p>\n<p>+ Lo\u1ea1i h\u00ecnh s\u1ea3n ph\u1ea9m: c\u0103n h\u1ed9 cao c\u1ea5p, shophouse, officetel<\/p>\n<p>+ T\u1ed5ng s\u1ed1 c\u0103n h\u1ed9: 4,000 c\u0103n h\u1ed9<\/p>\n<p>+ Di\u1ec7n t\u00edch c\u0103n h\u1ed9: 52 \u2013 95m2 (1 \u2013 3 ph\u00f2ng ng\u1ee7)<\/p>\n<p>+ M\u1eadt \u0111\u1ed9 x\u00e2y d\u1ef1ng: 30%<\/p>\n<p>+ Th\u1eddi \u0111i\u1ec3m kh\u1edfi c\u00f4ng: Qu\u00fd I\/2018<\/p>\n<p>+ Th\u1eddi gian ho\u00e0n th\u00e0nh d\u1ef1 ki\u1ebfn: Qu\u00fd I\/2021<\/p>\n<p>+ Ph\u00e1p l\u00fd: S\u1ed5 h\u1ed3ng v\u0129nh vi\u1ec5n cho ng\u01b0\u1eddi Vi\u1ec7t Nam, 50 n\u0103m cho ng\u01b0\u1eddi n\u01b0\u1edbc ngo\u00e0i.<\/p>\n<h2>V\u1ecb tr\u00ed d\u1ef1 \u00e1n Eco Green Saigon<\/h2>\n<p>Eco Green Saigon\u00a0n\u1eb1m ngay m\u1eb7t ti\u1ec1n \u0111\u01b0\u1eddng Nguy\u1ec5n V\u0103n Linh, Ph\u01b0\u1eddng T\u00e2n Thu\u1eadn T\u00e2y, Qu\u1eadn 7,\u00a0khu v\u1ef1c c\u1eeda ng\u00f5 k\u1ebft n\u1ed1i gi\u1eefa 3 khu \u0111\u00f4 th\u1ecb l\u1edbn nh\u1ea5t S\u00e0i G\u00f2n\u00a0l\u00e0 trung t\u00e2m Qu\u1eadn 1, Th\u1ee7 Thi\u00eam v\u00e0 Ph\u00fa M\u1ef9 H\u01b0ng. T\u1eeb d\u1ef1 \u00e1n, c\u01b0 d\u00e2n d\u1ec5 d\u00e0ng di chuy\u1ec3n v\u00e0o trung t\u00e2m Qu\u1eadn 1 th\u00f4ng qua \u0111\u01b0\u1eddng Nguy\u1ec5n T\u1ea5t Th\u00e0nh (l\u1ed9 gi\u1edbi 37 \u2013 42m) v\u00e0 \u0111\u01b0\u1eddng Nguy\u1ec5n Th\u1ecb Th\u1eadp (l\u1ed9 gi\u1edbi 35m). K\u1ebft n\u1ed1i nhanh ch\u00f3ng t\u1edbi khu \u0111\u00f4 th\u1ecb m\u1edbi Th\u1ee7 Thi\u00eam th\u00f4ng qua c\u1ea7u Ph\u00fa M\u1ef9 v\u00e0 trong t\u01b0\u01a1ng lai l\u00e0 c\u1ea7u Th\u1ee7 Thi\u00eam 4.<\/p>\n<p>Ph\u00eda Nam d\u1ef1 \u00e1n gi\u00e1p v\u1edbi c\u00f4ng vi\u00ean H\u01b0\u01a1ng Tr\u00e0m r\u1ed9ng h\u01a1n 20 ha n\u00ean m\u00f4i tr\u01b0\u1eddng s\u1ed1ng trong l\u00e0nh, m\u00e1t m\u1ebb. \u0110\u1ed3ng th\u1eddi, d\u1ef1 \u00e1n n\u1eb1m g\u1ea7n c\u00e1c tuy\u1ebfn \u0111\u01b0\u1eddng quan tr\u1ecdng nh\u01b0 V\u00f5 V\u0103n Ki\u1ec7t, Qu\u1ed1c l\u1ed9 50 \u0111i nh\u1eefng t\u1ec9nh mi\u1ec1n tay, Qu\u1ed1c L\u1ed9 1A, \u0110\u01b0\u1eddng Nguy\u1ec5n H\u1eefu Th\u1ecd, Cao t\u1ed1c B\u1ebfn L\u1ee9c \u2013 Long Th\u00e0nh,\u2026 r\u1ea5t thu\u1eadn ti\u1ec7n \u0111\u1ec3 chi chuy\u1ec3n v\u1ec1 v\u00f9ng ven v\u00e0 c\u00e1c t\u1ec9nh l\u00e2n c\u1eadn.<\/p>\n<p>V\u1ecb tr\u00ed \u0111\u1eafc \u0111\u1ecba n\u00e0y c\u00f2n t\u1ea1o \u0111i\u1ec1u ki\u1ec7n thu\u1eadn l\u1ee3i \u0111\u1ec3 c\u01b0 d\u00e2n Eco Green Saigon th\u1eeba h\u01b0\u1edfng h\u1ec7 th\u1ed1ng ti\u1ec7n \u00edch ngo\u1ea1i khu ho\u00e0n ch\u1ec9nh:<\/p>\n<p>+\u00a0C\u00e1ch khu \u0111\u00f4 th\u1ecb Ph\u00fa M\u1ef9 H\u01b0ng ch\u1ec9 2 Km<\/p>\n<p>+ C\u00e1ch Qu\u1eadn 2: 3 Km<\/p>\n<p>+\u00a0 C\u00e1ch Qu\u1eadn 1: 5 ph\u00fat \u0111i xe<\/p>\n<p>+\u00a0C\u00e1ch c\u00e1c qu\u1eadn li\u1ec1n k\u1ec1: 10-20 ph\u00fat \u0111i xe<\/p>\n<p>+\u00a0G\u1ea7n Tr\u01b0\u1eddng \u0110H qu\u1ed1c t\u1ebf RMIT, \u0110H T\u00f4n \u0110\u1ee9c Th\u1eafng, \u0110H T\u00e0i Ch\u00ednh Marketing,\u2026<\/p>\n<p>+\u00a0G\u1ea7n Si\u00eau th\u1ecb SC Vivo City, Si\u00eau th\u1ecb Crescent Mall, Lotte Mart,\u2026<\/p>\n<p>+ G\u1ea7n B\u1ec7nh vi\u1ec7n Tim T\u00e2m \u0110\u1ee9c, B\u1ec7nh vi\u1ec7n Ph\u00e1p Vi\u1ec7t,\u2026<\/p>\n<h2>Thi\u1ebft k\u1ebf c\u0103n h\u1ed9 d\u1ef1 \u00e1n Eco Green Saigon<\/h2>\n<p>Eco Green Saigon cung \u1ee9ng ra th\u1ecb tr\u01b0\u1eddng 4.000 c\u0103n h\u1ed9 cao c\u1ea5p, mang \u0111\u1ebfn m\u1ed9t kh\u00f4ng gian s\u1ed1ng sang tr\u1ecdng, ti\u1ec7n nghi th\u00f4ng qua l\u1ed1i thi\u1ebft k\u1ebf hi\u1ec7n \u0111\u1ea1i, ch\u0103m ch\u00fat \u0111\u1ebfn t\u1eebng chi ti\u1ebft. C\u00e1c c\u0103n h\u1ed9 \u0111\u01b0\u1ee3c thi\u1ebft m\u1edf, t\u1ed1i gi\u1ea3n, b\u1ed1 tr\u00ed m\u1eb7t h\u01b0\u1edbng s\u00e1ng khoa h\u1ecdc nh\u1eb1m t\u1ed1i \u01b0u h\u00f3a di\u1ec7n t\u00edch, ph\u00e1t huy c\u00f4ng n\u0103ng s\u1eed d\u1ee5ng t\u1eebng ph\u00f2ng, t\u1ea1o c\u1ea3m gi\u00e1c tho\u1ea3i m\u00e1i, d\u1ec5 ch\u1ecbu khi \u1edf.<\/p>\n<p>\u0110\u01b0\u1ee3c thi\u1ebft k\u1ebf b\u1edfi \u0111\u1ed9i ng\u0169 ki\u1ebfn tr\u00fac s\u01b0 t\u1eeb Australia, c\u00e1c t\u00f2a c\u0103n h\u1ed9 \u0111\u01b0\u1ee3c \u0111\u01b0\u1ee3c thi\u1ebft k\u1ebf theo h\u00ecnh 3 c\u00e1nh, u\u1ed1n cong theo \u0111\u1ea1i l\u1ed9 Nguy\u1ec5n V\u0103n Linh. Thi\u1ebft k\u1ebf \u0111\u1eb7c bi\u1ec7t n\u00e0y s\u1ebd \u0111\u00f3n n\u1eafng, \u0111\u00f3n gi\u00f3 t\u1ed1t h\u01a1n v\u00e0 t\u1ea1o ra c\u00e1c h\u01b0\u1edbng view tr\u1ecdn v\u1eb9n h\u01a1n v\u1ec1 trung t\u00e2m Qu\u1eadn 1, Th\u1ee7 Thi\u00eam, Ph\u00fa M\u1ef9 H\u01b0ng, c\u00f4ng vi\u00ean H\u01b0\u01a1ng Tr\u00e0m l\u1eabn 2 nh\u00e1nh s\u00f4ng S\u00e0i G\u00f2n bao b\u1ecdc d\u1ef1 \u00e1n. C\u0103n h\u1ed9 \u0111\u01b0\u1ee3c s\u01a1n l\u1edbp s\u01a1n SKK\u00a0ti\u00eau chu\u1ea9n Nh\u1eadt B\u1ea3n, \u0111\u00e2y l\u00e0 lo\u1ea1i s\u01a1n \u0111\u01b0\u1ee3c \u01b0a chu\u1ed9ng h\u00e0ng \u0111\u1ea7u t\u1ea1i Singapore v\u00ec kh\u1ea3 n\u0103ng ph\u00f9 h\u1ee3p th\u1eddi ti\u1ebft c\u1ee7a c\u00e1c qu\u1ed1c gia \u0110\u00f4ng Nam \u00c1, c\u00f3 kh\u1ea3 n\u0103ng ch\u1ed1ng b\u00e1m b\u1ee5i, gi\u1eef m\u00e0u, ch\u1ed1ng \u1ea9m t\u1ed1t. B\u00ean\u00a0c\u1ea1nh \u0111\u00f3, m\u1eadt \u0111\u1ed9 ph\u00e2n b\u1ed5 c\u0103n h\u1ed9\/ s\u00e0n kh\u00e1 th\u1ea5p n\u00ean \u0111\u1ea3m b\u1ea3o s\u1ef1 ri\u00eang t\u01b0 cao nh\u1ea5t cho c\u01b0 d\u00e2n.<\/p>\n<p>C\u0103n h\u1ed9 Eco Green Saigon c\u00f3 nhi\u1ec1u lo\u1ea1i \u0111\u1ec3 kh\u00e1ch h\u00e0ng l\u1ef1a ch\u1ecdn t\u00f9y theo m\u1ee5c \u0111\u00edch s\u1eed d\u1ee5ng:<\/p>\n<p>+ Lo\u1ea1i\u00a0c\u0103n h\u1ed9 2PN + 1WC<\/p>\n<p>+ Lo\u1ea1i c\u0103n h\u1ed9 2PN + 2WC<\/p>\n<p>+ Lo\u1ea1i c\u0103n h\u1ed9 3PN + 2WC<\/p>\n<p>+ Lo\u1ea1i\u00a0c\u0103n h\u1ed9 Officetel, shophouse<\/p>\n<p>Di\u1ec7n t\u00edch c\u0103n h\u1ed9 c\u0169ng\u00a0\u0111\u01b0\u1ee3c ph\u00e2n chia theo nhi\u1ec1u lo\u1ea1i \u0111\u1ec3 c\u00f3 th\u1ec3 ph\u00f9 h\u1ee3p v\u1edbi nhu c\u1ea7u s\u1eed d\u1ee5ng c\u0169ng nh\u01b0 t\u00ecnh h\u00ecnh t\u00e0i ch\u00ednh c\u1ee7a m\u1ed7i kh\u00e1ch h\u00e0ng nh\u01b0: 47m2, 55m2, 62m2, 86m2, 93m2, 119m2 ho\u1eb7c c\u0103n h\u1ed9 c\u00f3 s\u00e2n v\u01b0\u1eddn ri\u00eang.<\/p>\n<p>Ch\u1ee7 \u0111\u1ea7u t\u01b0 b\u00e0n giao c\u0103n h\u1ed9 k\u00e8m c\u00e1c v\u1eadt li\u1ec7u, n\u1ed9i th\u1ea5t \u0111\u1ebfn t\u1eeb nh\u1eefng th\u01b0\u01a1ng hi\u1ec7u h\u00e0ng \u0111\u1ea7u th\u1ebf gi\u1edbi nh\u01b0:\u00a0Thi\u1ebft b\u1ecb v\u1ec7 sinh Duravit, HansGrohe ho\u1eb7c Grohe; \u0111i\u1ec1u h\u00f2a Daikin ho\u1eb7c Samsung; b\u1ebfp v\u00e0 m\u00e1y h\u00fat m\u00f9i Teka\/Bosh, thi\u1ebft b\u1ecb \u0111i\u1ec7n Schneider Electric ti\u00eau chu\u1ea9n Ch\u00e2u \u00c2u; s\u00e0n g\u1ed7 c\u00f4ng nghi\u1ec7p lo\u1ea1i d\u00e0y nh\u1ea5t 12mm,&#8230;<\/p>\n<h2>Ti\u1ec7n \u00edch d\u1ef1 \u00e1n Eco Green Saigon<\/h2>\n<p>Ti\u1ec7n \u00edch n\u1ed9i khu d\u1ef1 \u00e1n c\u0103n h\u1ed9 Eco Green Saigon \u0111\u00e3 \u0111\u01b0\u1ee3c ch\u1ee7 \u0111\u1ea7u t\u01b0 Xu\u00e2n Mai Corp \u0111\u1ea7u t\u01b0 r\u1ea5t ch\u0103m ch\u00fat, t\u1ec9 m\u0129 trong t\u1eebng chi ti\u1ebft. M\u1ed9t s\u1ed1 ti\u1ec7n \u00edch n\u1ed9i khu n\u1ed5i b\u1eadt ph\u1ea3i k\u1ec3 \u0111\u1ebfn nh\u01b0:<\/p>\n<p>+ C\u00f4ng vi\u00ean c\u00e2y xanh Eco Green Central Park r\u1ed9ng 3.5 ha<\/p>\n<p>+ Kh\u00e1ch s\u1ea1n 5* Hyatt Place Saigon 69 t\u1ea7ng n\u1eb1m ngay trong l\u00f2ng d\u1ef1 \u00e1n<\/p>\n<p>+ Tr\u01b0\u1eddng m\u1ea7m non Nh\u1eadt B\u1ea3n r\u1ed9ng 4,000m2 \u0111\u00e3 \u0111\u1ed9ng th\u1ed5, d\u1ef1 ki\u1ebfn ho\u00e0n th\u00e0nh v\u00e0o qu\u00fd IV\/2020<\/p>\n<p>+ Tr\u01b0\u1eddng ti\u1ec3u h\u1ecdc Kim \u0110\u1ed3ng \u0111\u1ea1t chu\u1ea9n Qu\u1ed1c gia r\u1ed9ng 8,000m2<\/p>\n<p>+ Trung t\u00e2m h\u1ed9i ngh\u1ecb, s\u1ef1 ki\u1ec7n r\u1ed9ng 2,300m2<\/p>\n<p>+ Trung t\u00e2m th\u01b0\u01a1ng m\u1ea1i, si\u00eau th\u1ecb<\/p>\n<p>+ Khu th\u1ec3 d\u1ee5c th\u1ec3 thao v\u1edbi nhi\u1ec1u ti\u1ec7n \u00edch \u0111a d\u1ea1ng: s\u00e2n ch\u01a1i \u0111a n\u0103ng, ph\u00f2ng t\u1eadp Gym, Spa, Yoga, b\u1ec3 b\u01a1i \u0111\u01b0\u1eddng d\u1ea1o b\u1ed9\u2026<\/p>\n<p>Ngo\u00e0i ra, nh\u1edd n\u1eb1m li\u1ec1n k\u1ec1 c\u00e1c khu \u0111\u00f4 th\u1ecb l\u1edbn nh\u01b0 Ph\u00fa M\u1ef9 H\u01b0ng, Th\u1ee7 Thi\u00eam v\u00e0 trung t\u00e2m Qu\u1eadn 1 n\u00ean d\u1ef1 \u00e1n c\u00f2n \u0111\u01b0\u1ee3c th\u1eeba h\u01b0\u1edfng h\u1ec7 th\u1ed1ng ti\u1ec7n\u00a0\u00edch ngo\u1ea1i khu: B\u1ec7nh\u00a0vi\u1ec7n Ph\u00e1p Vi\u1ec7t, b\u1ec7nh vi\u1ec7n T\u00e2m \u0110\u1ee9c, tr\u01b0\u1eddng \u0110\u1ea1i h\u1ecdc RMIT, \u0110\u1ea1i h\u1ecdc T\u00f4n \u0110\u1ee9c Th\u1eafng, \u0110\u1ea1i h\u1ecdc T\u00e0i ch\u00ednh &#8211; Marketing, SC Vivo City, Cresent Mall,&#8230;<\/p>\n<h2>Ti\u1ec1m n\u0103ng ph\u00e1t tri\u1ec3n trong t\u01b0\u01a1ng lai c\u1ee7a\u00a0d\u1ef1 \u00e1n Eco Green Saigon<\/h2>\n<p>Khu Nam S\u00e0i G\u00f2n lu\u00f4n l\u00e0 \u0111i\u1ec3m d\u1eebng ch\u00e2n l\u00fd t\u01b0\u1edfng\u00a0b\u1edfi c\u01a1 s\u1edf h\u1ea1 t\u1ea7ng, giao th\u00f4ng ho\u00e0n ch\u1ec9nh, nhi\u1ec1u ti\u1ec1m n\u0103ng ph\u00e1t tri\u1ec3n. Eco Green Saigon Q7 n\u1eb1m ngay m\u1eb7t ti\u1ec1n\u00a0c\u00e1c tuy\u1ebfn \u0111\u01b0\u1eddng huy\u1ebft m\u1ea1ch c\u1ee7a th\u00e0nh ph\u1ed1, t\u0103ng\u00a0kh\u1ea3 n\u0103ng li\u00ean k\u1ebft v\u00f9ng, vi\u1ec7c \u0111i l\u1ea1i c\u1ee7a c\u01b0 d\u00e2n thu\u1eadn ti\u1ec7n h\u01a1n r\u1ea5t nhi\u1ec1u, tr\u00e1nh \u0111\u01b0\u1ee3c t\u00ecnh tr\u1ea1ng b\u1ecb k\u1eb9t xe,\u00a0\u00f4 nhi\u1ec5m,\u00a0ng\u1eadp l\u1ee5t, ti\u1ebft ki\u1ec7m \u0111\u01b0\u1ee3c th\u1eddi gian di chuy\u1ec3n. V\u1ecb tr\u00ed n\u00e0y c\u0169ng h\u1ee9a h\u1eb9n nhi\u1ec1u\u00a0kh\u1ea3 n\u0103ng sinh l\u1eddi, t\u0103ng gi\u00e1 trong th\u1eddi gian t\u1edbi.<\/p>\n<p>Chu\u1ed7i ti\u1ec7n \u00edch n\u1ed9i khu, ngo\u1ea1i khu hi\u1ec7n \u0111\u1ea1i, h\u1ee9a h\u1eb9n mang l\u1ea1i l\u1ee3i nhu\u1eadn cao, ki\u1ebfn t\u1ea1o cu\u1ed9c s\u1ed1ng ch\u1ea5t l\u01b0\u1ee3ng, gi\u00fap c\u01b0 d\u00e2n h\u00e0i l\u00f2ng \u0111\u1ed3ng th\u1eddi gi\u00fap th\u01b0\u01a1ng hi\u1ec7u v\u00e0 v\u1ecb th\u1ebf c\u1ee7a C\u0110T \u0111\u01b0\u1ee3c kh\u1eb3ng \u0111\u1ecbnh.<\/p>\n<p>Th\u1eddi gian t\u1edbi, K\u0110T Ph\u00fa M\u1ef9 H\u01b0ng s\u1ebd ph\u00e1t tri\u1ec3n nhanh ch\u00f3ng khi\u1ebfn cho vi\u1ec7c thu h\u00fat kh\u00e1ch h\u00e0ng l\u00e0 \u0111i\u1ec1u \u0111\u01b0\u01a1ng nhi\u00ean. V\u00e0 \u0111\u00e2y ch\u00ednh l\u00e0 m\u1ed9t c\u01a1 h\u1ed9i l\u00fd t\u01b0\u1edfng \u0111\u1ec3 b\u1ecf v\u1ed1n \u0111\u1ea7u t\u01b0 v\u00e0o d\u1ef1 \u00e1n \u0111\u1ec3 s\u1edf h\u1eefu m\u1ed9t c\u0103n h\u1ed9 c\u00f3 kh\u1ea3 n\u0103ng t\u0103ng gi\u00e1 b\u00e1n nhanh ch\u00f3ng b\u1eb1ng c\u00e1ch cho thu\u00ea l\u1ea1i c\u0103n h\u1ed9 ho\u1eb7c \u0111\u1ea7u t\u01b0 l\u01b0\u1edbt s\u00f3ng.\u00a0Ch\u1eafc ch\u1eafn trong t\u01b0\u01a1ng lai d\u1ef1 \u00e1n Eco Green Saigon h\u1ee9a h\u1eb9n s\u1ebd l\u00e0 k\u00eanh \u0111\u1ea7u t\u01b0 sinh l\u1eddi h\u1ea5p d\u1eabn nh\u1ea5t d\u00e0nh cho m\u1ecdi kh\u00e1ch h\u00e0ng.<\/p>\n<h2>Ph\u01b0\u01a1ng th\u1ee9c thanh to\u00e1n\u00a0d\u1ef1 \u00e1n Eco Green Saigon<\/h2>\n<p>Ngo\u00e0i ra, ph\u01b0\u01a1ng th\u1ee9c thanh to\u00e1n\u00a0c\u0169ng l\u00e0 m\u1ed9t trong nh\u1eefng ch\u00ednh s\u00e1ch c\u1ef1c h\u1ea5p d\u1eabn t\u1eeb ch\u1ee7 \u0111\u1ea7u t\u01b0. D\u1ef1 \u00e1n Eco Green Saigon li\u00ean k\u1ebft v\u1edbi ng\u00e2n h\u00e0ng Sacombank v\u00e0 LienVietPostBank.\u00a0T\u1ef7 l\u1ec7 cho vay l\u00ean \u0111\u1ebfn 70% gi\u00e1 tr\u1ecb H\u1ee3p \u0111\u1ed3ng mua b\u00e1n v\u1edbi T\u00e0i s\u1ea3n \u0111\u1ea3m b\u1ea3o l\u00e0 b\u1ea5t \u0111\u1ed9ng s\u1ea3n h\u00ecnh th\u00e0nh t\u1eeb v\u1ed1n vay.<\/p>\n<p>H\u1ed7 tr\u1ee3 vay l\u00e3i su\u1ea5t 0% k\u00fd ngay H\u1ee3p \u0111\u1ed3ng mua b\u00e1n, chi\u1ebft kh\u1ea5u thanh to\u00e1n s\u1edbm l\u00ean \u0111\u1ebfn 9%.<\/p>\n<h2>Uy t\u00edn t\u1eeb ch\u1ee7 \u0111\u1ea7u t\u01b0 d\u1ef1 \u00e1n Eco Green Saigon<\/h2>\n<p>Khu ph\u1ee9c h\u1ee3p th\u01b0\u01a1ng m\u1ea1i &#8211; d\u1ecbch v\u1ee5 &#8211; kh\u00e1ch s\u1ea1n \u2013 c\u0103n h\u1ed9 cao c\u1ea5p Eco Green Saigon l\u00e0 \u201c\u00e1t ch\u1ee7 b\u00e0i\u201d \u0111\u1ea7u ti\u00ean tr\u00ean h\u00e0nh tr\u00ecnh Nam ti\u1ebfn c\u1ee7a c\u00f4ng ty Xu\u00e2n Mai S\u00e0i G\u00f2n.<\/p>\n<p>C\u00f4ng ty Xu\u00e2n Mai S\u00e0i G\u00f2n\u00a0\u0111\u01b0\u1ee3c t\u1ea1o n\u00ean b\u1edfi s\u1ef1 h\u1ee3p l\u1ef1c c\u1ee7a 3 c\u1ed5 \u0111\u00f4ng chi\u1ebfn l\u01b0\u1ee3c v\u1edbi ti\u1ec1m l\u1ef1c t\u00e0i ch\u00ednh v\u1eefng m\u1ea1nh v\u00e0 kinh nghi\u1ec7m d\u00e0y d\u1ea1n trong l\u0129nh v\u1ef1c x\u00e2y d\u1ef1ng, ph\u00e1t tri\u1ec3n b\u1ea5t \u0111\u1ed9ng s\u1ea3n l\u00e0 C\u00f4ng ty C\u1ed5 ph\u1ea7n \u0110\u1ea7u t\u01b0 X\u00e2y d\u1ef1ng Xu\u00e2n Mai, C\u00f4ng ty TNHH Kh\u1ea3i H\u01b0ng v\u00e0 C\u00f4ng ty TNHH Th\u01b0\u01a1ng m\u1ea1i v\u00e0 S\u1ea3n xu\u1ea5t T\u01b0\u1eddng Vi\u1ec7t.<\/p>\n<p>Trong \u0111\u00f3, C\u00f4ng ty C\u1ed5 ph\u1ea7n \u0110\u1ea7u t\u01b0 X\u00e2y d\u1ef1ng Xu\u00e2n Mai (Xu\u00e2n Mai Corp) l\u00e0 m\u1ed9t th\u01b0\u01a1ng hi\u1ec7u 35 n\u0103m tu\u1ed5i n\u1ed5i ti\u1ebfng t\u1ea1i khu v\u1ef1c ph\u00eda B\u1eafc trong l\u0129nh v\u1ef1c x\u00e2y d\u1ef1ng v\u00e0 ph\u00e1t tri\u1ec3n b\u1ea5t \u0111\u1ed9ng s\u1ea3n chuy\u00ean nghi\u1ec7p.<\/p>\n<p>Hai c\u1ed5 \u0111\u00f4ng c\u00f2n l\u1ea1i c\u1ee7a Xu\u00e2n Mai S\u00e0i G\u00f2n l\u00e0 Kh\u1ea3i H\u01b0ng v\u00e0 T\u01b0\u1eddng Vi\u1ec7t. Trong \u0111\u00f3, Kh\u1ea3i H\u01b0ng l\u00e0 c\u00f4ng ty \u0111\u1ea7u t\u01b0 t\u00e0i ch\u00ednh, b\u1ea5t \u0111\u1ed9ng s\u1ea3n v\u00e0 n\u0103ng l\u01b0\u1ee3ng s\u1ea1ch; l\u00e0 c\u1ed5 \u0111\u00f4ng ch\u00ednh c\u1ee7a th\u1ee7y \u0111i\u1ec7n V\u0103n Tr\u1ea5n, th\u1ee7y \u0111i\u1ec7n Vi\u1ec7t L\u00e0o v\u1edbi t\u1ed5ng m\u1ee9c \u0111\u1ea7u t\u01b0 cho d\u1ef1 \u00e1n Xekaman 1 v\u00e0 Xekaman 3 l\u00e0 16,000 t\u1ef7 \u0111\u1ed3ng.<\/p>\n<p>C\u00f4ng ty TNHH Th\u01b0\u01a1ng m\u1ea1i v\u00e0 S\u1ea3n xu\u1ea5t T\u01b0\u1eddng Vi\u1ec7t l\u00e0 nh\u00e0 cung c\u1ea5p v\u00e0 l\u1eafp \u0111\u1eb7t thi\u1ebft b\u1ecb h\u00e0ng \u0111\u1ea7u t\u1ea1i th\u1ecb tr\u01b0\u1eddng Vi\u1ec7t Nam. Doanh nghi\u1ec7p n\u00e0y c\u0169ng ph\u00e2n ph\u1ed1i m\u00e1y ph\u00e1t \u0111i\u1ec7n, thang m\u00e1y, h\u1ec7 th\u1ed1ng \u0111i\u1ec1u h\u00f2a kh\u00f4ng kh\u00ed, thi\u1ebft b\u1ecb v\u1ec7 sinh, c\u01a1 \u0111i\u1ec7n v\u00e0 \u0111\u1ed3 g\u1ed7 n\u1ed9i th\u1ea5t t\u1eeb c\u00e1c h\u00e3ng s\u1ea3n xu\u1ea5t n\u1ed5i ti\u1ebfng tr\u00ean th\u1ebf gi\u1edbi&#8230;<\/p>\n<p>V\u1edbi s\u1ef1 h\u1ee3p l\u1ef1c t\u1eeb 3 c\u1ed5 \u0111\u00f4ng t\u00ean tu\u1ed5i, ch\u1ee7 \u0111\u1ea7u t\u01b0 d\u1ef1 \u00e1n Eco Green Saigon h\u1ee9a h\u1eb9n mang \u0111\u1ebfn m\u1ed9t n\u01a1i an c\u01b0 chu\u1ea9n ch\u1ec9n, b\u00e0i b\u1ea3n cho kh\u00e1ch mua \u1edf th\u1ef1c c\u0169ng nh\u01b0 m\u1ed9t s\u1ea3n ph\u1ea9m \u0111\u1ea7u t\u01b0 \u0111\u1eafc l\u1ee3i cho nh\u00e0 \u0111\u1ea7u t\u01b0 khu Nam S\u00e0i G\u00f2n.<\/p>\n","protected":false},"excerpt":{"rendered":"<p>Eco Green Saigon l\u00e0 d\u1ef1 \u00e1n khu ph\u1ee9c h\u1ee3p Th\u01b0\u01a1ng m\u1ea1i \u2013 D\u1ecbch v\u1ee5 \u2013 Kh\u00e1ch s\u1ea1n 5* \u2013 C\u0103n h\u1ed9 \u2013 Shophouse cao c\u1ea5p t\u1ecda l\u1ea1c ngay m\u1eb7t ti\u1ec1n \u0111\u01b0\u1eddng Nguy\u1ec5n V\u0103n Linh, Qu\u1eadn 7 do Xu\u00e2n Mai S\u00e0i G\u00f2n l\u00e0m ch\u1ee7 \u0111\u1ea7u t\u01b0. \u0110\u00e2y c\u0169ng l\u00e0 d\u1ef1 \u00e1n khu ph\u1ee9c h\u1ee3p \u0111\u01b0\u1ee3c quy ho\u1ea1ch quy m\u00f4 l\u1edbn nh\u1ea5t ph\u00eda Nam S\u00e0i G\u00f2n v\u1edbi di\u1ec7n t\u00edch h\u01a1n 14ha.<\/p>\n","protected":false},"featured_media":92,"comment_status":"open","ping_status":"closed","template":"","meta":[],"product_cat":[18],"product_tag":[],"yoast_head":"<!-- This site is optimized with the Yoast SEO plugin v16.7 - https:\/\/yoast.com\/wordpress\/plugins\/seo\/ -->\n<title>Eco Green S\u00e0i G\u00f2n - M\u1eabu BDS 4<\/title>\n<meta name=\"robots\" content=\"index, follow, max-snippet:-1, max-image-preview:large, max-video-preview:-1\" \/>\n<link rel=\"canonical\" href=\"https:\/\/giaodienwebsite.tgs.com.vn\/bds50\/du-an\/eco-green-sai-gon\/\" \/>\n<meta property=\"og:locale\" content=\"vi_VN\" \/>\n<meta property=\"og:type\" content=\"article\" \/>\n<meta property=\"og:title\" content=\"Eco Green S\u00e0i G\u00f2n - M\u1eabu BDS 4\" \/>\n<meta property=\"og:description\" content=\"Eco Green Saigon l\u00e0 d\u1ef1 \u00e1n khu ph\u1ee9c h\u1ee3p Th\u01b0\u01a1ng m\u1ea1i \u2013 D\u1ecbch v\u1ee5 \u2013 Kh\u00e1ch s\u1ea1n 5* \u2013 C\u0103n h\u1ed9 \u2013 Shophouse cao c\u1ea5p t\u1ecda l\u1ea1c ngay m\u1eb7t ti\u1ec1n \u0111\u01b0\u1eddng Nguy\u1ec5n V\u0103n Linh, Qu\u1eadn 7 do Xu\u00e2n Mai S\u00e0i G\u00f2n l\u00e0m ch\u1ee7 \u0111\u1ea7u t\u01b0. \u0110\u00e2y c\u0169ng l\u00e0 d\u1ef1 \u00e1n khu ph\u1ee9c h\u1ee3p \u0111\u01b0\u1ee3c quy ho\u1ea1ch quy m\u00f4 l\u1edbn nh\u1ea5t ph\u00eda Nam S\u00e0i G\u00f2n v\u1edbi di\u1ec7n t\u00edch h\u01a1n 14ha.\" \/>\n<meta property=\"og:url\" content=\"https:\/\/giaodienwebsite.tgs.com.vn\/bds50\/du-an\/eco-green-sai-gon\/\" \/>\n<meta property=\"og:site_name\" content=\"M\u1eabu BDS 4\" \/>\n<meta property=\"og:image\" content=\"https:\/\/giaodienwebsite.tgs.com.vn\/bds50\/wp-content\/uploads\/2020\/09\/img3.jpg\" \/>\n\t<meta property=\"og:image:width\" content=\"800\" \/>\n\t<meta property=\"og:image:height\" content=\"450\" \/>\n<meta name=\"twitter:card\" content=\"summary_large_image\" \/>\n<meta name=\"twitter:label1\" content=\"\u01af\u1edbc t\u00ednh th\u1eddi gian \u0111\u1ecdc\" \/>\n\t<meta name=\"twitter:data1\" content=\"13 ph\u00fat\" \/>\n<script type=\"application\/ld+json\" class=\"yoast-schema-graph\">{\"@context\":\"https:\/\/schema.org\",\"@graph\":[{\"@type\":\"WebSite\",\"@id\":\"https:\/\/giaodienwebsite.tgs.com.vn\/bds50\/#website\",\"url\":\"https:\/\/giaodienwebsite.tgs.com.vn\/bds50\/\",\"name\":\"M\\u1eabu BDS 4\",\"description\":\"M\\u1ed9t trang web m\\u1edbi s\\u1eed d\\u1ee5ng WordPress\",\"potentialAction\":[{\"@type\":\"SearchAction\",\"target\":{\"@type\":\"EntryPoint\",\"urlTemplate\":\"https:\/\/giaodienwebsite.tgs.com.vn\/bds50\/?s={search_term_string}\"},\"query-input\":\"required name=search_term_string\"}],\"inLanguage\":\"vi\"},{\"@type\":\"ImageObject\",\"@id\":\"https:\/\/giaodienwebsite.tgs.com.vn\/bds50\/du-an\/eco-green-sai-gon\/#primaryimage\",\"inLanguage\":\"vi\",\"url\":\"https:\/\/giaodienwebsite.tgs.com.vn\/bds50\/wp-content\/uploads\/2020\/09\/img3.jpg\",\"contentUrl\":\"https:\/\/giaodienwebsite.tgs.com.vn\/bds50\/wp-content\/uploads\/2020\/09\/img3.jpg\",\"width\":800,\"height\":450},{\"@type\":\"WebPage\",\"@id\":\"https:\/\/giaodienwebsite.tgs.com.vn\/bds50\/du-an\/eco-green-sai-gon\/#webpage\",\"url\":\"https:\/\/giaodienwebsite.tgs.com.vn\/bds50\/du-an\/eco-green-sai-gon\/\",\"name\":\"Eco Green S\\u00e0i G\\u00f2n - M\\u1eabu BDS 4\",\"isPartOf\":{\"@id\":\"https:\/\/giaodienwebsite.tgs.com.vn\/bds50\/#website\"},\"primaryImageOfPage\":{\"@id\":\"https:\/\/giaodienwebsite.tgs.com.vn\/bds50\/du-an\/eco-green-sai-gon\/#primaryimage\"},\"datePublished\":\"2020-09-07T15:59:59+00:00\",\"dateModified\":\"2020-09-07T15:59:59+00:00\",\"breadcrumb\":{\"@id\":\"https:\/\/giaodienwebsite.tgs.com.vn\/bds50\/du-an\/eco-green-sai-gon\/#breadcrumb\"},\"inLanguage\":\"vi\",\"potentialAction\":[{\"@type\":\"ReadAction\",\"target\":[\"https:\/\/giaodienwebsite.tgs.com.vn\/bds50\/du-an\/eco-green-sai-gon\/\"]}]},{\"@type\":\"BreadcrumbList\",\"@id\":\"https:\/\/giaodienwebsite.tgs.com.vn\/bds50\/du-an\/eco-green-sai-gon\/#breadcrumb\",\"itemListElement\":[{\"@type\":\"ListItem\",\"position\":1,\"name\":\"Trang ch\\u1ee7\",\"item\":\"https:\/\/giaodienwebsite.tgs.com.vn\/bds50\/\"},{\"@type\":\"ListItem\",\"position\":2,\"name\":\"C\\u1eeda h\\u00e0ng\",\"item\":\"https:\/\/giaodienwebsite.tgs.com.vn\/bds50\/mua\/\"},{\"@type\":\"ListItem\",\"position\":3,\"name\":\"Eco Green S\\u00e0i G\\u00f2n\"}]}]}<\/script>\n<!-- \/ Yoast SEO plugin. -->","yoast_head_json":{"title":"Eco Green S\u00e0i G\u00f2n - M\u1eabu BDS 4","robots":{"index":"index","follow":"follow","max-snippet":"max-snippet:-1","max-image-preview":"max-image-preview:large","max-video-preview":"max-video-preview:-1"},"canonical":"https:\/\/giaodienwebsite.tgs.com.vn\/bds50\/du-an\/eco-green-sai-gon\/","og_locale":"vi_VN","og_type":"article","og_title":"Eco Green S\u00e0i G\u00f2n - M\u1eabu BDS 4","og_description":"Eco Green Saigon l\u00e0 d\u1ef1 \u00e1n khu ph\u1ee9c h\u1ee3p Th\u01b0\u01a1ng m\u1ea1i \u2013 D\u1ecbch v\u1ee5 \u2013 Kh\u00e1ch s\u1ea1n 5* \u2013 C\u0103n h\u1ed9 \u2013 Shophouse cao c\u1ea5p t\u1ecda l\u1ea1c ngay m\u1eb7t ti\u1ec1n \u0111\u01b0\u1eddng Nguy\u1ec5n V\u0103n Linh, Qu\u1eadn 7 do Xu\u00e2n Mai S\u00e0i G\u00f2n l\u00e0m ch\u1ee7 \u0111\u1ea7u t\u01b0. \u0110\u00e2y c\u0169ng l\u00e0 d\u1ef1 \u00e1n khu ph\u1ee9c h\u1ee3p \u0111\u01b0\u1ee3c quy ho\u1ea1ch quy m\u00f4 l\u1edbn nh\u1ea5t ph\u00eda Nam S\u00e0i G\u00f2n v\u1edbi di\u1ec7n t\u00edch h\u01a1n 14ha.","og_url":"https:\/\/giaodienwebsite.tgs.com.vn\/bds50\/du-an\/eco-green-sai-gon\/","og_site_name":"M\u1eabu BDS 4","og_image":[{"width":800,"height":450,"url":"https:\/\/giaodienwebsite.tgs.com.vn\/bds50\/wp-content\/uploads\/2020\/09\/img3.jpg","path":"C:\\xampp\\phpMyAdmin\\htdocs\\bds46\/wp-content\/uploads\/2020\/09\/img3.jpg","size":"full","id":92,"alt":"","pixels":360000,"type":"image\/jpeg"}],"twitter_card":"summary_large_image","twitter_misc":{"\u01af\u1edbc t\u00ednh th\u1eddi gian \u0111\u1ecdc":"13 ph\u00fat"},"schema":{"@context":"https:\/\/schema.org","@graph":[{"@type":"WebSite","@id":"https:\/\/giaodienwebsite.tgs.com.vn\/bds50\/#website","url":"https:\/\/giaodienwebsite.tgs.com.vn\/bds50\/","name":"M\u1eabu BDS 4","description":"M\u1ed9t trang web m\u1edbi s\u1eed d\u1ee5ng WordPress","potentialAction":[{"@type":"SearchAction","target":{"@type":"EntryPoint","urlTemplate":"https:\/\/giaodienwebsite.tgs.com.vn\/bds50\/?s={search_term_string}"},"query-input":"required name=search_term_string"}],"inLanguage":"vi"},{"@type":"ImageObject","@id":"https:\/\/giaodienwebsite.tgs.com.vn\/bds50\/du-an\/eco-green-sai-gon\/#primaryimage","inLanguage":"vi","url":"https:\/\/giaodienwebsite.tgs.com.vn\/bds50\/wp-content\/uploads\/2020\/09\/img3.jpg","contentUrl":"https:\/\/giaodienwebsite.tgs.com.vn\/bds50\/wp-content\/uploads\/2020\/09\/img3.jpg","width":800,"height":450},{"@type":"WebPage","@id":"https:\/\/giaodienwebsite.tgs.com.vn\/bds50\/du-an\/eco-green-sai-gon\/#webpage","url":"https:\/\/giaodienwebsite.tgs.com.vn\/bds50\/du-an\/eco-green-sai-gon\/","name":"Eco Green S\u00e0i G\u00f2n - M\u1eabu BDS 4","isPartOf":{"@id":"https:\/\/giaodienwebsite.tgs.com.vn\/bds50\/#website"},"primaryImageOfPage":{"@id":"https:\/\/giaodienwebsite.tgs.com.vn\/bds50\/du-an\/eco-green-sai-gon\/#primaryimage"},"datePublished":"2020-09-07T15:59:59+00:00","dateModified":"2020-09-07T15:59:59+00:00","breadcrumb":{"@id":"https:\/\/giaodienwebsite.tgs.com.vn\/bds50\/du-an\/eco-green-sai-gon\/#breadcrumb"},"inLanguage":"vi","potentialAction":[{"@type":"ReadAction","target":["https:\/\/giaodienwebsite.tgs.com.vn\/bds50\/du-an\/eco-green-sai-gon\/"]}]},{"@type":"BreadcrumbList","@id":"https:\/\/giaodienwebsite.tgs.com.vn\/bds50\/du-an\/eco-green-sai-gon\/#breadcrumb","itemListElement":[{"@type":"ListItem","position":1,"name":"Trang ch\u1ee7","item":"https:\/\/giaodienwebsite.tgs.com.vn\/bds50\/"},{"@type":"ListItem","position":2,"name":"C\u1eeda h\u00e0ng","item":"https:\/\/giaodienwebsite.tgs.com.vn\/bds50\/mua\/"},{"@type":"ListItem","position":3,"name":"Eco Green S\u00e0i G\u00f2n"}]}]}},"_links":{"self":[{"href":"https:\/\/giaodienwebsite.tgs.com.vn\/bds50\/wp-json\/wp\/v2\/product\/807"}],"collection":[{"href":"https:\/\/giaodienwebsite.tgs.com.vn\/bds50\/wp-json\/wp\/v2\/product"}],"about":[{"href":"https:\/\/giaodienwebsite.tgs.com.vn\/bds50\/wp-json\/wp\/v2\/types\/product"}],"replies":[{"embeddable":true,"href":"https:\/\/giaodienwebsite.tgs.com.vn\/bds50\/wp-json\/wp\/v2\/comments?post=807"}],"wp:featuredmedia":[{"embeddable":true,"href":"https:\/\/giaodienwebsite.tgs.com.vn\/bds50\/wp-json\/wp\/v2\/media\/92"}],"wp:attachment":[{"href":"https:\/\/giaodienwebsite.tgs.com.vn\/bds50\/wp-json\/wp\/v2\/media?parent=807"}],"wp:term":[{"taxonomy":"product_cat","embeddable":true,"href":"https:\/\/giaodienwebsite.tgs.com.vn\/bds50\/wp-json\/wp\/v2\/product_cat?post=807"},{"taxonomy":"product_tag","embeddable":true,"href":"https:\/\/giaodienwebsite.tgs.com.vn\/bds50\/wp-json\/wp\/v2\/product_tag?post=807"}],"curies":[{"name":"wp","href":"https:\/\/api.w.org\/{rel}","templated":true}]}}