{"id":289,"date":"2020-09-09T04:24:02","date_gmt":"2020-09-09T04:24:02","guid":{"rendered":"http:\/\/bds6.thuatpartner.com\/?post_type=product&#038;p=289"},"modified":"2020-09-27T16:52:46","modified_gmt":"2020-09-27T16:52:46","slug":"novaworld-phan-thiet","status":"publish","type":"product","link":"https:\/\/giaodienwebsite.tgs.com.vn\/bds50\/du-an\/novaworld-phan-thiet\/","title":{"rendered":"NovaWorld Phan Thi\u1ebft"},"content":{"rendered":"<p>D\u1ef1 \u00e1n NovaWorld Phan Thi\u1ebft c\u00f3 \u0111a d\u1ea1ng c\u00e1c s\u1ea3n ph\u1ea9m \u0111\u1ec3 \u0111\u1ea7u t\u01b0 nh\u01b0:\u00a0nh\u00e0 ph\u1ed1, nh\u00e0 ph\u1ed1 th\u01b0\u01a1ng m\u1ea1i, bi\u1ec7t th\u1ef1 ngh\u1ec9 d\u01b0\u1ee1ng&#8230; v\u1edbi t\u1ea7m nh\u00ecn h\u01b0\u1edbng ra khung c\u1ea3nh bi\u1ec3n. \u0110\u1eb7c bi\u1ec7t, d\u1ef1 \u00e1n NovaWorld Phan Thi\u1ebft c\u1ee7a\u00a0ch\u1ee7 \u0111\u1ea7u t\u01b0 Novaland\u00a0h\u1ed9i t\u1ee5 chu\u1ed7i ti\u1ec7n \u00edch gi\u1ea3i tr\u00ed \u0111\u1eb3ng c\u1ea5p l\u1ea7n \u0111\u1ea7u ti\u00ean xu\u1ea5t hi\u1ec7n t\u1ea1i khu v\u1ef1c Phan Thi\u1ebft nh\u01b0:\u00a02 s\u00e2n g\u00f4n 18 l\u1ed7 ti\u00eau chu\u1ea9n qu\u1ed1c t\u1ebf, \u0111\u01b0\u1ee3c thi\u1ebft k\u1ebf v\u00e0 qu\u1ea3n l\u00fd thi c\u00f4ng b\u1edfi Huy\u1ec1n tho\u1ea1i g\u00f4n th\u1ebf gi\u1edbi &#8211; Greg Norman;\u00a0 c\u1ee5m c\u00f4ng vi\u00ean ch\u1ee7 \u0111\u1ec1, c\u00f4ng vi\u00ean n\u01b0\u1edbc, v\u01b0\u1eddn th\u00fa petting zoo; khu c\u00f4ng vi\u00ean bi\u1ec3n 16ha\u2026<\/p>\n<h2>Ti\u1ec7n \u00edch d\u1ef1 \u00e1n NovaWorld Phan Thi\u1ebft<\/h2>\n<p>Chu\u1ed7i ti\u1ec7n \u00edch d\u1ef1 \u00e1n NovaWorld Phan Thi\u1ebft\u00a0\u0111\u01b0\u1ee3c chia th\u00e0nh c\u00e1c c\u1ee5m ri\u00eang bi\u1ec7t, c\u1ee5 th\u1ec3:<\/p>\n<p>C\u1ee4M 01\u00a0\u2013 KHU V\u1ef0C TRUNG T\u00c2M bao g\u1ed3m: Casino\/Kh\u00e1ch s\u1ea1n; Trung t\u00e2m H\u1ed9i ngh\u1ecb Qu\u1ed1c t\u1ebf; Khu Th\u01b0\u01a1ng m\u1ea1i; B\u00e3i \u0111\u1eadu xe; Qu\u1ea3ng tr\u01b0\u1eddng (S\u1ea3nh s\u1ef1 ki\u1ec7n); H\u1ed3 n\u01b0\u1edbc m\u1eb7n.<\/p>\n<p>C\u1ee4M 02\u00a0\u2013 S\u00c2N GOLF bao g\u1ed3m:\u00a0Thi \u0111\u1ea5u (18 l\u1ed7); Cho kh\u00e1ch du l\u1ecbch; CLB Golf; S\u00e2n t\u1eadp Golf;\u00a0S\u00e2n bay tr\u1ef1c th\u0103ng.<\/p>\n<p>C\u1ee4M 03\u00a0\u2013 C\u00d4NG VI\u00caN GI\u1ea2I TR\u00cd bao g\u1ed3m:\u00a0C\u00f4ng vi\u00ean ch\u1ee7 \u0111\u1ec1; C\u00f4ng vi\u00ean n\u01b0\u1edbc; V\u01b0\u1eddn th\u00fa nu\u00f4i; Qu\u00e1n c\u00e0 ph\u00ea H\u01b0\u01a1u cao c\u1ed5; Qu\u1ea3ng tr\u01b0\u1eddng trung t\u00e2m; B\u00e3i \u0111\u1eadu xe.<\/p>\n<p>C\u1ee4M 04\u00a0\u2013 HO\u1ea0T \u0110\u1ed8NG B\u00c3I BI\u1ec2N (BIKINI BEACH) bao g\u1ed3m: Ph\u1ed1 \u1ea9m th\u1ef1c gi\u1ea3i tr\u00ed; C\u00f4ng vi\u00ean tr\u1ebb em; C\u00f4ng vi\u00ean th\u1ec3 thao n\u01b0\u1edbc; H\u1ed3 b\u1ee3i nh\u00e2n t\u1ea1o; B\u1ebfn t\u00e0u\/CLB bi\u1ec3n; Khu v\u00e1n bay.<\/p>\n<p>C\u1ee4M 5A\u00a0\u2013 CH\u1ee2 N\u00d4NG S\u1ea2N &amp; TH\u1ee6 C\u00d4NG M\u1ef8 NGH\u1ec6 TRUY\u1ec0N TH\u1ed0NG bao g\u1ed3m: Ch\u1ee3 tr\u00e1i c\u00e2y \u0111\u1ecba ph\u01b0\u01a1ng; Ch\u1ee3 th\u1ef1c ph\u1ea9m h\u1eefu c\u01a1; Ch\u1ee3 \u0111\u00eam; Ph\u1ed1 \u1ea9m th\u1ef1c; V\u01b0\u1eddn Thanh Long; Nh\u00e0 tr\u1ed3ng c\u00e2y.<\/p>\n<p>C\u1ee4M 06\u00a0\u2013 H\u1eccC VI\u1ec6N TH\u1ec2 D\u1ee4C TH\u1ec2 THAO bao g\u1ed3m: S\u00e2n v\u1eadn \u0111\u1ed9ng c\u00f3 m\u00e1i che; S\u00e2n b\u00f3ng \u0111\u00e1 s\u1ee9c ch\u1ee9a 10.000 ng\u01b0\u1eddi; Khu th\u1ec3 thao ngo\u00e0i tr\u1eddi.<\/p>\n<p>C\u1ee4M 07\u00a0\u2013 C\u00c1C HO\u1ea0T \u0110\u1ed8NG NGO\u00c0I TR\u1edcI bao g\u1ed3m: Leo n\u00fai\/Xe \u0111\u1ea1p\/C\u1ea5m tr\u1ea1i; Khu c\u01b0\u1ee1i ng\u1ef1a; Team Building; C\u00e1c chuy\u1ebfn phi\u00eau l\u01b0u r\u1eebng; Tr\u00f2 ch\u01a1i d\u00e2n gian; Khu r\u00e8n luy\u1ec7n k\u1ef9 n\u0103ng cho tr\u1ebb em.<\/p>\n<p>C\u1ee4M 08\u00a0\u2013 TR\u01af\u1edcNG H\u1eccC bao g\u1ed3m:\u00a0\u0110\u1ea1i h\u1ecdc Kh\u00e1ch s\u1ea1n &amp; Du l\u1ecbch; Tr\u01b0\u1eddng THPT; Tr\u01b0\u1eddng THCS; Tr\u01b0\u1eddng Ti\u1ec3u h\u1ecdc; Tr\u01b0\u1eddng d\u1ea1y ngh\u1ec1.<\/p>\n<p>C\u1ee4M 09\u00a0\u2013 KHU PH\u1ee8C H\u1ee2P NGH\u1ec8 D\u01af\u1ee0NG bao g\u1ed3m: Khu ngh\u1ec9 d\u01b0\u1ee1ng; Bi\u1ec7t th\u1ef1 th\u01b0\u01a1ng hi\u1ec7u (Branded Villas); Khu ngh\u1ec9 d\u01b0\u1ee1ng \u0111\u1ed9c nh\u1ea5t (Exclusive Resort); Khu ngh\u1ec9 d\u01b0\u1ee1ng 5 sao; Khu ngh\u1ec9 d\u01b0\u1ee1ng 4 sao.<\/p>\n<p>C\u1ee4M 10\u00a0\u2013 KHU PH\u1ee8C H\u1ee2P NGH\u1ec8 D\u01af\u1ee0NG bao g\u1ed3m: Kh\u00e1ch s\u1ea1n; Bi\u1ec7t th\u1ef1 th\u01b0\u01a1ng hi\u1ec7u (Branded Villas); Kh\u00e1ch s\u1ea1n 5 sao; Kh\u00e1ch s\u1ea1n Boutique; Kh\u00e1ch s\u1ea1n 4 sao; Kh\u00e1ch s\u1ea1n 3 sao.<\/p>\n<p>C\u1ee4M 11\u00a0\u2013 L\u00c0NG CH\u1ee6 \u0110\u1ec0 TH\u1ebe GI\u1edaI bao g\u1ed3m: Nh\u00e0 \u1edf (ch\u1ee7 \u0111\u1ec1 8 qu\u1ed1c gia); C\u1eeda h\u00e0ng (ch\u1ee7 \u0111\u1ec1 8 qu\u1ed1c gia);\u00a0Nh\u00e0 tr\u01b0ng b\u00e0y v\u0103n h\u00f3a; C\u00f4ng tr\u00ecnh bi\u1ec3u t\u01b0\u1ee3ng.<\/p>\n<p>C\u1ee4M 12\u00a0\u2013 PH\u1ed0 TH\u01af\u01a0NG M\u1ea0I bao g\u1ed3m: D\u00e3y th\u01b0\u01a1ng m\u1ea1i; Nh\u00e0 ph\u1ed1 th\u01b0\u01a1ng m\u1ea1i; Nh\u00e0 kh\u00e1ch; Kh\u00e1ch s\u1ea1n 2 sao.<\/p>\n<p>C\u1ee4M 13\u00a0\u2013 \u0110\u1ed2NG C\u1ece XANH bao g\u1ed3m: C\u1ecf\/C\u00e2y l\u1edbn; \u0110\u01b0\u1eddng ch\u1ea1y (Jogging Trail)\/Gh\u1ebf ngh\u1ec9.<\/p>\n<p>C\u1ee4M 14\u00a0\u2013 PH\u01af\u01a0NG TI\u1ec6N GIAO TH\u00d4NG bao g\u1ed3m: Xe Bus ngo\u1ea1i khu; Xe Bus n\u1ed9i khu; Xe \u0111i\u1ec7n n\u1ed9i khu; Xe \u0111\u1ea1p; C\u00e1c ph\u01b0\u01a1ng T\u1ec7n kh\u00e1c.<\/p>\n<p>C\u1ee4M 15\u00a0\u2013 KHU N\u0102NG L\u01af\u1ee2NG XANH bao g\u1ed3m: Th\u00e0nh ph\u1ed1 th\u00f4ng minh; H\u1ec7 th\u1ed1ng n\u0103ng l\u01b0\u1ee3ng m\u1eb7t tr\u1eddi\/n\u0103ng l\u01b0\u1ee3ng gi\u00f3; H\u1ec7 th\u1ed1ng S\u1ebft ki\u1ec7m n\u01b0\u1edbc.<\/p>\n<p>C\u1ee4M 16\u00a0\u2013 C\u00c1C TI\u1ec6N \u00cdCH TH\u00c0NH PH\u1ed0 bao g\u1ed3m: Trung t\u00e2m ki\u1ec3m so\u00e1t Fch h\u1ee3p; Trung t\u00e2m d\u1ef1 ph\u00f2ng Fch h\u1ee3p; Ph\u00f2ng kh\u00e1m b\u1ec7nh; Tr\u1ea1m c\u1ee9u h\u1ecfa.<\/p>\n<p>C\u1ee4M 17\u00a0\u2013 BI\u1ec6T TH\u1ef0 bao g\u1ed3m: Bi\u1ec7t th\u1ef1 th\u01b0\u01a1ng hi\u1ec7u (Branded Villas); Khu Villa Compounds; Khu d\u00e2n c\u01b0 \u0111\u1ecba ph\u01b0\u01a1ng.<\/p>\n<p>C\u1ee4M 18\u00a0\u2013 C\u00c1C \u0110I\u1ec2M \u0110\u1ebeN KH\u00c1C bao g\u1ed3m: V\u00f2ng xoay m\u1eb7t tr\u1eddi;\u00a0Th\u00e1c n\u01b0\u1edbc; \u0110\u1ea5u tr\u01b0\u1eddng Colosseum; C\u00f4ng tr\u00ecnh bi\u1ec3u t\u01b0\u1ee3ng.<\/p>\n<p>Gi\u00e1 b\u00e1n v\u00e0 L\u1ecbch thanh to\u00e1n d\u1ef1 \u00e1n NovaWorld Phan Thi\u1ebft<\/p>\n<p>L\u1ecbch thanh to\u00e1n d\u1ef1 \u00e1n NovaWorld Phan Thi\u1ebft r\u1ea5t linh ho\u1ea1t, thanh to\u00e1n trong 2 &#8211; 5 n\u0103m v\u1edbi m\u1ee9c thanh to\u00e1n \u0111\u1ee3t \u0111\u1ea7u ch\u1ec9 kho\u1ea3ng 500 tri\u1ec7u \u0111\u1ed3ng. Gi\u00e1 b\u00e1n NovaWorld Phan Thi\u1ebft d\u1ef1 ki\u1ebfn nh\u01b0 sau:<\/p>\n<p>Di\u1ec7n t\u00edch: 5&#215;20 gi\u00e1 b\u00e1n 3,3 t\u1ef7 \u0111\u1ed3ng<\/p>\n<p>Di\u1ec7n t\u00edch: 6&#215;20 gi\u00e1 b\u00e1n 3,9 t\u1ef7 \u0111\u1ed3ng<\/p>\n<p>Di\u1ec7n t\u00edch: 6&#215;24 gi\u00e1 b\u00e1n 4,5 t\u1ef7 \u0111\u1ed3ng<\/p>\n<p>Di\u1ec7n t\u00edch: 8&#215;20 gi\u00e1 b\u00e1n 4,9 t\u1ef7 \u0111\u1ed3ng<\/p>\n<p>Di\u1ec7n t\u00edch: 10&#215;20 gi\u00e1 b\u00e1n 5,5 t\u1ef7 \u0111\u1ed3ng<\/p>\n<p>Di\u1ec7n t\u00edch: 12&#215;20 gi\u00e1 b\u00e1n 6,5 t\u1ef7 \u0111\u1ed3ng<\/p>\n<h2>5 \u01b0u \u0111i\u1ec3m c\u1ee7a d\u1ef1 \u00e1n NovaWorld Phan Thi\u1ebft<\/h2>\n<p>Th\u1ee9 nh\u1ea5t: Phan Thi\u1ebft n\u1eb1m trong Tam Gi\u00e1c V\u00e0ng Du L\u1ecbch qu\u1ed1c gia v\u1edbi s\u1ef1 ph\u00e1t tri\u1ec3n v\u01b0\u1ee3t b\u1eadc v\u00e0 \u0111\u1ed3ng b\u1ed9 04 \u0111\u01b0\u1eddng KH\u00d4NG \u2013 TH\u1ee6Y \u2013 B\u1ed8 &#8211; S\u1eaeT.<\/p>\n<p>Th\u1ee9 hai:\u00a0T\u00e2m huy\u1ebft c\u1ee7a nh\u00e0 ph\u00e1t tri\u1ec3n, n\u00e2ng t\u1ea7m cu\u1ed9c s\u1ed1ng t\u1ea1o ra c\u1ed9ng \u0111\u1ed3ng th\u1ecbnh v\u01b0\u1ee3ng mang chu\u1ea9n qu\u1ed1c t\u1ebf.<\/p>\n<p>Th\u1ee9 ba: \u0110\u1ea1i \u0111\u00f4 th\u1ecb du l\u1ecbch gi\u1ea3i tr\u00ed ngh\u1ec9 d\u01b0\u1ee1ng g\u1ea7n 1000 ha v\u1edbi h\u01a1n 1000 ti\u1ec7n \u00edch th\u1ec3 thao gi\u1ea3i tr\u00ed ngh\u1ec9 d\u01b0\u1ee1ng t\u00edch h\u1ee3p, h\u1ed9i t\u1ee5 tinh hoa ki\u1ebfn tr\u00fac th\u1ebf gi\u1edbi<\/p>\n<p>Th\u1ee9 t\u01b0:\u00a0B\u0110S \u0111a n\u0103ng \u2013 Gi\u00e1 tr\u1ecb gia t\u0103ng \u2013 \u0110\u1ea7u t\u01b0 hi\u1ec7u qu\u1ea3, \u0110a d\u1ea1ng lo\u1ea1i h\u00ecnh B\u0110S: Grand villa, Villa, Mini villa, Townhouse, Shophouse, Shoptel, Hotel..<\/p>\n<p>Th\u1ee9 n\u0103m:\u00a0M\u1ed9t s\u1ea3n ph\u1ea9m t\u00e2m huy\u1ebft c\u1ee7a t\u1eadp \u0111o\u00e0n Novaland.<\/p>\n","protected":false},"excerpt":{"rendered":"<p>NovaWorld Phan Thi\u1ebft do\u00a0ch\u1ee7 \u0111\u1ea7u t\u01b0 Novaland\u00a0tri\u1ec3n khai, t\u1ecda l\u1ea1c t\u1ea1i x\u00e3 Ti\u1ebfn Th\u00e0nh, th\u00e0nh ph\u1ed1 Phan Thi\u1ebft, t\u1ec9nh B\u00ecnh Thu\u1eadn. D\u1ef1 \u00e1n c\u00f3 quy m\u00f4 g\u1ea7n 1.000ha v\u1edbi \u0111\u01b0\u1eddng b\u1edd bi\u1ec3n d\u00e0i 7km. T\u1eeb v\u1ecb tr\u00ed d\u1ef1 \u00e1n NovaWorld Phan Thi\u1ebft, du kh\u00e1ch ngh\u1ec9 d\u01b0\u1ee1ng c\u00f3 th\u1ec3\u00a0ti\u1ebfp c\u1eadn \u0111\u1ebfn c\u1ea3ng h\u00e0ng kh\u00f4ng Phan Thi\u1ebft s\u1eafp h\u00ecnh th\u00e0nh trong t\u01b0\u01a1ng lai, tr\u1ee5c cao t\u1ed1c Phan Thi\u1ebft \u2013 D\u1ea7u Gi\u00e2y s\u1eafp kh\u1edfi c\u00f4ng trong qu\u00fd 3\/2020 k\u1ebft n\u1ed1i du l\u1ecbch 3 v\u00f9ng TP.HCM \u2013 Phan Thi\u1ebft \u2013 Nha Trang.<\/p>\n","protected":false},"featured_media":294,"comment_status":"open","ping_status":"closed","template":"","meta":[],"product_cat":[18],"product_tag":[],"yoast_head":"<!-- This site is optimized with the Yoast SEO plugin v16.7 - https:\/\/yoast.com\/wordpress\/plugins\/seo\/ -->\n<title>NovaWorld Phan Thi\u1ebft - M\u1eabu BDS 4<\/title>\n<meta name=\"robots\" content=\"index, follow, max-snippet:-1, max-image-preview:large, max-video-preview:-1\" \/>\n<link rel=\"canonical\" href=\"https:\/\/giaodienwebsite.tgs.com.vn\/bds50\/du-an\/novaworld-phan-thiet\/\" \/>\n<meta property=\"og:locale\" content=\"vi_VN\" \/>\n<meta property=\"og:type\" content=\"article\" \/>\n<meta property=\"og:title\" content=\"NovaWorld Phan Thi\u1ebft - M\u1eabu BDS 4\" \/>\n<meta property=\"og:description\" content=\"NovaWorld Phan Thi\u1ebft do\u00a0ch\u1ee7 \u0111\u1ea7u t\u01b0 Novaland\u00a0tri\u1ec3n khai, t\u1ecda l\u1ea1c t\u1ea1i x\u00e3 Ti\u1ebfn Th\u00e0nh, th\u00e0nh ph\u1ed1 Phan Thi\u1ebft, t\u1ec9nh B\u00ecnh Thu\u1eadn. D\u1ef1 \u00e1n c\u00f3 quy m\u00f4 g\u1ea7n 1.000ha v\u1edbi \u0111\u01b0\u1eddng b\u1edd bi\u1ec3n d\u00e0i 7km. T\u1eeb v\u1ecb tr\u00ed d\u1ef1 \u00e1n NovaWorld Phan Thi\u1ebft, du kh\u00e1ch ngh\u1ec9 d\u01b0\u1ee1ng c\u00f3 th\u1ec3\u00a0ti\u1ebfp c\u1eadn \u0111\u1ebfn c\u1ea3ng h\u00e0ng kh\u00f4ng Phan Thi\u1ebft s\u1eafp h\u00ecnh th\u00e0nh trong t\u01b0\u01a1ng lai, tr\u1ee5c cao t\u1ed1c Phan Thi\u1ebft \u2013 D\u1ea7u Gi\u00e2y s\u1eafp kh\u1edfi c\u00f4ng trong qu\u00fd 3\/2020 k\u1ebft n\u1ed1i du l\u1ecbch 3 v\u00f9ng TP.HCM \u2013 Phan Thi\u1ebft \u2013 Nha Trang.\" \/>\n<meta property=\"og:url\" content=\"https:\/\/giaodienwebsite.tgs.com.vn\/bds50\/du-an\/novaworld-phan-thiet\/\" \/>\n<meta property=\"og:site_name\" content=\"M\u1eabu BDS 4\" \/>\n<meta property=\"article:modified_time\" content=\"2020-09-27T16:52:46+00:00\" \/>\n<meta property=\"og:image\" content=\"https:\/\/giaodienwebsite.tgs.com.vn\/bds50\/wp-content\/uploads\/2020\/09\/n1.jpg\" \/>\n\t<meta property=\"og:image:width\" content=\"885\" \/>\n\t<meta property=\"og:image:height\" content=\"500\" \/>\n<meta name=\"twitter:card\" content=\"summary_large_image\" \/>\n<meta name=\"twitter:label1\" content=\"\u01af\u1edbc t\u00ednh th\u1eddi gian \u0111\u1ecdc\" \/>\n\t<meta name=\"twitter:data1\" content=\"6 ph\u00fat\" \/>\n<script type=\"application\/ld+json\" class=\"yoast-schema-graph\">{\"@context\":\"https:\/\/schema.org\",\"@graph\":[{\"@type\":\"WebSite\",\"@id\":\"https:\/\/giaodienwebsite.tgs.com.vn\/bds50\/#website\",\"url\":\"https:\/\/giaodienwebsite.tgs.com.vn\/bds50\/\",\"name\":\"M\\u1eabu BDS 4\",\"description\":\"M\\u1ed9t trang web m\\u1edbi s\\u1eed d\\u1ee5ng WordPress\",\"potentialAction\":[{\"@type\":\"SearchAction\",\"target\":{\"@type\":\"EntryPoint\",\"urlTemplate\":\"https:\/\/giaodienwebsite.tgs.com.vn\/bds50\/?s={search_term_string}\"},\"query-input\":\"required name=search_term_string\"}],\"inLanguage\":\"vi\"},{\"@type\":\"ImageObject\",\"@id\":\"https:\/\/giaodienwebsite.tgs.com.vn\/bds50\/du-an\/novaworld-phan-thiet\/#primaryimage\",\"inLanguage\":\"vi\",\"url\":\"https:\/\/giaodienwebsite.tgs.com.vn\/bds50\/wp-content\/uploads\/2020\/09\/n1.jpg\",\"contentUrl\":\"https:\/\/giaodienwebsite.tgs.com.vn\/bds50\/wp-content\/uploads\/2020\/09\/n1.jpg\",\"width\":885,\"height\":500},{\"@type\":\"WebPage\",\"@id\":\"https:\/\/giaodienwebsite.tgs.com.vn\/bds50\/du-an\/novaworld-phan-thiet\/#webpage\",\"url\":\"https:\/\/giaodienwebsite.tgs.com.vn\/bds50\/du-an\/novaworld-phan-thiet\/\",\"name\":\"NovaWorld Phan Thi\\u1ebft - M\\u1eabu BDS 4\",\"isPartOf\":{\"@id\":\"https:\/\/giaodienwebsite.tgs.com.vn\/bds50\/#website\"},\"primaryImageOfPage\":{\"@id\":\"https:\/\/giaodienwebsite.tgs.com.vn\/bds50\/du-an\/novaworld-phan-thiet\/#primaryimage\"},\"datePublished\":\"2020-09-09T04:24:02+00:00\",\"dateModified\":\"2020-09-27T16:52:46+00:00\",\"breadcrumb\":{\"@id\":\"https:\/\/giaodienwebsite.tgs.com.vn\/bds50\/du-an\/novaworld-phan-thiet\/#breadcrumb\"},\"inLanguage\":\"vi\",\"potentialAction\":[{\"@type\":\"ReadAction\",\"target\":[\"https:\/\/giaodienwebsite.tgs.com.vn\/bds50\/du-an\/novaworld-phan-thiet\/\"]}]},{\"@type\":\"BreadcrumbList\",\"@id\":\"https:\/\/giaodienwebsite.tgs.com.vn\/bds50\/du-an\/novaworld-phan-thiet\/#breadcrumb\",\"itemListElement\":[{\"@type\":\"ListItem\",\"position\":1,\"name\":\"Trang ch\\u1ee7\",\"item\":\"https:\/\/giaodienwebsite.tgs.com.vn\/bds50\/\"},{\"@type\":\"ListItem\",\"position\":2,\"name\":\"C\\u1eeda h\\u00e0ng\",\"item\":\"https:\/\/giaodienwebsite.tgs.com.vn\/bds50\/mua\/\"},{\"@type\":\"ListItem\",\"position\":3,\"name\":\"NovaWorld Phan Thi\\u1ebft\"}]}]}<\/script>\n<!-- \/ Yoast SEO plugin. -->","yoast_head_json":{"title":"NovaWorld Phan Thi\u1ebft - M\u1eabu BDS 4","robots":{"index":"index","follow":"follow","max-snippet":"max-snippet:-1","max-image-preview":"max-image-preview:large","max-video-preview":"max-video-preview:-1"},"canonical":"https:\/\/giaodienwebsite.tgs.com.vn\/bds50\/du-an\/novaworld-phan-thiet\/","og_locale":"vi_VN","og_type":"article","og_title":"NovaWorld Phan Thi\u1ebft - M\u1eabu BDS 4","og_description":"NovaWorld Phan Thi\u1ebft do\u00a0ch\u1ee7 \u0111\u1ea7u t\u01b0 Novaland\u00a0tri\u1ec3n khai, t\u1ecda l\u1ea1c t\u1ea1i x\u00e3 Ti\u1ebfn Th\u00e0nh, th\u00e0nh ph\u1ed1 Phan Thi\u1ebft, t\u1ec9nh B\u00ecnh Thu\u1eadn. D\u1ef1 \u00e1n c\u00f3 quy m\u00f4 g\u1ea7n 1.000ha v\u1edbi \u0111\u01b0\u1eddng b\u1edd bi\u1ec3n d\u00e0i 7km. T\u1eeb v\u1ecb tr\u00ed d\u1ef1 \u00e1n NovaWorld Phan Thi\u1ebft, du kh\u00e1ch ngh\u1ec9 d\u01b0\u1ee1ng c\u00f3 th\u1ec3\u00a0ti\u1ebfp c\u1eadn \u0111\u1ebfn c\u1ea3ng h\u00e0ng kh\u00f4ng Phan Thi\u1ebft s\u1eafp h\u00ecnh th\u00e0nh trong t\u01b0\u01a1ng lai, tr\u1ee5c cao t\u1ed1c Phan Thi\u1ebft \u2013 D\u1ea7u Gi\u00e2y s\u1eafp kh\u1edfi c\u00f4ng trong qu\u00fd 3\/2020 k\u1ebft n\u1ed1i du l\u1ecbch 3 v\u00f9ng TP.HCM \u2013 Phan Thi\u1ebft \u2013 Nha Trang.","og_url":"https:\/\/giaodienwebsite.tgs.com.vn\/bds50\/du-an\/novaworld-phan-thiet\/","og_site_name":"M\u1eabu BDS 4","article_modified_time":"2020-09-27T16:52:46+00:00","og_image":[{"width":885,"height":500,"url":"https:\/\/giaodienwebsite.tgs.com.vn\/bds50\/wp-content\/uploads\/2020\/09\/n1.jpg","path":"C:\\xampp\\phpMyAdmin\\htdocs\\bds46\/wp-content\/uploads\/2020\/09\/n1.jpg","size":"full","id":294,"alt":"","pixels":442500,"type":"image\/jpeg"}],"twitter_card":"summary_large_image","twitter_misc":{"\u01af\u1edbc t\u00ednh th\u1eddi gian \u0111\u1ecdc":"6 ph\u00fat"},"schema":{"@context":"https:\/\/schema.org","@graph":[{"@type":"WebSite","@id":"https:\/\/giaodienwebsite.tgs.com.vn\/bds50\/#website","url":"https:\/\/giaodienwebsite.tgs.com.vn\/bds50\/","name":"M\u1eabu BDS 4","description":"M\u1ed9t trang web m\u1edbi s\u1eed d\u1ee5ng WordPress","potentialAction":[{"@type":"SearchAction","target":{"@type":"EntryPoint","urlTemplate":"https:\/\/giaodienwebsite.tgs.com.vn\/bds50\/?s={search_term_string}"},"query-input":"required name=search_term_string"}],"inLanguage":"vi"},{"@type":"ImageObject","@id":"https:\/\/giaodienwebsite.tgs.com.vn\/bds50\/du-an\/novaworld-phan-thiet\/#primaryimage","inLanguage":"vi","url":"https:\/\/giaodienwebsite.tgs.com.vn\/bds50\/wp-content\/uploads\/2020\/09\/n1.jpg","contentUrl":"https:\/\/giaodienwebsite.tgs.com.vn\/bds50\/wp-content\/uploads\/2020\/09\/n1.jpg","width":885,"height":500},{"@type":"WebPage","@id":"https:\/\/giaodienwebsite.tgs.com.vn\/bds50\/du-an\/novaworld-phan-thiet\/#webpage","url":"https:\/\/giaodienwebsite.tgs.com.vn\/bds50\/du-an\/novaworld-phan-thiet\/","name":"NovaWorld Phan Thi\u1ebft - M\u1eabu BDS 4","isPartOf":{"@id":"https:\/\/giaodienwebsite.tgs.com.vn\/bds50\/#website"},"primaryImageOfPage":{"@id":"https:\/\/giaodienwebsite.tgs.com.vn\/bds50\/du-an\/novaworld-phan-thiet\/#primaryimage"},"datePublished":"2020-09-09T04:24:02+00:00","dateModified":"2020-09-27T16:52:46+00:00","breadcrumb":{"@id":"https:\/\/giaodienwebsite.tgs.com.vn\/bds50\/du-an\/novaworld-phan-thiet\/#breadcrumb"},"inLanguage":"vi","potentialAction":[{"@type":"ReadAction","target":["https:\/\/giaodienwebsite.tgs.com.vn\/bds50\/du-an\/novaworld-phan-thiet\/"]}]},{"@type":"BreadcrumbList","@id":"https:\/\/giaodienwebsite.tgs.com.vn\/bds50\/du-an\/novaworld-phan-thiet\/#breadcrumb","itemListElement":[{"@type":"ListItem","position":1,"name":"Trang ch\u1ee7","item":"https:\/\/giaodienwebsite.tgs.com.vn\/bds50\/"},{"@type":"ListItem","position":2,"name":"C\u1eeda h\u00e0ng","item":"https:\/\/giaodienwebsite.tgs.com.vn\/bds50\/mua\/"},{"@type":"ListItem","position":3,"name":"NovaWorld Phan Thi\u1ebft"}]}]}},"_links":{"self":[{"href":"https:\/\/giaodienwebsite.tgs.com.vn\/bds50\/wp-json\/wp\/v2\/product\/289"}],"collection":[{"href":"https:\/\/giaodienwebsite.tgs.com.vn\/bds50\/wp-json\/wp\/v2\/product"}],"about":[{"href":"https:\/\/giaodienwebsite.tgs.com.vn\/bds50\/wp-json\/wp\/v2\/types\/product"}],"replies":[{"embeddable":true,"href":"https:\/\/giaodienwebsite.tgs.com.vn\/bds50\/wp-json\/wp\/v2\/comments?post=289"}],"wp:featuredmedia":[{"embeddable":true,"href":"https:\/\/giaodienwebsite.tgs.com.vn\/bds50\/wp-json\/wp\/v2\/media\/294"}],"wp:attachment":[{"href":"https:\/\/giaodienwebsite.tgs.com.vn\/bds50\/wp-json\/wp\/v2\/media?parent=289"}],"wp:term":[{"taxonomy":"product_cat","embeddable":true,"href":"https:\/\/giaodienwebsite.tgs.com.vn\/bds50\/wp-json\/wp\/v2\/product_cat?post=289"},{"taxonomy":"product_tag","embeddable":true,"href":"https:\/\/giaodienwebsite.tgs.com.vn\/bds50\/wp-json\/wp\/v2\/product_tag?post=289"}],"curies":[{"name":"wp","href":"https:\/\/api.w.org\/{rel}","templated":true}]}}