{"id":200,"date":"2020-09-08T12:23:56","date_gmt":"2020-09-08T12:23:56","guid":{"rendered":"http:\/\/bds6.thuatpartner.com\/?post_type=product&amp;p=200"},"modified":"2020-09-08T12:23:56","modified_gmt":"2020-09-08T12:23:56","slug":"the-river-thu-thiem","status":"publish","type":"product","link":"https:\/\/giaodienwebsite.tgs.com.vn\/bds50\/du-an\/the-river-thu-thiem\/","title":{"rendered":"The River Th\u1ee7 Thi\u00eam"},"content":{"rendered":"<p>The River Th\u1ee7 Thi\u00eam l\u00e0 d\u1ef1 \u00e1n c\u0103n h\u1ed9 cao c\u1ea5p t\u1ecda l\u1ea1c\u00a0t\u1ea1i L\u00f4 3.15 v\u00e0\u00a03.16\u00a0Khu \u0111\u00f4 th\u1ecb Th\u1ee7 Thi\u00eam, Qu\u1eadn 2, TP.HCM do Li\u00ean doanh\u00a0Refico v\u00e0 CII l\u00e0m ch\u1ee7 \u0111\u1ea7u t\u01b0.<\/p>\n<h2>Th\u00f4ng tin t\u1ed5ng quan d\u1ef1 \u00e1n The River Th\u1ee7 Thi\u00eam<\/h2>\n<p>+ T\u00ean d\u1ef1 \u00e1n:\u00a0The River Th\u1ee7 Thi\u00eam<\/p>\n<p>+ V\u1ecb tr\u00ed d\u1ef1 \u00e1n: M\u1eb7t ti\u1ec1n \u0111\u01b0\u1eddng Nguy\u1ec5n C\u01a1 Th\u1ea1ch, Khu \u0111\u00f4 th\u1ecb Th\u1ee7 Thi\u00eam, Ph\u01b0\u1eddng An Kh\u00e1nh, Qu\u1eadn 2, TP.HCM<\/p>\n<p>+ Ch\u1ee7 \u0111\u1ea7u t\u01b0: Li\u00ean doanh gi\u1eefa C\u00f4ng Ty C\u1ed5 Ph\u1ea7n City Garden\u00a0(c\u00f4ng ty th\u00e0nh vi\u00ean c\u1ee7a\u00a0t\u1eadp \u0111o\u00e0n REFICO Group) v\u00e0 CII<\/p>\n<p>+ \u0110\u01a1n v\u1ecb Thi\u1ebft k\u1ebf ki\u1ebfn tr\u00fac: DP Architects \u2013 Singapore<\/p>\n<p>+ Di\u1ec7n t\u00edch \u0111\u1ea5t: 15,378 m2<\/p>\n<p>+ Di\u1ec7n t\u00edch x\u00e2y d\u1ef1ng: 9,126 m2<\/p>\n<p>+ T\u1ed5ng di\u1ec7n t\u00edch s\u00e0n c\u0103n h\u1ed9: 90,000 m2<\/p>\n<p>+ HSSD \u0111\u1ea5t: 5.99<\/p>\n<p>+ T\u1ed5ng s\u1ed1 th\u00e1p: 3<\/p>\n<p>+ S\u1ed1 t\u1ea7ng cao: 12 (th\u00e1p Seine), 18 (th\u00e1p Thames v\u00e0 Hudson)<\/p>\n<p>+ T\u1ed5ng s\u1ed1 c\u0103n h\u1ed9: 501 c\u0103n h\u1ed9, 12 penthouse v\u00e0 12 pool villas<\/p>\n<p>+ Lo\u1ea1i h\u00ecnh s\u1ea3n ph\u1ea9m: C\u0103n h\u1ed9 h\u1ea1ng sang (Luxury Apartment), C\u0103n h\u1ed9 Bi\u1ec7t th\u1ef1 tr\u00ean kh\u00f4ng (Pool Villas), C\u0103n h\u1ed9 s\u00e2n v\u01b0\u1eddn (Penthouse\/Duplex ) v\u00e0 C\u0103n h\u1ed9 th\u01b0\u01a1ng m\u1ea1i (Shophouse)<\/p>\n<p>+ M\u1eadt \u0111\u1ed9 c\u0103n h\u1ed9: 9 \u2013 16 c\u0103n\/s\u00e0n<\/p>\n<p>+ Di\u1ec7n t\u00edch c\u0103n h\u1ed9: 57 \u2013 245m2<\/p>\n<p>+ Ti\u1ec7n \u00edch n\u1ed9i khu: H\u1ed3 b\u01a1i chu\u1ea9n Olympic, C\u00f4ng vi\u00ean c\u00e2y xanh, \u0110\u01b0\u1eddng \u0111i b\u1ed9, Khu trung t\u00e2m th\u01b0\u01a1ng m\u1ea1i, Khu BBQ &amp; Nh\u00e0 h\u00e0ng, Khu Spa,\u2026.<\/p>\n<p>+ Ph\u00e1p l\u00fd d\u1ef1 \u00e1n: 1\/500, S\u1ed5 h\u1ed3ng t\u1eebng c\u0103n<\/p>\n<p>+ D\u1ef1 ki\u1ebfn b\u00e0n giao: Q2\/2022<\/p>\n<h2>V\u1ecb tr\u00ed d\u1ef1 \u00e1n The River Th\u1ee7 Thi\u00eam<\/h2>\n<p>The River Th\u1ee7 Thi\u00eam\u00a0t\u1ecda l\u1ea1c ngay m\u1eb7t ti\u1ec1n \u0110\u1ea1i l\u1ed9 V\u00f2ng cung, c\u1ea1nh b\u00ean c\u1ea7u Th\u1ee7 Thi\u00eam 1, Qu\u1eadn 2. \u0110\u00e2y l\u00e0 tuy\u1ebfn \u0111\u01b0\u1eddng huy\u1ebft m\u1ea1ch k\u1ebft n\u1ed1i to\u00e0n b\u1ed9 khu \u0111\u00f4 th\u1ecb Th\u1ee7 Thi\u00eam v\u00e0 t\u1ea5t c\u1ea3 c\u00e1c d\u1ef1 \u00e1n h\u1ea1ng sang t\u1ea1i khu v\u1ef1c nh\u01b0: Eco Smart City, Empire City, Sala \u0110\u1ea1i Quang Minh,&#8230;<\/p>\n<p>B\u00ean c\u1ea1nh \u0111\u00f3, \u0111\u1ea1i l\u1ed9 V\u00f2ng Cung c\u00f2n k\u1ebft n\u1ed1i tr\u1ef1c ti\u1ebfp v\u1edbi c\u00e1c c\u1ea7u Th\u1ee7 Thi\u00eam 1, 2, 3, 4 v\u00e0 c\u1ea7u \u0111i b\u1ed9 qua Qu\u1eadn 1 n\u00ean c\u01b0 d\u00e2n The River Th\u1ee7 Thi\u00eam r\u1ea5t thu\u1eadn ti\u1ec7n di chuy\u1ec3n \u0111\u1ebfn m\u1ecdi khu v\u1ef1c trong th\u00e0nh ph\u1ed1.<\/p>\n<p>Khu \u0111\u00f4 th\u1ecb Th\u1ee7 Thi\u00eam \u0111ang c\u00f3 t\u1ed1c \u0111\u1ed9 ph\u00e1t tri\u1ec3n m\u1ea1nh m\u1ebd t\u1ea1i Qu\u1eadn 2 v\u1edbi h\u1ea1 t\u1ea7ng ho\u00e0n ch\u1ec9nh, ti\u1ec7n \u00edch \u0111a d\u1ea1ng, t\u1eadp trung \u0111\u00f4ng \u0111\u00fac c\u01b0 d\u00e2n l\u00e0 ng\u01b0\u1eddi n\u01b0\u1edbc ngo\u00e0i, gi\u1edbi tr\u00ed th\u1ee9c, nh\u1eefng doanh nh\u00e2n.<\/p>\n<p>Nh\u1eefng d\u1ef1 \u00e1n b\u1ea5t \u0111\u1ed9ng s\u1ea3n t\u1ea1i \u0111\u00e2y \u0111\u01b0\u1ee3c \u0111\u00e1nh gi\u00e1 cao v\u1ec1 ti\u1ec1m n\u0103ng sinh l\u1eddi trong t\u01b0\u01a1ng lai v\u00e0 The River Th\u1ee7 Thi\u00eam c\u0169ng kh\u00f4ng ngo\u1ea1i l\u1ec7.<\/p>\n<p>B\u00ean c\u1ea1nh \u0111\u00f3, The River\u00a0Th\u1ee7 Thi\u00eam c\u00f2n c\u00f3 t\u00ednh li\u00ean k\u1ebft v\u00f9ng cao, trong v\u00f2ng b\u00e1n k\u00ednh 2 km, c\u01b0 d\u00e2n c\u00f3 th\u1ec3 ti\u1ebfp c\u1eadn d\u1ec5 d\u00e0ng nh\u1eefng \u0111\u1ecba \u0111i\u1ec3m vui ch\u01a1i, c\u00e1c trung th\u00e2m th\u01b0\u01a1ng mai, gi\u1ea3i tr\u00ed s\u1ea7m u\u1ea5t b\u1eadc nh\u1ea5t th\u00e0nh ph\u1ed1. B\u1ea1n s\u1ebd kh\u00f4ng c\u1ea7n lo ng\u1ea1i chuy\u1ec7n tr\u00e1i \u0111\u01b0\u1eddng, k\u1eb9t xe nh\u01b0 tr\u01b0\u1edbc.<\/p>\n<p>M\u1ed9t \u01b0u th\u1ebf kh\u00e1c c\u1ee7a The River\u00a0Th\u1ee7 Thi\u00eam \u0111\u00f3 ch\u00ednh l\u00e0 n\u1eb1m g\u1ea7n s\u00f4ng S\u00e0i G\u00f2n, v\u1eeba th\u1eeba h\u01b0\u1edfng to\u00e0n b\u1ed9 m\u00f4i tr\u01b0\u1eddng s\u1ed1ng m\u00e1t m\u1ebb, trong l\u00e0nh v\u1eeba m\u1edf t\u1ea7m nh\u00ecn tuy\u1ec7t \u0111\u1eb9p, th\u01a1 m\u1ed9ng, cho b\u1ea1n m\u1ed9t ch\u1ed1n \u0111i v\u1ec1 b\u00ecnh y\u00ean gi\u1eefa l\u00f2ng th\u00e0nh ph\u1ed1.<\/p>\n<p>The River\u00a0Th\u1ee7 Thi\u00eam \u0111\u01b0\u1ee3c thi\u1ebft k\u1ebf theo phong c\u00e1ch ki\u1ebfn tr\u00fac ph\u01b0\u01a1ng \u0110\u00f4ng sang tr\u1ecdng k\u1ebft h\u1ee3p nh\u1eefng \u0111\u01b0\u1eddng n\u00e9t tinh x\u1ea3o hi\u1ec7n \u0111\u1ea1i c\u1ee7a ph\u01b0\u01a1ng T\u00e2y, mang \u0111\u1ebfn kh\u00f4ng gian s\u1ed1ng hi\u1ec7n \u0111\u1ea1i, th\u1ea9m m\u1ef9 v\u00e0 phong th\u1ee7y t\u1ed1t cho m\u1ed7i ch\u1ee7 nh\u00e2n.<\/p>\n<p>C\u00e1c c\u0103n h\u1ed9 v\u1edbi h\u00ecnh kh\u1ed1i vu\u00f4ng v\u1ee9c, b\u1ed1 tr\u00ed h\u00e0i h\u00f2a, t\u1eadn d\u1ee5ng di\u1ec7n t\u00edch hi\u1ec7u qu\u1ea3, t\u1ea1o c\u1ea3m gi\u00e1c r\u1ed9ng r\u00e3i, th\u00f4ng tho\u00e1ng v\u00e0 tho\u1ea3i m\u00e1i. H\u1ec7 th\u1ed1ng m\u1eb7t tho\u00e1ng l\u1eafp \u0111\u1eb7t khoa h\u1ecdc, \u0111\u00f3n \u00e1nh s\u00e1ng v\u00e0 gi\u00f3 t\u1ef1 nhi\u00ean v\u00e0o nh\u00e0, ti\u1ebft ki\u1ec7m n\u0103ng l\u01b0\u1ee3ng.<\/p>\n<p>V\u1edbi m\u1eadt \u0111\u1ed9 x\u00e2y d\u1ef1ng t\u01b0\u01a1ng \u0111\u1ed1i ph\u00f9 h\u1ee3p, di\u1ec7n t\u00edch m\u1ea3ng xanh l\u1edbn, The River Th\u1ee7 Thi\u00eam ki\u1ebfn t\u1ea1o m\u00f4i tr\u01b0\u1eddng s\u1ed1ng ng\u1eadp tr\u00e0n c\u00e2y xanh, gi\u00f3 v\u00e0 n\u01b0\u1edbc, h\u00e0i h\u00f2a c\u00f9ng thi\u00ean nhi\u00ean.<\/p>\n<h2>Ti\u1ec7n \u00edch t\u1ea1i The River Th\u1ee7 Thi\u00eam<\/h2>\n<p>The River\u00a0Th\u1ee7 Thi\u00eam s\u1edf h\u1eefu h\u1ec7 th\u1ed1ng 50 ti\u1ec7n \u00edch n\u1ed9i khu ho\u00e0n ch\u1ec9nh, \u0111\u00e1p \u1ee9ng m\u1ecdi nhu c\u1ea7u t\u1eeb c\u01a1 b\u1ea3n \u0111\u1ebfn cao c\u1ea5p c\u1ee7a c\u01b0 d\u00e2n. M\u1ed9t s\u1ed1 ti\u1ec7n \u00edch n\u1ed5i b\u1eadt c\u1ee7a d\u1ef1 \u00e1n:<\/p>\n<p>&#8211; H\u1ed3 b\u01a1i d\u00e0i 50m chu\u1ea9n Olympic<\/p>\n<p>&#8211; H\u1ed3 b\u01a1i tr\u1ebb em<\/p>\n<p>&#8211; Sun lounges v\u00e0 gh\u1ebf quanh h\u1ed3 b\u01a1i<\/p>\n<p>&#8211; Ph\u00f2ng t\u1eafm ngo\u00e0i tr\u1eddi<\/p>\n<p>&#8211; Ph\u00f2ng Gym\/Yoga<\/p>\n<p>&#8211; Ph\u00f2ng Karaoke<\/p>\n<p>&#8211; Ph\u00f2ng chi\u1ebfu phim<\/p>\n<p>&#8211; Ph\u00f2ng t\u1eadp golf m\u00f4 ph\u1ecfng<\/p>\n<p>&#8211; Cigar lounge<\/p>\n<p>&#8211; Ph\u00f2ng sinh ho\u1ea1t c\u1ed9ng \u0111\u1ed3ng<\/p>\n<p>&#8211; Nh\u00e0 h\u00e0ng sang tr\u1ecdng<\/p>\n<p>&#8211; Khu v\u1ef1c Gym ngo\u00e0i tr\u1eddi<\/p>\n<p>&#8211; Nh\u00e0 h\u00e0ng phong c\u00e1ch ngo\u00e0i tr\u1eddi<\/p>\n<p>&#8211; S\u1ea3nh lounge ng\u1eafm s\u00f4ng S\u00e0i G\u00f2n<\/p>\n<p>&#8211; Khu v\u1ef1c BBQ ngo\u00e0i tr\u1eddi v\u00e0 b\u00e0n \u0103n ngo\u00e0i tr\u1eddi cho gia \u0111\u00ecnh<\/p>\n<p>&#8211; Thang m\u00e1y ri\u00eang cho khu ti\u1ec7n \u00edch ngo\u00e0i tr\u1eddi.<\/p>\n<p>T\u1ecda l\u1ea1c ngay v\u1ecb tr\u00ed trung t\u00e2m khu \u0111\u00f4 th\u1ecb m\u1edbi Th\u1ee7 Thi\u00eam, c\u01b0 d\u00e2n The River Th\u1ee7 Thi\u00eam s\u1ebd \u0111\u01b0\u1ee3c th\u1eeba h\u01b0\u1edfng to\u00e0n b\u1ed9 nh\u1eefng ti\u1ec7n \u00edch ngo\u1ea1i khu \u0111\u00e3 hi\u1ec7n h\u1eefu: h\u1ec7 th\u1ed1ng tr\u01b0\u1eddng h\u1ecdc c\u00e1c c\u1ea5p v\u00e0 tr\u01b0\u1eddng qu\u1ed1c t\u1ebf, b\u1ec7nh vi\u1ec7n, c\u00e1c trung t\u00e2m th\u01b0\u01a1ng m\u1ea1i, khu vui ch\u01a1i,&#8230;<\/p>\n<p>M\u1ed9t cu\u1ed9c s\u1ed1ng ti\u1ec7n nghi, hi\u1ec7n \u0111\u1ea1i trong m\u1ed9t c\u1ed9ng \u0111\u1ed3ng d\u00e2n c\u01b0 v\u0103n minh, th\u1ecbnh v\u01b0\u1ee3ng \u0111ang ch\u1edd \u0111\u00f3n nh\u1eefng ch\u1ee7 nh\u00e2n t\u01b0\u01a1ng lai c\u1ee7a The River Th\u1ee7 Thi\u00eam.<\/p>\n","protected":false},"excerpt":{"rendered":"<p>The River Th\u1ee7 Thi\u00eam\u00a0t\u1ecda l\u1ea1c ngay m\u1eb7t ti\u1ec1n \u0110\u1ea1i l\u1ed9 V\u00f2ng cung, c\u1ea1nh b\u00ean c\u1ea7u Th\u1ee7 Thi\u00eam 1, Qu\u1eadn 2. \u0110\u00e2y l\u00e0 tuy\u1ebfn \u0111\u01b0\u1eddng huy\u1ebft m\u1ea1ch k\u1ebft n\u1ed1i to\u00e0n b\u1ed9 khu \u0111\u00f4 th\u1ecb Th\u1ee7 Thi\u00eam v\u00e0 t\u1ea5t c\u1ea3 c\u00e1c d\u1ef1 \u00e1n h\u1ea1ng sang t\u1ea1i khu v\u1ef1c nh\u01b0: Eco Smart City, Empire City, Sala \u0110\u1ea1i Quang Minh,\u2026<\/p>\n","protected":false},"featured_media":201,"comment_status":"open","ping_status":"closed","template":"","meta":[],"product_cat":[18],"product_tag":[],"yoast_head":"<!-- This site is optimized with the Yoast SEO plugin v16.7 - https:\/\/yoast.com\/wordpress\/plugins\/seo\/ -->\n<title>The River Th\u1ee7 Thi\u00eam - M\u1eabu BDS 4<\/title>\n<meta name=\"robots\" content=\"index, follow, max-snippet:-1, max-image-preview:large, max-video-preview:-1\" \/>\n<link rel=\"canonical\" href=\"https:\/\/giaodienwebsite.tgs.com.vn\/bds50\/du-an\/the-river-thu-thiem\/\" \/>\n<meta property=\"og:locale\" content=\"vi_VN\" \/>\n<meta property=\"og:type\" content=\"article\" \/>\n<meta property=\"og:title\" content=\"The River Th\u1ee7 Thi\u00eam - M\u1eabu BDS 4\" \/>\n<meta property=\"og:description\" content=\"The River Th\u1ee7 Thi\u00eam\u00a0t\u1ecda l\u1ea1c ngay m\u1eb7t ti\u1ec1n \u0110\u1ea1i l\u1ed9 V\u00f2ng cung, c\u1ea1nh b\u00ean c\u1ea7u Th\u1ee7 Thi\u00eam 1, Qu\u1eadn 2. \u0110\u00e2y l\u00e0 tuy\u1ebfn \u0111\u01b0\u1eddng huy\u1ebft m\u1ea1ch k\u1ebft n\u1ed1i to\u00e0n b\u1ed9 khu \u0111\u00f4 th\u1ecb Th\u1ee7 Thi\u00eam v\u00e0 t\u1ea5t c\u1ea3 c\u00e1c d\u1ef1 \u00e1n h\u1ea1ng sang t\u1ea1i khu v\u1ef1c nh\u01b0: Eco Smart City, Empire City, Sala \u0110\u1ea1i Quang Minh,\u2026\" \/>\n<meta property=\"og:url\" content=\"https:\/\/giaodienwebsite.tgs.com.vn\/bds50\/du-an\/the-river-thu-thiem\/\" \/>\n<meta property=\"og:site_name\" content=\"M\u1eabu BDS 4\" \/>\n<meta property=\"og:image\" content=\"https:\/\/giaodienwebsite.tgs.com.vn\/bds50\/wp-content\/uploads\/2020\/09\/image01.jpg\" \/>\n\t<meta property=\"og:image:width\" content=\"889\" \/>\n\t<meta property=\"og:image:height\" content=\"500\" \/>\n<meta name=\"twitter:card\" content=\"summary_large_image\" \/>\n<meta name=\"twitter:label1\" content=\"\u01af\u1edbc t\u00ednh th\u1eddi gian \u0111\u1ecdc\" \/>\n\t<meta name=\"twitter:data1\" content=\"6 ph\u00fat\" \/>\n<script type=\"application\/ld+json\" class=\"yoast-schema-graph\">{\"@context\":\"https:\/\/schema.org\",\"@graph\":[{\"@type\":\"WebSite\",\"@id\":\"https:\/\/giaodienwebsite.tgs.com.vn\/bds50\/#website\",\"url\":\"https:\/\/giaodienwebsite.tgs.com.vn\/bds50\/\",\"name\":\"M\\u1eabu BDS 4\",\"description\":\"M\\u1ed9t trang web m\\u1edbi s\\u1eed d\\u1ee5ng WordPress\",\"potentialAction\":[{\"@type\":\"SearchAction\",\"target\":{\"@type\":\"EntryPoint\",\"urlTemplate\":\"https:\/\/giaodienwebsite.tgs.com.vn\/bds50\/?s={search_term_string}\"},\"query-input\":\"required name=search_term_string\"}],\"inLanguage\":\"vi\"},{\"@type\":\"ImageObject\",\"@id\":\"https:\/\/giaodienwebsite.tgs.com.vn\/bds50\/du-an\/the-river-thu-thiem\/#primaryimage\",\"inLanguage\":\"vi\",\"url\":\"https:\/\/giaodienwebsite.tgs.com.vn\/bds50\/wp-content\/uploads\/2020\/09\/image01.jpg\",\"contentUrl\":\"https:\/\/giaodienwebsite.tgs.com.vn\/bds50\/wp-content\/uploads\/2020\/09\/image01.jpg\",\"width\":889,\"height\":500},{\"@type\":\"WebPage\",\"@id\":\"https:\/\/giaodienwebsite.tgs.com.vn\/bds50\/du-an\/the-river-thu-thiem\/#webpage\",\"url\":\"https:\/\/giaodienwebsite.tgs.com.vn\/bds50\/du-an\/the-river-thu-thiem\/\",\"name\":\"The River Th\\u1ee7 Thi\\u00eam - M\\u1eabu BDS 4\",\"isPartOf\":{\"@id\":\"https:\/\/giaodienwebsite.tgs.com.vn\/bds50\/#website\"},\"primaryImageOfPage\":{\"@id\":\"https:\/\/giaodienwebsite.tgs.com.vn\/bds50\/du-an\/the-river-thu-thiem\/#primaryimage\"},\"datePublished\":\"2020-09-08T12:23:56+00:00\",\"dateModified\":\"2020-09-08T12:23:56+00:00\",\"breadcrumb\":{\"@id\":\"https:\/\/giaodienwebsite.tgs.com.vn\/bds50\/du-an\/the-river-thu-thiem\/#breadcrumb\"},\"inLanguage\":\"vi\",\"potentialAction\":[{\"@type\":\"ReadAction\",\"target\":[\"https:\/\/giaodienwebsite.tgs.com.vn\/bds50\/du-an\/the-river-thu-thiem\/\"]}]},{\"@type\":\"BreadcrumbList\",\"@id\":\"https:\/\/giaodienwebsite.tgs.com.vn\/bds50\/du-an\/the-river-thu-thiem\/#breadcrumb\",\"itemListElement\":[{\"@type\":\"ListItem\",\"position\":1,\"name\":\"Trang ch\\u1ee7\",\"item\":\"https:\/\/giaodienwebsite.tgs.com.vn\/bds50\/\"},{\"@type\":\"ListItem\",\"position\":2,\"name\":\"C\\u1eeda h\\u00e0ng\",\"item\":\"https:\/\/giaodienwebsite.tgs.com.vn\/bds50\/mua\/\"},{\"@type\":\"ListItem\",\"position\":3,\"name\":\"The River Th\\u1ee7 Thi\\u00eam\"}]}]}<\/script>\n<!-- \/ Yoast SEO plugin. -->","yoast_head_json":{"title":"The River Th\u1ee7 Thi\u00eam - M\u1eabu BDS 4","robots":{"index":"index","follow":"follow","max-snippet":"max-snippet:-1","max-image-preview":"max-image-preview:large","max-video-preview":"max-video-preview:-1"},"canonical":"https:\/\/giaodienwebsite.tgs.com.vn\/bds50\/du-an\/the-river-thu-thiem\/","og_locale":"vi_VN","og_type":"article","og_title":"The River Th\u1ee7 Thi\u00eam - M\u1eabu BDS 4","og_description":"The River Th\u1ee7 Thi\u00eam\u00a0t\u1ecda l\u1ea1c ngay m\u1eb7t ti\u1ec1n \u0110\u1ea1i l\u1ed9 V\u00f2ng cung, c\u1ea1nh b\u00ean c\u1ea7u Th\u1ee7 Thi\u00eam 1, Qu\u1eadn 2. \u0110\u00e2y l\u00e0 tuy\u1ebfn \u0111\u01b0\u1eddng huy\u1ebft m\u1ea1ch k\u1ebft n\u1ed1i to\u00e0n b\u1ed9 khu \u0111\u00f4 th\u1ecb Th\u1ee7 Thi\u00eam v\u00e0 t\u1ea5t c\u1ea3 c\u00e1c d\u1ef1 \u00e1n h\u1ea1ng sang t\u1ea1i khu v\u1ef1c nh\u01b0: Eco Smart City, Empire City, Sala \u0110\u1ea1i Quang Minh,\u2026","og_url":"https:\/\/giaodienwebsite.tgs.com.vn\/bds50\/du-an\/the-river-thu-thiem\/","og_site_name":"M\u1eabu BDS 4","og_image":[{"width":889,"height":500,"url":"https:\/\/giaodienwebsite.tgs.com.vn\/bds50\/wp-content\/uploads\/2020\/09\/image01.jpg","path":"C:\\xampp\\phpMyAdmin\\htdocs\\bds46\/wp-content\/uploads\/2020\/09\/image01.jpg","size":"full","id":201,"alt":"","pixels":444500,"type":"image\/jpeg"}],"twitter_card":"summary_large_image","twitter_misc":{"\u01af\u1edbc t\u00ednh th\u1eddi gian \u0111\u1ecdc":"6 ph\u00fat"},"schema":{"@context":"https:\/\/schema.org","@graph":[{"@type":"WebSite","@id":"https:\/\/giaodienwebsite.tgs.com.vn\/bds50\/#website","url":"https:\/\/giaodienwebsite.tgs.com.vn\/bds50\/","name":"M\u1eabu BDS 4","description":"M\u1ed9t trang web m\u1edbi s\u1eed d\u1ee5ng WordPress","potentialAction":[{"@type":"SearchAction","target":{"@type":"EntryPoint","urlTemplate":"https:\/\/giaodienwebsite.tgs.com.vn\/bds50\/?s={search_term_string}"},"query-input":"required name=search_term_string"}],"inLanguage":"vi"},{"@type":"ImageObject","@id":"https:\/\/giaodienwebsite.tgs.com.vn\/bds50\/du-an\/the-river-thu-thiem\/#primaryimage","inLanguage":"vi","url":"https:\/\/giaodienwebsite.tgs.com.vn\/bds50\/wp-content\/uploads\/2020\/09\/image01.jpg","contentUrl":"https:\/\/giaodienwebsite.tgs.com.vn\/bds50\/wp-content\/uploads\/2020\/09\/image01.jpg","width":889,"height":500},{"@type":"WebPage","@id":"https:\/\/giaodienwebsite.tgs.com.vn\/bds50\/du-an\/the-river-thu-thiem\/#webpage","url":"https:\/\/giaodienwebsite.tgs.com.vn\/bds50\/du-an\/the-river-thu-thiem\/","name":"The River Th\u1ee7 Thi\u00eam - M\u1eabu BDS 4","isPartOf":{"@id":"https:\/\/giaodienwebsite.tgs.com.vn\/bds50\/#website"},"primaryImageOfPage":{"@id":"https:\/\/giaodienwebsite.tgs.com.vn\/bds50\/du-an\/the-river-thu-thiem\/#primaryimage"},"datePublished":"2020-09-08T12:23:56+00:00","dateModified":"2020-09-08T12:23:56+00:00","breadcrumb":{"@id":"https:\/\/giaodienwebsite.tgs.com.vn\/bds50\/du-an\/the-river-thu-thiem\/#breadcrumb"},"inLanguage":"vi","potentialAction":[{"@type":"ReadAction","target":["https:\/\/giaodienwebsite.tgs.com.vn\/bds50\/du-an\/the-river-thu-thiem\/"]}]},{"@type":"BreadcrumbList","@id":"https:\/\/giaodienwebsite.tgs.com.vn\/bds50\/du-an\/the-river-thu-thiem\/#breadcrumb","itemListElement":[{"@type":"ListItem","position":1,"name":"Trang ch\u1ee7","item":"https:\/\/giaodienwebsite.tgs.com.vn\/bds50\/"},{"@type":"ListItem","position":2,"name":"C\u1eeda h\u00e0ng","item":"https:\/\/giaodienwebsite.tgs.com.vn\/bds50\/mua\/"},{"@type":"ListItem","position":3,"name":"The River Th\u1ee7 Thi\u00eam"}]}]}},"_links":{"self":[{"href":"https:\/\/giaodienwebsite.tgs.com.vn\/bds50\/wp-json\/wp\/v2\/product\/200"}],"collection":[{"href":"https:\/\/giaodienwebsite.tgs.com.vn\/bds50\/wp-json\/wp\/v2\/product"}],"about":[{"href":"https:\/\/giaodienwebsite.tgs.com.vn\/bds50\/wp-json\/wp\/v2\/types\/product"}],"replies":[{"embeddable":true,"href":"https:\/\/giaodienwebsite.tgs.com.vn\/bds50\/wp-json\/wp\/v2\/comments?post=200"}],"wp:featuredmedia":[{"embeddable":true,"href":"https:\/\/giaodienwebsite.tgs.com.vn\/bds50\/wp-json\/wp\/v2\/media\/201"}],"wp:attachment":[{"href":"https:\/\/giaodienwebsite.tgs.com.vn\/bds50\/wp-json\/wp\/v2\/media?parent=200"}],"wp:term":[{"taxonomy":"product_cat","embeddable":true,"href":"https:\/\/giaodienwebsite.tgs.com.vn\/bds50\/wp-json\/wp\/v2\/product_cat?post=200"},{"taxonomy":"product_tag","embeddable":true,"href":"https:\/\/giaodienwebsite.tgs.com.vn\/bds50\/wp-json\/wp\/v2\/product_tag?post=200"}],"curies":[{"name":"wp","href":"https:\/\/api.w.org\/{rel}","templated":true}]}}