{"id":1308,"date":"2021-07-21T00:12:26","date_gmt":"2021-07-21T00:12:26","guid":{"rendered":"https:\/\/giaodienwebsite.tgs.com.vn\/bds50\/?post_type=product&#038;p=1308"},"modified":"2021-07-21T00:15:16","modified_gmt":"2021-07-21T00:15:16","slug":"can-ho-saigon-pearl","status":"publish","type":"product","link":"https:\/\/giaodienwebsite.tgs.com.vn\/bds50\/du-an\/can-ho-saigon-pearl\/","title":{"rendered":"C\u0103n H\u1ed9 SaiGon Pearl"},"content":{"rendered":"<p>The Grand Manhattan do c\u00f4ng ty C\u1ed5 ph\u1ea7n Ph\u00e1t tri\u1ec3n \u0110\u1ea5t Vi\u1ec7t l\u00e0m ch\u1ee7 \u0111\u1ea7u t\u01b0 v\u00e0 t\u1eadp \u0111o\u00e0n Novaland ph\u00e1t tri\u1ec3n. Novaland hi\u1ec7n ph\u00e1t tri\u1ec3n h\u01a1n 40 d\u1ef1 \u00e1n, cung c\u1ea5p h\u01a1n 26.000 s\u1ea3n ph\u1ea9m b\u1ea5t \u0111\u1ed9ng s\u1ea3n\u00a0g\u1ed3m nhi\u1ec1u lo\u1ea1i h\u00ecnh s\u1ea3n ph\u1ea9m nh\u01b0: c\u0103n h\u1ed9, bi\u1ec7t th\u1ef1, nh\u00e0 ph\u1ed1 th\u01b0\u01a1ng m\u1ea1i, v\u0103n ph\u00f2ng, khu \u0111\u00f4 th\u1ecb, khu ngh\u1ec9 d\u01b0\u1ee1ng cao c\u1ea5p,\u2026 T\u1ea5t c\u1ea3 d\u1ef1 \u00e1n \u0111\u1ec1u c\u00f3 v\u1ecb tr\u00ed \u0111\u1eb9p, thu\u1eadn ti\u1ec7n giao th\u00f4ng.<\/p>\n<p>D\u1ef1 \u00e1n c\u0103n h\u1ed9 Qu\u1eadn 1 The Grand Manhattan kh\u1edfi c\u00f4ng v\u00e0o Qu\u00fd 2\/2018, \u0111ang trong giai \u0111o\u1ea1n san l\u1ea5p m\u1eb7t b\u1eb1ng v\u00e0 chu\u1ea9n b\u1ecb thi c\u00f4ng m\u00f3ng, h\u1ea7m, d\u1ef1 ki\u1ebfn b\u00e0n giao v\u00e0o Qu\u00fd 1\/2021.<\/p>\n<p>Hi\u1ec7n t\u1ea1i, The Grand Manhattan l\u00e0 m\u1ed9t trong nh\u1eefng d\u1ef1 \u00e1n c\u0103n h\u1ed9 Qu\u1eadn 1 cao c\u1ea5p thu h\u00fat s\u1ef1 quan t\u00e2m r\u1ea5t l\u1edbn t\u1eeb kh\u00e1ch h\u00e0ng \u2013 nh\u1eefng ng\u01b0\u1eddi \u0111ang t\u00ecm ki\u1ebfm c\u0103n h\u1ed9 m\u01a1 \u01b0\u1edbc v\u00e0 c\u00e1c nh\u00e0 \u0111\u1ea7u t\u01b0 th\u1ee9 c\u1ea5p. C\u00f9ng Rever gi\u1ea3i m\u00e3 s\u1ee9c h\u00fat d\u1ef1 \u00e1n \u0111\u1ec3 c\u00f3 quy\u1ebft \u0111\u1ecbnh \u0111\u1ea7u t\u01b0 h\u1ee3p l\u00fd nh\u1ea5t.<\/p>\n<h2>The Grand Manhattan v\u00e0 v\u1ecb tr\u00ed v\u00e0ng ngay l\u00f5i trung t\u00e2m th\u00e0nh ph\u1ed1<\/h2>\n<p>The Grand Manhattan t\u1ecda l\u1ea1c t\u1ea1i \u0111\u1ecba ch\u1ec9 100 C\u00f4 Giang, Qu\u1eadn 1. V\u1ecb tr\u00ed n\u00e0y \u0111\u01b0\u1ee3c xem nh\u01b0 \u201ct\u1ea5c \u0111\u1ea5t t\u1ea5c v\u00e0ng\u201d ngay l\u00f5i trung t\u00e2m th\u00e0nh ph\u1ed1, g\u1ea7n k\u1ec1 nhi\u1ec1u \u0111\u1ecba \u0111i\u1ec3m n\u1ed5i ti\u1ebfng nh\u01b0: c\u00e1ch ch\u1ee3 B\u1ebfn Th\u00e0nh 1km, c\u00e1ch ph\u1ed1 T\u00e2y B\u00f9i Vi\u1ec7n 500m, c\u00e1ch s\u00e2n kh\u1ea5u Sen H\u1ed3ng, c\u00f4ng vi\u00ean 23\/9, trung t\u00e2m mua s\u1eafm, d\u1ecbch v\u1ee5 \u0103n u\u1ed1ng TAKA ch\u1ec9 v\u00e0i ph\u00fat. S\u00e1t b\u00ean d\u1ef1 \u00e1n The Grand Manhattan l\u00e0 tr\u01b0\u1eddng ti\u1ec3u h\u1ecdc &#8211; trung h\u1ecdc c\u01a1 s\u1edf L\u01b0\u01a1ng Th\u1ebf Vinh, \u0111\u1ea1i h\u1ecdc V\u0103n Lang c\u01a1 s\u1edf 1, \u0111\u1ea1i h\u1ecdc Qu\u1ed1c gia TP.HCM &#8211; Vi\u1ec7n \u0111\u00e0o t\u1ea1o qu\u1ed1c t\u1ebf. \u0110\u1ed3ng th\u1eddi, t\u1eeb v\u1ecb tr\u00ed n\u00e0y, b\u1ea1n r\u1ea5t d\u1ec5 d\u00e0ng di chuy\u1ec3n sang c\u00e1c qu\u1eadn l\u00e2n c\u1eadn.<\/p>\n<p>Kh\u00f4ng ch\u1ec9 c\u00f3 \u01b0u th\u1ebf k\u1ebft n\u1ed1i \u0111a chi\u1ec1u, v\u1ecb tr\u00ed c\u1ee7a The Grand Manhattan c\u00f2n \u0111\u01b0\u1ee3c \u0111\u00e1nh gi\u00e1 cao v\u1ec1 ti\u1ec1m n\u0103ng t\u0103ng gi\u00e1, sinh l\u1eddi trong t\u01b0\u01a1ng lai. B\u1edfi v\u00ec, qu\u1ef9 \u0111\u1ea5t khu trung t\u00e2m Qu\u1eadn 1 \u0111ang d\u1ea7n tr\u1edf n\u00ean h\u1ea1n h\u1eb9p c\u0169ng nh\u01b0 vi\u1ec7c thay \u0111\u1ed5i quy ho\u1ea1ch d\u1ef1 \u00e1n nh\u00e0 \u1edf cao t\u1ea7ng \u0111\u1ebfn n\u0103m 2020 c\u1ee7a TP.HCM, ngu\u1ed3n cung c\u0103n h\u1ed9 trong khu v\u1ef1c n\u00e0y tr\u1edf n\u00ean r\u1ea5t khan hi\u1ebfm. Trong khi nhu c\u1ea7u s\u1edf h\u1eefu c\u0103n h\u1ed9 cao c\u1ea5p t\u1ea1i khu l\u00f5i trung t\u00e2m c\u1ee7a c\u00e1c th\u00e0nh ph\u1ed1 l\u1edbn c\u1ee7a Vi\u1ec7t Nam c\u0169ng nh\u01b0 \u0110\u00f4ng Nam \u00c1 \u0111ang ng\u00e0y m\u1ed9t t\u0103ng cao, \u0111\u1eb7c bi\u1ec7t l\u00e0 TP.HCM. Do \u0111\u00f3, The Grand Manhanttan ch\u00ednh l\u00e0 \u201c\u0111i\u1ec3m s\u00e1ng\u201d n\u1ed5i b\u1eadt tr\u00ean th\u1ecb tr\u01b0\u1eddng b\u1ea5t \u0111\u1ed9ng s\u1ea3n th\u00e0nh ph\u1ed1.<\/p>\n<h2>Kh\u00f4ng gian s\u1ed1ng \u0111\u1eb3ng c\u1ea5p t\u1ea1i The Grand Manhattan<\/h2>\n<p>D\u1ef1 \u00e1n c\u0103n h\u1ed9 The Grand Manhattan \u0111\u01b0\u1ee3c x\u00e2y d\u1ef1ng tr\u00ean di\u1ec7n t\u00edch r\u1ed9ng 1,4ha, m\u1eadt \u0111\u1ed9 x\u00e2y d\u1ef1ng 49,7%, t\u01b0\u01a1ng \u0111\u01b0\u01a1ng di\u1ec7n t\u00edch x\u00e2y d\u1ef1ng chi\u1ebfm 6.961,05 m2. D\u1ef1 \u00e1n mang phong c\u00e1ch hi\u1ec7n \u0111\u1ea1i, \u0111\u1eadm d\u1ea5u \u1ea5n Ch\u00e2u \u00c2u tr\u00e1ng l\u1ec7 v\u00e0 sang tr\u1ecdng.<\/p>\n<p>Quy m\u00f4 t\u1ed5ng th\u1ec3 d\u1ef1 \u00e1n g\u1ed3m 3 t\u00f2a th\u00e1p c\u0103n h\u1ed9 cao 39 t\u1ea7ng n\u1ed5i (t\u1ea7ng 39 l\u00e0 t\u1ea7ng s\u00e2n th\u01b0\u1ee3ng), 4 t\u1ea7ng h\u1ea7m v\u1edbi di\u1ec7n t\u00edch kho\u1ea3ng 35.150m2, \u0111\u00e1p \u1ee9ng di\u1ec7n t\u00edch cho 883 xe \u00f4 t\u00f4 v\u00e0 1.304 xe g\u1eafn m\u00e1y. T\u1ea7ng 1 \u2013 2 l\u00e0 t\u1ea7ng trung t\u00e2m th\u01b0\u01a1ng m\u1ea1i \u2013 d\u1ecbch v\u1ee5, t\u1eeb t\u1ea7ng 4 \u2013 7 l\u00e0 t\u1ea7ng c\u00e1c c\u0103n kh\u00e1ch s\u1ea1n, c\u00f2n t\u1ea7ng c\u00e1c c\u0103n h\u1ed9 l\u00e0 t\u1eeb t\u1ea7ng 8 \u2013 36. Kh\u1ed1i d\u1ef1 \u00e1n The Grand Manhattan \u0111\u01b0\u1ee3c \u0111\u1ea7u t\u01b0 v\u00e0 ph\u00e1t tri\u1ec3n d\u01b0\u1edbi lo\u1ea1i h\u00ecnh c\u0103n h\u1ed9, shophouse v\u00e0 c\u00e1c c\u0103n kh\u00e1ch s\u1ea1n.<\/p>\n<p>C\u00e1c c\u0103n h\u1ed9 The Grand Manhattan \u0111\u01b0\u1ee3c thi\u1ebft k\u1ebf th\u00f4ng minh theo xu h\u01b0\u1edbng m\u1edf, b\u1ed1 tr\u00ed kh\u00f4ng gian khoa h\u1ecdc, l\u1eafp \u0111\u1eb7t nhi\u1ec1u c\u1eeda s\u1ed5, c\u1eeda l\u00f9a, h\u01b0\u1edbng s\u00e1ng v\u00e0 \u0111\u00f3n gi\u00f3 t\u1ed1t. Do \u0111\u00f3, c\u0103n h\u1ed9 r\u1ea5t th\u00f4ng tho\u00e1ng, r\u1ed9ng r\u00e3i, t\u1ea1o c\u1ea3m gi\u00e1c tho\u1ea3i m\u00e1i, ri\u00eang t\u01b0 khi \u1edf.<\/p>\n<p>Khu v\u1ef1c ban c\u00f4ng ph\u00f2ng kh\u00e1ch v\u00e0 ph\u00f2ng ng\u1ee7 \u0111\u01b0\u1ee3c l\u1eafp k\u00ednh c\u01b0\u1eddng l\u1ef1c Low-E, gi\u00fap c\u0103n h\u1ed9 c\u00f3 t\u1ea7m view tho\u00e1ng \u0111\u1ea1t, c\u00e1ch nhi\u1ec7t, h\u01b0\u1edbng s\u00e1ng m\u00e0 kh\u00f4ng b\u1ecb n\u00f3ng. \u0110\u1eb7c bi\u1ec7t, t\u1ea5t c\u1ea3 c\u0103n h\u1ed9 \u0111\u01b0\u1ee3c trang b\u1ecb Smart home 2, thi\u1ebft b\u1ecb v\u1ec7 sinh Grobe &amp; Hansgrohe, thi\u1ebft b\u1ecb b\u1ebfp ti\u00eau chu\u1ea9n h\u00e0ng Ch\u00e2u \u00c2u, m\u00e1y l\u1ea1nh thi\u1ebft k\u1ebf \u00e2m tr\u1ea7n cho t\u1eebng c\u0103n h\u1ed9. C\u00e1c ti\u00eau chu\u1ea9n v\u1ec1 PCCC \u0111\u01b0\u1ee3c ki\u1ec3m tra nghi\u00eam ng\u1eb7t, nh\u1eb1m \u0111\u1ea3m b\u1ea3o s\u1ef1 an to\u00e0n cao nh\u1ea5t cho c\u01b0 d\u00e2n.<\/p>\n<p>M\u1ed9t \u01b0u th\u1ebf kh\u00e1c c\u1ee7a d\u1ef1 \u00e1n n\u00e0y \u0111\u00f3 l\u00e0 d\u00f9 t\u1ecda l\u1ea1c ngay gi\u1eefa trung t\u00e2m th\u00e0nh ph\u1ed1 nh\u01b0ng m\u00f4i tr\u01b0\u1eddng s\u1ed1ng t\u1ea1i The Grand Manhattan l\u1ea1i ho\u00e0n to\u00e0n t\u00e1ch bi\u1ec7t v\u1edbi s\u1ef1 \u1ed3n \u00e0o, t\u1ea5p n\u1eadp. Thay v\u00e0o \u0111\u00f3, v\u1edbi m\u1ea3ng xanh l\u00ean \u0111\u1ebfn 30% di\u1ec7n t\u00edch d\u1ef1 \u00e1n, c\u01b0 d\u00e2n s\u1ebd \u0111\u01b0\u1ee3c t\u1eadn h\u01b0\u1edfng kh\u00f4ng kh\u00ed m\u00e1t m\u1ebb, trong l\u00e0nh v\u00e0 th\u01b0 th\u00e1i. C\u00e1ch d\u1ef1 \u00e1n kh\u00f4ng xa l\u00e0 \u201cl\u00e1 ph\u1ed5i xanh\u201d c\u00f4ng vi\u00ean 23-9, g\u00f3p ph\u1ea7n \u0111i\u1ec1u h\u00f2a m\u00f4i tr\u01b0\u1eddng s\u1ed1ng v\u00e0 c\u0169ng l\u00e0 \u0111\u1ecba ch\u1ec9 l\u00fd t\u01b0\u1edfng \u0111\u1ec3 t\u1eadp th\u1ec3 d\u1ee5c, vui ch\u01a1i c\u00f9ng gia \u0111\u00ecnh,&#8230;<\/p>\n<h2>H\u1ec7 sinh th\u00e1i ti\u1ec7n \u00edch \u0111a d\u1ea1ng, s\u1eb5n s\u00e0ng \u0111\u00e1p \u1ee9ng m\u1ecdi nhu c\u1ea7u c\u1ee7a c\u01b0 d\u00e2n<\/h2>\n<p>V\u1edbi mong mu\u1ed1n ki\u1ebfn t\u1ea1o cu\u1ed9c s\u1ed1ng th\u01b0\u1ee3ng l\u01b0u v\u00e0 m\u1ed9t c\u1ed9ng \u0111\u1ed3ng th\u1ecbnh v\u01b0\u1ee3ng ngay gi\u1eefa trung t\u00e2m th\u00e0nh ph\u1ed1, Novaland \u0111\u00e3 \u0111\u1ea7u t\u01b0 h\u1ec7 sinh th\u00e1i ti\u1ec7n t\u00edch n\u1ed9i khu \u0111a d\u1ea1ng, \u0111\u1ea7y \u0111\u1ee7 \u0111\u1ec3 c\u01b0 d\u00e2n \u201cm\u1ed9t b\u01b0\u1edbc xu\u1ed1ng ph\u1ed1\u201d. Ch\u1ec9 c\u1ea7n b\u01b0\u1edbc xu\u1ed1ng ph\u00eda d\u01b0\u1edbi c\u0103n h\u1ed9 c\u1ee7a m\u00ecnh, b\u1ea1n \u0111\u00e3 ti\u1ebfp c\u1eadn \u0111\u01b0\u1ee3c h\u00e0ng lo\u1ea1t ti\u1ec7n \u00edch, d\u1ecbch v\u1ee5 g\u1ed3m:<\/p>\n<p>H\u1ec7 th\u1ed1ng ti\u1ec7n \u00edch t\u1ea7ng tr\u1ec7t:<\/p>\n<p>&#8211; C\u00f4ng vi\u00ean n\u1ed9i khu 5.000m2<\/p>\n<p>&#8211; L\u1ed1i \u0111i d\u1ea1o, ch\u1ea1y b\u1ed9<\/p>\n<p>&#8211; Nh\u1ea1c n\u01b0\u1edbc<\/p>\n<p>&#8211; Khu terrace \u0111a n\u0103ng: Cafe, \u0111\u1ecdc s\u00e1ch, nh\u00e0 h\u00e0ng<\/p>\n<p>&#8211; Khu mua s\u1eafm cao c\u1ea5p<\/p>\n<p>&#8211; V\u01b0\u1eddn c\u00e2y, gh\u1ebf th\u01b0 gi\u00e3n<\/p>\n<p>H\u1ec7 th\u1ed1ng ti\u1ec7n \u00edch t\u1ea7ng 3:<\/p>\n<p>&#8211; H\u1ed3 b\u01a1i ng\u01b0\u1eddi l\u1edbn<\/p>\n<p>&#8211; H\u1ed3 b\u01a1i v\u00e0 khu vui ch\u01a1i tr\u00ean h\u1ed3 c\u1ee7a tr\u1ebb em<\/p>\n<p>&#8211; Lounge v\u00e0 cafe<\/p>\n<p>&#8211; Qu\u1ea7y Bar<\/p>\n<p>&#8211; Khu v\u01b0\u1eddn Yoga<\/p>\n<p>&#8211; Nh\u00e0 h\u00e0ng ngo\u00e0i tr\u1eddi<\/p>\n<p>H\u1ec7 th\u1ed1ng ti\u1ec7n \u00edch t\u1ea7ng 7:<\/p>\n<p>&#8211; H\u1ed3 b\u01a1i ng\u01b0\u1eddi l\u1edbn, h\u1ed3 b\u01a1i v\u00e0 khu vui ch\u01a1i tr\u00ean h\u1ed3 c\u1ee7a tr\u1ebb em<\/p>\n<p>&#8211; Qu\u1ea7y bar<\/p>\n<p>&#8211; Khu ch\u1ea1y b\u1ed9 v\u00e0 gh\u1ebf th\u01b0 gi\u00e3n<\/p>\n<p>&#8211; Khu nh\u00e0 h\u00e0ng ngo\u00e0i tr\u1eddi<\/p>\n<p>&#8211; BBQ<\/p>\n<p>&#8211; Khu tr\u00f2 ch\u01a1i v\u1eadn \u0111\u1ed9ng ngo\u00e0i tr\u1eddi.<\/p>\n<p>C\u00f9ng v\u1edbi \u0111\u00f3 l\u00e0 nh\u1eefng d\u1ecbch v\u1ee5 nh\u01b0 \u0111\u00f3n ti\u1ebfp tr\u1ecdng th\u1ecb ngay t\u1eeb s\u1ea3nh, d\u1ecbch v\u1ee5 qu\u1ea3n gia,&#8230; nh\u1eb1m ph\u1ee5c v\u1ee5 c\u01b0 d\u00e2n m\u1ed9t c\u00e1ch t\u1ed1t nh\u1ea5t,&#8230;<\/p>\n<p>Kh\u00f4ng nh\u1eefng v\u1eady, nh\u1edd v\u1ecb tr\u00ed \u0111\u1eafc \u0111\u1ecba ngay trung t\u00e2m TP.HCM n\u00ean c\u01b0 d\u00e2n The Grand Manhattan c\u00f2n \u0111\u01b0\u1ee3c th\u1eeba h\u01b0\u1edfng nh\u1eefng ti\u1ec7n \u00edch ngo\u1ea1i khu \u0111ang hi\u1ec7n h\u1eefu xung quanh g\u1ed3m c\u00e1c tr\u01b0\u1eddng h\u1ecdc, b\u1ec7nh vi\u1ec7n, TTTM, ch\u1ee3, nh\u00e0 h\u00e0ng, caf\u00e9,&#8230;<\/p>\n<p>C\u00f3 th\u1ec3 n\u00f3i, t\u1ea1i The Grand Manhattan, b\u1ea1n v\u00e0 gia \u0111\u00ecnh s\u1ebd c\u00f3 m\u1ed9t n\u01a1i an c\u01b0 x\u1ee9ng t\u1ea7m, \u0111\u1ee7 ti\u1ec7n nghi, hi\u1ec7n \u0111\u1ea1i \u0111\u1ec3 b\u1ea1n t\u1eadn h\u01b0\u1edfng cu\u1ed9c s\u1ed1ng tr\u1ecdn v\u1eb9n, \u0111\u1ee7 b\u00ecnh y\u00ean, th\u01b0 th\u00e1i \u0111\u1ec3 b\u1ea1n tr\u1edf v\u1ec1 qu\u00e2y qu\u1ea7n b\u00ean nh\u1eefng ng\u01b0\u1eddi th\u00e2n y\u00eau.<\/p>\n<h2>Gi\u00e1 b\u00e1n v\u00e0 ph\u01b0\u01a1ng th\u1ee9c thanh to\u00e1n d\u1ec5 ch\u1ecbu<\/h2>\n<p>Gi\u00e1 b\u00e1n d\u1ef1 ki\u1ebfn The Grand Manhattan kho\u1ea3ng 160 tri\u1ec7u\/m2. C\u0103n 2PN c\u00f3 m\u1ee9c gi\u00e1 t\u1ea7m 11 t\u1ef7 v\u00e0 14 t\u1ef7\/c\u0103n 3PN. M\u1ee9c gi\u00e1 n\u00e0y \u0111\u01b0\u1ee3c cho l\u00e0 kh\u00e1 h\u1ee3p l\u00fd \u0111\u1ed1i v\u1edbi m\u1ed9t d\u1ef1 \u00e1n h\u1ea1ng sang n\u1eb1m ngay trung t\u00e2m Qu\u1eadn 1 v\u00e0 h\u01b0\u1edbng \u0111\u1ebfn ph\u00e2n kh\u00fac kh\u00e1ch h\u00e0ng cao c\u1ea5p. So s\u00e1nh m\u1ee9c gi\u00e1 c\u1ee7a c\u00e1c d\u1ef1 \u00e1n l\u00e2n c\u1eadn, m\u1ee9c gi\u00e1 c\u1ee7a The Grand Manhattan kh\u00f4ng ch\u00eanh l\u1ec7ch nhi\u1ec1u: Saigon Plaza 5.000-5.500 USD\/m2, Ascott Waterfront Saigon 180-190 tri\u1ec7u\/m2,&#8230; \u0110\u1eb7c bi\u1ec7t, c\u00e1c d\u1ef1 \u00e1n t\u1eeb Novaland lu\u00f4n khi\u1ebfn kh\u00e1ch h\u00e0ng y\u00ean t\u00e2m b\u1edfi b\u00e0n giao r\u1ea5t \u0111\u1eb9p v\u00e0 ch\u1ea5t l\u01b0\u1ee3ng \u0111\u00fang nh\u01b0 \u0111\u00e3 h\u1ee9a v\u1edbi kh\u00e1ch h\u00e0ng.<\/p>\n<p>L\u1ecbch thanh to\u00e1n d\u1ef1 \u00e1n The Grand Manhattan c\u0169ng r\u1ea5t h\u1ea5p d\u1eabn d\u00e0nh cho kh\u00e1ch h\u00e0ng, c\u1ee5 th\u1ec3:<\/p>\n<p>&#8211; Thanh to\u00e1n 1%\/th\u00e1ng \u0111\u1ebfn th\u00e1ng 10\/2021 (th\u1eddi gian b\u00e0n giao nh\u00e0 d\u1ef1 ki\u1ebfn)<\/p>\n<p>&#8211; \u01afu \u0111\u00e3i thanh to\u00e1n th\u1ecfa thu\u1eadn l\u00ean \u0111\u1ebfn 17%<\/p>\n<p>Vi\u1ec7c thanh to\u00e1n qua ng\u00e2n h\u00e0ng c\u0169ng kh\u00e1 linh ho\u1ea1t v\u00e0 d\u1ec5 ch\u1ecbu:<\/p>\n<p>&#8211; Kh\u00e1ch h\u00e0ng thanh to\u00e1n 30% cho ng\u00e2n h\u00e0ng\u00a0\u2013 Kh\u00e1ch h\u00e0ng vay 40% t\u1eeb ng\u00e2n h\u00e0ng<\/p>\n<p>&#8211; Ch\u1ee7 \u0111\u1ea7u t\u01b0 h\u1ed7 tr\u1ee3 l\u00e3i su\u1ea5t 10%\/n\u0103m gi\u00e1 tr\u1ecb 40% c\u0103n h\u1ed9 \u0111\u1ebfn ng\u00e0y 30\/10\/2021.<\/p>\n<p>&#8211; \u0110\u1eb7c bi\u1ec7t \u00e2n h\u1ea1n g\u1ed1c 12 th\u00e1ng<\/p>\n<p>&#8211; C\u0110T h\u1ed7 tr\u1ee3 t\u1ed1i \u0111a 2% ph\u00ed ph\u1ea1t n\u1ee3 tr\u1ea3 tr\u01b0\u1edbc h\u1ea1n.<\/p>\n<p>T\u1eeb nh\u1eefng \u01b0u th\u1ebf tr\u00ean, c\u0103n h\u1ed9 Qu\u1eadn 1 The Grand Manhattan l\u00e0 l\u1ef1a ch\u1ecdn l\u00fd t\u01b0\u1edfng \u0111\u1ed1i v\u1edbi kh\u00e1ch h\u00e0ng mua \u0111\u1ec3 \u1edf hay c\u00e1c nh\u00e0 \u0111\u1ea7u t\u01b0 th\u1ee9 c\u1ea5p mua \u0111\u1ec3 kinh doanh. Rever s\u1ebd th\u01b0\u1eddng xuy\u00ean c\u1eadp nh\u1eadt tin t\u1ee9c d\u1ef1 \u00e1n The Grand Manhattan c\u0169ng nh\u01b0 nhi\u1ec1u d\u1ef1 \u00e1n n\u1ed5i b\u1eadt kh\u00e1c tr\u00ean th\u1ecb tr\u01b0\u1eddng. Do d\u00f3, \u0111\u1eebng qu\u00ean theo d\u00f5i c\u00e1c b\u00e0i vi\u1ebft t\u1eeb Rever \u0111\u1ec3 c\u00f3 c\u00e1i nh\u00ecn c\u1ee5 th\u1ec3 v\u1ec1 c\u00e1c d\u1ef1 \u00e1n c\u0169ng nh\u01b0 \u0111\u01b0a ra quy\u1ebft \u0111\u1ecbnh \u0111\u1ea7u t\u01b0 \u0111\u00fang th\u1eddi \u0111i\u1ec3m nh\u1ea5t.<\/p>\n","protected":false},"excerpt":{"rendered":"<p>Th\u00e1ng 9\/2018, Novaland \u0111\u00e1nh d\u1ea5u s\u1ef1 tr\u1edf l\u1ea1i tr\u00ean th\u1ecb tr\u01b0\u1eddng b\u1ea5t \u0111\u1ed9ng s\u1ea3n TP.HCM v\u1edbi \u201csi\u00eau ph\u1ea9m\u201d The Grand Manhattan. D\u1ef1 \u00e1n n\u00e0y \u0111\u01b0\u1ee3c quy ho\u1ea1ch th\u00e0nh khu ph\u1ee9c h\u1ee3p c\u0103n h\u1ed9 &#8211; th\u01b0\u01a1ng m\u1ea1i d\u1ecbch v\u1ee5 c\u00f3 quy m\u00f4 kho\u1ea3ng 1.4ha, hai m\u1eb7t ti\u1ec1n \u0111\u1eafc \u0111\u1ecba t\u1ea1i l\u00f5i trung t\u00e2m Qu\u1eadn 1, cung ra th\u1ecb tr\u01b0\u1eddng g\u1ea7n 1.000 c\u0103n h\u1ed9 s\u1edf h\u1eefu l\u00e2u d\u00e0i.<\/p>\n","protected":false},"featured_media":1309,"comment_status":"open","ping_status":"closed","template":"","meta":[],"product_cat":[17],"product_tag":[],"yoast_head":"<!-- This site is optimized with the Yoast SEO plugin v16.7 - https:\/\/yoast.com\/wordpress\/plugins\/seo\/ -->\n<title>C\u0103n H\u1ed9 SaiGon Pearl - M\u1eabu BDS 4<\/title>\n<meta name=\"robots\" content=\"index, follow, max-snippet:-1, max-image-preview:large, max-video-preview:-1\" \/>\n<link rel=\"canonical\" href=\"https:\/\/giaodienwebsite.tgs.com.vn\/bds50\/du-an\/can-ho-saigon-pearl\/\" \/>\n<meta property=\"og:locale\" content=\"vi_VN\" \/>\n<meta property=\"og:type\" content=\"article\" \/>\n<meta property=\"og:title\" content=\"C\u0103n H\u1ed9 SaiGon Pearl - M\u1eabu BDS 4\" \/>\n<meta property=\"og:description\" content=\"Th\u00e1ng 9\/2018, Novaland \u0111\u00e1nh d\u1ea5u s\u1ef1 tr\u1edf l\u1ea1i tr\u00ean th\u1ecb tr\u01b0\u1eddng b\u1ea5t \u0111\u1ed9ng s\u1ea3n TP.HCM v\u1edbi \u201csi\u00eau ph\u1ea9m\u201d The Grand Manhattan. D\u1ef1 \u00e1n n\u00e0y \u0111\u01b0\u1ee3c quy ho\u1ea1ch th\u00e0nh khu ph\u1ee9c h\u1ee3p c\u0103n h\u1ed9 - th\u01b0\u01a1ng m\u1ea1i d\u1ecbch v\u1ee5 c\u00f3 quy m\u00f4 kho\u1ea3ng 1.4ha, hai m\u1eb7t ti\u1ec1n \u0111\u1eafc \u0111\u1ecba t\u1ea1i l\u00f5i trung t\u00e2m Qu\u1eadn 1, cung ra th\u1ecb tr\u01b0\u1eddng g\u1ea7n 1.000 c\u0103n h\u1ed9 s\u1edf h\u1eefu l\u00e2u d\u00e0i.\" \/>\n<meta property=\"og:url\" content=\"https:\/\/giaodienwebsite.tgs.com.vn\/bds50\/du-an\/can-ho-saigon-pearl\/\" \/>\n<meta property=\"og:site_name\" content=\"M\u1eabu BDS 4\" \/>\n<meta property=\"article:modified_time\" content=\"2021-07-21T00:15:16+00:00\" \/>\n<meta property=\"og:image\" content=\"https:\/\/giaodienwebsite.tgs.com.vn\/bds50\/wp-content\/uploads\/2021\/07\/saigon-pearl-nha-mau-2pn-9-youhomes_1555053474.jpg\" \/>\n\t<meta property=\"og:image:width\" content=\"960\" \/>\n\t<meta property=\"og:image:height\" content=\"640\" \/>\n<meta name=\"twitter:card\" content=\"summary_large_image\" \/>\n<meta name=\"twitter:label1\" content=\"\u01af\u1edbc t\u00ednh th\u1eddi gian \u0111\u1ecdc\" \/>\n\t<meta name=\"twitter:data1\" content=\"11 ph\u00fat\" \/>\n<script type=\"application\/ld+json\" class=\"yoast-schema-graph\">{\"@context\":\"https:\/\/schema.org\",\"@graph\":[{\"@type\":\"WebSite\",\"@id\":\"https:\/\/giaodienwebsite.tgs.com.vn\/bds50\/#website\",\"url\":\"https:\/\/giaodienwebsite.tgs.com.vn\/bds50\/\",\"name\":\"M\\u1eabu BDS 4\",\"description\":\"M\\u1ed9t trang web m\\u1edbi s\\u1eed d\\u1ee5ng WordPress\",\"potentialAction\":[{\"@type\":\"SearchAction\",\"target\":{\"@type\":\"EntryPoint\",\"urlTemplate\":\"https:\/\/giaodienwebsite.tgs.com.vn\/bds50\/?s={search_term_string}\"},\"query-input\":\"required name=search_term_string\"}],\"inLanguage\":\"vi\"},{\"@type\":\"ImageObject\",\"@id\":\"https:\/\/giaodienwebsite.tgs.com.vn\/bds50\/du-an\/can-ho-saigon-pearl\/#primaryimage\",\"inLanguage\":\"vi\",\"url\":\"https:\/\/giaodienwebsite.tgs.com.vn\/bds50\/wp-content\/uploads\/2021\/07\/saigon-pearl-nha-mau-2pn-9-youhomes_1555053474.jpg\",\"contentUrl\":\"https:\/\/giaodienwebsite.tgs.com.vn\/bds50\/wp-content\/uploads\/2021\/07\/saigon-pearl-nha-mau-2pn-9-youhomes_1555053474.jpg\",\"width\":960,\"height\":640},{\"@type\":\"WebPage\",\"@id\":\"https:\/\/giaodienwebsite.tgs.com.vn\/bds50\/du-an\/can-ho-saigon-pearl\/#webpage\",\"url\":\"https:\/\/giaodienwebsite.tgs.com.vn\/bds50\/du-an\/can-ho-saigon-pearl\/\",\"name\":\"C\\u0103n H\\u1ed9 SaiGon Pearl - M\\u1eabu BDS 4\",\"isPartOf\":{\"@id\":\"https:\/\/giaodienwebsite.tgs.com.vn\/bds50\/#website\"},\"primaryImageOfPage\":{\"@id\":\"https:\/\/giaodienwebsite.tgs.com.vn\/bds50\/du-an\/can-ho-saigon-pearl\/#primaryimage\"},\"datePublished\":\"2021-07-21T00:12:26+00:00\",\"dateModified\":\"2021-07-21T00:15:16+00:00\",\"breadcrumb\":{\"@id\":\"https:\/\/giaodienwebsite.tgs.com.vn\/bds50\/du-an\/can-ho-saigon-pearl\/#breadcrumb\"},\"inLanguage\":\"vi\",\"potentialAction\":[{\"@type\":\"ReadAction\",\"target\":[\"https:\/\/giaodienwebsite.tgs.com.vn\/bds50\/du-an\/can-ho-saigon-pearl\/\"]}]},{\"@type\":\"BreadcrumbList\",\"@id\":\"https:\/\/giaodienwebsite.tgs.com.vn\/bds50\/du-an\/can-ho-saigon-pearl\/#breadcrumb\",\"itemListElement\":[{\"@type\":\"ListItem\",\"position\":1,\"name\":\"Trang ch\\u1ee7\",\"item\":\"https:\/\/giaodienwebsite.tgs.com.vn\/bds50\/\"},{\"@type\":\"ListItem\",\"position\":2,\"name\":\"C\\u1eeda h\\u00e0ng\",\"item\":\"https:\/\/giaodienwebsite.tgs.com.vn\/bds50\/mua\/\"},{\"@type\":\"ListItem\",\"position\":3,\"name\":\"C\\u0103n H\\u1ed9 SaiGon Pearl\"}]}]}<\/script>\n<!-- \/ Yoast SEO plugin. -->","yoast_head_json":{"title":"C\u0103n H\u1ed9 SaiGon Pearl - M\u1eabu BDS 4","robots":{"index":"index","follow":"follow","max-snippet":"max-snippet:-1","max-image-preview":"max-image-preview:large","max-video-preview":"max-video-preview:-1"},"canonical":"https:\/\/giaodienwebsite.tgs.com.vn\/bds50\/du-an\/can-ho-saigon-pearl\/","og_locale":"vi_VN","og_type":"article","og_title":"C\u0103n H\u1ed9 SaiGon Pearl - M\u1eabu BDS 4","og_description":"Th\u00e1ng 9\/2018, Novaland \u0111\u00e1nh d\u1ea5u s\u1ef1 tr\u1edf l\u1ea1i tr\u00ean th\u1ecb tr\u01b0\u1eddng b\u1ea5t \u0111\u1ed9ng s\u1ea3n TP.HCM v\u1edbi \u201csi\u00eau ph\u1ea9m\u201d The Grand Manhattan. D\u1ef1 \u00e1n n\u00e0y \u0111\u01b0\u1ee3c quy ho\u1ea1ch th\u00e0nh khu ph\u1ee9c h\u1ee3p c\u0103n h\u1ed9 - th\u01b0\u01a1ng m\u1ea1i d\u1ecbch v\u1ee5 c\u00f3 quy m\u00f4 kho\u1ea3ng 1.4ha, hai m\u1eb7t ti\u1ec1n \u0111\u1eafc \u0111\u1ecba t\u1ea1i l\u00f5i trung t\u00e2m Qu\u1eadn 1, cung ra th\u1ecb tr\u01b0\u1eddng g\u1ea7n 1.000 c\u0103n h\u1ed9 s\u1edf h\u1eefu l\u00e2u d\u00e0i.","og_url":"https:\/\/giaodienwebsite.tgs.com.vn\/bds50\/du-an\/can-ho-saigon-pearl\/","og_site_name":"M\u1eabu BDS 4","article_modified_time":"2021-07-21T00:15:16+00:00","og_image":[{"width":960,"height":640,"url":"https:\/\/giaodienwebsite.tgs.com.vn\/bds50\/wp-content\/uploads\/2021\/07\/saigon-pearl-nha-mau-2pn-9-youhomes_1555053474.jpg","path":"\/home\/bds50.giaodienwebmau.com\/public_html\/wp-content\/uploads\/2021\/07\/saigon-pearl-nha-mau-2pn-9-youhomes_1555053474.jpg","size":"full","id":1309,"alt":"","pixels":614400,"type":"image\/jpeg"}],"twitter_card":"summary_large_image","twitter_misc":{"\u01af\u1edbc t\u00ednh th\u1eddi gian \u0111\u1ecdc":"11 ph\u00fat"},"schema":{"@context":"https:\/\/schema.org","@graph":[{"@type":"WebSite","@id":"https:\/\/giaodienwebsite.tgs.com.vn\/bds50\/#website","url":"https:\/\/giaodienwebsite.tgs.com.vn\/bds50\/","name":"M\u1eabu BDS 4","description":"M\u1ed9t trang web m\u1edbi s\u1eed d\u1ee5ng WordPress","potentialAction":[{"@type":"SearchAction","target":{"@type":"EntryPoint","urlTemplate":"https:\/\/giaodienwebsite.tgs.com.vn\/bds50\/?s={search_term_string}"},"query-input":"required name=search_term_string"}],"inLanguage":"vi"},{"@type":"ImageObject","@id":"https:\/\/giaodienwebsite.tgs.com.vn\/bds50\/du-an\/can-ho-saigon-pearl\/#primaryimage","inLanguage":"vi","url":"https:\/\/giaodienwebsite.tgs.com.vn\/bds50\/wp-content\/uploads\/2021\/07\/saigon-pearl-nha-mau-2pn-9-youhomes_1555053474.jpg","contentUrl":"https:\/\/giaodienwebsite.tgs.com.vn\/bds50\/wp-content\/uploads\/2021\/07\/saigon-pearl-nha-mau-2pn-9-youhomes_1555053474.jpg","width":960,"height":640},{"@type":"WebPage","@id":"https:\/\/giaodienwebsite.tgs.com.vn\/bds50\/du-an\/can-ho-saigon-pearl\/#webpage","url":"https:\/\/giaodienwebsite.tgs.com.vn\/bds50\/du-an\/can-ho-saigon-pearl\/","name":"C\u0103n H\u1ed9 SaiGon Pearl - M\u1eabu BDS 4","isPartOf":{"@id":"https:\/\/giaodienwebsite.tgs.com.vn\/bds50\/#website"},"primaryImageOfPage":{"@id":"https:\/\/giaodienwebsite.tgs.com.vn\/bds50\/du-an\/can-ho-saigon-pearl\/#primaryimage"},"datePublished":"2021-07-21T00:12:26+00:00","dateModified":"2021-07-21T00:15:16+00:00","breadcrumb":{"@id":"https:\/\/giaodienwebsite.tgs.com.vn\/bds50\/du-an\/can-ho-saigon-pearl\/#breadcrumb"},"inLanguage":"vi","potentialAction":[{"@type":"ReadAction","target":["https:\/\/giaodienwebsite.tgs.com.vn\/bds50\/du-an\/can-ho-saigon-pearl\/"]}]},{"@type":"BreadcrumbList","@id":"https:\/\/giaodienwebsite.tgs.com.vn\/bds50\/du-an\/can-ho-saigon-pearl\/#breadcrumb","itemListElement":[{"@type":"ListItem","position":1,"name":"Trang ch\u1ee7","item":"https:\/\/giaodienwebsite.tgs.com.vn\/bds50\/"},{"@type":"ListItem","position":2,"name":"C\u1eeda h\u00e0ng","item":"https:\/\/giaodienwebsite.tgs.com.vn\/bds50\/mua\/"},{"@type":"ListItem","position":3,"name":"C\u0103n H\u1ed9 SaiGon Pearl"}]}]}},"_links":{"self":[{"href":"https:\/\/giaodienwebsite.tgs.com.vn\/bds50\/wp-json\/wp\/v2\/product\/1308"}],"collection":[{"href":"https:\/\/giaodienwebsite.tgs.com.vn\/bds50\/wp-json\/wp\/v2\/product"}],"about":[{"href":"https:\/\/giaodienwebsite.tgs.com.vn\/bds50\/wp-json\/wp\/v2\/types\/product"}],"replies":[{"embeddable":true,"href":"https:\/\/giaodienwebsite.tgs.com.vn\/bds50\/wp-json\/wp\/v2\/comments?post=1308"}],"wp:featuredmedia":[{"embeddable":true,"href":"https:\/\/giaodienwebsite.tgs.com.vn\/bds50\/wp-json\/wp\/v2\/media\/1309"}],"wp:attachment":[{"href":"https:\/\/giaodienwebsite.tgs.com.vn\/bds50\/wp-json\/wp\/v2\/media?parent=1308"}],"wp:term":[{"taxonomy":"product_cat","embeddable":true,"href":"https:\/\/giaodienwebsite.tgs.com.vn\/bds50\/wp-json\/wp\/v2\/product_cat?post=1308"},{"taxonomy":"product_tag","embeddable":true,"href":"https:\/\/giaodienwebsite.tgs.com.vn\/bds50\/wp-json\/wp\/v2\/product_tag?post=1308"}],"curies":[{"name":"wp","href":"https:\/\/api.w.org\/{rel}","templated":true}]}}