{"id":1294,"date":"2021-07-21T00:04:59","date_gmt":"2021-07-21T00:04:59","guid":{"rendered":"https:\/\/giaodienwebsite.tgs.com.vn\/bds50\/?post_type=product&#038;p=1294"},"modified":"2021-07-21T00:06:12","modified_gmt":"2021-07-21T00:06:12","slug":"can-ho-vinhomes-royal-city","status":"publish","type":"product","link":"https:\/\/giaodienwebsite.tgs.com.vn\/bds50\/du-an\/can-ho-vinhomes-royal-city\/","title":{"rendered":"C\u0103n h\u1ed9 &#8211; Vinhomes Royal City"},"content":{"rendered":"<h3>Ti\u1ec7n \u00cdch<\/h3>\n<p>Gi\u01b0\u1eddng, C\u1eeda s\u1ed5, \u0110\u00e8n ng\u1ee7, T\u1ee7 \u00e2m t\u01b0\u1eddng, B\u1ebfp gas \u00e2m, B\u1ebfp t\u1eeb \u00e2m, T\u1ee7 b\u1ebfp, M\u00e1y r\u1eeda b\u00e1t, B\u00e0n \u0103n, M\u00e1y h\u00fat m\u00f9i, V\u00e1ch k\u00ednh nh\u00e0 t\u1eafm, V\u00f2i, hoa sen, Toilet, Qu\u1ea1t th\u00f4ng gi\u00f3, B\u1ed3n r\u1eeda m\u1eb7t, R\u00e8m, T\u1ee7 gi\u1ea7y, \u0110\u00e8n \u1ed1p tr\u1ea7n ph\u00f2ng kh\u00e1ch, \u0110\u00e8n \u1ed1p tr\u1ea7n nh\u00e0 t\u1eafm, Ch\u1eafn ban c\u00f4ng, C\u1eeda, nh\u00f4m k\u00ednh, \u0110\u00e8n \u1ed1p tr\u1ea7n ban c\u00f4ng.<\/p>\n<h3>Ti\u1ec7n Nghi<\/h3>\n<p>S\u00e0n g\u1ed7,S\u00e0n \u0111\u00e1,\u0110i\u1ec1u h\u00f2a,Thi\u1ebft b\u1ecb b\u00e1o ch\u00e1y,Camera an ninh,Nh\u00e0 th\u00f4ng minh,Wifi,Truy\u1ec1n h\u00ecnh C\u00e1p,N\u01b0\u1edbc n\u00f3ng,Tr\u1ea7n th\u1ea1ch cao,T\u01b0\u1eddng s\u01a1n b\u1ea3,V\u00e1ch k\u00ednh m\u1eb7t ti\u1ec1n,Kh\u00f3a c\u1eeda v\u00e2n tay- m\u00e3 s\u1ed1,Chu\u00f4ng h\u00ecnh,\u0110i\u1ec1u h\u00f2a trung t\u00e2m,C\u1eeda s\u1ed5 an to\u00e0n,C\u1eeda khung nh\u00f4m k\u00ednh,C\u1eeda t\u1ef1 \u0111\u1ed9ng,Chu\u00f4ng \u0111i\u1ec7n,B\u1ed3n hoa c\u00e2y c\u1ea3nh,G\u1ed7 \u1ed1p tr\u1ea7n,G\u1ed7 \u1ed1p ch\u00e2n t\u01b0\u1eddng,C\u1eeda g\u1ed7 t\u1ef1 nhi\u00ean,C\u1eeda g\u1ed7 c\u00f4ng nghi\u1ec7p,V\u00f2i n\u01b0\u1edbc th\u00f4ng minh,R\u00e8m th\u00f4ng minh,R\u00e8m g\u1ed7,R\u00e8m inox.<\/p>\n<h3>C\u00f4ng ty CP \u0110\u1ea7u t\u01b0 Th\u1ea3o \u0110i\u1ec1n<\/h3>\n<div>C\u00f4ng ty CP \u0110\u1ea7u t\u01b0 Th\u1ea3o \u0110i\u1ec1n (Thao Dien Invesment) v\u1edbi th\u01b0\u01a1ng hi\u1ec7u b\u1ea5t \u0111\u1ed9ng s\u1ea3n cao c\u1ea5p Masteri, \u0111\u00e3 ra m\u1eaft d\u1ef1 \u00e1n \u0111\u1ea7u ti\u00ean Khu d\u00e2n c\u01b0 cao c\u1ea5p Masteri Th\u1ea3o \u0110i\u1ec1n. D\u1ef1 \u00e1n Masteri Th\u1ea3o \u0110i\u1ec1n s\u1edf h\u1eefu v\u1ecb tr\u00ed \u0111\u1eb3ng c\u1ea5p, quy m\u00f4 l\u1edbn v\u00e0 c\u00f3 s\u1ee9c \u1ea3nh h\u01b0\u1edfng \u0111\u1ebfn s\u1ef1 ph\u00e1t tri\u1ec3n c\u1ee7a khu \u0110\u00f4ng, Th\u00e0nh ph\u1ed1 H\u1ed3 Ch\u00ed Minh. V\u1edbi m\u1ee5c ti\u00eau \u201cph\u00e1t tri\u1ec3n b\u1ec1n v\u1eefng\u201d trong l\u0129nh v\u1ef1c b\u1ea5t \u0111\u1ed9ng s\u1ea3n, th\u01b0\u01a1ng hi\u1ec7u b\u1ea5t \u0111\u1ed9ng s\u1ea3n Masteri \u0111\u00e3 l\u1ef1a ch\u1ecdn h\u1ee3p t\u00e1c v\u1edbi nh\u1eefng \u0111\u01a1n v\u1ecb uy t\u00edn v\u1edbi s\u1ef1 \u0111\u1ea7u t\u01b0 to\u00e0n di\u1ec7n v\u00e0 cam k\u1ebft v\u1ec1 ti\u1ebfn \u0111\u1ed9 \u0111\u1ec3 t\u1ea1o n\u00ean nh\u1eefng s\u1ea3n ph\u1ea9m ch\u1ea5t l\u01b0\u1ee3ng t\u1ed1t nh\u1ea5t cho kh\u00e1ch h\u00e0ng. \u0110\u1eb7c bi\u1ec7t, s\u1ef1 h\u1ee3p t\u00e1c h\u1ed7 tr\u1ee3 n\u00e0y g\u00f3p ph\u1ea7n t\u1ea1o d\u1ef1ng m\u1ed9t chu\u1ea9n m\u1ef1c s\u1ed1ng hi\u1ec7n \u0111\u1ea1i, v\u0103n minh, n\u01a1i h\u1ed9i t\u1ee5 c\u00e1c ti\u1ec7n nghi hi\u1ec7n \u0111\u1ea1i c\u00f9ng m\u00f4i tr\u01b0\u1eddng s\u1ed1ng th\u00e2n thi\u1ec7n gi\u00fap cu\u1ed9c s\u1ed1ng h\u1ea1nh ph\u00fac th\u0103ng hoa.<\/div>\n","protected":false},"excerpt":{"rendered":"<p>Ti\u1ec7n \u00cdch Gi\u01b0\u1eddng, C\u1eeda s\u1ed5, \u0110\u00e8n ng\u1ee7, T\u1ee7 \u00e2m t\u01b0\u1eddng, B\u1ebfp gas \u00e2m, B\u1ebfp t\u1eeb \u00e2m, T\u1ee7 b\u1ebfp, M\u00e1y r\u1eeda b\u00e1t, B\u00e0n \u0103n, M\u00e1y h\u00fat m\u00f9i, V\u00e1ch k\u00ednh nh\u00e0 t\u1eafm, V\u00f2i, hoa sen, Toilet, Qu\u1ea1t th\u00f4ng gi\u00f3, B\u1ed3n r\u1eeda m\u1eb7t, R\u00e8m, T\u1ee7 gi\u1ea7y, \u0110\u00e8n \u1ed1p tr\u1ea7n ph\u00f2ng kh\u00e1ch, \u0110\u00e8n \u1ed1p tr\u1ea7n nh\u00e0 t\u1eafm, Ch\u1eafn ban&#8230;<\/p>\n","protected":false},"featured_media":1295,"comment_status":"open","ping_status":"closed","template":"","meta":[],"product_cat":[15],"product_tag":[],"yoast_head":"<!-- This site is optimized with the Yoast SEO plugin v16.7 - https:\/\/yoast.com\/wordpress\/plugins\/seo\/ -->\n<title>C\u0103n h\u1ed9 - Vinhomes Royal City - M\u1eabu BDS 4<\/title>\n<meta name=\"robots\" content=\"index, follow, max-snippet:-1, max-image-preview:large, max-video-preview:-1\" \/>\n<link rel=\"canonical\" href=\"https:\/\/giaodienwebsite.tgs.com.vn\/bds50\/du-an\/can-ho-vinhomes-royal-city\/\" \/>\n<meta property=\"og:locale\" content=\"vi_VN\" \/>\n<meta property=\"og:type\" content=\"article\" \/>\n<meta property=\"og:title\" content=\"C\u0103n h\u1ed9 - Vinhomes Royal City - M\u1eabu BDS 4\" \/>\n<meta property=\"og:description\" content=\"Ti\u1ec7n \u00cdch Gi\u01b0\u1eddng, C\u1eeda s\u1ed5, \u0110\u00e8n ng\u1ee7, T\u1ee7 \u00e2m t\u01b0\u1eddng, B\u1ebfp gas \u00e2m, B\u1ebfp t\u1eeb \u00e2m, T\u1ee7 b\u1ebfp, M\u00e1y r\u1eeda b\u00e1t, B\u00e0n \u0103n, M\u00e1y h\u00fat m\u00f9i, V\u00e1ch k\u00ednh nh\u00e0 t\u1eafm, V\u00f2i, hoa sen, Toilet, Qu\u1ea1t th\u00f4ng gi\u00f3, B\u1ed3n r\u1eeda m\u1eb7t, R\u00e8m, T\u1ee7 gi\u1ea7y, \u0110\u00e8n \u1ed1p tr\u1ea7n ph\u00f2ng kh\u00e1ch, \u0110\u00e8n \u1ed1p tr\u1ea7n nh\u00e0 t\u1eafm, Ch\u1eafn ban...\" \/>\n<meta property=\"og:url\" content=\"https:\/\/giaodienwebsite.tgs.com.vn\/bds50\/du-an\/can-ho-vinhomes-royal-city\/\" \/>\n<meta property=\"og:site_name\" content=\"M\u1eabu BDS 4\" \/>\n<meta property=\"article:modified_time\" content=\"2021-07-21T00:06:12+00:00\" \/>\n<meta property=\"og:image\" content=\"https:\/\/giaodienwebsite.tgs.com.vn\/bds50\/wp-content\/uploads\/2021\/07\/1555126553-vinhomes-royal-city-can-ho-3pn-6-youhomes.png.jpg\" \/>\n\t<meta property=\"og:image:width\" content=\"827\" \/>\n\t<meta property=\"og:image:height\" content=\"552\" \/>\n<meta name=\"twitter:card\" content=\"summary_large_image\" \/>\n<meta name=\"twitter:label1\" content=\"\u01af\u1edbc t\u00ednh th\u1eddi gian \u0111\u1ecdc\" \/>\n\t<meta name=\"twitter:data1\" content=\"2 ph\u00fat\" \/>\n<script type=\"application\/ld+json\" class=\"yoast-schema-graph\">{\"@context\":\"https:\/\/schema.org\",\"@graph\":[{\"@type\":\"WebSite\",\"@id\":\"https:\/\/giaodienwebsite.tgs.com.vn\/bds50\/#website\",\"url\":\"https:\/\/giaodienwebsite.tgs.com.vn\/bds50\/\",\"name\":\"M\\u1eabu BDS 4\",\"description\":\"M\\u1ed9t trang web m\\u1edbi s\\u1eed d\\u1ee5ng WordPress\",\"potentialAction\":[{\"@type\":\"SearchAction\",\"target\":{\"@type\":\"EntryPoint\",\"urlTemplate\":\"https:\/\/giaodienwebsite.tgs.com.vn\/bds50\/?s={search_term_string}\"},\"query-input\":\"required name=search_term_string\"}],\"inLanguage\":\"vi\"},{\"@type\":\"ImageObject\",\"@id\":\"https:\/\/giaodienwebsite.tgs.com.vn\/bds50\/du-an\/can-ho-vinhomes-royal-city\/#primaryimage\",\"inLanguage\":\"vi\",\"url\":\"https:\/\/giaodienwebsite.tgs.com.vn\/bds50\/wp-content\/uploads\/2021\/07\/1555126553-vinhomes-royal-city-can-ho-3pn-6-youhomes.png.jpg\",\"contentUrl\":\"https:\/\/giaodienwebsite.tgs.com.vn\/bds50\/wp-content\/uploads\/2021\/07\/1555126553-vinhomes-royal-city-can-ho-3pn-6-youhomes.png.jpg\",\"width\":827,\"height\":552},{\"@type\":\"WebPage\",\"@id\":\"https:\/\/giaodienwebsite.tgs.com.vn\/bds50\/du-an\/can-ho-vinhomes-royal-city\/#webpage\",\"url\":\"https:\/\/giaodienwebsite.tgs.com.vn\/bds50\/du-an\/can-ho-vinhomes-royal-city\/\",\"name\":\"C\\u0103n h\\u1ed9 - Vinhomes Royal City - M\\u1eabu BDS 4\",\"isPartOf\":{\"@id\":\"https:\/\/giaodienwebsite.tgs.com.vn\/bds50\/#website\"},\"primaryImageOfPage\":{\"@id\":\"https:\/\/giaodienwebsite.tgs.com.vn\/bds50\/du-an\/can-ho-vinhomes-royal-city\/#primaryimage\"},\"datePublished\":\"2021-07-21T00:04:59+00:00\",\"dateModified\":\"2021-07-21T00:06:12+00:00\",\"breadcrumb\":{\"@id\":\"https:\/\/giaodienwebsite.tgs.com.vn\/bds50\/du-an\/can-ho-vinhomes-royal-city\/#breadcrumb\"},\"inLanguage\":\"vi\",\"potentialAction\":[{\"@type\":\"ReadAction\",\"target\":[\"https:\/\/giaodienwebsite.tgs.com.vn\/bds50\/du-an\/can-ho-vinhomes-royal-city\/\"]}]},{\"@type\":\"BreadcrumbList\",\"@id\":\"https:\/\/giaodienwebsite.tgs.com.vn\/bds50\/du-an\/can-ho-vinhomes-royal-city\/#breadcrumb\",\"itemListElement\":[{\"@type\":\"ListItem\",\"position\":1,\"name\":\"Trang ch\\u1ee7\",\"item\":\"https:\/\/giaodienwebsite.tgs.com.vn\/bds50\/\"},{\"@type\":\"ListItem\",\"position\":2,\"name\":\"C\\u1eeda h\\u00e0ng\",\"item\":\"https:\/\/giaodienwebsite.tgs.com.vn\/bds50\/mua\/\"},{\"@type\":\"ListItem\",\"position\":3,\"name\":\"C\\u0103n h\\u1ed9 &#8211; Vinhomes Royal City\"}]}]}<\/script>\n<!-- \/ Yoast SEO plugin. -->","yoast_head_json":{"title":"C\u0103n h\u1ed9 - Vinhomes Royal City - M\u1eabu BDS 4","robots":{"index":"index","follow":"follow","max-snippet":"max-snippet:-1","max-image-preview":"max-image-preview:large","max-video-preview":"max-video-preview:-1"},"canonical":"https:\/\/giaodienwebsite.tgs.com.vn\/bds50\/du-an\/can-ho-vinhomes-royal-city\/","og_locale":"vi_VN","og_type":"article","og_title":"C\u0103n h\u1ed9 - Vinhomes Royal City - M\u1eabu BDS 4","og_description":"Ti\u1ec7n \u00cdch Gi\u01b0\u1eddng, C\u1eeda s\u1ed5, \u0110\u00e8n ng\u1ee7, T\u1ee7 \u00e2m t\u01b0\u1eddng, B\u1ebfp gas \u00e2m, B\u1ebfp t\u1eeb \u00e2m, T\u1ee7 b\u1ebfp, M\u00e1y r\u1eeda b\u00e1t, B\u00e0n \u0103n, M\u00e1y h\u00fat m\u00f9i, V\u00e1ch k\u00ednh nh\u00e0 t\u1eafm, V\u00f2i, hoa sen, Toilet, Qu\u1ea1t th\u00f4ng gi\u00f3, B\u1ed3n r\u1eeda m\u1eb7t, R\u00e8m, T\u1ee7 gi\u1ea7y, \u0110\u00e8n \u1ed1p tr\u1ea7n ph\u00f2ng kh\u00e1ch, \u0110\u00e8n \u1ed1p tr\u1ea7n nh\u00e0 t\u1eafm, Ch\u1eafn ban...","og_url":"https:\/\/giaodienwebsite.tgs.com.vn\/bds50\/du-an\/can-ho-vinhomes-royal-city\/","og_site_name":"M\u1eabu BDS 4","article_modified_time":"2021-07-21T00:06:12+00:00","og_image":[{"width":827,"height":552,"url":"https:\/\/giaodienwebsite.tgs.com.vn\/bds50\/wp-content\/uploads\/2021\/07\/1555126553-vinhomes-royal-city-can-ho-3pn-6-youhomes.png.jpg","path":"\/home\/bds50.giaodienwebmau.com\/public_html\/wp-content\/uploads\/2021\/07\/1555126553-vinhomes-royal-city-can-ho-3pn-6-youhomes.png.jpg","size":"full","id":1295,"alt":"","pixels":456504,"type":"image\/jpeg"}],"twitter_card":"summary_large_image","twitter_misc":{"\u01af\u1edbc t\u00ednh th\u1eddi gian \u0111\u1ecdc":"2 ph\u00fat"},"schema":{"@context":"https:\/\/schema.org","@graph":[{"@type":"WebSite","@id":"https:\/\/giaodienwebsite.tgs.com.vn\/bds50\/#website","url":"https:\/\/giaodienwebsite.tgs.com.vn\/bds50\/","name":"M\u1eabu BDS 4","description":"M\u1ed9t trang web m\u1edbi s\u1eed d\u1ee5ng WordPress","potentialAction":[{"@type":"SearchAction","target":{"@type":"EntryPoint","urlTemplate":"https:\/\/giaodienwebsite.tgs.com.vn\/bds50\/?s={search_term_string}"},"query-input":"required name=search_term_string"}],"inLanguage":"vi"},{"@type":"ImageObject","@id":"https:\/\/giaodienwebsite.tgs.com.vn\/bds50\/du-an\/can-ho-vinhomes-royal-city\/#primaryimage","inLanguage":"vi","url":"https:\/\/giaodienwebsite.tgs.com.vn\/bds50\/wp-content\/uploads\/2021\/07\/1555126553-vinhomes-royal-city-can-ho-3pn-6-youhomes.png.jpg","contentUrl":"https:\/\/giaodienwebsite.tgs.com.vn\/bds50\/wp-content\/uploads\/2021\/07\/1555126553-vinhomes-royal-city-can-ho-3pn-6-youhomes.png.jpg","width":827,"height":552},{"@type":"WebPage","@id":"https:\/\/giaodienwebsite.tgs.com.vn\/bds50\/du-an\/can-ho-vinhomes-royal-city\/#webpage","url":"https:\/\/giaodienwebsite.tgs.com.vn\/bds50\/du-an\/can-ho-vinhomes-royal-city\/","name":"C\u0103n h\u1ed9 - Vinhomes Royal City - M\u1eabu BDS 4","isPartOf":{"@id":"https:\/\/giaodienwebsite.tgs.com.vn\/bds50\/#website"},"primaryImageOfPage":{"@id":"https:\/\/giaodienwebsite.tgs.com.vn\/bds50\/du-an\/can-ho-vinhomes-royal-city\/#primaryimage"},"datePublished":"2021-07-21T00:04:59+00:00","dateModified":"2021-07-21T00:06:12+00:00","breadcrumb":{"@id":"https:\/\/giaodienwebsite.tgs.com.vn\/bds50\/du-an\/can-ho-vinhomes-royal-city\/#breadcrumb"},"inLanguage":"vi","potentialAction":[{"@type":"ReadAction","target":["https:\/\/giaodienwebsite.tgs.com.vn\/bds50\/du-an\/can-ho-vinhomes-royal-city\/"]}]},{"@type":"BreadcrumbList","@id":"https:\/\/giaodienwebsite.tgs.com.vn\/bds50\/du-an\/can-ho-vinhomes-royal-city\/#breadcrumb","itemListElement":[{"@type":"ListItem","position":1,"name":"Trang ch\u1ee7","item":"https:\/\/giaodienwebsite.tgs.com.vn\/bds50\/"},{"@type":"ListItem","position":2,"name":"C\u1eeda h\u00e0ng","item":"https:\/\/giaodienwebsite.tgs.com.vn\/bds50\/mua\/"},{"@type":"ListItem","position":3,"name":"C\u0103n h\u1ed9 &#8211; Vinhomes Royal City"}]}]}},"_links":{"self":[{"href":"https:\/\/giaodienwebsite.tgs.com.vn\/bds50\/wp-json\/wp\/v2\/product\/1294"}],"collection":[{"href":"https:\/\/giaodienwebsite.tgs.com.vn\/bds50\/wp-json\/wp\/v2\/product"}],"about":[{"href":"https:\/\/giaodienwebsite.tgs.com.vn\/bds50\/wp-json\/wp\/v2\/types\/product"}],"replies":[{"embeddable":true,"href":"https:\/\/giaodienwebsite.tgs.com.vn\/bds50\/wp-json\/wp\/v2\/comments?post=1294"}],"wp:featuredmedia":[{"embeddable":true,"href":"https:\/\/giaodienwebsite.tgs.com.vn\/bds50\/wp-json\/wp\/v2\/media\/1295"}],"wp:attachment":[{"href":"https:\/\/giaodienwebsite.tgs.com.vn\/bds50\/wp-json\/wp\/v2\/media?parent=1294"}],"wp:term":[{"taxonomy":"product_cat","embeddable":true,"href":"https:\/\/giaodienwebsite.tgs.com.vn\/bds50\/wp-json\/wp\/v2\/product_cat?post=1294"},{"taxonomy":"product_tag","embeddable":true,"href":"https:\/\/giaodienwebsite.tgs.com.vn\/bds50\/wp-json\/wp\/v2\/product_tag?post=1294"}],"curies":[{"name":"wp","href":"https:\/\/api.w.org\/{rel}","templated":true}]}}