{"id":76,"date":"2020-07-28T02:04:11","date_gmt":"2020-07-28T02:04:11","guid":{"rendered":"https:\/\/giaodienwebsite.tgs.com.vn\/bds49\/?post_type=product&#038;p=76"},"modified":"2021-07-16T10:35:56","modified_gmt":"2021-07-16T10:35:56","slug":"chung-cu-vinhomes-green-bay","status":"publish","type":"product","link":"https:\/\/giaodienwebsite.tgs.com.vn\/bds49\/du-an\/chung-cu-vinhomes-green-bay\/","title":{"rendered":"Chung c\u01b0 Vinhomes Green Bay"},"content":{"rendered":"<p>Vinhomes Green Bay l\u00e0 m\u1ed9t trong nh\u1eefng s\u1ea3n ph\u1ea9m B\u0110S n\u1ed5i b\u1eadt khu v\u1ef1c ph\u00eda T\u00e2y H\u00e0 N\u1ed9i do t\u1eadp \u0111o\u00e0n Vingroup \u0111\u1ea7u t\u01b0 v\u00e0 tri\u1ec3n khai. D\u1ef1 \u00e1n \u0111\u01b0\u1ee3c \u0111\u1ecbnh h\u01b0\u1edbng tr\u1edf th\u00e0nh t\u1ed5 h\u1ee3p \u0111\u00f4 th\u1ecb hi\u1ec7n \u0111\u1ea1i sang tr\u1ecdng b\u1eadc nh\u1ea5t \u0111\u1ea5t H\u00e0 Th\u00e0nh v\u1edbi c\u00e1c s\u1ea3n ph\u1ea9m B\u0110S h\u1ea5p d\u1eabn nh\u1ea5t hi\u1ec7n nay g\u1ed3m Li\u1ec1n k\u1ec1 &#8211;\u00a0Bi\u1ec7t th\u1ef1\u00a0Vinhomes Greenbay M\u1ec5 Tr\u00ec &#8211; Shophouse M\u1ec5 Tr\u00ec &#8211;\u00a0C\u0103n h\u1ed9\u00a0 chung c\u01b0 cao c\u1ea5p<\/p>\n<p><strong>T\u00ean d\u1ef1 \u00e1n:<\/strong>\u00a0Vinhomes Green Bay<\/p>\n<p><strong>Quy m\u00f4 d\u1ef1 \u00e1n:\u00a0<\/strong>318.711m2 (31,8ha)Chung c\u01b0<\/p>\n<p>&#8211; Di\u1ec7n t\u00edch khu\u00f4n vi\u00ean c\u00e2y xanh: 26.429m2;<\/p>\n<p>&#8211;\u00a0Di\u1ec7n t\u00edch\u00a0h\u1ed3 \u0111i\u1ec1u h\u00f2a: 80.028m2;<\/p>\n<p>&#8211;\u00a0Di\u1ec7n tr\u01b0\u1eddng ti\u1ec3u h\u1ecdc: 5.901m2;<\/p>\n<p>&#8211; Di\u1ec7n t\u00edch \u0111\u1ea5t: 69.170m2;<\/p>\n<p>&#8211; Di\u1ec7n t\u00edch nh\u00e0 cao t\u1ea7ng: 16.413 m2;<\/p>\n<p>&#8211; \u0110\u1ea5t b\u00e3i \u0111\u1ed7 xe: 1.900m2;<\/p>\n<p><strong>M\u1eadt \u0111\u1ed9 x\u00e2y d\u1ef1ng:<\/strong>\u00a0ch\u1ec9 chi\u1ebfm 19,16%<\/p>\n<p>C\u00f4ng vi\u00ean c\u00e2y xanh v\u00e0 h\u1ed3 \u0111i\u1ec1u h\u00f2a:\u00a010,8 ha<\/p>\n<p>Tr\u01b0\u1eddng h\u1ecdc m\u1ea7m non v\u00e0 tr\u01b0\u1eddng ti\u1ec3u h\u1ecdc:\u00a010.266m2<\/p>\n<p>Nh\u00e0 \u1edf th\u1ea5p t\u1ea7ng:\u00a0Nh\u00e0 v\u01b0\u1eddn Vinhomes c\u00f3 t\u1ed5ng di\u1ec7n t\u00edch \u0111\u01b0\u1ee3c quy ho\u1ea1ch 69.170 m2<\/p>\n<p>Bi\u1ec7t th\u1ef1 k\u1ebft h\u1ee3p TT\u00a0c\u00f4ng c\u1ed9ng v\u00e0 TTTM:\u00a016.413 m2<\/p>\n<p>D\u1ef1 ki\u1ebfn b\u00e0n giao:\u00a0bi\u1ec7t th\u1ef1 1\/2018, chung c\u01b0 20\/03\/2019<\/p>\n<p>Quy ho\u1ea1ch d\u1ef1 \u00e1n g\u1ed3m c\u00f3 3 t\u00f2a: G1,G2,G3 cao t\u1eeb 34 \u0111\u1ebfn 38 t\u1ea7ng, trong \u0111\u00f3 c\u00f3 t\u00f2a G3 l\u00e0 c\u0103n h\u1ed9 v\u0103n ph\u00f2ng Officetel SOHO v\u00e0 G1 &amp; G2 l\u00e0 t\u00f2a c\u0103n h\u1ed9 h\u1ea1ng sang.<\/p>\n","protected":false},"excerpt":{"rendered":"<p><span class=\"status_name\">Vinhomes Green Bay l\u00e0 m\u1ed9t trong nh\u1eefng s\u1ea3n ph\u1ea9m B\u0110S n\u1ed5i b\u1eadt khu v\u1ef1c ph\u00eda T\u00e2y H\u00e0 N\u1ed9i do t\u1eadp \u0111o\u00e0n Vingroup \u0111\u1ea7u t\u01b0 v\u00e0 tri\u1ec3n khai. D\u1ef1 \u00e1n \u0111\u01b0\u1ee3c \u0111\u1ecbnh h\u01b0\u1edbng tr\u1edf th\u00e0nh t\u1ed5 h\u1ee3p \u0111\u00f4 th\u1ecb hi\u1ec7n \u0111\u1ea1i sang tr\u1ecdng b\u1eadc nh\u1ea5t \u0111\u1ea5t H\u00e0 Th\u00e0nh v\u1edbi c\u00e1c s\u1ea3n ph\u1ea9m B\u0110S h\u1ea5p d\u1eabn nh\u1ea5t hi\u1ec7n nay g\u1ed3m Li\u1ec1n k\u1ec1 &#8211; Bi\u1ec7t th\u1ef1 Vinhomes Greenbay M\u1ec5 Tr\u00ec &#8211; Shophouse M\u1ec5 Tr\u00ec &#8211; C\u0103n h\u1ed9 chung c\u01b0 cao c\u1ea5p<\/span><\/p>\n<ul class=\"ulgroup w-100 clearfix\">\n<li class=\"first_status\">Qu\u1eadn huy\u1ec7n:\u00a0<span class=\"status_name\">Nam T\u1eeb Li\u00eam<\/span><\/li>\n<li class=\"first_status\">Ki\u1ec3u d\u1ef1 \u00e1n:\u00a0<span class=\"status_name\">Chung c\u01b0 cao c\u1ea5p<\/span><\/li>\n<li class=\"first_status\">Ch\u1ee7 \u0111\u1ea7u t\u01b0:\u00a0<span class=\"status_name\">T\u1eadp \u0111o\u00e0n Vingroup<\/span><\/li>\n<\/ul>\n","protected":false},"featured_media":77,"comment_status":"open","ping_status":"closed","template":"","meta":[],"product_cat":[15,17,18,19,20],"product_tag":[],"yoast_head":"<!-- This site is optimized with the Yoast SEO plugin v16.7 - https:\/\/yoast.com\/wordpress\/plugins\/seo\/ -->\n<title>Chung c\u01b0 Vinhomes Green Bay - Chuy\u00ean trang b\u1ea5t \u0111\u1ed9ng s\u1ea3n<\/title>\n<meta name=\"robots\" content=\"index, follow, max-snippet:-1, max-image-preview:large, max-video-preview:-1\" \/>\n<link rel=\"canonical\" href=\"https:\/\/giaodienwebsite.tgs.com.vn\/bds49\/du-an\/chung-cu-vinhomes-green-bay\/\" \/>\n<meta property=\"og:locale\" content=\"vi_VN\" \/>\n<meta property=\"og:type\" content=\"article\" \/>\n<meta property=\"og:title\" content=\"Chung c\u01b0 Vinhomes Green Bay - Chuy\u00ean trang b\u1ea5t \u0111\u1ed9ng s\u1ea3n\" \/>\n<meta property=\"og:description\" content=\"Vinhomes Green Bay l\u00e0 m\u1ed9t trong nh\u1eefng s\u1ea3n ph\u1ea9m B\u0110S n\u1ed5i b\u1eadt khu v\u1ef1c ph\u00eda T\u00e2y H\u00e0 N\u1ed9i do t\u1eadp \u0111o\u00e0n Vingroup \u0111\u1ea7u t\u01b0 v\u00e0 tri\u1ec3n khai. D\u1ef1 \u00e1n \u0111\u01b0\u1ee3c \u0111\u1ecbnh h\u01b0\u1edbng tr\u1edf th\u00e0nh t\u1ed5 h\u1ee3p \u0111\u00f4 th\u1ecb hi\u1ec7n \u0111\u1ea1i sang tr\u1ecdng b\u1eadc nh\u1ea5t \u0111\u1ea5t H\u00e0 Th\u00e0nh v\u1edbi c\u00e1c s\u1ea3n ph\u1ea9m B\u0110S h\u1ea5p d\u1eabn nh\u1ea5t hi\u1ec7n nay g\u1ed3m Li\u1ec1n k\u1ec1 - Bi\u1ec7t th\u1ef1 Vinhomes Greenbay M\u1ec5 Tr\u00ec - Shophouse M\u1ec5 Tr\u00ec - C\u0103n h\u1ed9 chung c\u01b0 cao c\u1ea5p   Qu\u1eadn huy\u1ec7n:\u00a0Nam T\u1eeb Li\u00eam  Ki\u1ec3u d\u1ef1 \u00e1n:\u00a0Chung c\u01b0 cao c\u1ea5p  Ch\u1ee7 \u0111\u1ea7u t\u01b0:\u00a0T\u1eadp \u0111o\u00e0n Vingroup\" \/>\n<meta property=\"og:url\" content=\"https:\/\/giaodienwebsite.tgs.com.vn\/bds49\/du-an\/chung-cu-vinhomes-green-bay\/\" \/>\n<meta property=\"og:site_name\" content=\"Chuy\u00ean trang b\u1ea5t \u0111\u1ed9ng s\u1ea3n\" \/>\n<meta property=\"article:modified_time\" content=\"2021-07-16T10:35:56+00:00\" \/>\n<meta property=\"og:image\" content=\"https:\/\/giaodienwebsite.tgs.com.vn\/bds49\/wp-content\/uploads\/2020\/07\/img24.jpg\" \/>\n\t<meta property=\"og:image:width\" content=\"765\" \/>\n\t<meta property=\"og:image:height\" content=\"470\" \/>\n<meta name=\"twitter:card\" content=\"summary_large_image\" \/>\n<meta name=\"twitter:label1\" content=\"\u01af\u1edbc t\u00ednh th\u1eddi gian \u0111\u1ecdc\" \/>\n\t<meta name=\"twitter:data1\" content=\"2 ph\u00fat\" \/>\n<script type=\"application\/ld+json\" class=\"yoast-schema-graph\">{\"@context\":\"https:\/\/schema.org\",\"@graph\":[{\"@type\":\"WebSite\",\"@id\":\"https:\/\/giaodienwebsite.tgs.com.vn\/bds49\/#website\",\"url\":\"https:\/\/giaodienwebsite.tgs.com.vn\/bds49\/\",\"name\":\"Chuy\\u00ean trang b\\u1ea5t \\u0111\\u1ed9ng s\\u1ea3n\",\"description\":\"M\\u1ed9t trang web m\\u1edbi s\\u1eed d\\u1ee5ng WordPress\",\"potentialAction\":[{\"@type\":\"SearchAction\",\"target\":{\"@type\":\"EntryPoint\",\"urlTemplate\":\"https:\/\/giaodienwebsite.tgs.com.vn\/bds49\/?s={search_term_string}\"},\"query-input\":\"required name=search_term_string\"}],\"inLanguage\":\"vi\"},{\"@type\":\"ImageObject\",\"@id\":\"https:\/\/giaodienwebsite.tgs.com.vn\/bds49\/du-an\/chung-cu-vinhomes-green-bay\/#primaryimage\",\"inLanguage\":\"vi\",\"url\":\"https:\/\/giaodienwebsite.tgs.com.vn\/bds49\/wp-content\/uploads\/2020\/07\/img24.jpg\",\"contentUrl\":\"https:\/\/giaodienwebsite.tgs.com.vn\/bds49\/wp-content\/uploads\/2020\/07\/img24.jpg\",\"width\":765,\"height\":470},{\"@type\":\"WebPage\",\"@id\":\"https:\/\/giaodienwebsite.tgs.com.vn\/bds49\/du-an\/chung-cu-vinhomes-green-bay\/#webpage\",\"url\":\"https:\/\/giaodienwebsite.tgs.com.vn\/bds49\/du-an\/chung-cu-vinhomes-green-bay\/\",\"name\":\"Chung c\\u01b0 Vinhomes Green Bay - Chuy\\u00ean trang b\\u1ea5t \\u0111\\u1ed9ng s\\u1ea3n\",\"isPartOf\":{\"@id\":\"https:\/\/giaodienwebsite.tgs.com.vn\/bds49\/#website\"},\"primaryImageOfPage\":{\"@id\":\"https:\/\/giaodienwebsite.tgs.com.vn\/bds49\/du-an\/chung-cu-vinhomes-green-bay\/#primaryimage\"},\"datePublished\":\"2020-07-28T02:04:11+00:00\",\"dateModified\":\"2021-07-16T10:35:56+00:00\",\"breadcrumb\":{\"@id\":\"https:\/\/giaodienwebsite.tgs.com.vn\/bds49\/du-an\/chung-cu-vinhomes-green-bay\/#breadcrumb\"},\"inLanguage\":\"vi\",\"potentialAction\":[{\"@type\":\"ReadAction\",\"target\":[\"https:\/\/giaodienwebsite.tgs.com.vn\/bds49\/du-an\/chung-cu-vinhomes-green-bay\/\"]}]},{\"@type\":\"BreadcrumbList\",\"@id\":\"https:\/\/giaodienwebsite.tgs.com.vn\/bds49\/du-an\/chung-cu-vinhomes-green-bay\/#breadcrumb\",\"itemListElement\":[{\"@type\":\"ListItem\",\"position\":1,\"name\":\"Trang ch\\u1ee7\",\"item\":\"https:\/\/giaodienwebsite.tgs.com.vn\/bds49\/\"},{\"@type\":\"ListItem\",\"position\":2,\"name\":\"C\\u1eeda h\\u00e0ng\",\"item\":\"https:\/\/giaodienwebsite.tgs.com.vn\/bds49\/mua\/\"},{\"@type\":\"ListItem\",\"position\":3,\"name\":\"Chung c\\u01b0 Vinhomes Green Bay\"}]}]}<\/script>\n<!-- \/ Yoast SEO plugin. -->","yoast_head_json":{"title":"Chung c\u01b0 Vinhomes Green Bay - Chuy\u00ean trang b\u1ea5t \u0111\u1ed9ng s\u1ea3n","robots":{"index":"index","follow":"follow","max-snippet":"max-snippet:-1","max-image-preview":"max-image-preview:large","max-video-preview":"max-video-preview:-1"},"canonical":"https:\/\/giaodienwebsite.tgs.com.vn\/bds49\/du-an\/chung-cu-vinhomes-green-bay\/","og_locale":"vi_VN","og_type":"article","og_title":"Chung c\u01b0 Vinhomes Green Bay - Chuy\u00ean trang b\u1ea5t \u0111\u1ed9ng s\u1ea3n","og_description":"Vinhomes Green Bay l\u00e0 m\u1ed9t trong nh\u1eefng s\u1ea3n ph\u1ea9m B\u0110S n\u1ed5i b\u1eadt khu v\u1ef1c ph\u00eda T\u00e2y H\u00e0 N\u1ed9i do t\u1eadp \u0111o\u00e0n Vingroup \u0111\u1ea7u t\u01b0 v\u00e0 tri\u1ec3n khai. D\u1ef1 \u00e1n \u0111\u01b0\u1ee3c \u0111\u1ecbnh h\u01b0\u1edbng tr\u1edf th\u00e0nh t\u1ed5 h\u1ee3p \u0111\u00f4 th\u1ecb hi\u1ec7n \u0111\u1ea1i sang tr\u1ecdng b\u1eadc nh\u1ea5t \u0111\u1ea5t H\u00e0 Th\u00e0nh v\u1edbi c\u00e1c s\u1ea3n ph\u1ea9m B\u0110S h\u1ea5p d\u1eabn nh\u1ea5t hi\u1ec7n nay g\u1ed3m Li\u1ec1n k\u1ec1 - Bi\u1ec7t th\u1ef1 Vinhomes Greenbay M\u1ec5 Tr\u00ec - Shophouse M\u1ec5 Tr\u00ec - C\u0103n h\u1ed9 chung c\u01b0 cao c\u1ea5p   Qu\u1eadn huy\u1ec7n:\u00a0Nam T\u1eeb Li\u00eam  Ki\u1ec3u d\u1ef1 \u00e1n:\u00a0Chung c\u01b0 cao c\u1ea5p  Ch\u1ee7 \u0111\u1ea7u t\u01b0:\u00a0T\u1eadp \u0111o\u00e0n Vingroup","og_url":"https:\/\/giaodienwebsite.tgs.com.vn\/bds49\/du-an\/chung-cu-vinhomes-green-bay\/","og_site_name":"Chuy\u00ean trang b\u1ea5t \u0111\u1ed9ng s\u1ea3n","article_modified_time":"2021-07-16T10:35:56+00:00","og_image":[{"width":765,"height":470,"url":"https:\/\/giaodienwebsite.tgs.com.vn\/bds49\/wp-content\/uploads\/2020\/07\/img24.jpg","path":"\/var\/www\/vhosts\/tgs.com.vn\/giaodienmau.tgs.com.vn\/bds49\/wp-content\/uploads\/2020\/07\/img24.jpg","size":"full","id":77,"alt":"","pixels":359550,"type":"image\/jpeg"}],"twitter_card":"summary_large_image","twitter_misc":{"\u01af\u1edbc t\u00ednh th\u1eddi gian \u0111\u1ecdc":"2 ph\u00fat"},"schema":{"@context":"https:\/\/schema.org","@graph":[{"@type":"WebSite","@id":"https:\/\/giaodienwebsite.tgs.com.vn\/bds49\/#website","url":"https:\/\/giaodienwebsite.tgs.com.vn\/bds49\/","name":"Chuy\u00ean trang b\u1ea5t \u0111\u1ed9ng s\u1ea3n","description":"M\u1ed9t trang web m\u1edbi s\u1eed d\u1ee5ng WordPress","potentialAction":[{"@type":"SearchAction","target":{"@type":"EntryPoint","urlTemplate":"https:\/\/giaodienwebsite.tgs.com.vn\/bds49\/?s={search_term_string}"},"query-input":"required name=search_term_string"}],"inLanguage":"vi"},{"@type":"ImageObject","@id":"https:\/\/giaodienwebsite.tgs.com.vn\/bds49\/du-an\/chung-cu-vinhomes-green-bay\/#primaryimage","inLanguage":"vi","url":"https:\/\/giaodienwebsite.tgs.com.vn\/bds49\/wp-content\/uploads\/2020\/07\/img24.jpg","contentUrl":"https:\/\/giaodienwebsite.tgs.com.vn\/bds49\/wp-content\/uploads\/2020\/07\/img24.jpg","width":765,"height":470},{"@type":"WebPage","@id":"https:\/\/giaodienwebsite.tgs.com.vn\/bds49\/du-an\/chung-cu-vinhomes-green-bay\/#webpage","url":"https:\/\/giaodienwebsite.tgs.com.vn\/bds49\/du-an\/chung-cu-vinhomes-green-bay\/","name":"Chung c\u01b0 Vinhomes Green Bay - Chuy\u00ean trang b\u1ea5t \u0111\u1ed9ng s\u1ea3n","isPartOf":{"@id":"https:\/\/giaodienwebsite.tgs.com.vn\/bds49\/#website"},"primaryImageOfPage":{"@id":"https:\/\/giaodienwebsite.tgs.com.vn\/bds49\/du-an\/chung-cu-vinhomes-green-bay\/#primaryimage"},"datePublished":"2020-07-28T02:04:11+00:00","dateModified":"2021-07-16T10:35:56+00:00","breadcrumb":{"@id":"https:\/\/giaodienwebsite.tgs.com.vn\/bds49\/du-an\/chung-cu-vinhomes-green-bay\/#breadcrumb"},"inLanguage":"vi","potentialAction":[{"@type":"ReadAction","target":["https:\/\/giaodienwebsite.tgs.com.vn\/bds49\/du-an\/chung-cu-vinhomes-green-bay\/"]}]},{"@type":"BreadcrumbList","@id":"https:\/\/giaodienwebsite.tgs.com.vn\/bds49\/du-an\/chung-cu-vinhomes-green-bay\/#breadcrumb","itemListElement":[{"@type":"ListItem","position":1,"name":"Trang ch\u1ee7","item":"https:\/\/giaodienwebsite.tgs.com.vn\/bds49\/"},{"@type":"ListItem","position":2,"name":"C\u1eeda h\u00e0ng","item":"https:\/\/giaodienwebsite.tgs.com.vn\/bds49\/mua\/"},{"@type":"ListItem","position":3,"name":"Chung c\u01b0 Vinhomes Green Bay"}]}]}},"_links":{"self":[{"href":"https:\/\/giaodienwebsite.tgs.com.vn\/bds49\/wp-json\/wp\/v2\/product\/76"}],"collection":[{"href":"https:\/\/giaodienwebsite.tgs.com.vn\/bds49\/wp-json\/wp\/v2\/product"}],"about":[{"href":"https:\/\/giaodienwebsite.tgs.com.vn\/bds49\/wp-json\/wp\/v2\/types\/product"}],"replies":[{"embeddable":true,"href":"https:\/\/giaodienwebsite.tgs.com.vn\/bds49\/wp-json\/wp\/v2\/comments?post=76"}],"wp:featuredmedia":[{"embeddable":true,"href":"https:\/\/giaodienwebsite.tgs.com.vn\/bds49\/wp-json\/wp\/v2\/media\/77"}],"wp:attachment":[{"href":"https:\/\/giaodienwebsite.tgs.com.vn\/bds49\/wp-json\/wp\/v2\/media?parent=76"}],"wp:term":[{"taxonomy":"product_cat","embeddable":true,"href":"https:\/\/giaodienwebsite.tgs.com.vn\/bds49\/wp-json\/wp\/v2\/product_cat?post=76"},{"taxonomy":"product_tag","embeddable":true,"href":"https:\/\/giaodienwebsite.tgs.com.vn\/bds49\/wp-json\/wp\/v2\/product_tag?post=76"}],"curies":[{"name":"wp","href":"https:\/\/api.w.org\/{rel}","templated":true}]}}