{"id":74,"date":"2020-07-28T02:02:35","date_gmt":"2020-07-28T02:02:35","guid":{"rendered":"https:\/\/giaodienwebsite.tgs.com.vn\/bds49\/?post_type=product&#038;p=74"},"modified":"2020-07-28T02:31:56","modified_gmt":"2020-07-28T02:31:56","slug":"chung-cu-lux-luxury-golden-glue-nam-tu-liem","status":"publish","type":"product","link":"https:\/\/giaodienwebsite.tgs.com.vn\/bds49\/du-an\/chung-cu-lux-luxury-golden-glue-nam-tu-liem\/","title":{"rendered":"Chung c\u01b0 Lux Luxury Golden Glue Nam T\u1eeb Li\u00eam"},"content":{"rendered":"<p>&#8211; \u00a0 \u00a0V\u1ecb tr\u00ed d\u1ef1 \u00e1n: T\u1ecda t\u1ea1i TM1, TM2, CX1 c\u1ee7a khu \u0111\u00f4 th\u1ecb Th\u00e0nh ph\u1ed1 Giao L\u01b0u \u2013 232 Ph\u1ea1m V\u0103n \u0110\u00f4ng \u2013<br \/>\n&#8211; \u00a0 \u00a0Th\u1eddi gian ho\u00e0n th\u00e0nh: V\u00e0o qu\u00fd I\/2018<br \/>\nQuy m\u00f4 d\u1ef1 \u00e1n:<br \/>\n&#8211; \u00a0 \u00a0T\u1ed5ng di\u1ec7n t\u00edch: 44.324 m2<br \/>\n&#8211; \u00a0 \u00a0M\u1eadt \u0111\u1ed9 x\u00e2y d\u1ef1ng chi\u1ebfm 31.6%<br \/>\n&#8211; \u00a0 \u00a0Di\u1ec7n t\u00edch c\u00f2n l\u1ea1i \u0111\u1ec3 ph\u00e1t tri\u1ec3n m\u00f4i tr\u01b0\u1eddng s\u1ed1ng v\u00e0 ti\u1ec7n \u00edch n\u1ed9i khu v\u1edbi 68,4%<br \/>\n&#8211; \u00a0 \u00a0G\u1ed3m 8 t\u00f2a th\u00e1p cao 28 t\u1ea7ng (A1,A4,A5,A8) v\u00e0 35 t\u1ea7ng (A2, A3, A6, A7) v\u1edbi 2 t\u1ea7ng h\u1ea7m<br \/>\n&#8211; \u00a0 \u00a0T\u1ed5ng s\u1ed1 c\u0103n h\u1ed9: 2732 c\u0103n<\/p>\n<p>Ti\u1ec7n nghi cu\u1ed9c s\u1ed1ng t\u1ea1i d\u1ef1 \u00e1n chung c\u01b0\u00a0c\u00f3 th\u1ec3 k\u1ec3 t\u1edbi nh\u01b0: tuy\u1ebfn ph\u1ed1 th\u01b0\u01a1ng m\u1ea1i, ph\u00f2ng sinh ho\u1ea1t c\u1ed9ng \u0111\u1ed3ng, tuy\u1ebfn ph\u1ed1 th\u01b0\u01a1ng m\u1ea1i qu\u1ea3ng tr\u01b0\u1eddng, d\u1ecbch v\u1ee5 th\u01b0\u01a1ng m\u1ea1i, qu\u1ea3ng tr\u01b0\u1eddng m\u00f9a h\u1ea1, v\u01b0\u1eddn treo, cung \u0111\u01b0\u1eddng t\u00ecnh y\u00eau, v\u01b0\u1eddn n\u01b0\u1edbng BBQ, v\u01b0\u1eddn m\u1eb7t tr\u1eddi, qu\u1ea3ng tr\u01b0\u1eddng m\u00f9a xu\u00e2n, v\u01b0\u1eddn c\u1ecd 1, v\u01b0\u1eddn c\u1ecd 2\u2026. C\u00f3 th\u1ec3 th\u1ea5y r\u1eb1ng, m\u1ecdi ti\u1ec7n nghi cu\u1ed9c s\u1ed1ng t\u1ea1i d\u1ef1 \u00e1n \u0111\u1ec1u h\u01b0\u1edbng c\u01b0 d\u00e2n t\u1ea1i \u0111\u00e2y \u0111\u1ebfn cu\u1ed9c s\u1ed1ng g\u1eafn k\u1ebft, s\u1ed1ng chan h\u00f2a, vui v\u1ebb; b\u00ean c\u1ea1nh \u0111\u00f3, m\u1eadt \u0111\u1ed9 c\u00e2y xanh v\u00e0 h\u1ed3 n\u01b0\u1edbc nh\u00e2n t\u1ea1o t\u1ea1i d\u1ef1 \u00e1n l\u1edbn, mang \u0111\u1ebfn m\u00e0u xanh bao ph\u1ee7 to\u00e0n d\u1ef1 \u00e1n c\u0103n h\u1ed9 Chung c\u01b0 An B\u00ecnh City, mang l\u1ea1i b\u1ea7u kh\u00f4ng kh\u00ed trong l\u00e0nh, m\u00e1t m\u1ebb \u0111\u1ebfn t\u1eebng c\u0103n h\u1ed9 t\u1ea1i d\u1ef1 \u00e1n.<\/p>\n<p>Nh\u1eefng l\u00fac m\u1ec7t m\u1ecfi, c\u1ea7n kh\u00f4ng gian th\u01b0 gi\u00e3n ri\u00eang, b\u1ea1n \u0111\u00e3 c\u00f3 ngay b\u1ec3 b\u01a1i b\u1ed1n m\u00f9a, kh\u00f4ng gian t\u1eafm n\u1eafng v\u00e0 cung \u0111\u01b0\u1eddng d\u1ea1o b\u1ed9 ngay t\u1ea1i d\u1ef1 \u00e1n. V\u1edbi t\u00e2m \u0111i\u1ec3m d\u1ef1 \u00e1n l\u00e0 qu\u1ea3ng tr\u01b0\u1eddng v\u00e0 h\u1ed3 n\u01b0\u1edbc nh\u00e2n t\u1ea1o l\u1edbn, l\u00e0 \u0111i\u1ec3m nh\u1ea5n t\u1ea1o n\u00ean quang c\u1ea3nh \u0111\u1eb9p m\u01a1 m\u00e0ng t\u1ea1i khu.<br \/>\nTr\u1ebb em v\u00e0 ng\u01b0\u1eddi cao tu\u1ed5i l\u00e0 hai \u0111\u1ed1i t\u01b0\u1ee3ng m\u00e0 d\u1ef1 \u00e1n quan t\u00e2m, ch\u0103m s\u00f3c nh\u1ea5t. Ti\u1ec7n \u00edch Chung c\u01b0 An B\u00ecnh City d\u00e0nh cho ng\u01b0\u1eddi cao tu\u1ed5i c\u00f3 th\u1ec3 k\u1ec3 \u0111\u1ebfn nh\u01b0: c\u00e1c c\u00e2u l\u1ea1c b\u1ed9 ng\u01b0\u1eddi cao tu\u1ed5i, c\u00e2u l\u1ea1c b\u1ed9 Yoga, g\u00f3c ch\u01a1i c\u01a1, c\u00f4ng vi\u00ean t\u1ea3n b\u1ed9\u2026v\u1edbi tr\u1ebb em th\u00ec c\u00f3: nh\u00e0 tr\u1ebb 3 t\u1ea7ng, khu vui ch\u01a1i tr\u1ebb em, b\u1ec3 b\u01a1i d\u00e0nh cho tr\u1ebb nh\u1ecf, s\u00e2n vui ch\u01a1i ngo\u00e0i tr\u1eddi cho tr\u1ebb em\u2026<\/p>\n<p>\u0110a d\u1ea1ng ti\u1ec7n \u00edch n\u1ed9i khu t\u1ea1i d\u1ef1 \u00e1n \u0111\u00e3 mang \u0111\u1ebfn cho to\u00e0n b\u1ed9 c\u01b0 d\u00e2n t\u1ea1i \u0111\u00e2y m\u1ed9t cu\u1ed9c s\u1ed1ng d\u1ec5 d\u00e0ng, n\u0103ng \u0111\u1ed9ng k\u1ebft n\u1ed1i c\u1ed9ng \u0111\u1ed3ng s\u1ed1ng v\u0103n minh, tr\u00e0n \u0111\u1ea7y n\u0103ng l\u01b0\u1ee3ng<\/p>\n","protected":false},"excerpt":{"rendered":"<ul class=\"ulgroup w-100 clearfix\">\n<li class=\"first_status\">Qu\u1eadn huy\u1ec7n:\u00a0<span class=\"status_name\">Nam T\u1eeb Li\u00eam<\/span><\/li>\n<li class=\"first_status\">Ki\u1ec3u d\u1ef1 \u00e1n:\u00a0<span class=\"status_name\">Chung c\u01b0 cao c\u1ea5p<\/span><\/li>\n<li class=\"first_status\">Ch\u1ee7 \u0111\u1ea7u t\u01b0:\u00a0<span class=\"status_name\">C\u00f4ng ty XNK T\u1ed5ng h\u1ee3p H\u00e0 N\u1ed9i\u00a0Geleximco<\/span><\/li>\n<li class=\"first_status\">Lo\u1ea1i h\u00ecnh \u0111\u1ea7u t\u01b0:\u00a0<span class=\"status_name\">Ch\u00f9ng c\u01b0 Lux Luxury Golden Glue Nam T\u1eeb Li\u00eam n\u1eb1m trong qu\u1ea7n th\u1ec3 khu \u0111\u00f4 th\u1ecb Th\u00e0nh Ph\u1ed1 Giao L\u01b0u, \u0111\u01b0\u1eddng Ph\u1ea1m V\u0103n \u0110\u1ed3ng. \u0110\u00e2y l\u00e0 v\u1ecb tr\u00ed k\u1ebft n\u1ed1i ho\u00e0n h\u1ea3o t\u1edbi nh\u1eefng khu kinh t\u1ebf, v\u0103n h\u00f3a, x\u00e3 h\u1ed9i s\u1ea7m u\u1ea5t nh\u1ea5t H\u00e0 N\u1ed9i nh\u1edd nh\u1eefng tuy\u1ebfn \u0111\u01b0\u1eddng huy\u1ebft m\u1ea1ch nh\u01b0: \u0111\u01b0\u1eddng Ph\u1ea1m V\u0103n \u0110\u1ed3ng, \u0111\u01b0\u1eddng Ho\u00e0ng Qu\u1ed1c Vi\u1ec7t, \u0111\u01b0\u1eddng Xu\u00e2n Th\u1ee7y, H\u1ed3 T\u00f9ng M\u1eadu, Ph\u1ea1m H\u00f9ng&#8230;<\/span><\/li>\n<\/ul>\n","protected":false},"featured_media":75,"comment_status":"open","ping_status":"closed","template":"","meta":[],"product_cat":[15,17,18,19,20],"product_tag":[],"yoast_head":"<!-- This site is optimized with the Yoast SEO plugin v16.7 - https:\/\/yoast.com\/wordpress\/plugins\/seo\/ -->\n<title>Chung c\u01b0 Lux Luxury Golden Glue Nam T\u1eeb Li\u00eam - Chuy\u00ean trang b\u1ea5t \u0111\u1ed9ng s\u1ea3n<\/title>\n<meta name=\"robots\" content=\"index, follow, max-snippet:-1, max-image-preview:large, max-video-preview:-1\" \/>\n<link rel=\"canonical\" href=\"https:\/\/giaodienwebsite.tgs.com.vn\/bds49\/du-an\/chung-cu-lux-luxury-golden-glue-nam-tu-liem\/\" \/>\n<meta property=\"og:locale\" content=\"vi_VN\" \/>\n<meta property=\"og:type\" content=\"article\" \/>\n<meta property=\"og:title\" content=\"Chung c\u01b0 Lux Luxury Golden Glue Nam T\u1eeb Li\u00eam - Chuy\u00ean trang b\u1ea5t \u0111\u1ed9ng s\u1ea3n\" \/>\n<meta property=\"og:description\" content=\"Qu\u1eadn huy\u1ec7n:\u00a0Nam T\u1eeb Li\u00eam  Ki\u1ec3u d\u1ef1 \u00e1n:\u00a0Chung c\u01b0 cao c\u1ea5p  Ch\u1ee7 \u0111\u1ea7u t\u01b0:\u00a0C\u00f4ng ty XNK T\u1ed5ng h\u1ee3p H\u00e0 N\u1ed9i\u00a0Geleximco  Lo\u1ea1i h\u00ecnh \u0111\u1ea7u t\u01b0:\u00a0Ch\u00f9ng c\u01b0 Lux Luxury Golden Glue Nam T\u1eeb Li\u00eam n\u1eb1m trong qu\u1ea7n th\u1ec3 khu \u0111\u00f4 th\u1ecb Th\u00e0nh Ph\u1ed1 Giao L\u01b0u, \u0111\u01b0\u1eddng Ph\u1ea1m V\u0103n \u0110\u1ed3ng. \u0110\u00e2y l\u00e0 v\u1ecb tr\u00ed k\u1ebft n\u1ed1i ho\u00e0n h\u1ea3o t\u1edbi nh\u1eefng khu kinh t\u1ebf, v\u0103n h\u00f3a, x\u00e3 h\u1ed9i s\u1ea7m u\u1ea5t nh\u1ea5t H\u00e0 N\u1ed9i nh\u1edd nh\u1eefng tuy\u1ebfn \u0111\u01b0\u1eddng huy\u1ebft m\u1ea1ch nh\u01b0: \u0111\u01b0\u1eddng Ph\u1ea1m V\u0103n \u0110\u1ed3ng, \u0111\u01b0\u1eddng Ho\u00e0ng Qu\u1ed1c Vi\u1ec7t, \u0111\u01b0\u1eddng Xu\u00e2n Th\u1ee7y, H\u1ed3 T\u00f9ng M\u1eadu, Ph\u1ea1m H\u00f9ng...\" \/>\n<meta property=\"og:url\" content=\"https:\/\/giaodienwebsite.tgs.com.vn\/bds49\/du-an\/chung-cu-lux-luxury-golden-glue-nam-tu-liem\/\" \/>\n<meta property=\"og:site_name\" content=\"Chuy\u00ean trang b\u1ea5t \u0111\u1ed9ng s\u1ea3n\" \/>\n<meta property=\"article:modified_time\" content=\"2020-07-28T02:31:56+00:00\" \/>\n<meta property=\"og:image\" content=\"https:\/\/giaodienwebsite.tgs.com.vn\/bds49\/wp-content\/uploads\/2020\/07\/img23.jpg\" \/>\n\t<meta property=\"og:image:width\" content=\"765\" \/>\n\t<meta property=\"og:image:height\" content=\"470\" \/>\n<meta name=\"twitter:card\" content=\"summary_large_image\" \/>\n<meta name=\"twitter:label1\" content=\"\u01af\u1edbc t\u00ednh th\u1eddi gian \u0111\u1ecdc\" \/>\n\t<meta name=\"twitter:data1\" content=\"3 ph\u00fat\" \/>\n<script type=\"application\/ld+json\" class=\"yoast-schema-graph\">{\"@context\":\"https:\/\/schema.org\",\"@graph\":[{\"@type\":\"WebSite\",\"@id\":\"https:\/\/giaodienwebsite.tgs.com.vn\/bds49\/#website\",\"url\":\"https:\/\/giaodienwebsite.tgs.com.vn\/bds49\/\",\"name\":\"Chuy\\u00ean trang b\\u1ea5t \\u0111\\u1ed9ng s\\u1ea3n\",\"description\":\"M\\u1ed9t trang web m\\u1edbi s\\u1eed d\\u1ee5ng WordPress\",\"potentialAction\":[{\"@type\":\"SearchAction\",\"target\":{\"@type\":\"EntryPoint\",\"urlTemplate\":\"https:\/\/giaodienwebsite.tgs.com.vn\/bds49\/?s={search_term_string}\"},\"query-input\":\"required name=search_term_string\"}],\"inLanguage\":\"vi\"},{\"@type\":\"ImageObject\",\"@id\":\"https:\/\/giaodienwebsite.tgs.com.vn\/bds49\/du-an\/chung-cu-lux-luxury-golden-glue-nam-tu-liem\/#primaryimage\",\"inLanguage\":\"vi\",\"url\":\"https:\/\/giaodienwebsite.tgs.com.vn\/bds49\/wp-content\/uploads\/2020\/07\/img23.jpg\",\"contentUrl\":\"https:\/\/giaodienwebsite.tgs.com.vn\/bds49\/wp-content\/uploads\/2020\/07\/img23.jpg\",\"width\":765,\"height\":470},{\"@type\":\"WebPage\",\"@id\":\"https:\/\/giaodienwebsite.tgs.com.vn\/bds49\/du-an\/chung-cu-lux-luxury-golden-glue-nam-tu-liem\/#webpage\",\"url\":\"https:\/\/giaodienwebsite.tgs.com.vn\/bds49\/du-an\/chung-cu-lux-luxury-golden-glue-nam-tu-liem\/\",\"name\":\"Chung c\\u01b0 Lux Luxury Golden Glue Nam T\\u1eeb Li\\u00eam - Chuy\\u00ean trang b\\u1ea5t \\u0111\\u1ed9ng s\\u1ea3n\",\"isPartOf\":{\"@id\":\"https:\/\/giaodienwebsite.tgs.com.vn\/bds49\/#website\"},\"primaryImageOfPage\":{\"@id\":\"https:\/\/giaodienwebsite.tgs.com.vn\/bds49\/du-an\/chung-cu-lux-luxury-golden-glue-nam-tu-liem\/#primaryimage\"},\"datePublished\":\"2020-07-28T02:02:35+00:00\",\"dateModified\":\"2020-07-28T02:31:56+00:00\",\"breadcrumb\":{\"@id\":\"https:\/\/giaodienwebsite.tgs.com.vn\/bds49\/du-an\/chung-cu-lux-luxury-golden-glue-nam-tu-liem\/#breadcrumb\"},\"inLanguage\":\"vi\",\"potentialAction\":[{\"@type\":\"ReadAction\",\"target\":[\"https:\/\/giaodienwebsite.tgs.com.vn\/bds49\/du-an\/chung-cu-lux-luxury-golden-glue-nam-tu-liem\/\"]}]},{\"@type\":\"BreadcrumbList\",\"@id\":\"https:\/\/giaodienwebsite.tgs.com.vn\/bds49\/du-an\/chung-cu-lux-luxury-golden-glue-nam-tu-liem\/#breadcrumb\",\"itemListElement\":[{\"@type\":\"ListItem\",\"position\":1,\"name\":\"Trang ch\\u1ee7\",\"item\":\"https:\/\/giaodienwebsite.tgs.com.vn\/bds49\/\"},{\"@type\":\"ListItem\",\"position\":2,\"name\":\"C\\u1eeda h\\u00e0ng\",\"item\":\"https:\/\/giaodienwebsite.tgs.com.vn\/bds49\/mua\/\"},{\"@type\":\"ListItem\",\"position\":3,\"name\":\"Chung c\\u01b0 Lux Luxury Golden Glue Nam T\\u1eeb Li\\u00eam\"}]}]}<\/script>\n<!-- \/ Yoast SEO plugin. -->","yoast_head_json":{"title":"Chung c\u01b0 Lux Luxury Golden Glue Nam T\u1eeb Li\u00eam - Chuy\u00ean trang b\u1ea5t \u0111\u1ed9ng s\u1ea3n","robots":{"index":"index","follow":"follow","max-snippet":"max-snippet:-1","max-image-preview":"max-image-preview:large","max-video-preview":"max-video-preview:-1"},"canonical":"https:\/\/giaodienwebsite.tgs.com.vn\/bds49\/du-an\/chung-cu-lux-luxury-golden-glue-nam-tu-liem\/","og_locale":"vi_VN","og_type":"article","og_title":"Chung c\u01b0 Lux Luxury Golden Glue Nam T\u1eeb Li\u00eam - Chuy\u00ean trang b\u1ea5t \u0111\u1ed9ng s\u1ea3n","og_description":"Qu\u1eadn huy\u1ec7n:\u00a0Nam T\u1eeb Li\u00eam  Ki\u1ec3u d\u1ef1 \u00e1n:\u00a0Chung c\u01b0 cao c\u1ea5p  Ch\u1ee7 \u0111\u1ea7u t\u01b0:\u00a0C\u00f4ng ty XNK T\u1ed5ng h\u1ee3p H\u00e0 N\u1ed9i\u00a0Geleximco  Lo\u1ea1i h\u00ecnh \u0111\u1ea7u t\u01b0:\u00a0Ch\u00f9ng c\u01b0 Lux Luxury Golden Glue Nam T\u1eeb Li\u00eam n\u1eb1m trong qu\u1ea7n th\u1ec3 khu \u0111\u00f4 th\u1ecb Th\u00e0nh Ph\u1ed1 Giao L\u01b0u, \u0111\u01b0\u1eddng Ph\u1ea1m V\u0103n \u0110\u1ed3ng. \u0110\u00e2y l\u00e0 v\u1ecb tr\u00ed k\u1ebft n\u1ed1i ho\u00e0n h\u1ea3o t\u1edbi nh\u1eefng khu kinh t\u1ebf, v\u0103n h\u00f3a, x\u00e3 h\u1ed9i s\u1ea7m u\u1ea5t nh\u1ea5t H\u00e0 N\u1ed9i nh\u1edd nh\u1eefng tuy\u1ebfn \u0111\u01b0\u1eddng huy\u1ebft m\u1ea1ch nh\u01b0: \u0111\u01b0\u1eddng Ph\u1ea1m V\u0103n \u0110\u1ed3ng, \u0111\u01b0\u1eddng Ho\u00e0ng Qu\u1ed1c Vi\u1ec7t, \u0111\u01b0\u1eddng Xu\u00e2n Th\u1ee7y, H\u1ed3 T\u00f9ng M\u1eadu, Ph\u1ea1m H\u00f9ng...","og_url":"https:\/\/giaodienwebsite.tgs.com.vn\/bds49\/du-an\/chung-cu-lux-luxury-golden-glue-nam-tu-liem\/","og_site_name":"Chuy\u00ean trang b\u1ea5t \u0111\u1ed9ng s\u1ea3n","article_modified_time":"2020-07-28T02:31:56+00:00","og_image":[{"width":765,"height":470,"url":"https:\/\/giaodienwebsite.tgs.com.vn\/bds49\/wp-content\/uploads\/2020\/07\/img23.jpg","path":"\/var\/www\/vhosts\/tgs.com.vn\/giaodienmau.tgs.com.vn\/bds49\/wp-content\/uploads\/2020\/07\/img23.jpg","size":"full","id":75,"alt":"","pixels":359550,"type":"image\/jpeg"}],"twitter_card":"summary_large_image","twitter_misc":{"\u01af\u1edbc t\u00ednh th\u1eddi gian \u0111\u1ecdc":"3 ph\u00fat"},"schema":{"@context":"https:\/\/schema.org","@graph":[{"@type":"WebSite","@id":"https:\/\/giaodienwebsite.tgs.com.vn\/bds49\/#website","url":"https:\/\/giaodienwebsite.tgs.com.vn\/bds49\/","name":"Chuy\u00ean trang b\u1ea5t \u0111\u1ed9ng s\u1ea3n","description":"M\u1ed9t trang web m\u1edbi s\u1eed d\u1ee5ng WordPress","potentialAction":[{"@type":"SearchAction","target":{"@type":"EntryPoint","urlTemplate":"https:\/\/giaodienwebsite.tgs.com.vn\/bds49\/?s={search_term_string}"},"query-input":"required name=search_term_string"}],"inLanguage":"vi"},{"@type":"ImageObject","@id":"https:\/\/giaodienwebsite.tgs.com.vn\/bds49\/du-an\/chung-cu-lux-luxury-golden-glue-nam-tu-liem\/#primaryimage","inLanguage":"vi","url":"https:\/\/giaodienwebsite.tgs.com.vn\/bds49\/wp-content\/uploads\/2020\/07\/img23.jpg","contentUrl":"https:\/\/giaodienwebsite.tgs.com.vn\/bds49\/wp-content\/uploads\/2020\/07\/img23.jpg","width":765,"height":470},{"@type":"WebPage","@id":"https:\/\/giaodienwebsite.tgs.com.vn\/bds49\/du-an\/chung-cu-lux-luxury-golden-glue-nam-tu-liem\/#webpage","url":"https:\/\/giaodienwebsite.tgs.com.vn\/bds49\/du-an\/chung-cu-lux-luxury-golden-glue-nam-tu-liem\/","name":"Chung c\u01b0 Lux Luxury Golden Glue Nam T\u1eeb Li\u00eam - Chuy\u00ean trang b\u1ea5t \u0111\u1ed9ng s\u1ea3n","isPartOf":{"@id":"https:\/\/giaodienwebsite.tgs.com.vn\/bds49\/#website"},"primaryImageOfPage":{"@id":"https:\/\/giaodienwebsite.tgs.com.vn\/bds49\/du-an\/chung-cu-lux-luxury-golden-glue-nam-tu-liem\/#primaryimage"},"datePublished":"2020-07-28T02:02:35+00:00","dateModified":"2020-07-28T02:31:56+00:00","breadcrumb":{"@id":"https:\/\/giaodienwebsite.tgs.com.vn\/bds49\/du-an\/chung-cu-lux-luxury-golden-glue-nam-tu-liem\/#breadcrumb"},"inLanguage":"vi","potentialAction":[{"@type":"ReadAction","target":["https:\/\/giaodienwebsite.tgs.com.vn\/bds49\/du-an\/chung-cu-lux-luxury-golden-glue-nam-tu-liem\/"]}]},{"@type":"BreadcrumbList","@id":"https:\/\/giaodienwebsite.tgs.com.vn\/bds49\/du-an\/chung-cu-lux-luxury-golden-glue-nam-tu-liem\/#breadcrumb","itemListElement":[{"@type":"ListItem","position":1,"name":"Trang ch\u1ee7","item":"https:\/\/giaodienwebsite.tgs.com.vn\/bds49\/"},{"@type":"ListItem","position":2,"name":"C\u1eeda h\u00e0ng","item":"https:\/\/giaodienwebsite.tgs.com.vn\/bds49\/mua\/"},{"@type":"ListItem","position":3,"name":"Chung c\u01b0 Lux Luxury Golden Glue Nam T\u1eeb Li\u00eam"}]}]}},"_links":{"self":[{"href":"https:\/\/giaodienwebsite.tgs.com.vn\/bds49\/wp-json\/wp\/v2\/product\/74"}],"collection":[{"href":"https:\/\/giaodienwebsite.tgs.com.vn\/bds49\/wp-json\/wp\/v2\/product"}],"about":[{"href":"https:\/\/giaodienwebsite.tgs.com.vn\/bds49\/wp-json\/wp\/v2\/types\/product"}],"replies":[{"embeddable":true,"href":"https:\/\/giaodienwebsite.tgs.com.vn\/bds49\/wp-json\/wp\/v2\/comments?post=74"}],"wp:featuredmedia":[{"embeddable":true,"href":"https:\/\/giaodienwebsite.tgs.com.vn\/bds49\/wp-json\/wp\/v2\/media\/75"}],"wp:attachment":[{"href":"https:\/\/giaodienwebsite.tgs.com.vn\/bds49\/wp-json\/wp\/v2\/media?parent=74"}],"wp:term":[{"taxonomy":"product_cat","embeddable":true,"href":"https:\/\/giaodienwebsite.tgs.com.vn\/bds49\/wp-json\/wp\/v2\/product_cat?post=74"},{"taxonomy":"product_tag","embeddable":true,"href":"https:\/\/giaodienwebsite.tgs.com.vn\/bds49\/wp-json\/wp\/v2\/product_tag?post=74"}],"curies":[{"name":"wp","href":"https:\/\/api.w.org\/{rel}","templated":true}]}}