{"id":71,"date":"2020-07-28T02:00:33","date_gmt":"2020-07-28T02:00:33","guid":{"rendered":"https:\/\/giaodienwebsite.tgs.com.vn\/bds49\/?post_type=product&#038;p=71"},"modified":"2020-08-07T05:47:48","modified_gmt":"2020-08-07T05:47:48","slug":"chung-cu-platium-luxury-center-park-tran-duy-hung","status":"publish","type":"product","link":"https:\/\/giaodienwebsite.tgs.com.vn\/bds49\/du-an\/chung-cu-platium-luxury-center-park-tran-duy-hung\/","title":{"rendered":"Chung c\u01b0 Platium Luxury Center Park Tr\u1ea7n Duy H\u01b0ng"},"content":{"rendered":"<p>T\u00ean d\u1ef1 \u00e1n:Platium Luxury Center Park<strong>\u00a0Tr\u1ea7n Duy H\u01b0ng<\/strong><\/p>\n<p>&#8211; Ch\u1ee7 \u0111\u1ea7u t\u01b0: T\u1eadp \u0111o\u00e0n T\u00e2n Ho\u00e0ng Minh<\/p>\n<p>&#8211; Ph\u00e2n ph\u1ed5i v\u00e0 v\u1eadn h\u00e0nh qu\u1ea3n l\u00fd: Vinhomes<\/p>\n<p>&#8211; \u0110\u01a1n v\u1ecb thi c\u00f4ng: C\u00f4ng Ty C\u1ed5 Ph\u1ea7n X\u00e2y D\u1ef1ng Cotec &#8211; Coteccons<\/p>\n<p>&#8211; Ng\u00e2n h\u00e0ng t\u00e0i tr\u1ee3 v\u1ed1n: Techcombank<\/p>\n<p>&#8211; T\u1ed5ng di\u1ec7n t\u00edch khu \u0111\u1ea5t: 50,309 m2<\/p>\n<p>&#8211; Di\u1ec7n t\u00edch x\u00e2y d\u1ef1ng: 21,737m2<\/p>\n<p>&#8211; Khu nh\u00e0 \u1edf v\u1edbi di\u1ec7n t\u00edch s\u00e0n: 280.000 m2<\/p>\n<p>&#8211; S\u1ed1 t\u1ea7ng h\u1ea7m: 3 T\u1ea7ng<\/p>\n<p>&#8211; S\u1ed1 t\u1ea7ng cao: 39 &#8211; 45 t\u1ea7ng<\/p>\n<p>&#8211; Di\u1ec7n t\u00edch tr\u01b0\u1eddng h\u1ecdc: 2502 m2<\/p>\n<p>&#8211; Di\u1ec7n t\u00edch ti\u1ec7n \u00edch: 26,070 m2<\/p>\n<p>&#8211; M\u1eadt \u0111\u1ed9 x\u00e2y d\u1ef1ng: 29,8%<\/p>\n<p>&#8211; T\u1ed5ng s\u1ed1 c\u0103n h\u1ed9: 1200 c\u0103n<\/p>\n<p>&#8211; Di\u1ec7n t\u00edch c\u0103n h\u1ed9: 57\u00a0&#8211; 110m2<\/p>\n<p>&#8211; Kh\u1edfi c\u00f4ng: 18\/05\/2016<\/p>\n<p>&#8211; Ho\u00e0n th\u00e0nh: Qu\u00fd IV\/2018<\/p>\n<p>&#8211; Quy m\u00f4:<\/p>\n<p>D\u1ef1 \u00e1n\u00a0Platium Luxury Center Park\u00a0<strong>\u00a0Tr\u1ea7n Duy H\u01b0ng<\/strong>\u00a0\u0111\u01b0\u1ee3c x\u00e2y d\u1ef1ng l\u00e0m khu t\u1ed5 h\u1ee3p trung t\u00e2m th\u01b0\u01a1ng m\u1ea1i, t\u00f2a nh\u00e0 v\u0103n ph\u00f2ng v\u00e0 khu c\u0103n h\u1ed9 cao c\u1ea5p \u0111\u01b0\u1ee3c tri\u1ec3n khai v\u1edbi 6 t\u00f2a nh\u00e0 cao t\u1ea7ng, trong \u0111\u00f3:<\/p>\n<p>+ T\u00f2a th\u00e1p A \u2013 B: cao 43 t\u1ea7ng c\u00f3 chung m\u1ed9t kh\u1ed1i \u0111\u1ebf 5 t\u1ea7ng.<br \/>\n+ Th\u00e1p D: cao 41 t\u1ea7ng.<br \/>\n+ Th\u00e1p H: cao 39 t\u1ea7ng.<br \/>\n\u2013 Khu officetel: t\u00f2a th\u00e1p C \u2013 G: cao 45 t\u1ea7ng.<br \/>\n\u2013 Khu nh\u00e0 tr\u1ebb: cao 3 t\u1ea7ng ri\u00eang bi\u1ec7t.<\/p>\n<p>Chung c\u01b0 Platium Luxury Center Park Tr\u1ea7n Duy H\u01b0ng\u00a0s\u1edf h\u1eefu v\u1ecb tr\u00ed &#8221; V\u00e0ng &#8221; m\u1ed9t trong nh\u1eefng cung \u0111\u01b0\u1eddng \u0111\u1eb9p v\u00e0 s\u1ea7m u\u1ea5t nh\u1ea5t c\u1ee7a Th\u1ee7 \u0111\u00f4 H\u00e0 N\u1ed9i. L\u1ee3i th\u1ebf v\u1ec1 v\u1ecb tr\u00ed v\u00e0 h\u1ea1 t\u1ea7ng giao th\u00f4ng \u0111\u01b0\u1ee3c \u0111\u1ed3ng b\u1ed9 hi\u1ec7n \u0111\u1ea1i ch\u1eafc ch\u1eafn \u0111\u00e2y s\u1ebd l\u00e0 \u0111\u00edch \u0111\u1ebfn cho nhi\u1ec1u kh\u00e1ch h\u00e0ng c\u00f4ng d\u00e2n \u0111\u1eb3ng c\u1ea5p trong th\u1eddi gian t\u1edbi.<\/p>\n<p>D\u1ef1 \u00e1n\u00a0Platium Luxury Center Park Tr\u1ea7n Duy H\u01b0ng\u00a0n\u1eb1m tr\u00ean m\u1eb7t ti\u1ec1n c\u1ee7a 3 tuy\u1ebfn \u0111\u01b0\u1eddng giao th\u00f4ng huy\u1ebft m\u1ea1ch c\u1ee7a Th\u1ee7 \u0111\u00f4 khi\u1ebfn cho vi\u1ec7c di chuy\u1ec3n \u0111i l\u1ea1i gi\u1eefa c\u00e1c khu v\u1ef1c kh\u00e1 d\u1ec5 d\u00e0ng:<br \/>\n&#8211; Ph\u00eda \u0110\u00f4ng: Ti\u1ebfp gi\u00e1p tuy\u1ebfn \u0111\u01b0\u1eddng Ho\u00e0ng Minh Gi\u00e1m<br \/>\n&#8211; Ph\u00eda T\u00e2y: Ti\u1ebfp gi\u00e1p tuy\u1ebfn \u0111\u01b0\u1eddng Khu\u1ea5t Duy Ti\u1ebfn<br \/>\n&#8211; Ph\u00eda Nam: Li\u1ec1n k\u1ec1 khu v\u1ef1c H\u1ed3 \u0111i\u1ec1u h\u00f2a Nh\u00e2n Ch\u00ednh<br \/>\n&#8211; Ph\u00eda B\u1eafc: N\u1eb1m tr\u00ean m\u1eb7t \u0111\u01b0\u1eddng Tr\u1ea7n Duy H\u01b0ng<\/p>\n<p>\u0110\u1eb7c bi\u1ec7t, khu c\u0103n h\u1ed9 \u0111\u1eb3ng c\u1ea5p chung c\u01b0 Platium Luxury Center Park Tr\u1ea7n Duy H\u01b0ng\u00a0n\u1eb1m trong khu v\u1ef1c \u0111\u00e3 \u0111\u01b0\u1ee3c \u0111\u1ed3ng b\u1ed9 ho\u00e0n thi\u1ec7n c\u01a1 s\u1edf h\u1ea1 t\u1ea7ng: ch\u1ee3, tr\u01b0\u1eddng h\u1ecdc, b\u1ec7nh vi\u1ec7n, khu mua s\u1eafm,&#8230; thu\u1eadn ti\u1ec7n cho vi\u1ec7c giao th\u01b0\u01a1ng cho c\u01b0 d\u00e2n.<\/p>\n<p>+ Trung t\u00e2m h\u1ed9i ngh\u1ecb Qu\u1ed1c gia &#8211; 500m<br \/>\n+ \u0110\u1ed1i di\u1ec7n khu trung t\u00e2m th\u01b0\u01a1ng m\u1ea1i big C<br \/>\n+ Li\u1ec1n k\u1ec1 khu c\u00f4ng vi\u00ean h\u1ed3 \u0111i\u1ec1u h\u00f2a Nh\u00e2n Ch\u00ednh<br \/>\n+ Ngay c\u1ea1nh khu kh\u00e1ch s\u1ea1n cao c\u1ea5p Grand Plaza<br \/>\n+ H\u1ecdc vi\u1ec7n An Ninh &#8211; C\u00e1ch &#8211; 3 Km<br \/>\n+ \u0110\u1ea1i H\u1ecdc Qu\u1ed1c Gia H\u00e0 N\u1ed9i &#8211; 2,5 Km<br \/>\n+ S\u00e2n v\u1eadn \u0111\u1ed9ng qu\u1ed1c gia M\u1ef9 \u0110\u00ecnh &#8211; 1,5 Km<br \/>\n+ Li\u1ec1n k\u1ec1 tr\u01b0\u1eddng h\u1ecdc qu\u1ed1c t\u1ebf Amsterdan\u00a0&#8230;.<\/p>\n<p>V\u1edbi l\u1ee3i th\u1ebf s\u1edf h\u1eefu h\u1ea1 t\u1ea7ng giao th\u00f4ng \u0111\u01b0\u1ee3c \u0111\u1ed3ng b\u1ed9 s\u1eb5n ti\u1ebfp gi\u00e1p v\u1edbi c\u00e1c cung \u0111\u01b0\u1eddng giao th\u00f4ng huy\u1ebft m\u1ea1ch c\u1ee7a H\u00e0 N\u1ed9i, v\u00ec v\u1eady sau khi c\u01b0 d\u00e2n chung c\u01b0 Tr\u1ea7n Duy H\u01b0ng v\u1ec1 sinh s\u1ed1ng c\u00f3 th\u1ec3 d\u1ec5 d\u00e0ng di chuy\u1ec3n \u0111\u1ebfn khu v\u1ef1c trung t\u00e2m hay \u0111i ra c\u00e1c t\u1ec9nh l\u00e2n c\u1eadn m\u1ed9t c\u00e1ch d\u1ec5 d\u00e0ng t\u1ea1o m\u1ed9t s\u1ee9c h\u00fat kh\u00f4ng th\u1ec3 b\u1ecf qua.<\/p>\n","protected":false},"excerpt":{"rendered":"<ul class=\"ulgroup w-100 clearfix\">\n<li class=\"first_status\">Qu\u1eadn huy\u1ec7n:\u00a0<span class=\"status_name\">Tr\u1ea7n Duy H\u01b0ng<\/span><\/li>\n<li class=\"first_status\">Ki\u1ec3u d\u1ef1 \u00e1n:\u00a0<span class=\"status_name\">Chung c\u01b0 cao c\u1ea5p<\/span><\/li>\n<li class=\"first_status\">Ch\u1ee7 \u0111\u1ea7u t\u01b0:\u00a0<span class=\"status_name\">T\u1ed5ng c\u00f4ng ty h\u00e0ng kh\u00f4ng Emirates<\/span><\/li>\n<li class=\"first_status\">Lo\u1ea1i h\u00ecnh \u0111\u1ea7u t\u01b0:\u00a0<span class=\"status_name\">V\u1edbi l\u1ee3i th\u1ebf s\u1edf h\u1eefu v\u1ecb tr\u00ed &#8221; V\u00e0ng &#8221; \u0111\u1eafc \u0111\u1ecba c\u00f9ng ti\u1ec7n \u00edch \u0111\u1eb3ng c\u1ea5p v\u00e0 thi\u1ebft k\u1ebf c\u0103n h\u1ed9 kh\u00e1 linh ho\u1ea1t gi\u00fap kh\u00e1ch h\u00e0ng c\u00f3 th\u1ec3 l\u1ef1a ch\u1ecdn \u0111\u01b0\u1ee3c c\u0103n h\u1ed9 ph\u00f9 h\u1ee3p nh\u1ea5t. Chung c\u01b0 Tr\u1ea7n Duy H\u01b0ng s\u1ebd l\u00e0 \u0111i\u1ec3m \u0111\u1ebfn \u0111\u00e1ng m\u01a1 \u01b0\u1edbc, n\u01a1i t\u1eadn h\u01b0\u1edfng cu\u1ed9c s\u1ed1ng m\u1ed9t c\u00e1ch ho\u00e0n h\u1ea3o tr\u1ecdn v\u1eb9n.<\/span><\/li>\n<\/ul>\n","protected":false},"featured_media":72,"comment_status":"open","ping_status":"closed","template":"","meta":[],"product_cat":[15,17,18,19,20],"product_tag":[],"yoast_head":"<!-- This site is optimized with the Yoast SEO plugin v16.7 - https:\/\/yoast.com\/wordpress\/plugins\/seo\/ -->\n<title>Chung c\u01b0 Platium Luxury Center Park Tr\u1ea7n Duy H\u01b0ng - Chuy\u00ean trang b\u1ea5t \u0111\u1ed9ng s\u1ea3n<\/title>\n<meta name=\"robots\" content=\"index, follow, max-snippet:-1, max-image-preview:large, max-video-preview:-1\" \/>\n<link rel=\"canonical\" href=\"https:\/\/giaodienwebsite.tgs.com.vn\/bds49\/du-an\/chung-cu-platium-luxury-center-park-tran-duy-hung\/\" \/>\n<meta property=\"og:locale\" content=\"vi_VN\" \/>\n<meta property=\"og:type\" content=\"article\" \/>\n<meta property=\"og:title\" content=\"Chung c\u01b0 Platium Luxury Center Park Tr\u1ea7n Duy H\u01b0ng - Chuy\u00ean trang b\u1ea5t \u0111\u1ed9ng s\u1ea3n\" \/>\n<meta property=\"og:description\" content=\"Qu\u1eadn huy\u1ec7n:\u00a0Tr\u1ea7n Duy H\u01b0ng  Ki\u1ec3u d\u1ef1 \u00e1n:\u00a0Chung c\u01b0 cao c\u1ea5p  Ch\u1ee7 \u0111\u1ea7u t\u01b0:\u00a0T\u1ed5ng c\u00f4ng ty h\u00e0ng kh\u00f4ng Emirates  Lo\u1ea1i h\u00ecnh \u0111\u1ea7u t\u01b0:\u00a0V\u1edbi l\u1ee3i th\u1ebf s\u1edf h\u1eefu v\u1ecb tr\u00ed &quot; V\u00e0ng &quot; \u0111\u1eafc \u0111\u1ecba c\u00f9ng ti\u1ec7n \u00edch \u0111\u1eb3ng c\u1ea5p v\u00e0 thi\u1ebft k\u1ebf c\u0103n h\u1ed9 kh\u00e1 linh ho\u1ea1t gi\u00fap kh\u00e1ch h\u00e0ng c\u00f3 th\u1ec3 l\u1ef1a ch\u1ecdn \u0111\u01b0\u1ee3c c\u0103n h\u1ed9 ph\u00f9 h\u1ee3p nh\u1ea5t. Chung c\u01b0 Tr\u1ea7n Duy H\u01b0ng s\u1ebd l\u00e0 \u0111i\u1ec3m \u0111\u1ebfn \u0111\u00e1ng m\u01a1 \u01b0\u1edbc, n\u01a1i t\u1eadn h\u01b0\u1edfng cu\u1ed9c s\u1ed1ng m\u1ed9t c\u00e1ch ho\u00e0n h\u1ea3o tr\u1ecdn v\u1eb9n.\" \/>\n<meta property=\"og:url\" content=\"https:\/\/giaodienwebsite.tgs.com.vn\/bds49\/du-an\/chung-cu-platium-luxury-center-park-tran-duy-hung\/\" \/>\n<meta property=\"og:site_name\" content=\"Chuy\u00ean trang b\u1ea5t \u0111\u1ed9ng s\u1ea3n\" \/>\n<meta property=\"article:modified_time\" content=\"2020-08-07T05:47:48+00:00\" \/>\n<meta property=\"og:image\" content=\"https:\/\/giaodienwebsite.tgs.com.vn\/bds49\/wp-content\/uploads\/2020\/07\/img22.jpg\" \/>\n\t<meta property=\"og:image:width\" content=\"765\" \/>\n\t<meta property=\"og:image:height\" content=\"470\" \/>\n<meta name=\"twitter:card\" content=\"summary_large_image\" \/>\n<meta name=\"twitter:label1\" content=\"\u01af\u1edbc t\u00ednh th\u1eddi gian \u0111\u1ecdc\" \/>\n\t<meta name=\"twitter:data1\" content=\"4 ph\u00fat\" \/>\n<script type=\"application\/ld+json\" class=\"yoast-schema-graph\">{\"@context\":\"https:\/\/schema.org\",\"@graph\":[{\"@type\":\"WebSite\",\"@id\":\"https:\/\/giaodienwebsite.tgs.com.vn\/bds49\/#website\",\"url\":\"https:\/\/giaodienwebsite.tgs.com.vn\/bds49\/\",\"name\":\"Chuy\\u00ean trang b\\u1ea5t \\u0111\\u1ed9ng s\\u1ea3n\",\"description\":\"M\\u1ed9t trang web m\\u1edbi s\\u1eed d\\u1ee5ng WordPress\",\"potentialAction\":[{\"@type\":\"SearchAction\",\"target\":{\"@type\":\"EntryPoint\",\"urlTemplate\":\"https:\/\/giaodienwebsite.tgs.com.vn\/bds49\/?s={search_term_string}\"},\"query-input\":\"required name=search_term_string\"}],\"inLanguage\":\"vi\"},{\"@type\":\"ImageObject\",\"@id\":\"https:\/\/giaodienwebsite.tgs.com.vn\/bds49\/du-an\/chung-cu-platium-luxury-center-park-tran-duy-hung\/#primaryimage\",\"inLanguage\":\"vi\",\"url\":\"https:\/\/giaodienwebsite.tgs.com.vn\/bds49\/wp-content\/uploads\/2020\/07\/img22.jpg\",\"contentUrl\":\"https:\/\/giaodienwebsite.tgs.com.vn\/bds49\/wp-content\/uploads\/2020\/07\/img22.jpg\",\"width\":765,\"height\":470},{\"@type\":\"WebPage\",\"@id\":\"https:\/\/giaodienwebsite.tgs.com.vn\/bds49\/du-an\/chung-cu-platium-luxury-center-park-tran-duy-hung\/#webpage\",\"url\":\"https:\/\/giaodienwebsite.tgs.com.vn\/bds49\/du-an\/chung-cu-platium-luxury-center-park-tran-duy-hung\/\",\"name\":\"Chung c\\u01b0 Platium Luxury Center Park Tr\\u1ea7n Duy H\\u01b0ng - Chuy\\u00ean trang b\\u1ea5t \\u0111\\u1ed9ng s\\u1ea3n\",\"isPartOf\":{\"@id\":\"https:\/\/giaodienwebsite.tgs.com.vn\/bds49\/#website\"},\"primaryImageOfPage\":{\"@id\":\"https:\/\/giaodienwebsite.tgs.com.vn\/bds49\/du-an\/chung-cu-platium-luxury-center-park-tran-duy-hung\/#primaryimage\"},\"datePublished\":\"2020-07-28T02:00:33+00:00\",\"dateModified\":\"2020-08-07T05:47:48+00:00\",\"breadcrumb\":{\"@id\":\"https:\/\/giaodienwebsite.tgs.com.vn\/bds49\/du-an\/chung-cu-platium-luxury-center-park-tran-duy-hung\/#breadcrumb\"},\"inLanguage\":\"vi\",\"potentialAction\":[{\"@type\":\"ReadAction\",\"target\":[\"https:\/\/giaodienwebsite.tgs.com.vn\/bds49\/du-an\/chung-cu-platium-luxury-center-park-tran-duy-hung\/\"]}]},{\"@type\":\"BreadcrumbList\",\"@id\":\"https:\/\/giaodienwebsite.tgs.com.vn\/bds49\/du-an\/chung-cu-platium-luxury-center-park-tran-duy-hung\/#breadcrumb\",\"itemListElement\":[{\"@type\":\"ListItem\",\"position\":1,\"name\":\"Trang ch\\u1ee7\",\"item\":\"https:\/\/giaodienwebsite.tgs.com.vn\/bds49\/\"},{\"@type\":\"ListItem\",\"position\":2,\"name\":\"C\\u1eeda h\\u00e0ng\",\"item\":\"https:\/\/giaodienwebsite.tgs.com.vn\/bds49\/mua\/\"},{\"@type\":\"ListItem\",\"position\":3,\"name\":\"Chung c\\u01b0 Platium Luxury Center Park Tr\\u1ea7n Duy H\\u01b0ng\"}]}]}<\/script>\n<!-- \/ Yoast SEO plugin. -->","yoast_head_json":{"title":"Chung c\u01b0 Platium Luxury Center Park Tr\u1ea7n Duy H\u01b0ng - Chuy\u00ean trang b\u1ea5t \u0111\u1ed9ng s\u1ea3n","robots":{"index":"index","follow":"follow","max-snippet":"max-snippet:-1","max-image-preview":"max-image-preview:large","max-video-preview":"max-video-preview:-1"},"canonical":"https:\/\/giaodienwebsite.tgs.com.vn\/bds49\/du-an\/chung-cu-platium-luxury-center-park-tran-duy-hung\/","og_locale":"vi_VN","og_type":"article","og_title":"Chung c\u01b0 Platium Luxury Center Park Tr\u1ea7n Duy H\u01b0ng - Chuy\u00ean trang b\u1ea5t \u0111\u1ed9ng s\u1ea3n","og_description":"Qu\u1eadn huy\u1ec7n:\u00a0Tr\u1ea7n Duy H\u01b0ng  Ki\u1ec3u d\u1ef1 \u00e1n:\u00a0Chung c\u01b0 cao c\u1ea5p  Ch\u1ee7 \u0111\u1ea7u t\u01b0:\u00a0T\u1ed5ng c\u00f4ng ty h\u00e0ng kh\u00f4ng Emirates  Lo\u1ea1i h\u00ecnh \u0111\u1ea7u t\u01b0:\u00a0V\u1edbi l\u1ee3i th\u1ebf s\u1edf h\u1eefu v\u1ecb tr\u00ed \" V\u00e0ng \" \u0111\u1eafc \u0111\u1ecba c\u00f9ng ti\u1ec7n \u00edch \u0111\u1eb3ng c\u1ea5p v\u00e0 thi\u1ebft k\u1ebf c\u0103n h\u1ed9 kh\u00e1 linh ho\u1ea1t gi\u00fap kh\u00e1ch h\u00e0ng c\u00f3 th\u1ec3 l\u1ef1a ch\u1ecdn \u0111\u01b0\u1ee3c c\u0103n h\u1ed9 ph\u00f9 h\u1ee3p nh\u1ea5t. Chung c\u01b0 Tr\u1ea7n Duy H\u01b0ng s\u1ebd l\u00e0 \u0111i\u1ec3m \u0111\u1ebfn \u0111\u00e1ng m\u01a1 \u01b0\u1edbc, n\u01a1i t\u1eadn h\u01b0\u1edfng cu\u1ed9c s\u1ed1ng m\u1ed9t c\u00e1ch ho\u00e0n h\u1ea3o tr\u1ecdn v\u1eb9n.","og_url":"https:\/\/giaodienwebsite.tgs.com.vn\/bds49\/du-an\/chung-cu-platium-luxury-center-park-tran-duy-hung\/","og_site_name":"Chuy\u00ean trang b\u1ea5t \u0111\u1ed9ng s\u1ea3n","article_modified_time":"2020-08-07T05:47:48+00:00","og_image":[{"width":765,"height":470,"url":"https:\/\/giaodienwebsite.tgs.com.vn\/bds49\/wp-content\/uploads\/2020\/07\/img22.jpg","path":"\/var\/www\/vhosts\/tgs.com.vn\/giaodienmau.tgs.com.vn\/bds49\/wp-content\/uploads\/2020\/07\/img22.jpg","size":"full","id":72,"alt":"","pixels":359550,"type":"image\/jpeg"}],"twitter_card":"summary_large_image","twitter_misc":{"\u01af\u1edbc t\u00ednh th\u1eddi gian \u0111\u1ecdc":"4 ph\u00fat"},"schema":{"@context":"https:\/\/schema.org","@graph":[{"@type":"WebSite","@id":"https:\/\/giaodienwebsite.tgs.com.vn\/bds49\/#website","url":"https:\/\/giaodienwebsite.tgs.com.vn\/bds49\/","name":"Chuy\u00ean trang b\u1ea5t \u0111\u1ed9ng s\u1ea3n","description":"M\u1ed9t trang web m\u1edbi s\u1eed d\u1ee5ng WordPress","potentialAction":[{"@type":"SearchAction","target":{"@type":"EntryPoint","urlTemplate":"https:\/\/giaodienwebsite.tgs.com.vn\/bds49\/?s={search_term_string}"},"query-input":"required name=search_term_string"}],"inLanguage":"vi"},{"@type":"ImageObject","@id":"https:\/\/giaodienwebsite.tgs.com.vn\/bds49\/du-an\/chung-cu-platium-luxury-center-park-tran-duy-hung\/#primaryimage","inLanguage":"vi","url":"https:\/\/giaodienwebsite.tgs.com.vn\/bds49\/wp-content\/uploads\/2020\/07\/img22.jpg","contentUrl":"https:\/\/giaodienwebsite.tgs.com.vn\/bds49\/wp-content\/uploads\/2020\/07\/img22.jpg","width":765,"height":470},{"@type":"WebPage","@id":"https:\/\/giaodienwebsite.tgs.com.vn\/bds49\/du-an\/chung-cu-platium-luxury-center-park-tran-duy-hung\/#webpage","url":"https:\/\/giaodienwebsite.tgs.com.vn\/bds49\/du-an\/chung-cu-platium-luxury-center-park-tran-duy-hung\/","name":"Chung c\u01b0 Platium Luxury Center Park Tr\u1ea7n Duy H\u01b0ng - Chuy\u00ean trang b\u1ea5t \u0111\u1ed9ng s\u1ea3n","isPartOf":{"@id":"https:\/\/giaodienwebsite.tgs.com.vn\/bds49\/#website"},"primaryImageOfPage":{"@id":"https:\/\/giaodienwebsite.tgs.com.vn\/bds49\/du-an\/chung-cu-platium-luxury-center-park-tran-duy-hung\/#primaryimage"},"datePublished":"2020-07-28T02:00:33+00:00","dateModified":"2020-08-07T05:47:48+00:00","breadcrumb":{"@id":"https:\/\/giaodienwebsite.tgs.com.vn\/bds49\/du-an\/chung-cu-platium-luxury-center-park-tran-duy-hung\/#breadcrumb"},"inLanguage":"vi","potentialAction":[{"@type":"ReadAction","target":["https:\/\/giaodienwebsite.tgs.com.vn\/bds49\/du-an\/chung-cu-platium-luxury-center-park-tran-duy-hung\/"]}]},{"@type":"BreadcrumbList","@id":"https:\/\/giaodienwebsite.tgs.com.vn\/bds49\/du-an\/chung-cu-platium-luxury-center-park-tran-duy-hung\/#breadcrumb","itemListElement":[{"@type":"ListItem","position":1,"name":"Trang ch\u1ee7","item":"https:\/\/giaodienwebsite.tgs.com.vn\/bds49\/"},{"@type":"ListItem","position":2,"name":"C\u1eeda h\u00e0ng","item":"https:\/\/giaodienwebsite.tgs.com.vn\/bds49\/mua\/"},{"@type":"ListItem","position":3,"name":"Chung c\u01b0 Platium Luxury Center Park Tr\u1ea7n Duy H\u01b0ng"}]}]}},"_links":{"self":[{"href":"https:\/\/giaodienwebsite.tgs.com.vn\/bds49\/wp-json\/wp\/v2\/product\/71"}],"collection":[{"href":"https:\/\/giaodienwebsite.tgs.com.vn\/bds49\/wp-json\/wp\/v2\/product"}],"about":[{"href":"https:\/\/giaodienwebsite.tgs.com.vn\/bds49\/wp-json\/wp\/v2\/types\/product"}],"replies":[{"embeddable":true,"href":"https:\/\/giaodienwebsite.tgs.com.vn\/bds49\/wp-json\/wp\/v2\/comments?post=71"}],"wp:featuredmedia":[{"embeddable":true,"href":"https:\/\/giaodienwebsite.tgs.com.vn\/bds49\/wp-json\/wp\/v2\/media\/72"}],"wp:attachment":[{"href":"https:\/\/giaodienwebsite.tgs.com.vn\/bds49\/wp-json\/wp\/v2\/media?parent=71"}],"wp:term":[{"taxonomy":"product_cat","embeddable":true,"href":"https:\/\/giaodienwebsite.tgs.com.vn\/bds49\/wp-json\/wp\/v2\/product_cat?post=71"},{"taxonomy":"product_tag","embeddable":true,"href":"https:\/\/giaodienwebsite.tgs.com.vn\/bds49\/wp-json\/wp\/v2\/product_tag?post=71"}],"curies":[{"name":"wp","href":"https:\/\/api.w.org\/{rel}","templated":true}]}}