{"id":68,"date":"2020-07-28T01:58:15","date_gmt":"2020-07-28T01:58:15","guid":{"rendered":"https:\/\/giaodienwebsite.tgs.com.vn\/bds49\/?post_type=product&#038;p=68"},"modified":"2020-07-28T02:31:56","modified_gmt":"2020-07-28T02:31:56","slug":"biet-thu-san-vuon-sat-san-bay-noi-bai","status":"publish","type":"product","link":"https:\/\/giaodienwebsite.tgs.com.vn\/bds49\/du-an\/biet-thu-san-vuon-sat-san-bay-noi-bai\/","title":{"rendered":"Bi\u1ec7t th\u1ef1 s\u00e2n v\u01b0\u1eddn s\u00e1t s\u00e2n bay N\u1ed9i B\u00e0i"},"content":{"rendered":"<p>+ Di\u1ec7n t\u00edch s\u00e0n d\u1ef1 \u0111\u1ecbnh thi\u1ebft k\u1ebf l\u00e0 120m2, d\u1ef1 \u0111\u1ecbnh thi\u1ebft k\u1ebf thi c\u00f4ng m\u1eabu nh\u00e0 bi\u1ec7t th\u1ef1 x 3 t\u1ea7ng<\/p>\n<p>+ Phong c\u00e1ch ki\u1ebfn tr\u00fac y\u00eau th\u00edch l\u00e0 ki\u1ebfn tr\u00fac T\u00e2n c\u1ed5 \u0111i\u1ec3n ki\u1ec3u Ph\u00e1p<\/p>\n<p>+ Thi\u1ebft k\u1ebf t\u1ed5ng quan t\u1eeb t\u01b0\u1eddng bao cho \u0111\u1ebfn ngo\u1ea1i th\u1ea5t c\u0169ng nh\u01b0 n\u1ed9i th\u1ea5t c\u1ee7a c\u00f4ng tr\u00ecnh<\/p>\n<p>+ Thi\u1ebft k\u1ebf m\u1eb7t ti\u1ec1n v\u1edbi ph\u1ed1i c\u1ea3nh ki\u1ebfn tr\u00fac sao cho \u1ea5n t\u01b0\u1ee3ng, sang tr\u1ecdng, b\u1ec1 th\u1ebf v\u1edbi s\u1ee9c s\u1ed1ng ki\u00ean c\u1ed1<\/p>\n<p>+ Ban c\u00f4ng t\u1ea7ng th\u01b0\u1ee3ng thi\u1ebft k\u1ebf tho\u00e1ng, thi\u1ebft k\u1ebf nhi\u1ec1u h\u1ec7 th\u1ed1ng c\u1eeda s\u1ed5 v\u1edbi k\u00edch th\u01b0\u1edbc chu\u1ea9n L\u1ed7 Ban \u0111\u1ec3 \u0111\u1ea3m b\u1ea3o s\u1ef1 l\u01b0u th\u00f4ng h\u00e0i h\u00f2a cho kh\u00f4ng gian t\u1ed5ng th\u1ec3<\/p>\n<p>+ M\u00e1i thi\u1ebft k\u1ebf kh\u1ed1i h\u00ecnh thang, thi\u1ebft k\u1ebf k\u1ebft h\u1ee3p c\u1eeda s\u1ed5 trang tr\u00ed, kh\u00f4ng s\u1eed d\u1ee5ng kh\u1ed1i m\u00e1i c\u1ea7u<\/p>\n<p>+ S\u1eed d\u1ee5ng \u0111\u00e1 t\u1ef1 nhi\u00ean trong trang tr\u00ed ngo\u1ea1i th\u1ea5t v\u00e0 n\u1ed9i th\u1ea5t, \u0111\u1ea3m b\u1ea3o s\u1ef1 sang tr\u1ecdng, tinh t\u1ebf cho kh\u00f4ng gian chung<\/p>\n<p>Ch\u00e2n c\u1ed9t thi\u1ebft k\u1ebf tr\u01b0\u1edbc m\u1eb7t ti\u1ec1n \u0111\u01b0\u1ee3c trang tr\u00ed c\u1ea9n th\u1eadn v\u1edbi ph\u1ea7n ch\u00e2n v\u00e0 \u0111\u1ea7u c\u1ed9t, ph\u00e0o \u1ed1p v\u00e0 hoa v\u0103n trang tr\u00ed c\u00f9ng v\u1edbi kho\u1ea3ng m\u1eb7t ti\u1ec1n v\u00e0 b\u1eadc tam c\u1ea5p ph\u00eda tr\u01b0\u1edbc, t\u1ea1o n\u00ean m\u1ed9t m\u00f4 h\u00ecnh bi\u1ec7t th\u1ef1 cao v\u00e0 tho\u00e1ng, c\u00f3 th\u1ec3 \u0111\u00f3n nh\u1eadn \u0111\u01b0\u1ee3c nhi\u1ec1u d\u00f2ng sinh kh\u00ed.<\/p>\n<p>T\u1eeb ch\u00e2n t\u01b0\u1eddng cho \u0111\u1ebfn ch\u00e2n m\u00f3ng, b\u1eadc tam c\u1ea5p, hi\u00ean ch\u00ednh v\u00e0 c\u1ea7u thang \u0111\u1ec1u \u0111\u01b0\u1ee3c \u1ed1p \u0111\u00e1 t\u1ef1 nhi\u00ean t\u1ed1i m\u00e0u, t\u1ea7ng th\u01b0\u1ee3ng tho\u00e1ng v\u00e0 kh\u1ed1i m\u00e1i h\u00ecnh thanh xu\u1ea5t hi\u1ec7n \u00f4 c\u1eeda s\u1ed5 trang tr\u00ed, c\u00e2n b\u1eb1ng nh\u1eefng \u0111\u01b0\u1eddng n\u00e9t kh\u1ecfe kho\u1eafn b\u1eb1ng nh\u1eefng \u0111\u01b0\u1eddng n\u00e9t m\u1ec1m m\u1ea1i v\u00e0 uy\u1ec3n chuy\u1ec3n.<\/p>\n<p>T\u1eeb s\u1ea3nh ch\u00ednh b\u01b0\u1edbc v\u00e0o trong l\u00e0 ph\u00f2ng kh\u00e1ch, c\u1ea7u thang th\u00f4ng t\u1ea7ng r\u1ed9ng v\u00e0 cao \u0111\u01b0\u1ee3c b\u1ed1 tr\u00ed ngay c\u1ea1nh, v\u1eeba ng\u0103n c\u00e1ch kh\u00f4ng gian, v\u1eeba thu\u1eadn ti\u1ec7n cho vi\u1ec7c di chuy\u1ec3n t\u1eeb kh\u00f4ng gian trung t\u00e2m \u0111i c\u00e1c kh\u00f4ng gian kh\u00e1c. Thi\u1ebft k\u1ebf t\u1eeb s\u1ea3nh ph\u1ee5 ch\u1ea1y v\u00e0o trong l\u00e0 ph\u00f2ng b\u1ebfp v\u00e0 b\u00e0n \u0103n, thi\u1ebft k\u1ebf tho\u00e1ng v\u00e0 r\u1ed9ng n\u00ean r\u1ea5t thu\u1eadn ti\u1ec7n cho vi\u1ec7c s\u1eed d\u1ee5ng. Nh\u00e0 v\u1ec7 sinh chung \u0111\u01b0\u1ee3c t\u1eadn d\u1ee5ng thi\u1ebft k\u1ebf d\u01b0\u1edbi ch\u00e2n c\u1ea7u thang. 1 ph\u00f2ng ng\u1ee7 nh\u1ecf \u0111\u01b0\u1ee3c b\u1ed1 tr\u00ed \u1edf g\u00f3c trong c\u00f9ng c\u1ee7a c\u00f4ng tr\u00ecnh cho ng\u01b0\u1eddi gi\u00fap vi\u1ec7c, \u0111\u1ea3m b\u1ea3o kh\u00f4ng gian sinh ho\u1ea1t t\u00e1ch bi\u1ec7t ho\u00e0n to\u00e0n v\u1edbi gia \u0111\u00ecnh.<\/p>\n","protected":false},"excerpt":{"rendered":"<ul class=\"ulgroup w-100 clearfix\">\n<li class=\"first_status\">Qu\u1eadn huy\u1ec7n:\u00a0<span class=\"status_name\">N\u1ed9i B\u00e0i<\/span><\/li>\n<li class=\"first_status\">Ki\u1ec3u d\u1ef1 \u00e1n:\u00a0<span class=\"status_name\">Bi\u1ec7t Th\u1ef1<\/span><\/li>\n<li class=\"first_status\">Ch\u1ee7 \u0111\u1ea7u t\u01b0:\u00a0<span class=\"status_name\">T\u1eadp \u0111o\u00e0n t\u00e0i ch\u00ednh Ocean<\/span><\/li>\n<li class=\"first_status\">Lo\u1ea1i h\u00ecnh \u0111\u1ea7u t\u01b0:\u00a0<span class=\"status_name\">Bi\u1ec7t th\u1ef1 t\u00e2n c\u1ed5 \u0111i\u1ec3n ki\u1ec3u Ph\u00e1p v\u1edbi ph\u1ed1i c\u1ea3nh ki\u1ebfn tr\u00fac sang tr\u1ecdng v\u00e0 tinh t\u1ebf, \u0111\u1ee7 \u0111\u1ec3 l\u00e0m \u0111\u1eafm say nhi\u1ec1u kh\u00e1ch h\u00e0ng. V\u1edbi kinh nghi\u1ec7m thi\u1ebft k\u1ebf v\u00e0 thi c\u00f4ng h\u00e0ng tr\u0103m m\u1eabu nh\u00e0, ki\u1ebfn tr\u00fac s\u01b0 Wedo t\u1ef1 tin l\u00e0 m\u1ed9t trong nh\u1eefng \u0111\u01a1n v\u1ecb thi\u1ebft k\u1ebf v\u00e0 thi c\u00f4ng bi\u1ec7t th\u1ef1 chuy\u00ean nghi\u1ec7p h\u00e0ng \u0111\u1ea7u hi\u1ec7n nay.<\/span><\/li>\n<\/ul>\n","protected":false},"featured_media":69,"comment_status":"open","ping_status":"closed","template":"","meta":[],"product_cat":[15,17,18,19,20],"product_tag":[],"yoast_head":"<!-- This site is optimized with the Yoast SEO plugin v16.7 - https:\/\/yoast.com\/wordpress\/plugins\/seo\/ -->\n<title>Bi\u1ec7t th\u1ef1 s\u00e2n v\u01b0\u1eddn s\u00e1t s\u00e2n bay N\u1ed9i B\u00e0i - Chuy\u00ean trang b\u1ea5t \u0111\u1ed9ng s\u1ea3n<\/title>\n<meta name=\"robots\" content=\"index, follow, max-snippet:-1, max-image-preview:large, max-video-preview:-1\" \/>\n<link rel=\"canonical\" href=\"https:\/\/giaodienwebsite.tgs.com.vn\/bds49\/du-an\/biet-thu-san-vuon-sat-san-bay-noi-bai\/\" \/>\n<meta property=\"og:locale\" content=\"vi_VN\" \/>\n<meta property=\"og:type\" content=\"article\" \/>\n<meta property=\"og:title\" content=\"Bi\u1ec7t th\u1ef1 s\u00e2n v\u01b0\u1eddn s\u00e1t s\u00e2n bay N\u1ed9i B\u00e0i - Chuy\u00ean trang b\u1ea5t \u0111\u1ed9ng s\u1ea3n\" \/>\n<meta property=\"og:description\" content=\"Qu\u1eadn huy\u1ec7n:\u00a0N\u1ed9i B\u00e0i  Ki\u1ec3u d\u1ef1 \u00e1n:\u00a0Bi\u1ec7t Th\u1ef1  Ch\u1ee7 \u0111\u1ea7u t\u01b0:\u00a0T\u1eadp \u0111o\u00e0n t\u00e0i ch\u00ednh Ocean  Lo\u1ea1i h\u00ecnh \u0111\u1ea7u t\u01b0:\u00a0Bi\u1ec7t th\u1ef1 t\u00e2n c\u1ed5 \u0111i\u1ec3n ki\u1ec3u Ph\u00e1p v\u1edbi ph\u1ed1i c\u1ea3nh ki\u1ebfn tr\u00fac sang tr\u1ecdng v\u00e0 tinh t\u1ebf, \u0111\u1ee7 \u0111\u1ec3 l\u00e0m \u0111\u1eafm say nhi\u1ec1u kh\u00e1ch h\u00e0ng. V\u1edbi kinh nghi\u1ec7m thi\u1ebft k\u1ebf v\u00e0 thi c\u00f4ng h\u00e0ng tr\u0103m m\u1eabu nh\u00e0, ki\u1ebfn tr\u00fac s\u01b0 Wedo t\u1ef1 tin l\u00e0 m\u1ed9t trong nh\u1eefng \u0111\u01a1n v\u1ecb thi\u1ebft k\u1ebf v\u00e0 thi c\u00f4ng bi\u1ec7t th\u1ef1 chuy\u00ean nghi\u1ec7p h\u00e0ng \u0111\u1ea7u hi\u1ec7n nay.\" \/>\n<meta property=\"og:url\" content=\"https:\/\/giaodienwebsite.tgs.com.vn\/bds49\/du-an\/biet-thu-san-vuon-sat-san-bay-noi-bai\/\" \/>\n<meta property=\"og:site_name\" content=\"Chuy\u00ean trang b\u1ea5t \u0111\u1ed9ng s\u1ea3n\" \/>\n<meta property=\"article:modified_time\" content=\"2020-07-28T02:31:56+00:00\" \/>\n<meta property=\"og:image\" content=\"https:\/\/giaodienwebsite.tgs.com.vn\/bds49\/wp-content\/uploads\/2020\/07\/img20.jpg\" \/>\n\t<meta property=\"og:image:width\" content=\"765\" \/>\n\t<meta property=\"og:image:height\" content=\"470\" \/>\n<meta name=\"twitter:card\" content=\"summary_large_image\" \/>\n<meta name=\"twitter:label1\" content=\"\u01af\u1edbc t\u00ednh th\u1eddi gian \u0111\u1ecdc\" \/>\n\t<meta name=\"twitter:data1\" content=\"3 ph\u00fat\" \/>\n<script type=\"application\/ld+json\" class=\"yoast-schema-graph\">{\"@context\":\"https:\/\/schema.org\",\"@graph\":[{\"@type\":\"WebSite\",\"@id\":\"https:\/\/giaodienwebsite.tgs.com.vn\/bds49\/#website\",\"url\":\"https:\/\/giaodienwebsite.tgs.com.vn\/bds49\/\",\"name\":\"Chuy\\u00ean trang b\\u1ea5t \\u0111\\u1ed9ng s\\u1ea3n\",\"description\":\"M\\u1ed9t trang web m\\u1edbi s\\u1eed d\\u1ee5ng WordPress\",\"potentialAction\":[{\"@type\":\"SearchAction\",\"target\":{\"@type\":\"EntryPoint\",\"urlTemplate\":\"https:\/\/giaodienwebsite.tgs.com.vn\/bds49\/?s={search_term_string}\"},\"query-input\":\"required name=search_term_string\"}],\"inLanguage\":\"vi\"},{\"@type\":\"ImageObject\",\"@id\":\"https:\/\/giaodienwebsite.tgs.com.vn\/bds49\/du-an\/biet-thu-san-vuon-sat-san-bay-noi-bai\/#primaryimage\",\"inLanguage\":\"vi\",\"url\":\"https:\/\/giaodienwebsite.tgs.com.vn\/bds49\/wp-content\/uploads\/2020\/07\/img20.jpg\",\"contentUrl\":\"https:\/\/giaodienwebsite.tgs.com.vn\/bds49\/wp-content\/uploads\/2020\/07\/img20.jpg\",\"width\":765,\"height\":470},{\"@type\":\"WebPage\",\"@id\":\"https:\/\/giaodienwebsite.tgs.com.vn\/bds49\/du-an\/biet-thu-san-vuon-sat-san-bay-noi-bai\/#webpage\",\"url\":\"https:\/\/giaodienwebsite.tgs.com.vn\/bds49\/du-an\/biet-thu-san-vuon-sat-san-bay-noi-bai\/\",\"name\":\"Bi\\u1ec7t th\\u1ef1 s\\u00e2n v\\u01b0\\u1eddn s\\u00e1t s\\u00e2n bay N\\u1ed9i B\\u00e0i - Chuy\\u00ean trang b\\u1ea5t \\u0111\\u1ed9ng s\\u1ea3n\",\"isPartOf\":{\"@id\":\"https:\/\/giaodienwebsite.tgs.com.vn\/bds49\/#website\"},\"primaryImageOfPage\":{\"@id\":\"https:\/\/giaodienwebsite.tgs.com.vn\/bds49\/du-an\/biet-thu-san-vuon-sat-san-bay-noi-bai\/#primaryimage\"},\"datePublished\":\"2020-07-28T01:58:15+00:00\",\"dateModified\":\"2020-07-28T02:31:56+00:00\",\"breadcrumb\":{\"@id\":\"https:\/\/giaodienwebsite.tgs.com.vn\/bds49\/du-an\/biet-thu-san-vuon-sat-san-bay-noi-bai\/#breadcrumb\"},\"inLanguage\":\"vi\",\"potentialAction\":[{\"@type\":\"ReadAction\",\"target\":[\"https:\/\/giaodienwebsite.tgs.com.vn\/bds49\/du-an\/biet-thu-san-vuon-sat-san-bay-noi-bai\/\"]}]},{\"@type\":\"BreadcrumbList\",\"@id\":\"https:\/\/giaodienwebsite.tgs.com.vn\/bds49\/du-an\/biet-thu-san-vuon-sat-san-bay-noi-bai\/#breadcrumb\",\"itemListElement\":[{\"@type\":\"ListItem\",\"position\":1,\"name\":\"Trang ch\\u1ee7\",\"item\":\"https:\/\/giaodienwebsite.tgs.com.vn\/bds49\/\"},{\"@type\":\"ListItem\",\"position\":2,\"name\":\"C\\u1eeda h\\u00e0ng\",\"item\":\"https:\/\/giaodienwebsite.tgs.com.vn\/bds49\/mua\/\"},{\"@type\":\"ListItem\",\"position\":3,\"name\":\"Bi\\u1ec7t th\\u1ef1 s\\u00e2n v\\u01b0\\u1eddn s\\u00e1t s\\u00e2n bay N\\u1ed9i B\\u00e0i\"}]}]}<\/script>\n<!-- \/ Yoast SEO plugin. -->","yoast_head_json":{"title":"Bi\u1ec7t th\u1ef1 s\u00e2n v\u01b0\u1eddn s\u00e1t s\u00e2n bay N\u1ed9i B\u00e0i - Chuy\u00ean trang b\u1ea5t \u0111\u1ed9ng s\u1ea3n","robots":{"index":"index","follow":"follow","max-snippet":"max-snippet:-1","max-image-preview":"max-image-preview:large","max-video-preview":"max-video-preview:-1"},"canonical":"https:\/\/giaodienwebsite.tgs.com.vn\/bds49\/du-an\/biet-thu-san-vuon-sat-san-bay-noi-bai\/","og_locale":"vi_VN","og_type":"article","og_title":"Bi\u1ec7t th\u1ef1 s\u00e2n v\u01b0\u1eddn s\u00e1t s\u00e2n bay N\u1ed9i B\u00e0i - Chuy\u00ean trang b\u1ea5t \u0111\u1ed9ng s\u1ea3n","og_description":"Qu\u1eadn huy\u1ec7n:\u00a0N\u1ed9i B\u00e0i  Ki\u1ec3u d\u1ef1 \u00e1n:\u00a0Bi\u1ec7t Th\u1ef1  Ch\u1ee7 \u0111\u1ea7u t\u01b0:\u00a0T\u1eadp \u0111o\u00e0n t\u00e0i ch\u00ednh Ocean  Lo\u1ea1i h\u00ecnh \u0111\u1ea7u t\u01b0:\u00a0Bi\u1ec7t th\u1ef1 t\u00e2n c\u1ed5 \u0111i\u1ec3n ki\u1ec3u Ph\u00e1p v\u1edbi ph\u1ed1i c\u1ea3nh ki\u1ebfn tr\u00fac sang tr\u1ecdng v\u00e0 tinh t\u1ebf, \u0111\u1ee7 \u0111\u1ec3 l\u00e0m \u0111\u1eafm say nhi\u1ec1u kh\u00e1ch h\u00e0ng. V\u1edbi kinh nghi\u1ec7m thi\u1ebft k\u1ebf v\u00e0 thi c\u00f4ng h\u00e0ng tr\u0103m m\u1eabu nh\u00e0, ki\u1ebfn tr\u00fac s\u01b0 Wedo t\u1ef1 tin l\u00e0 m\u1ed9t trong nh\u1eefng \u0111\u01a1n v\u1ecb thi\u1ebft k\u1ebf v\u00e0 thi c\u00f4ng bi\u1ec7t th\u1ef1 chuy\u00ean nghi\u1ec7p h\u00e0ng \u0111\u1ea7u hi\u1ec7n nay.","og_url":"https:\/\/giaodienwebsite.tgs.com.vn\/bds49\/du-an\/biet-thu-san-vuon-sat-san-bay-noi-bai\/","og_site_name":"Chuy\u00ean trang b\u1ea5t \u0111\u1ed9ng s\u1ea3n","article_modified_time":"2020-07-28T02:31:56+00:00","og_image":[{"width":765,"height":470,"url":"https:\/\/giaodienwebsite.tgs.com.vn\/bds49\/wp-content\/uploads\/2020\/07\/img20.jpg","path":"\/var\/www\/vhosts\/tgs.com.vn\/giaodienmau.tgs.com.vn\/bds49\/wp-content\/uploads\/2020\/07\/img20.jpg","size":"full","id":69,"alt":"","pixels":359550,"type":"image\/jpeg"}],"twitter_card":"summary_large_image","twitter_misc":{"\u01af\u1edbc t\u00ednh th\u1eddi gian \u0111\u1ecdc":"3 ph\u00fat"},"schema":{"@context":"https:\/\/schema.org","@graph":[{"@type":"WebSite","@id":"https:\/\/giaodienwebsite.tgs.com.vn\/bds49\/#website","url":"https:\/\/giaodienwebsite.tgs.com.vn\/bds49\/","name":"Chuy\u00ean trang b\u1ea5t \u0111\u1ed9ng s\u1ea3n","description":"M\u1ed9t trang web m\u1edbi s\u1eed d\u1ee5ng WordPress","potentialAction":[{"@type":"SearchAction","target":{"@type":"EntryPoint","urlTemplate":"https:\/\/giaodienwebsite.tgs.com.vn\/bds49\/?s={search_term_string}"},"query-input":"required name=search_term_string"}],"inLanguage":"vi"},{"@type":"ImageObject","@id":"https:\/\/giaodienwebsite.tgs.com.vn\/bds49\/du-an\/biet-thu-san-vuon-sat-san-bay-noi-bai\/#primaryimage","inLanguage":"vi","url":"https:\/\/giaodienwebsite.tgs.com.vn\/bds49\/wp-content\/uploads\/2020\/07\/img20.jpg","contentUrl":"https:\/\/giaodienwebsite.tgs.com.vn\/bds49\/wp-content\/uploads\/2020\/07\/img20.jpg","width":765,"height":470},{"@type":"WebPage","@id":"https:\/\/giaodienwebsite.tgs.com.vn\/bds49\/du-an\/biet-thu-san-vuon-sat-san-bay-noi-bai\/#webpage","url":"https:\/\/giaodienwebsite.tgs.com.vn\/bds49\/du-an\/biet-thu-san-vuon-sat-san-bay-noi-bai\/","name":"Bi\u1ec7t th\u1ef1 s\u00e2n v\u01b0\u1eddn s\u00e1t s\u00e2n bay N\u1ed9i B\u00e0i - Chuy\u00ean trang b\u1ea5t \u0111\u1ed9ng s\u1ea3n","isPartOf":{"@id":"https:\/\/giaodienwebsite.tgs.com.vn\/bds49\/#website"},"primaryImageOfPage":{"@id":"https:\/\/giaodienwebsite.tgs.com.vn\/bds49\/du-an\/biet-thu-san-vuon-sat-san-bay-noi-bai\/#primaryimage"},"datePublished":"2020-07-28T01:58:15+00:00","dateModified":"2020-07-28T02:31:56+00:00","breadcrumb":{"@id":"https:\/\/giaodienwebsite.tgs.com.vn\/bds49\/du-an\/biet-thu-san-vuon-sat-san-bay-noi-bai\/#breadcrumb"},"inLanguage":"vi","potentialAction":[{"@type":"ReadAction","target":["https:\/\/giaodienwebsite.tgs.com.vn\/bds49\/du-an\/biet-thu-san-vuon-sat-san-bay-noi-bai\/"]}]},{"@type":"BreadcrumbList","@id":"https:\/\/giaodienwebsite.tgs.com.vn\/bds49\/du-an\/biet-thu-san-vuon-sat-san-bay-noi-bai\/#breadcrumb","itemListElement":[{"@type":"ListItem","position":1,"name":"Trang ch\u1ee7","item":"https:\/\/giaodienwebsite.tgs.com.vn\/bds49\/"},{"@type":"ListItem","position":2,"name":"C\u1eeda h\u00e0ng","item":"https:\/\/giaodienwebsite.tgs.com.vn\/bds49\/mua\/"},{"@type":"ListItem","position":3,"name":"Bi\u1ec7t th\u1ef1 s\u00e2n v\u01b0\u1eddn s\u00e1t s\u00e2n bay N\u1ed9i B\u00e0i"}]}]}},"_links":{"self":[{"href":"https:\/\/giaodienwebsite.tgs.com.vn\/bds49\/wp-json\/wp\/v2\/product\/68"}],"collection":[{"href":"https:\/\/giaodienwebsite.tgs.com.vn\/bds49\/wp-json\/wp\/v2\/product"}],"about":[{"href":"https:\/\/giaodienwebsite.tgs.com.vn\/bds49\/wp-json\/wp\/v2\/types\/product"}],"replies":[{"embeddable":true,"href":"https:\/\/giaodienwebsite.tgs.com.vn\/bds49\/wp-json\/wp\/v2\/comments?post=68"}],"wp:featuredmedia":[{"embeddable":true,"href":"https:\/\/giaodienwebsite.tgs.com.vn\/bds49\/wp-json\/wp\/v2\/media\/69"}],"wp:attachment":[{"href":"https:\/\/giaodienwebsite.tgs.com.vn\/bds49\/wp-json\/wp\/v2\/media?parent=68"}],"wp:term":[{"taxonomy":"product_cat","embeddable":true,"href":"https:\/\/giaodienwebsite.tgs.com.vn\/bds49\/wp-json\/wp\/v2\/product_cat?post=68"},{"taxonomy":"product_tag","embeddable":true,"href":"https:\/\/giaodienwebsite.tgs.com.vn\/bds49\/wp-json\/wp\/v2\/product_tag?post=68"}],"curies":[{"name":"wp","href":"https:\/\/api.w.org\/{rel}","templated":true}]}}