{"id":55,"date":"2020-07-28T01:42:14","date_gmt":"2020-07-28T01:42:14","guid":{"rendered":"https:\/\/giaodienwebsite.tgs.com.vn\/bds49\/?post_type=product&#038;p=55"},"modified":"2020-07-30T16:14:12","modified_gmt":"2020-07-30T16:14:12","slug":"can-ho-the-art","status":"publish","type":"product","link":"https:\/\/giaodienwebsite.tgs.com.vn\/bds49\/du-an\/can-ho-the-art\/","title":{"rendered":"C\u0103n h\u1ed9 The Art"},"content":{"rendered":"","protected":false},"excerpt":{"rendered":"<ul class=\"ulgroup w-100 clearfix\">\n<li class=\"first_status\">Qu\u1eadn huy\u1ec7n: Qu\u1eadn 1, TPHCM<\/li>\n<li class=\"first_status\">Ki\u1ec3u d\u1ef1 \u00e1n:\u00a0<span class=\"status_name\">C\u0103n h\u1ed9<\/span><\/li>\n<li class=\"first_status\">Ch\u1ee7 \u0111\u1ea7u t\u01b0:\u00a0<span class=\"status_name\">C\u00f4ng Ty TNHH X\u00e2y D\u1ef1ng \u2013 Kinh Doanh Nh\u00e0 Gia H\u00f2a<\/span><\/li>\n<li class=\"first_status\">Lo\u1ea1i h\u00ecnh \u0111\u1ea7u t\u01b0:\u00a0<span class=\"status_name\">D\u1ef1 \u00e1n c\u0103n h\u1ed9 The Art d\u00e0nh cho Tr\u00ed Th\u1ee9c Tr\u1ebb c\u00f3 di\u1ec7n t\u00edch khu\u00f4n vi\u00ean r\u1ed9ng h\u01a1n 30.000 m2 v\u1edbi 10 kh\u1ed1i th\u00e1p c\u0103n h\u1ed9 cao 18 t\u1ea7ng v\u00e0 m\u1ed9t trung t\u00e2m th\u01b0\u01a1ng m\u1ea1i trong t\u1ed5ng th\u1ec3 4 Block mang t\u00ean c\u00e1c ngh\u1ec7 s\u0129 n\u1ed5i ti\u1ebfng th\u1ebf gi\u1edbi.<\/span><\/li>\n<\/ul>\n","protected":false},"featured_media":56,"comment_status":"open","ping_status":"closed","template":"","meta":[],"product_cat":[15,17,18,19,20],"product_tag":[],"yoast_head":"<!-- This site is optimized with the Yoast SEO plugin v16.7 - https:\/\/yoast.com\/wordpress\/plugins\/seo\/ -->\n<title>C\u0103n h\u1ed9 The Art - Chuy\u00ean trang b\u1ea5t \u0111\u1ed9ng s\u1ea3n<\/title>\n<meta name=\"robots\" content=\"index, follow, max-snippet:-1, max-image-preview:large, max-video-preview:-1\" \/>\n<link rel=\"canonical\" href=\"https:\/\/giaodienwebsite.tgs.com.vn\/bds49\/du-an\/can-ho-the-art\/\" \/>\n<meta property=\"og:locale\" content=\"vi_VN\" \/>\n<meta property=\"og:type\" content=\"article\" \/>\n<meta property=\"og:title\" content=\"C\u0103n h\u1ed9 The Art - Chuy\u00ean trang b\u1ea5t \u0111\u1ed9ng s\u1ea3n\" \/>\n<meta property=\"og:description\" content=\"Qu\u1eadn huy\u1ec7n: Qu\u1eadn 1, TPHCM  Ki\u1ec3u d\u1ef1 \u00e1n:\u00a0C\u0103n h\u1ed9  Ch\u1ee7 \u0111\u1ea7u t\u01b0:\u00a0C\u00f4ng Ty TNHH X\u00e2y D\u1ef1ng \u2013 Kinh Doanh Nh\u00e0 Gia H\u00f2a  Lo\u1ea1i h\u00ecnh \u0111\u1ea7u t\u01b0:\u00a0D\u1ef1 \u00e1n c\u0103n h\u1ed9 The Art d\u00e0nh cho Tr\u00ed Th\u1ee9c Tr\u1ebb c\u00f3 di\u1ec7n t\u00edch khu\u00f4n vi\u00ean r\u1ed9ng h\u01a1n 30.000 m2 v\u1edbi 10 kh\u1ed1i th\u00e1p c\u0103n h\u1ed9 cao 18 t\u1ea7ng v\u00e0 m\u1ed9t trung t\u00e2m th\u01b0\u01a1ng m\u1ea1i trong t\u1ed5ng th\u1ec3 4 Block mang t\u00ean c\u00e1c ngh\u1ec7 s\u0129 n\u1ed5i ti\u1ebfng th\u1ebf gi\u1edbi.\" \/>\n<meta property=\"og:url\" content=\"https:\/\/giaodienwebsite.tgs.com.vn\/bds49\/du-an\/can-ho-the-art\/\" \/>\n<meta property=\"og:site_name\" content=\"Chuy\u00ean trang b\u1ea5t \u0111\u1ed9ng s\u1ea3n\" \/>\n<meta property=\"article:modified_time\" content=\"2020-07-30T16:14:12+00:00\" \/>\n<meta property=\"og:image\" content=\"https:\/\/giaodienwebsite.tgs.com.vn\/bds49\/wp-content\/uploads\/2020\/07\/img11.jpg\" \/>\n\t<meta property=\"og:image:width\" content=\"765\" \/>\n\t<meta property=\"og:image:height\" content=\"470\" \/>\n<meta name=\"twitter:card\" content=\"summary_large_image\" \/>\n<script type=\"application\/ld+json\" class=\"yoast-schema-graph\">{\"@context\":\"https:\/\/schema.org\",\"@graph\":[{\"@type\":\"WebSite\",\"@id\":\"https:\/\/giaodienwebsite.tgs.com.vn\/bds49\/#website\",\"url\":\"https:\/\/giaodienwebsite.tgs.com.vn\/bds49\/\",\"name\":\"Chuy\\u00ean trang b\\u1ea5t \\u0111\\u1ed9ng s\\u1ea3n\",\"description\":\"M\\u1ed9t trang web m\\u1edbi s\\u1eed d\\u1ee5ng WordPress\",\"potentialAction\":[{\"@type\":\"SearchAction\",\"target\":{\"@type\":\"EntryPoint\",\"urlTemplate\":\"https:\/\/giaodienwebsite.tgs.com.vn\/bds49\/?s={search_term_string}\"},\"query-input\":\"required name=search_term_string\"}],\"inLanguage\":\"vi\"},{\"@type\":\"ImageObject\",\"@id\":\"https:\/\/giaodienwebsite.tgs.com.vn\/bds49\/du-an\/can-ho-the-art\/#primaryimage\",\"inLanguage\":\"vi\",\"url\":\"https:\/\/giaodienwebsite.tgs.com.vn\/bds49\/wp-content\/uploads\/2020\/07\/img11.jpg\",\"contentUrl\":\"https:\/\/giaodienwebsite.tgs.com.vn\/bds49\/wp-content\/uploads\/2020\/07\/img11.jpg\",\"width\":765,\"height\":470},{\"@type\":\"WebPage\",\"@id\":\"https:\/\/giaodienwebsite.tgs.com.vn\/bds49\/du-an\/can-ho-the-art\/#webpage\",\"url\":\"https:\/\/giaodienwebsite.tgs.com.vn\/bds49\/du-an\/can-ho-the-art\/\",\"name\":\"C\\u0103n h\\u1ed9 The Art - Chuy\\u00ean trang b\\u1ea5t \\u0111\\u1ed9ng s\\u1ea3n\",\"isPartOf\":{\"@id\":\"https:\/\/giaodienwebsite.tgs.com.vn\/bds49\/#website\"},\"primaryImageOfPage\":{\"@id\":\"https:\/\/giaodienwebsite.tgs.com.vn\/bds49\/du-an\/can-ho-the-art\/#primaryimage\"},\"datePublished\":\"2020-07-28T01:42:14+00:00\",\"dateModified\":\"2020-07-30T16:14:12+00:00\",\"breadcrumb\":{\"@id\":\"https:\/\/giaodienwebsite.tgs.com.vn\/bds49\/du-an\/can-ho-the-art\/#breadcrumb\"},\"inLanguage\":\"vi\",\"potentialAction\":[{\"@type\":\"ReadAction\",\"target\":[\"https:\/\/giaodienwebsite.tgs.com.vn\/bds49\/du-an\/can-ho-the-art\/\"]}]},{\"@type\":\"BreadcrumbList\",\"@id\":\"https:\/\/giaodienwebsite.tgs.com.vn\/bds49\/du-an\/can-ho-the-art\/#breadcrumb\",\"itemListElement\":[{\"@type\":\"ListItem\",\"position\":1,\"name\":\"Trang ch\\u1ee7\",\"item\":\"https:\/\/giaodienwebsite.tgs.com.vn\/bds49\/\"},{\"@type\":\"ListItem\",\"position\":2,\"name\":\"C\\u1eeda h\\u00e0ng\",\"item\":\"https:\/\/giaodienwebsite.tgs.com.vn\/bds49\/mua\/\"},{\"@type\":\"ListItem\",\"position\":3,\"name\":\"C\\u0103n h\\u1ed9 The Art\"}]}]}<\/script>\n<!-- \/ Yoast SEO plugin. -->","yoast_head_json":{"title":"C\u0103n h\u1ed9 The Art - Chuy\u00ean trang b\u1ea5t \u0111\u1ed9ng s\u1ea3n","robots":{"index":"index","follow":"follow","max-snippet":"max-snippet:-1","max-image-preview":"max-image-preview:large","max-video-preview":"max-video-preview:-1"},"canonical":"https:\/\/giaodienwebsite.tgs.com.vn\/bds49\/du-an\/can-ho-the-art\/","og_locale":"vi_VN","og_type":"article","og_title":"C\u0103n h\u1ed9 The Art - Chuy\u00ean trang b\u1ea5t \u0111\u1ed9ng s\u1ea3n","og_description":"Qu\u1eadn huy\u1ec7n: Qu\u1eadn 1, TPHCM  Ki\u1ec3u d\u1ef1 \u00e1n:\u00a0C\u0103n h\u1ed9  Ch\u1ee7 \u0111\u1ea7u t\u01b0:\u00a0C\u00f4ng Ty TNHH X\u00e2y D\u1ef1ng \u2013 Kinh Doanh Nh\u00e0 Gia H\u00f2a  Lo\u1ea1i h\u00ecnh \u0111\u1ea7u t\u01b0:\u00a0D\u1ef1 \u00e1n c\u0103n h\u1ed9 The Art d\u00e0nh cho Tr\u00ed Th\u1ee9c Tr\u1ebb c\u00f3 di\u1ec7n t\u00edch khu\u00f4n vi\u00ean r\u1ed9ng h\u01a1n 30.000 m2 v\u1edbi 10 kh\u1ed1i th\u00e1p c\u0103n h\u1ed9 cao 18 t\u1ea7ng v\u00e0 m\u1ed9t trung t\u00e2m th\u01b0\u01a1ng m\u1ea1i trong t\u1ed5ng th\u1ec3 4 Block mang t\u00ean c\u00e1c ngh\u1ec7 s\u0129 n\u1ed5i ti\u1ebfng th\u1ebf gi\u1edbi.","og_url":"https:\/\/giaodienwebsite.tgs.com.vn\/bds49\/du-an\/can-ho-the-art\/","og_site_name":"Chuy\u00ean trang b\u1ea5t \u0111\u1ed9ng s\u1ea3n","article_modified_time":"2020-07-30T16:14:12+00:00","og_image":[{"width":765,"height":470,"url":"https:\/\/giaodienwebsite.tgs.com.vn\/bds49\/wp-content\/uploads\/2020\/07\/img11.jpg","path":"\/var\/www\/vhosts\/tgs.com.vn\/giaodienmau.tgs.com.vn\/bds49\/wp-content\/uploads\/2020\/07\/img11.jpg","size":"full","id":56,"alt":"","pixels":359550,"type":"image\/jpeg"}],"twitter_card":"summary_large_image","schema":{"@context":"https:\/\/schema.org","@graph":[{"@type":"WebSite","@id":"https:\/\/giaodienwebsite.tgs.com.vn\/bds49\/#website","url":"https:\/\/giaodienwebsite.tgs.com.vn\/bds49\/","name":"Chuy\u00ean trang b\u1ea5t \u0111\u1ed9ng s\u1ea3n","description":"M\u1ed9t trang web m\u1edbi s\u1eed d\u1ee5ng WordPress","potentialAction":[{"@type":"SearchAction","target":{"@type":"EntryPoint","urlTemplate":"https:\/\/giaodienwebsite.tgs.com.vn\/bds49\/?s={search_term_string}"},"query-input":"required name=search_term_string"}],"inLanguage":"vi"},{"@type":"ImageObject","@id":"https:\/\/giaodienwebsite.tgs.com.vn\/bds49\/du-an\/can-ho-the-art\/#primaryimage","inLanguage":"vi","url":"https:\/\/giaodienwebsite.tgs.com.vn\/bds49\/wp-content\/uploads\/2020\/07\/img11.jpg","contentUrl":"https:\/\/giaodienwebsite.tgs.com.vn\/bds49\/wp-content\/uploads\/2020\/07\/img11.jpg","width":765,"height":470},{"@type":"WebPage","@id":"https:\/\/giaodienwebsite.tgs.com.vn\/bds49\/du-an\/can-ho-the-art\/#webpage","url":"https:\/\/giaodienwebsite.tgs.com.vn\/bds49\/du-an\/can-ho-the-art\/","name":"C\u0103n h\u1ed9 The Art - Chuy\u00ean trang b\u1ea5t \u0111\u1ed9ng s\u1ea3n","isPartOf":{"@id":"https:\/\/giaodienwebsite.tgs.com.vn\/bds49\/#website"},"primaryImageOfPage":{"@id":"https:\/\/giaodienwebsite.tgs.com.vn\/bds49\/du-an\/can-ho-the-art\/#primaryimage"},"datePublished":"2020-07-28T01:42:14+00:00","dateModified":"2020-07-30T16:14:12+00:00","breadcrumb":{"@id":"https:\/\/giaodienwebsite.tgs.com.vn\/bds49\/du-an\/can-ho-the-art\/#breadcrumb"},"inLanguage":"vi","potentialAction":[{"@type":"ReadAction","target":["https:\/\/giaodienwebsite.tgs.com.vn\/bds49\/du-an\/can-ho-the-art\/"]}]},{"@type":"BreadcrumbList","@id":"https:\/\/giaodienwebsite.tgs.com.vn\/bds49\/du-an\/can-ho-the-art\/#breadcrumb","itemListElement":[{"@type":"ListItem","position":1,"name":"Trang ch\u1ee7","item":"https:\/\/giaodienwebsite.tgs.com.vn\/bds49\/"},{"@type":"ListItem","position":2,"name":"C\u1eeda h\u00e0ng","item":"https:\/\/giaodienwebsite.tgs.com.vn\/bds49\/mua\/"},{"@type":"ListItem","position":3,"name":"C\u0103n h\u1ed9 The Art"}]}]}},"_links":{"self":[{"href":"https:\/\/giaodienwebsite.tgs.com.vn\/bds49\/wp-json\/wp\/v2\/product\/55"}],"collection":[{"href":"https:\/\/giaodienwebsite.tgs.com.vn\/bds49\/wp-json\/wp\/v2\/product"}],"about":[{"href":"https:\/\/giaodienwebsite.tgs.com.vn\/bds49\/wp-json\/wp\/v2\/types\/product"}],"replies":[{"embeddable":true,"href":"https:\/\/giaodienwebsite.tgs.com.vn\/bds49\/wp-json\/wp\/v2\/comments?post=55"}],"wp:featuredmedia":[{"embeddable":true,"href":"https:\/\/giaodienwebsite.tgs.com.vn\/bds49\/wp-json\/wp\/v2\/media\/56"}],"wp:attachment":[{"href":"https:\/\/giaodienwebsite.tgs.com.vn\/bds49\/wp-json\/wp\/v2\/media?parent=55"}],"wp:term":[{"taxonomy":"product_cat","embeddable":true,"href":"https:\/\/giaodienwebsite.tgs.com.vn\/bds49\/wp-json\/wp\/v2\/product_cat?post=55"},{"taxonomy":"product_tag","embeddable":true,"href":"https:\/\/giaodienwebsite.tgs.com.vn\/bds49\/wp-json\/wp\/v2\/product_tag?post=55"}],"curies":[{"name":"wp","href":"https:\/\/api.w.org\/{rel}","templated":true}]}}