{"id":50,"date":"2020-07-28T01:39:42","date_gmt":"2020-07-28T01:39:42","guid":{"rendered":"https:\/\/giaodienwebsite.tgs.com.vn\/bds49\/?post_type=product&#038;p=50"},"modified":"2020-07-28T02:31:56","modified_gmt":"2020-07-28T02:31:56","slug":"chung-cu-vinhomes-symphony","status":"publish","type":"product","link":"https:\/\/giaodienwebsite.tgs.com.vn\/bds49\/du-an\/chung-cu-vinhomes-symphony\/","title":{"rendered":"Chung c\u01b0 Vinhomes Symphony"},"content":{"rendered":"<p>Vinhomes Symphony s\u1edf h\u1eefu v\u1ecb tr\u00ed \u0111\u1eafc \u0111\u1ecba tr\u00ean \u0111\u01b0\u1eddng Chu Huy M\u00e2n, \u0111\u1ed1i di\u1ec7n Vincom Plaza \u00a0thu\u1ed9c khu \u0111\u00f4 th\u1ecb xanh Vinhomes Riverside Long Bi\u00ean, d\u1ec5 d\u00e0ng k\u1ebft n\u1ed1i t\u1edbi h\u1ec7 th\u1ed1ng d\u1ecbch v\u1ee5 ti\u1ec7n \u00edch \u0111\u1eb3ng c\u1ea5p c\u1ee7a Riverside, d\u1ec5 d\u00e0ng di chuy\u1ec3n v\u00e0o trung t\u00e2m th\u00e0nh ph\u1ed1 (ch\u1ec9 9 ph\u00fat), Vinhomes Symphony nhanh ch\u00f3ng tr\u1edf th\u00e0nh d\u1ef1 \u00e1n h\u1ea5p d\u1eabn nh\u1ea5t khu v\u1ef1c Long Bi.T\u00ean d\u1ef1 \u00e1n : Vinhomes Symphony<\/p>\n<ul>\n<li class=\"active\" data-css=\"tve-u-16e49d0be24\">T\u01b0 v\u1ea5n thi\u1ebft k\u1ebf: Archivina<\/li>\n<li data-css=\"tve-u-16e49d0be24\">Di\u1ec7n t\u00edch d\u1ef1 \u00e1n: 4,3 ha.<\/li>\n<li data-css=\"tve-u-16e49d0be24\">Quy m\u00f4 d\u1ef1 \u00e1n g\u1ed3m 7 t\u00f2a th\u00e1p cao t\u1eeb 9 \u0111\u1ebfn 15 t\u1ea7ng.<\/li>\n<li data-css=\"tve-u-16e49d0be24\">Di\u1ec7n t\u00edch s\u00e0n x\u00e2y d\u1ef1ng: 219.608 m2<\/li>\n<li data-css=\"tve-u-16e49d0be24\">Lo\u1ea1i h\u00ecnh ph\u00e1t tri\u1ec3n: Shop kh\u1ed1i \u0111\u1ebf, V\u0103n ph\u00f2ng, Chung C\u01b0<\/li>\n<li data-css=\"tve-u-16e49d0be24\">H\u1ea7m 1 t\u1ea7ng th\u00f4ng nhau, t\u1ed5ng di\u1ec7n t\u00edch: 43300 m2 t\u1ed5ng, di\u1ec7n t\u00edch c\u00f3 th\u1ec3 \u0111\u1ec3 xe: 35600 m2<\/li>\n<li data-css=\"tve-u-16e49d0be24\">T\u1ed5ng s\u1ed1 c\u0103n: 1500 c\u0103n h\u1ed9 cao c\u1ea5p, t\u1ed5ng di\u1ec7n t\u00edch: 88600 m2<\/li>\n<li data-css=\"tve-u-16e49d0be24\">T\u1ed5ng s\u1ed1 l\u01b0\u1ee3ng Shop: 62 c\u0103n, t\u1ed5ng di\u1ec7n t\u00edch: 7170 m2<\/li>\n<li data-css=\"tve-u-16e49d0be24\">Kh\u1edfi c\u00f4ng: Qu\u00fd 1 n\u0103m 2019.<\/li>\n<li data-css=\"tve-u-16e49d0be24\">Hi\u0300nh th\u01b0\u0301c s\u01a1\u0309 h\u01b0\u0303u d\u1ef1 ki\u1ebfn: S\u00f4\u0309 h\u1ed3ng l\u00e2u d\u00e0i<\/li>\n<\/ul>\n","protected":false},"excerpt":{"rendered":"<ul class=\"ulgroup w-100 clearfix\">\n<li class=\"first_status\">Qu\u1eadn huy\u1ec7n:\u00a0<span class=\"status_name\">Long Bi\u00ean<\/span><\/li>\n<li class=\"first_status\">Ki\u1ec3u d\u1ef1 \u00e1n:\u00a0<span class=\"status_name\">Chung c\u01b0 cao c\u1ea5p<\/span><\/li>\n<li class=\"first_status\">Ch\u1ee7 \u0111\u1ea7u t\u01b0:\u00a0<span class=\"status_name\">t\u1eadp \u0111o\u00e0n Vingroup<\/span><\/li>\n<li class=\"first_status\">Lo\u1ea1i h\u00ecnh \u0111\u1ea7u t\u01b0:\u00a0<span class=\"status_name\">Vinhomes Symphony Long Bi\u00ean l\u00e0 khu c\u0103n h\u1ed9 cao c\u1ea5p t\u1ea1i Vinhomes Riverside Long Bi\u00ean do ch\u1ee7 \u0111\u1ea7u t\u01b0 Vingroup x\u00e2y d\u1ef1ng v\u00e0 ph\u00e1t tri\u1ec3n v\u1edbi quy m\u00f4 7 t\u00f2a c\u0103n h\u1ed9 cao 9-15 t\u1ea7ng, cung c\u1ea5p ra th\u1ecb tr\u01b0\u1eddng b\u1ea5t \u0111\u1ed9ng s\u1ea3n kho\u1ea3ng 1500 c\u0103n h\u1ed9 cao c\u1ea5p ngay trong qu\u1ea7n th\u1ec3 d\u1ef1 \u00e1n Vinhomes Riverside tuy\u1ec7t \u0111\u1eb9p \u0111\u00e3 \u0111i v\u00e0o ho\u1ea1t \u0111\u1ed9ng.<\/span><\/li>\n<\/ul>\n","protected":false},"featured_media":52,"comment_status":"open","ping_status":"closed","template":"","meta":[],"product_cat":[15,17,18,19,20],"product_tag":[],"yoast_head":"<!-- This site is optimized with the Yoast SEO plugin v16.7 - https:\/\/yoast.com\/wordpress\/plugins\/seo\/ -->\n<title>Chung c\u01b0 Vinhomes Symphony - Chuy\u00ean trang b\u1ea5t \u0111\u1ed9ng s\u1ea3n<\/title>\n<meta name=\"robots\" content=\"index, follow, max-snippet:-1, max-image-preview:large, max-video-preview:-1\" \/>\n<link rel=\"canonical\" href=\"https:\/\/giaodienwebsite.tgs.com.vn\/bds49\/du-an\/chung-cu-vinhomes-symphony\/\" \/>\n<meta property=\"og:locale\" content=\"vi_VN\" \/>\n<meta property=\"og:type\" content=\"article\" \/>\n<meta property=\"og:title\" content=\"Chung c\u01b0 Vinhomes Symphony - Chuy\u00ean trang b\u1ea5t \u0111\u1ed9ng s\u1ea3n\" \/>\n<meta property=\"og:description\" content=\"Qu\u1eadn huy\u1ec7n:\u00a0Long Bi\u00ean  Ki\u1ec3u d\u1ef1 \u00e1n:\u00a0Chung c\u01b0 cao c\u1ea5p  Ch\u1ee7 \u0111\u1ea7u t\u01b0:\u00a0t\u1eadp \u0111o\u00e0n Vingroup  Lo\u1ea1i h\u00ecnh \u0111\u1ea7u t\u01b0:\u00a0Vinhomes Symphony Long Bi\u00ean l\u00e0 khu c\u0103n h\u1ed9 cao c\u1ea5p t\u1ea1i Vinhomes Riverside Long Bi\u00ean do ch\u1ee7 \u0111\u1ea7u t\u01b0 Vingroup x\u00e2y d\u1ef1ng v\u00e0 ph\u00e1t tri\u1ec3n v\u1edbi quy m\u00f4 7 t\u00f2a c\u0103n h\u1ed9 cao 9-15 t\u1ea7ng, cung c\u1ea5p ra th\u1ecb tr\u01b0\u1eddng b\u1ea5t \u0111\u1ed9ng s\u1ea3n kho\u1ea3ng 1500 c\u0103n h\u1ed9 cao c\u1ea5p ngay trong qu\u1ea7n th\u1ec3 d\u1ef1 \u00e1n Vinhomes Riverside tuy\u1ec7t \u0111\u1eb9p \u0111\u00e3 \u0111i v\u00e0o ho\u1ea1t \u0111\u1ed9ng.\" \/>\n<meta property=\"og:url\" content=\"https:\/\/giaodienwebsite.tgs.com.vn\/bds49\/du-an\/chung-cu-vinhomes-symphony\/\" \/>\n<meta property=\"og:site_name\" content=\"Chuy\u00ean trang b\u1ea5t \u0111\u1ed9ng s\u1ea3n\" \/>\n<meta property=\"article:modified_time\" content=\"2020-07-28T02:31:56+00:00\" \/>\n<meta property=\"og:image\" content=\"https:\/\/giaodienwebsite.tgs.com.vn\/bds49\/wp-content\/uploads\/2020\/07\/img5.jpg\" \/>\n\t<meta property=\"og:image:width\" content=\"765\" \/>\n\t<meta property=\"og:image:height\" content=\"470\" \/>\n<meta name=\"twitter:card\" content=\"summary_large_image\" \/>\n<meta name=\"twitter:label1\" content=\"\u01af\u1edbc t\u00ednh th\u1eddi gian \u0111\u1ecdc\" \/>\n\t<meta name=\"twitter:data1\" content=\"1 ph\u00fat\" \/>\n<script type=\"application\/ld+json\" class=\"yoast-schema-graph\">{\"@context\":\"https:\/\/schema.org\",\"@graph\":[{\"@type\":\"WebSite\",\"@id\":\"https:\/\/giaodienwebsite.tgs.com.vn\/bds49\/#website\",\"url\":\"https:\/\/giaodienwebsite.tgs.com.vn\/bds49\/\",\"name\":\"Chuy\\u00ean trang b\\u1ea5t \\u0111\\u1ed9ng s\\u1ea3n\",\"description\":\"M\\u1ed9t trang web m\\u1edbi s\\u1eed d\\u1ee5ng WordPress\",\"potentialAction\":[{\"@type\":\"SearchAction\",\"target\":{\"@type\":\"EntryPoint\",\"urlTemplate\":\"https:\/\/giaodienwebsite.tgs.com.vn\/bds49\/?s={search_term_string}\"},\"query-input\":\"required name=search_term_string\"}],\"inLanguage\":\"vi\"},{\"@type\":\"ImageObject\",\"@id\":\"https:\/\/giaodienwebsite.tgs.com.vn\/bds49\/du-an\/chung-cu-vinhomes-symphony\/#primaryimage\",\"inLanguage\":\"vi\",\"url\":\"https:\/\/giaodienwebsite.tgs.com.vn\/bds49\/wp-content\/uploads\/2020\/07\/img5.jpg\",\"contentUrl\":\"https:\/\/giaodienwebsite.tgs.com.vn\/bds49\/wp-content\/uploads\/2020\/07\/img5.jpg\",\"width\":765,\"height\":470},{\"@type\":\"WebPage\",\"@id\":\"https:\/\/giaodienwebsite.tgs.com.vn\/bds49\/du-an\/chung-cu-vinhomes-symphony\/#webpage\",\"url\":\"https:\/\/giaodienwebsite.tgs.com.vn\/bds49\/du-an\/chung-cu-vinhomes-symphony\/\",\"name\":\"Chung c\\u01b0 Vinhomes Symphony - Chuy\\u00ean trang b\\u1ea5t \\u0111\\u1ed9ng s\\u1ea3n\",\"isPartOf\":{\"@id\":\"https:\/\/giaodienwebsite.tgs.com.vn\/bds49\/#website\"},\"primaryImageOfPage\":{\"@id\":\"https:\/\/giaodienwebsite.tgs.com.vn\/bds49\/du-an\/chung-cu-vinhomes-symphony\/#primaryimage\"},\"datePublished\":\"2020-07-28T01:39:42+00:00\",\"dateModified\":\"2020-07-28T02:31:56+00:00\",\"breadcrumb\":{\"@id\":\"https:\/\/giaodienwebsite.tgs.com.vn\/bds49\/du-an\/chung-cu-vinhomes-symphony\/#breadcrumb\"},\"inLanguage\":\"vi\",\"potentialAction\":[{\"@type\":\"ReadAction\",\"target\":[\"https:\/\/giaodienwebsite.tgs.com.vn\/bds49\/du-an\/chung-cu-vinhomes-symphony\/\"]}]},{\"@type\":\"BreadcrumbList\",\"@id\":\"https:\/\/giaodienwebsite.tgs.com.vn\/bds49\/du-an\/chung-cu-vinhomes-symphony\/#breadcrumb\",\"itemListElement\":[{\"@type\":\"ListItem\",\"position\":1,\"name\":\"Trang ch\\u1ee7\",\"item\":\"https:\/\/giaodienwebsite.tgs.com.vn\/bds49\/\"},{\"@type\":\"ListItem\",\"position\":2,\"name\":\"C\\u1eeda h\\u00e0ng\",\"item\":\"https:\/\/giaodienwebsite.tgs.com.vn\/bds49\/mua\/\"},{\"@type\":\"ListItem\",\"position\":3,\"name\":\"Chung c\\u01b0 Vinhomes Symphony\"}]}]}<\/script>\n<!-- \/ Yoast SEO plugin. -->","yoast_head_json":{"title":"Chung c\u01b0 Vinhomes Symphony - Chuy\u00ean trang b\u1ea5t \u0111\u1ed9ng s\u1ea3n","robots":{"index":"index","follow":"follow","max-snippet":"max-snippet:-1","max-image-preview":"max-image-preview:large","max-video-preview":"max-video-preview:-1"},"canonical":"https:\/\/giaodienwebsite.tgs.com.vn\/bds49\/du-an\/chung-cu-vinhomes-symphony\/","og_locale":"vi_VN","og_type":"article","og_title":"Chung c\u01b0 Vinhomes Symphony - Chuy\u00ean trang b\u1ea5t \u0111\u1ed9ng s\u1ea3n","og_description":"Qu\u1eadn huy\u1ec7n:\u00a0Long Bi\u00ean  Ki\u1ec3u d\u1ef1 \u00e1n:\u00a0Chung c\u01b0 cao c\u1ea5p  Ch\u1ee7 \u0111\u1ea7u t\u01b0:\u00a0t\u1eadp \u0111o\u00e0n Vingroup  Lo\u1ea1i h\u00ecnh \u0111\u1ea7u t\u01b0:\u00a0Vinhomes Symphony Long Bi\u00ean l\u00e0 khu c\u0103n h\u1ed9 cao c\u1ea5p t\u1ea1i Vinhomes Riverside Long Bi\u00ean do ch\u1ee7 \u0111\u1ea7u t\u01b0 Vingroup x\u00e2y d\u1ef1ng v\u00e0 ph\u00e1t tri\u1ec3n v\u1edbi quy m\u00f4 7 t\u00f2a c\u0103n h\u1ed9 cao 9-15 t\u1ea7ng, cung c\u1ea5p ra th\u1ecb tr\u01b0\u1eddng b\u1ea5t \u0111\u1ed9ng s\u1ea3n kho\u1ea3ng 1500 c\u0103n h\u1ed9 cao c\u1ea5p ngay trong qu\u1ea7n th\u1ec3 d\u1ef1 \u00e1n Vinhomes Riverside tuy\u1ec7t \u0111\u1eb9p \u0111\u00e3 \u0111i v\u00e0o ho\u1ea1t \u0111\u1ed9ng.","og_url":"https:\/\/giaodienwebsite.tgs.com.vn\/bds49\/du-an\/chung-cu-vinhomes-symphony\/","og_site_name":"Chuy\u00ean trang b\u1ea5t \u0111\u1ed9ng s\u1ea3n","article_modified_time":"2020-07-28T02:31:56+00:00","og_image":[{"width":765,"height":470,"url":"https:\/\/giaodienwebsite.tgs.com.vn\/bds49\/wp-content\/uploads\/2020\/07\/img5.jpg","path":"\/var\/www\/vhosts\/tgs.com.vn\/giaodienmau.tgs.com.vn\/bds49\/wp-content\/uploads\/2020\/07\/img5.jpg","size":"full","id":52,"alt":"","pixels":359550,"type":"image\/jpeg"}],"twitter_card":"summary_large_image","twitter_misc":{"\u01af\u1edbc t\u00ednh th\u1eddi gian \u0111\u1ecdc":"1 ph\u00fat"},"schema":{"@context":"https:\/\/schema.org","@graph":[{"@type":"WebSite","@id":"https:\/\/giaodienwebsite.tgs.com.vn\/bds49\/#website","url":"https:\/\/giaodienwebsite.tgs.com.vn\/bds49\/","name":"Chuy\u00ean trang b\u1ea5t \u0111\u1ed9ng s\u1ea3n","description":"M\u1ed9t trang web m\u1edbi s\u1eed d\u1ee5ng WordPress","potentialAction":[{"@type":"SearchAction","target":{"@type":"EntryPoint","urlTemplate":"https:\/\/giaodienwebsite.tgs.com.vn\/bds49\/?s={search_term_string}"},"query-input":"required name=search_term_string"}],"inLanguage":"vi"},{"@type":"ImageObject","@id":"https:\/\/giaodienwebsite.tgs.com.vn\/bds49\/du-an\/chung-cu-vinhomes-symphony\/#primaryimage","inLanguage":"vi","url":"https:\/\/giaodienwebsite.tgs.com.vn\/bds49\/wp-content\/uploads\/2020\/07\/img5.jpg","contentUrl":"https:\/\/giaodienwebsite.tgs.com.vn\/bds49\/wp-content\/uploads\/2020\/07\/img5.jpg","width":765,"height":470},{"@type":"WebPage","@id":"https:\/\/giaodienwebsite.tgs.com.vn\/bds49\/du-an\/chung-cu-vinhomes-symphony\/#webpage","url":"https:\/\/giaodienwebsite.tgs.com.vn\/bds49\/du-an\/chung-cu-vinhomes-symphony\/","name":"Chung c\u01b0 Vinhomes Symphony - Chuy\u00ean trang b\u1ea5t \u0111\u1ed9ng s\u1ea3n","isPartOf":{"@id":"https:\/\/giaodienwebsite.tgs.com.vn\/bds49\/#website"},"primaryImageOfPage":{"@id":"https:\/\/giaodienwebsite.tgs.com.vn\/bds49\/du-an\/chung-cu-vinhomes-symphony\/#primaryimage"},"datePublished":"2020-07-28T01:39:42+00:00","dateModified":"2020-07-28T02:31:56+00:00","breadcrumb":{"@id":"https:\/\/giaodienwebsite.tgs.com.vn\/bds49\/du-an\/chung-cu-vinhomes-symphony\/#breadcrumb"},"inLanguage":"vi","potentialAction":[{"@type":"ReadAction","target":["https:\/\/giaodienwebsite.tgs.com.vn\/bds49\/du-an\/chung-cu-vinhomes-symphony\/"]}]},{"@type":"BreadcrumbList","@id":"https:\/\/giaodienwebsite.tgs.com.vn\/bds49\/du-an\/chung-cu-vinhomes-symphony\/#breadcrumb","itemListElement":[{"@type":"ListItem","position":1,"name":"Trang ch\u1ee7","item":"https:\/\/giaodienwebsite.tgs.com.vn\/bds49\/"},{"@type":"ListItem","position":2,"name":"C\u1eeda h\u00e0ng","item":"https:\/\/giaodienwebsite.tgs.com.vn\/bds49\/mua\/"},{"@type":"ListItem","position":3,"name":"Chung c\u01b0 Vinhomes Symphony"}]}]}},"_links":{"self":[{"href":"https:\/\/giaodienwebsite.tgs.com.vn\/bds49\/wp-json\/wp\/v2\/product\/50"}],"collection":[{"href":"https:\/\/giaodienwebsite.tgs.com.vn\/bds49\/wp-json\/wp\/v2\/product"}],"about":[{"href":"https:\/\/giaodienwebsite.tgs.com.vn\/bds49\/wp-json\/wp\/v2\/types\/product"}],"replies":[{"embeddable":true,"href":"https:\/\/giaodienwebsite.tgs.com.vn\/bds49\/wp-json\/wp\/v2\/comments?post=50"}],"wp:featuredmedia":[{"embeddable":true,"href":"https:\/\/giaodienwebsite.tgs.com.vn\/bds49\/wp-json\/wp\/v2\/media\/52"}],"wp:attachment":[{"href":"https:\/\/giaodienwebsite.tgs.com.vn\/bds49\/wp-json\/wp\/v2\/media?parent=50"}],"wp:term":[{"taxonomy":"product_cat","embeddable":true,"href":"https:\/\/giaodienwebsite.tgs.com.vn\/bds49\/wp-json\/wp\/v2\/product_cat?post=50"},{"taxonomy":"product_tag","embeddable":true,"href":"https:\/\/giaodienwebsite.tgs.com.vn\/bds49\/wp-json\/wp\/v2\/product_tag?post=50"}],"curies":[{"name":"wp","href":"https:\/\/api.w.org\/{rel}","templated":true}]}}