{"id":24,"date":"2020-07-28T00:28:17","date_gmt":"2020-07-28T00:28:17","guid":{"rendered":"https:\/\/giaodienwebsite.tgs.com.vn\/bds49\/?page_id=24"},"modified":"2020-10-27T12:31:40","modified_gmt":"2020-10-27T12:31:40","slug":"gioi-thieu","status":"publish","type":"page","link":"https:\/\/giaodienwebsite.tgs.com.vn\/bds49\/gioi-thieu\/","title":{"rendered":"Gi\u1edbi thi\u1ec7u"},"content":{"rendered":"<div class=\"row\">\n<div class=\"col-xs-12 col-lg-6\">\n<p>S\u00e0n giao d\u1ecbch b\u1ea5t \u0111\u1ed9ng s\u1ea3n \u0110\u1ea5t Xanh ra \u0111\u1eddi \u0111\u00e3 hi\u1ec7n th\u1ef1c h\u00f3a chu\u1ed7i gi\u00e1 tr\u1ecb d\u1ecbch v\u1ee5 kh\u00e1ch h\u00e0ng v\u00e0 gi\u1ea3i ph\u00e1p b\u00e1n h\u00e0ng. C\u00f9ng v\u1edbi \u0111\u1ed9i ng\u0169 nh\u00e2n vi\u00ean chuy\u00ean nghi\u1ec7p, t\u1eadn t\u00e2m, gi\u00e0u kinh nghi\u1ec7m \u0111\u00e3 g\u00f3p m\u1ed9t ph\u1ea7n quan tr\u1ecdng v\u00e0o vi\u1ec7c ho\u00e0n th\u00e0nh s\u1ee9 m\u1ec7nh c\u1ee7a C\u00f4ng ty, n\u00e2ng kh\u1ea3 n\u0103ng cung c\u1ea5p s\u1ea3n ph\u1ea9m, d\u1ecbch v\u1ee5 c\u1ee7a \u0110\u1ea5t Xanh l\u00ean m\u1ed9t t\u1ea7m cao m\u1edbi.<\/p>\n<p>T\u1ea5t c\u1ea3 c\u00e1c gi\u1ea3i ph\u00e1p m\u00e0 \u0110\u1ea5t Xanh cung c\u1ea5p \u0111\u1ec1u \u0111\u01b0\u1ee3c ph\u00e2n t\u00edch m\u1ed9t c\u00e1ch chuy\u00ean s\u00e2u, h\u01b0\u1edbng \u0111\u1ebfn ph\u1ee5c v\u1ee5 v\u00e0 gi\u1ea3i quy\u1ebft nh\u1eefng v\u01b0\u1edbng m\u1eafc m\u1ed9t c\u00e1ch nhanh ch\u00f3ng v\u00e0 th\u1ecfa m\u00e3n t\u1ed1i \u0111a nhu c\u1ea7u c\u1ee7a kh\u00e1ch h\u00e0ng. Ch\u00fang t\u00f4i kh\u00f4ng ch\u1ec9 cung c\u1ea5p s\u1ea3n ph\u1ea9m b\u1ea5t \u0111\u1ed9ng s\u1ea3n \u0111\u01a1n thu\u1ea7n m\u00e0 c\u00f2n mang \u0111\u1ebfn cho kh\u00e1ch h\u00e0ng s\u1ef1 an t\u00e2m, tin t\u01b0\u1edfng v\u00e0 t\u1ef1 h\u00e0o khi s\u1edf h\u1eefu s\u1ea3n ph\u1ea9m c\u1ee7a \u0110\u1ea5t Xanh.<\/p>\n<\/div>\n<div class=\"col-xs-12 col-lg-6\">\n<p><img class=\"lazy-load-active\" src=\"https:\/\/www.datxanh.vn\/Data\/Sites\/1\/media\/gioi-thieu\/dich-vu-gioi-thieu.jpg\" alt=\"\" data-src=\"https:\/\/www.datxanh.vn\/Data\/Sites\/1\/media\/gioi-thieu\/dich-vu-gioi-thieu.jpg\" \/><\/p>\n<\/div>\n<\/div>\n<p><strong>D\u1ecbch v\u1ee5 c\u1ee7a \u0110\u1ea5t Xanh bao g\u1ed3m:<\/strong><\/p>\n<p><strong>M\u00f4i gi\u1edbi v\u00e0 t\u01b0 v\u1ea5n b\u1ea5t \u0111\u1ed9ng s\u1ea3n:<\/strong>\u00a0D\u1ecbch v\u1ee5 m\u00f4i gi\u1edbi v\u00e0 t\u01b0 v\u1ea5n b\u1ea5t \u0111\u1ed9ng s\u1ea3n c\u1ee7a \u0110\u1ea5t Xanh lu\u00f4n l\u00e0m gia t\u0103ng c\u01a1 h\u1ed9i giao d\u1ecbch. Lu\u00f4n th\u1ea5u hi\u1ec3u nhu c\u1ea7u, l\u1ef1a ch\u1ecdn c\u1ee7a kh\u00e1ch h\u00e0ng, ch\u00fang t\u00f4i c\u00f3 k\u1ebf ho\u1ea1ch v\u00e0 gi\u1ea3i ph\u00e1p b\u00e1n h\u00e0ng hi\u1ec7u qu\u1ea3 c\u0169ng nh\u01b0 t\u01b0 v\u1ea5n c\u00e1c gi\u1ea3i ph\u00e1p v\u1ec1 th\u1ecb tr\u01b0\u1eddng v\u00e0 gi\u00e1 cho ch\u1ee7 \u0111\u1ea7u t\u01b0 d\u1ef1 \u00e1n v\u00e0 kh\u00e1ch h\u00e0ng.<\/p>\n<p><strong>Qu\u1ea3n l\u00fd b\u1ea5t \u0111\u1ed9ng s\u1ea3n v\u00e0 cho thu\u00ea c\u0103n h\u1ed9:<\/strong>\u00a0S\u00e0n giao d\u1ecbch b\u1ea5t \u0111\u1ed9ng s\u1ea3n \u0110\u1ea5t Xanh c\u00f3 \u0111\u1ed9i ng\u0169 chuy\u00ean vi\u00ean t\u01b0 v\u1ea5n t\u1eadn t\u00e2m, gi\u00e0u kinh nghi\u1ec7m s\u1ebd gi\u00fap qu\u00fd kh\u00e1ch qu\u1ea3n l\u00fd v\u00e0 giao d\u1ecbch b\u1ea5t \u0111\u1ed9ng s\u1ea3n ph\u00f9 h\u1ee3p v\u1edbi nhu c\u1ea7u v\u00e0 l\u00e0m gia t\u0103ng gi\u00e1 tr\u1ecb c\u00e1c b\u1ea5t \u0111\u1ed9ng s\u1ea3n c\u1ee7a kh\u00e1ch h\u00e0ng.<\/p>\n<p>V\u1edbi \u0111\u1ed9i ng\u0169 nh\u00e2n vi\u00ean chuy\u00ean nghi\u1ec7p, t\u1eadn t\u00e2m, gi\u00e0u kinh nghi\u1ec7m s\u1ebd \u0111\u1ea3m b\u1ea3o mang \u0111\u1ebfn cho kh\u00e1ch h\u00e0ng s\u1ef1 an t\u00e2m, h\u00e0i l\u00f2ng khi \u0111\u1ebfn v\u1edbi \u0110\u1ea5t Xanh.<\/p>\n<p><strong>H\u1ec6 TH\u1ed0NG S\u00c0N GIAO D\u1ecaCH (xem chi ti\u1ebft\u00a0t\u1ea1i \u0111\u00e2y)<\/strong><\/p>\n<p><strong>H\u1ec6 TH\u1ed0NG \u0110\u1ea0I L\u00dd, \u0110\u1ed0I T\u00c1C<\/strong><\/p>\n<p>V\u1edbi s\u1ed1 l\u01b0\u1ee3ng h\u01a1n 200 \u0111\u1ea1i l\u00fd v\u00e0 \u0111\u1ed1i t\u00e1c r\u1ed9ng kh\u1eafp \u0111\u00e3 g\u00f3p ph\u1ea7n ph\u00e2n ph\u1ed1i h\u00e0ng ng\u00e0n s\u1ea3n ph\u1ea9m \u0111\u1ebfn v\u1edbi kh\u00e1ch h\u00e0ng trong c\u1ea3 n\u01b0\u1edbc h\u00e0ng n\u0103m. \u0110\u1eb7c bi\u1ec7t, v\u1edbi vi\u1ec7c s\u00e1ng l\u1eadp li\u00ean minh G5 \u2013 Li\u00ean minh b\u1ea5t \u0111\u1ed9ng s\u1ea3n m\u1ea1nh nh\u1ea5t Vi\u1ec7t Nam \u2013 \u0110\u1ea5t Xanh \u0111\u00e3 ph\u1ee7 kh\u1eafp c\u1ea3 n\u01b0\u1edbc v\u00e0 tr\u1edf th\u00e0nh T\u1eadp \u0111o\u00e0n ph\u00e2n ph\u1ed1i b\u1ea5t \u0111\u1ed9ng s\u1ea3n l\u1edbn nh\u1ea5t n\u01b0\u1edbc.<\/p>\n<p><strong>H\u1ec6 TH\u1ed0NG C\u1ed8NG T\u00c1C VI\u00caN<\/strong><\/p>\n<p>V\u1edbi s\u1ed1 l\u01b0\u1ee3ng h\u01a1n 2.000 C\u1ed9ng t\u00e1c vi\u00ean l\u00e0 c\u00e1c chuy\u00ean gia t\u01b0 v\u1ea5n b\u1ea5t \u0111\u1ed9ng s\u1ea3n chuy\u00ean nghi\u1ec7p, \u0110\u1ea5t Xanh ti\u1ebfp t\u1ee5c ti\u00ean phong\u00a0\u00e1p d\u1ee5ng m\u00f4 h\u00ecnh\u00a0kinh doanh\u00a0m\u1edbi\u00a0\u0111\u1ec3 s\u1eb5n s\u00e0ng h\u1ed9i nh\u1eadp Qu\u1ed1c t\u1ebf v\u00e0 g\u00f3p ph\u1ea7n c\u1ee7ng c\u1ed1 s\u1ee9c m\u1ea1nh v\u1ec1 l\u0129nh v\u1ef1c ph\u00e2n ph\u1ed1i c\u1ee7a \u0110\u1ea5t Xanh.<\/p>\n","protected":false},"excerpt":{"rendered":"<p>S\u00e0n giao d\u1ecbch b\u1ea5t \u0111\u1ed9ng s\u1ea3n \u0110\u1ea5t Xanh ra \u0111\u1eddi \u0111\u00e3 hi\u1ec7n th\u1ef1c h\u00f3a chu\u1ed7i gi\u00e1 tr\u1ecb d\u1ecbch v\u1ee5 kh\u00e1ch h\u00e0ng v\u00e0 gi\u1ea3i ph\u00e1p b\u00e1n h\u00e0ng. C\u00f9ng v\u1edbi \u0111\u1ed9i ng\u0169 nh\u00e2n vi\u00ean chuy\u00ean nghi\u1ec7p, t\u1eadn t\u00e2m, gi\u00e0u kinh nghi\u1ec7m \u0111\u00e3 g\u00f3p m\u1ed9t ph\u1ea7n quan tr\u1ecdng v\u00e0o vi\u1ec7c ho\u00e0n th\u00e0nh s\u1ee9 m\u1ec7nh c\u1ee7a C\u00f4ng ty, n\u00e2ng &#8230;<\/p>\n","protected":false},"author":2,"featured_media":0,"parent":0,"menu_order":0,"comment_status":"closed","ping_status":"closed","template":"","meta":[],"yoast_head":"<!-- This site is optimized with the Yoast SEO plugin v16.7 - https:\/\/yoast.com\/wordpress\/plugins\/seo\/ -->\n<title>Gi\u1edbi thi\u1ec7u - Chuy\u00ean trang b\u1ea5t \u0111\u1ed9ng s\u1ea3n<\/title>\n<meta name=\"robots\" content=\"index, follow, max-snippet:-1, max-image-preview:large, max-video-preview:-1\" \/>\n<link rel=\"canonical\" href=\"https:\/\/giaodienwebsite.tgs.com.vn\/bds49\/gioi-thieu\/\" \/>\n<meta property=\"og:locale\" content=\"vi_VN\" \/>\n<meta property=\"og:type\" content=\"article\" \/>\n<meta property=\"og:title\" content=\"Gi\u1edbi thi\u1ec7u - Chuy\u00ean trang b\u1ea5t \u0111\u1ed9ng s\u1ea3n\" \/>\n<meta property=\"og:description\" content=\"S\u00e0n giao d\u1ecbch b\u1ea5t \u0111\u1ed9ng s\u1ea3n \u0110\u1ea5t Xanh ra \u0111\u1eddi \u0111\u00e3 hi\u1ec7n th\u1ef1c h\u00f3a chu\u1ed7i gi\u00e1 tr\u1ecb d\u1ecbch v\u1ee5 kh\u00e1ch h\u00e0ng v\u00e0 gi\u1ea3i ph\u00e1p b\u00e1n h\u00e0ng. C\u00f9ng v\u1edbi \u0111\u1ed9i ng\u0169 nh\u00e2n vi\u00ean chuy\u00ean nghi\u1ec7p, t\u1eadn t\u00e2m, gi\u00e0u kinh nghi\u1ec7m \u0111\u00e3 g\u00f3p m\u1ed9t ph\u1ea7n quan tr\u1ecdng v\u00e0o vi\u1ec7c ho\u00e0n th\u00e0nh s\u1ee9 m\u1ec7nh c\u1ee7a C\u00f4ng ty, n\u00e2ng ...\" \/>\n<meta property=\"og:url\" content=\"https:\/\/giaodienwebsite.tgs.com.vn\/bds49\/gioi-thieu\/\" \/>\n<meta property=\"og:site_name\" content=\"Chuy\u00ean trang b\u1ea5t \u0111\u1ed9ng s\u1ea3n\" \/>\n<meta property=\"article:modified_time\" content=\"2020-10-27T12:31:40+00:00\" \/>\n<meta property=\"og:image\" content=\"https:\/\/www.datxanh.vn\/Data\/Sites\/1\/media\/gioi-thieu\/dich-vu-gioi-thieu.jpg\" \/>\n<meta name=\"twitter:card\" content=\"summary_large_image\" \/>\n<meta name=\"twitter:label1\" content=\"\u01af\u1edbc t\u00ednh th\u1eddi gian \u0111\u1ecdc\" \/>\n\t<meta name=\"twitter:data1\" content=\"4 ph\u00fat\" \/>\n<script type=\"application\/ld+json\" class=\"yoast-schema-graph\">{\"@context\":\"https:\/\/schema.org\",\"@graph\":[{\"@type\":\"WebSite\",\"@id\":\"https:\/\/giaodienwebsite.tgs.com.vn\/bds49\/#website\",\"url\":\"https:\/\/giaodienwebsite.tgs.com.vn\/bds49\/\",\"name\":\"Chuy\\u00ean trang b\\u1ea5t \\u0111\\u1ed9ng s\\u1ea3n\",\"description\":\"M\\u1ed9t trang web m\\u1edbi s\\u1eed d\\u1ee5ng WordPress\",\"potentialAction\":[{\"@type\":\"SearchAction\",\"target\":{\"@type\":\"EntryPoint\",\"urlTemplate\":\"https:\/\/giaodienwebsite.tgs.com.vn\/bds49\/?s={search_term_string}\"},\"query-input\":\"required name=search_term_string\"}],\"inLanguage\":\"vi\"},{\"@type\":\"ImageObject\",\"@id\":\"https:\/\/giaodienwebsite.tgs.com.vn\/bds49\/gioi-thieu\/#primaryimage\",\"inLanguage\":\"vi\",\"url\":\"https:\/\/www.datxanh.vn\/Data\/Sites\/1\/media\/gioi-thieu\/dich-vu-gioi-thieu.jpg\",\"contentUrl\":\"https:\/\/www.datxanh.vn\/Data\/Sites\/1\/media\/gioi-thieu\/dich-vu-gioi-thieu.jpg\"},{\"@type\":\"WebPage\",\"@id\":\"https:\/\/giaodienwebsite.tgs.com.vn\/bds49\/gioi-thieu\/#webpage\",\"url\":\"https:\/\/giaodienwebsite.tgs.com.vn\/bds49\/gioi-thieu\/\",\"name\":\"Gi\\u1edbi thi\\u1ec7u - Chuy\\u00ean trang b\\u1ea5t \\u0111\\u1ed9ng s\\u1ea3n\",\"isPartOf\":{\"@id\":\"https:\/\/giaodienwebsite.tgs.com.vn\/bds49\/#website\"},\"primaryImageOfPage\":{\"@id\":\"https:\/\/giaodienwebsite.tgs.com.vn\/bds49\/gioi-thieu\/#primaryimage\"},\"datePublished\":\"2020-07-28T00:28:17+00:00\",\"dateModified\":\"2020-10-27T12:31:40+00:00\",\"breadcrumb\":{\"@id\":\"https:\/\/giaodienwebsite.tgs.com.vn\/bds49\/gioi-thieu\/#breadcrumb\"},\"inLanguage\":\"vi\",\"potentialAction\":[{\"@type\":\"ReadAction\",\"target\":[\"https:\/\/giaodienwebsite.tgs.com.vn\/bds49\/gioi-thieu\/\"]}]},{\"@type\":\"BreadcrumbList\",\"@id\":\"https:\/\/giaodienwebsite.tgs.com.vn\/bds49\/gioi-thieu\/#breadcrumb\",\"itemListElement\":[{\"@type\":\"ListItem\",\"position\":1,\"name\":\"Trang ch\\u1ee7\",\"item\":\"https:\/\/giaodienwebsite.tgs.com.vn\/bds49\/\"},{\"@type\":\"ListItem\",\"position\":2,\"name\":\"Gi\\u1edbi thi\\u1ec7u\"}]}]}<\/script>\n<!-- \/ Yoast SEO plugin. -->","yoast_head_json":{"title":"Gi\u1edbi thi\u1ec7u - Chuy\u00ean trang b\u1ea5t \u0111\u1ed9ng s\u1ea3n","robots":{"index":"index","follow":"follow","max-snippet":"max-snippet:-1","max-image-preview":"max-image-preview:large","max-video-preview":"max-video-preview:-1"},"canonical":"https:\/\/giaodienwebsite.tgs.com.vn\/bds49\/gioi-thieu\/","og_locale":"vi_VN","og_type":"article","og_title":"Gi\u1edbi thi\u1ec7u - Chuy\u00ean trang b\u1ea5t \u0111\u1ed9ng s\u1ea3n","og_description":"S\u00e0n giao d\u1ecbch b\u1ea5t \u0111\u1ed9ng s\u1ea3n \u0110\u1ea5t Xanh ra \u0111\u1eddi \u0111\u00e3 hi\u1ec7n th\u1ef1c h\u00f3a chu\u1ed7i gi\u00e1 tr\u1ecb d\u1ecbch v\u1ee5 kh\u00e1ch h\u00e0ng v\u00e0 gi\u1ea3i ph\u00e1p b\u00e1n h\u00e0ng. C\u00f9ng v\u1edbi \u0111\u1ed9i ng\u0169 nh\u00e2n vi\u00ean chuy\u00ean nghi\u1ec7p, t\u1eadn t\u00e2m, gi\u00e0u kinh nghi\u1ec7m \u0111\u00e3 g\u00f3p m\u1ed9t ph\u1ea7n quan tr\u1ecdng v\u00e0o vi\u1ec7c ho\u00e0n th\u00e0nh s\u1ee9 m\u1ec7nh c\u1ee7a C\u00f4ng ty, n\u00e2ng ...","og_url":"https:\/\/giaodienwebsite.tgs.com.vn\/bds49\/gioi-thieu\/","og_site_name":"Chuy\u00ean trang b\u1ea5t \u0111\u1ed9ng s\u1ea3n","article_modified_time":"2020-10-27T12:31:40+00:00","og_image":[{"url":"https:\/\/www.datxanh.vn\/Data\/Sites\/1\/media\/gioi-thieu\/dich-vu-gioi-thieu.jpg"}],"twitter_card":"summary_large_image","twitter_misc":{"\u01af\u1edbc t\u00ednh th\u1eddi gian \u0111\u1ecdc":"4 ph\u00fat"},"schema":{"@context":"https:\/\/schema.org","@graph":[{"@type":"WebSite","@id":"https:\/\/giaodienwebsite.tgs.com.vn\/bds49\/#website","url":"https:\/\/giaodienwebsite.tgs.com.vn\/bds49\/","name":"Chuy\u00ean trang b\u1ea5t \u0111\u1ed9ng s\u1ea3n","description":"M\u1ed9t trang web m\u1edbi s\u1eed d\u1ee5ng WordPress","potentialAction":[{"@type":"SearchAction","target":{"@type":"EntryPoint","urlTemplate":"https:\/\/giaodienwebsite.tgs.com.vn\/bds49\/?s={search_term_string}"},"query-input":"required name=search_term_string"}],"inLanguage":"vi"},{"@type":"ImageObject","@id":"https:\/\/giaodienwebsite.tgs.com.vn\/bds49\/gioi-thieu\/#primaryimage","inLanguage":"vi","url":"https:\/\/www.datxanh.vn\/Data\/Sites\/1\/media\/gioi-thieu\/dich-vu-gioi-thieu.jpg","contentUrl":"https:\/\/www.datxanh.vn\/Data\/Sites\/1\/media\/gioi-thieu\/dich-vu-gioi-thieu.jpg"},{"@type":"WebPage","@id":"https:\/\/giaodienwebsite.tgs.com.vn\/bds49\/gioi-thieu\/#webpage","url":"https:\/\/giaodienwebsite.tgs.com.vn\/bds49\/gioi-thieu\/","name":"Gi\u1edbi thi\u1ec7u - Chuy\u00ean trang b\u1ea5t \u0111\u1ed9ng s\u1ea3n","isPartOf":{"@id":"https:\/\/giaodienwebsite.tgs.com.vn\/bds49\/#website"},"primaryImageOfPage":{"@id":"https:\/\/giaodienwebsite.tgs.com.vn\/bds49\/gioi-thieu\/#primaryimage"},"datePublished":"2020-07-28T00:28:17+00:00","dateModified":"2020-10-27T12:31:40+00:00","breadcrumb":{"@id":"https:\/\/giaodienwebsite.tgs.com.vn\/bds49\/gioi-thieu\/#breadcrumb"},"inLanguage":"vi","potentialAction":[{"@type":"ReadAction","target":["https:\/\/giaodienwebsite.tgs.com.vn\/bds49\/gioi-thieu\/"]}]},{"@type":"BreadcrumbList","@id":"https:\/\/giaodienwebsite.tgs.com.vn\/bds49\/gioi-thieu\/#breadcrumb","itemListElement":[{"@type":"ListItem","position":1,"name":"Trang ch\u1ee7","item":"https:\/\/giaodienwebsite.tgs.com.vn\/bds49\/"},{"@type":"ListItem","position":2,"name":"Gi\u1edbi thi\u1ec7u"}]}]}},"_links":{"self":[{"href":"https:\/\/giaodienwebsite.tgs.com.vn\/bds49\/wp-json\/wp\/v2\/pages\/24"}],"collection":[{"href":"https:\/\/giaodienwebsite.tgs.com.vn\/bds49\/wp-json\/wp\/v2\/pages"}],"about":[{"href":"https:\/\/giaodienwebsite.tgs.com.vn\/bds49\/wp-json\/wp\/v2\/types\/page"}],"author":[{"embeddable":true,"href":"https:\/\/giaodienwebsite.tgs.com.vn\/bds49\/wp-json\/wp\/v2\/users\/2"}],"replies":[{"embeddable":true,"href":"https:\/\/giaodienwebsite.tgs.com.vn\/bds49\/wp-json\/wp\/v2\/comments?post=24"}],"version-history":[{"count":1,"href":"https:\/\/giaodienwebsite.tgs.com.vn\/bds49\/wp-json\/wp\/v2\/pages\/24\/revisions"}],"predecessor-version":[{"id":713,"href":"https:\/\/giaodienwebsite.tgs.com.vn\/bds49\/wp-json\/wp\/v2\/pages\/24\/revisions\/713"}],"wp:attachment":[{"href":"https:\/\/giaodienwebsite.tgs.com.vn\/bds49\/wp-json\/wp\/v2\/media?parent=24"}],"curies":[{"name":"wp","href":"https:\/\/api.w.org\/{rel}","templated":true}]}}