{"id":596,"date":"2021-09-20T13:48:00","date_gmt":"2021-09-20T06:48:00","guid":{"rendered":"https:\/\/truongphong.net\/?page_id=596"},"modified":"2022-04-16T10:19:49","modified_gmt":"2022-04-16T03:19:49","slug":"gioi-thieu","status":"publish","type":"page","link":"https:\/\/giaodienwebsite.tgs.com.vn\/agency1\/gioi-thieu\/","title":{"rendered":"Gi\u1edbi thi\u1ec7u"},"content":{"rendered":"\t<section class=\"section\" id=\"section_113821636\">\n\t\t<div class=\"bg section-bg fill bg-fill bg-loaded bg-loaded\" >\n\n\t\t\t\n\t\t\t\n\t\t\t\n\n\t\t<\/div>\n\n\t\t\n\n\t\t<div class=\"section-content relative\">\n\t\t\t\n<div class=\"row row-small\"  id=\"row-627097596\">\n\n\t<div id=\"col-1838412930\" class=\"col medium-6 small-12 large-6\"  >\n\t\t\t\t<div class=\"col-inner\"  >\n\t\t\t\n\t\t\t\n<h1 class=\"thin-font\" style=\"color: var(--primary-color);\">Gi\u1edbi thi\u1ec7u<\/h1>\n<h2>V\u1ec0 CH\u00daNG T\u00d4I<\/h2>\n<p>V\u01a1\u0301i \u0111\u00f4\u0323i ngu\u0303 nh\u00e2n l\u01b0\u0323c tre\u0309 trung &amp; tri\u0300nh \u0111\u00f4\u0323 cao v\u00ea\u0300 Digital Marketing thi\u0300 EDB Agency hoa\u0300n toa\u0300n co\u0301 th\u00ea\u0309 giu\u0301p doanh nghi\u00ea\u0323p cu\u0309a ba\u0323n pha\u0301t tri\u00ea\u0309n t\u01b0\u0300 th\u01b0\u01a1ng hi\u00ea\u0323u \u0111\u00ea\u0301n doanh thu.<\/p>\n\n\t\t<div class=\"icon-box featured-box mission_vision icon-box-left text-left\"  >\n\t\t\t\t\t<div class=\"icon-box-img\" style=\"width: 92px\">\n\t\t\t\t<div class=\"icon\">\n\t\t\t\t\t<div class=\"icon-inner\" >\n\t\t\t\t\t\t<img width=\"70\" height=\"70\" src=\"https:\/\/giaodienwebsite.tgs.com.vn\/agency1\/wp-content\/uploads\/2021\/09\/mission-cl.png\" class=\"attachment-medium size-medium\" alt=\"\" decoding=\"async\" loading=\"lazy\" \/>\t\t\t\t\t<\/div>\n\t\t\t\t<\/div>\n\t\t\t<\/div>\n\t\t\t\t<div class=\"icon-box-text last-reset\">\n\t\t\t\t\t\t\t\t\t\n<h3>S\u1ee8 M\u1ec6NH<\/h3>\n<p><span style=\"font-weight: 400;\">EDB Agency mong mu\u1ed1n g\u1eafn k\u1ebft c\u00e1c doanh nghi\u1ec7p v\u1edbi kh\u00e1ch h\u00e0ng c\u1ee7a h\u1ecd, \u0111\u1ed9i ng\u0169 Marketing s\u00e1ng t\u1ea1o c\u1ee7a ch\u00fang t\u00f4i gi\u00fap n\u00e2ng t\u1ea7m th\u01b0\u01a1ng hi\u00ea\u0323u cu\u0309a ba\u0323n.<\/span><\/p>\n\t\t<\/div>\n\t<\/div>\n\t\n\t\n\t<div id=\"gap-1568585216\" class=\"gap-element clearfix\" style=\"display:block; height:auto;\">\n\t\t\n<style>\n#gap-1568585216 {\n  padding-top: 30px;\n}\n<\/style>\n\t<\/div>\n\t\n\n\t\t<div class=\"icon-box featured-box mission_vision icon-box-left text-left\"  >\n\t\t\t\t\t<div class=\"icon-box-img\" style=\"width: 92px\">\n\t\t\t\t<div class=\"icon\">\n\t\t\t\t\t<div class=\"icon-inner\" >\n\t\t\t\t\t\t<img width=\"70\" height=\"70\" src=\"https:\/\/giaodienwebsite.tgs.com.vn\/agency1\/wp-content\/uploads\/2021\/09\/vision-cl.png\" class=\"attachment-medium size-medium\" alt=\"\" decoding=\"async\" loading=\"lazy\" \/>\t\t\t\t\t<\/div>\n\t\t\t\t<\/div>\n\t\t\t<\/div>\n\t\t\t\t<div class=\"icon-box-text last-reset\">\n\t\t\t\t\t\t\t\t\t\n<h3>T\u1ea6M NH\u00ccN<\/h3>\n<p><span style=\"font-weight: 400;\">EDB Agency h\u01b0\u1edbng \u0111\u1ebfn vi\u1ec7c tr\u1edf th\u00e0nh nh\u00e0 t\u01b0 v\u1ea5n v\u00e0 cung c\u1ea5p d\u1ecbch v\u1ee5 Online Marketing hi\u1ec7u qu\u1ea3 kh\u00f4ng ch\u1ec9 \u1edf Vi\u1ec7t Nam m\u00e0 c\u00f2n v\u01b0\u01a1n ra th\u1ebf gi\u1edbi.<\/span><\/p>\n\t\t<\/div>\n\t<\/div>\n\t\n\t\n\t<div id=\"gap-1612328105\" class=\"gap-element clearfix\" style=\"display:block; height:auto;\">\n\t\t\n<style>\n#gap-1612328105 {\n  padding-top: 30px;\n}\n<\/style>\n\t<\/div>\n\t\n<a href=\"https:\/\/truongphong.net\/dich-vu\/\" target=\"_self\" class=\"button primary is-large\"  style=\"border-radius:10px;\">\n    <span>D\u1ecbch v\u1ee5<\/span>\n  <\/a>\n\n\t\t<\/div>\n\t\t\t\t\n<style>\n#col-1838412930 > .col-inner {\n  padding: 0px 40px 0px 0px;\n}\n<\/style>\n\t<\/div>\n\n\t\n\n\t<div id=\"col-761495009\" class=\"col medium-6 small-12 large-6 small-col-first\"  >\n\t\t\t\t<div class=\"col-inner\"  >\n\t\t\t\n\t\t\t\n\n  <div class=\"banner has-hover\" id=\"banner-732391927\">\n          <div class=\"banner-inner fill\">\n        <div class=\"banner-bg fill\" >\n            <div class=\"bg fill bg-fill bg-loaded\"><\/div>\n                        <div class=\"overlay\"><\/div>            \n                    <\/div>\n\t\t\n        <div class=\"banner-layers container\">\n            <div class=\"fill banner-link\"><\/div>            \n        <\/div>\n      <\/div>\n\n            \n<style>\n#banner-732391927 {\n  padding-top: 79%;\n  background-color: rgb(255, 255, 255);\n}\n#banner-732391927 .bg.bg-loaded {\n  background-image: url(https:\/\/giaodienwebsite.tgs.com.vn\/agency1\/wp-content\/uploads\/2021\/09\/side-8n.jpg);\n}\n#banner-732391927 .overlay {\n  background-color: rgba(190, 190, 190, 0.2);\n}\n#banner-732391927 .ux-shape-divider--top svg {\n  height: 150px;\n  --divider-top-width: 100%;\n}\n#banner-732391927 .ux-shape-divider--bottom svg {\n  height: 150px;\n  --divider-width: 100%;\n}\n<\/style>\n  <\/div>\n\n\n\t\t<\/div>\n\t\t\t\t\t<\/div>\n\n\t\n<\/div>\n\t\t<\/div>\n\n\t\t\n<style>\n#section_113821636 {\n  padding-top: 30px;\n  padding-bottom: 30px;\n}\n#section_113821636 .ux-shape-divider--top svg {\n  height: 150px;\n  --divider-top-width: 100%;\n}\n#section_113821636 .ux-shape-divider--bottom svg {\n  height: 150px;\n  --divider-width: 100%;\n}\n<\/style>\n\t<\/section>\n\t\n\t<section class=\"section pb-0 has-parallax\" id=\"section_760503117\">\n\t\t<div class=\"bg section-bg fill bg-fill bg-loaded \" data-parallax-container=\".section\" data-parallax-background data-parallax=\"-10\">\n\n\t\t\t\n\t\t\t<div class=\"section-bg-overlay absolute fill\"><\/div>\n\t\t\t\n\n\t\t<\/div>\n\n\t\t\n\n\t\t<div class=\"section-content relative\">\n\t\t\t\n<div class=\"row row-large align-center\"  id=\"row-1420284903\">\n\n\t<div id=\"col-583837677\" class=\"col mh-col-contact small-12 large-12\"  >\n\t\t\t\t<div class=\"col-inner dark\"  >\n\t\t\t\n\t\t\t\n\t<div id=\"text-2498043322\" class=\"text mh-box-title\">\n\t\t\n<h2>Th\u00e0nh t\u1ef1u<\/h2>\n<p>V\u1edbi h\u00e0ng ng\u00e0n chi\u1ebfn d\u1ecbch \u0111\u01b0\u1ee3c tri\u1ec3n khai th\u00e0nh c\u00f4ng c\u00f9ng c\u00e1c doanh nghi\u1ec7p trong n\u01b0\u1edbc l\u1eabn qu\u1ed1c t\u1ebf,<br \/>\nh\u00e3y c\u00f9ng ch\u00fang t\u00f4i \u0111\u01b0a th\u01b0\u01a1ng hi\u1ec7u \u0111\u1ebfn g\u1ea7n h\u01a1n v\u1edbi kh\u00e1ch h\u00e0ng b\u1eaft \u0111\u1ea7u t\u1eeb gi\u1edd!<br \/>\n\t\t\n<style>\n#text-2498043322 {\n  font-size: 1.4rem;\n  text-align: center;\n}\n@media (min-width:850px) {\n  #text-2498043322 {\n    font-size: 1rem;\n  }\n}\n<\/style>\n\t<\/div>\n\t\n\t\t<\/div>\n\t\t\t\t\n<style>\n#col-583837677 > .col-inner {\n  padding: 20px 0px 20px 0px;\n}\n@media (min-width:850px) {\n  #col-583837677 > .col-inner {\n    padding: 70px 0px 15px 0px;\n  }\n}\n<\/style>\n\t<\/div>\n\n\t\n\n\t<div id=\"col-480526032\" class=\"col mh-col-exp medium-6 small-12 large-3\"  >\n\t\t\t\t<div class=\"col-inner text-center dark\"  >\n\t\t\t\n\t\t\t\n<h3>H\u1ee3p t\u00e1c v\u1edbi<\/h3>\n\r\n    <p class=\"count-exp\">\r\n        <span class=\"count-number count-up\">25<\/span>\r\n        <span>+<\/span>\r\n    <\/p>\r\n\r\n    \n<p>doanh nghi\u1ec7p trong n\u01b0\u1edbc v\u00e0 qu\u1ed1c t\u1ebf<\/p>\n\t\t<\/div>\n\t\t\t\t\t<\/div>\n\n\t\n\n\t<div id=\"col-1929963231\" class=\"col mh-col-exp medium-6 small-12 large-3\"  >\n\t\t\t\t<div class=\"col-inner text-center dark\"  >\n\t\t\t\n\t\t\t\n<h3>T\u0103ng trung b\u00ecnh<\/h3>\n\r\n    <p class=\"count-exp\">\r\n        <span class=\"count-number count-up\">55<\/span>\r\n        <span>%<\/span>\r\n    <\/p>\r\n\r\n    \n<p>\u0111\u1ed9 nh\u1eadn di\u1ec7n th\u01b0\u01a1ng hi\u1ec7u c\u1ee7a kh\u00e1ch h\u00e0ng tr\u00ean truy\u1ec1n th\u00f4ng<\/p>\n\t\t<\/div>\n\t\t\t\t\t<\/div>\n\n\t\n\n\t<div id=\"col-32561690\" class=\"col mh-col-exp medium-6 small-12 large-3\"  >\n\t\t\t\t<div class=\"col-inner text-center dark\"  >\n\t\t\t\n\t\t\t\n<h3>Chi ti\u00eau h\u01a1n<\/h3>\n\r\n    <p class=\"count-exp\">\r\n        <span class=\"count-number count-up\">300<\/span>\r\n        <span>+<\/span>\r\n    <\/p>\r\n\r\n    \n<p>chi\u1ebfn d\u1ecbch qu\u1ea3ng c\u00e1o tr\u00ean to\u00e0n c\u1ea7u<\/p>\n\t\t<\/div>\n\t\t\t\t\t<\/div>\n\n\t\n\n\t<div id=\"col-686067317\" class=\"col mh-col-exp medium-6 small-12 large-3\"  >\n\t\t\t\t<div class=\"col-inner text-center dark\"  >\n\t\t\t\n\t\t\t\n<h3>H\u1ed7 tr\u1ee3<\/h3>\n\r\n    <p class=\"count-exp\">\r\n        <span class=\"count-number count-up\">12<\/span>\r\n        <span>+<\/span>\r\n    <\/p>\r\n\r\n    \n<p>doanh nghi\u1ec7p t\u1eeb l\u00fac kh\u1edfi nghi\u1ec7p \u0111\u1ebfn khi ph\u00e1t tri\u1ec3n v\u1eefng ch\u1eafc<\/p>\n\t\t<\/div>\n\t\t\t\t\t<\/div>\n\n\t\n<\/div>\n\t\t<\/div>\n\n\t\t\n<style>\n#section_760503117 {\n  padding-top: 40px;\n  padding-bottom: 40px;\n}\n#section_760503117 .section-bg-overlay {\n  background-color: rgba(0, 0, 0, 0.6);\n}\n#section_760503117 .section-bg.bg-loaded {\n  background-image: url(https:\/\/giaodienwebsite.tgs.com.vn\/agency1\/wp-content\/uploads\/2021\/09\/bg-team.jpg);\n}\n#section_760503117 .ux-shape-divider--top svg {\n  height: 150px;\n  --divider-top-width: 100%;\n}\n#section_760503117 .ux-shape-divider--bottom svg {\n  height: 150px;\n  --divider-width: 100%;\n}\n@media (min-width:850px) {\n  #section_760503117 {\n    padding-top: 0px;\n    padding-bottom: 0px;\n  }\n}\n<\/style>\n\t<\/section>\n\t\n\t<section class=\"section bf-round\" id=\"section_1964964345\">\n\t\t<div class=\"bg section-bg fill bg-fill bg-loaded bg-loaded\" >\n\n\t\t\t\n\t\t\t\n\t\t\t\n\n\t\t<\/div>\n\n\t\t\n\n\t\t<div class=\"section-content relative\">\n\t\t\t\n<div class=\"row row-small\"  id=\"row-1218750037\">\n\n\t<div id=\"col-1824011344\" class=\"col small-12 large-12\"  >\n\t\t\t\t<div class=\"col-inner\"  >\n\t\t\t\n\t\t\t\n\t<div id=\"text-1236105144\" class=\"text\">\n\t\t\n<h2 class=\"thin-font\" style=\"color: var(--primary-color);\">\u0110\u1ed9i ng\u0169 chuy\u00ean gia<\/h2>\n<h3><span style=\"font-size: 130%;\">Ch\u00fang t\u00f4i \u1edf \u0111\u00e2y, \u0111\u1ed3ng h\u00e0nh c\u00f9ng doanh nghi\u1ec7p b\u1ea1n!<\/span><\/h3>\n\t\t\n<style>\n#text-1236105144 {\n  text-align: center;\n}\n<\/style>\n\t<\/div>\n\t\n<div class=\"row row-small team_members\"  id=\"row-568734518\">\n\n\t<div id=\"col-1463252156\" class=\"col medium-4 small-12 large-4\"  >\n\t\t\t\t<div class=\"col-inner\"  >\n\t\t\t\n\t\t\t\n    <div class=\"box has-hover has-hover box-default box-text-bottom\" >\n\n                  <div class=\"box-image \" >\n           <div class=\"box-image-inner image-cover\" style=\"padding-top:115%;\">\n              <img width=\"1000\" height=\"1000\" src=\"https:\/\/giaodienwebsite.tgs.com.vn\/agency1\/wp-content\/uploads\/2022\/03\/99138939_1108053212927297_5735880904857878528_n-4.jpg\" class=\"attachment-large size-large\" alt=\"\" decoding=\"async\" loading=\"lazy\" srcset=\"https:\/\/giaodienwebsite.tgs.com.vn\/agency1\/wp-content\/uploads\/2022\/03\/99138939_1108053212927297_5735880904857878528_n-4.jpg 1000w, https:\/\/giaodienwebsite.tgs.com.vn\/agency1\/wp-content\/uploads\/2022\/03\/99138939_1108053212927297_5735880904857878528_n-4-350x350.jpg 350w, https:\/\/giaodienwebsite.tgs.com.vn\/agency1\/wp-content\/uploads\/2022\/03\/99138939_1108053212927297_5735880904857878528_n-4-150x150.jpg 150w, https:\/\/giaodienwebsite.tgs.com.vn\/agency1\/wp-content\/uploads\/2022\/03\/99138939_1108053212927297_5735880904857878528_n-4-768x768.jpg 768w\" sizes=\"(max-width: 1000px) 100vw, 1000px\" \/>                         <\/div>\n          <\/div>\n         \n          <div class=\"box-text text-center\" >\n                <div class=\"box-text-inner\">\n                  <h3 class=\"uppercase\">\n                    <span class=\"person-name\">YOKI C\u01af\u01a0\u0300NG<\/span><br\/>\n                    <span class=\"person-title is-small thin-font op-7\">\n                      founder                    <\/span>\n                  <\/h3>\n                                  \n                <\/div>\n          <\/div>\n    <\/div>\n\n    \n    \n\t\t<\/div>\n\t\t\t\t\t<\/div>\n\n\t\n\n\t<div id=\"col-1047505558\" class=\"col medium-4 small-12 large-4\"  >\n\t\t\t\t<div class=\"col-inner\"  >\n\t\t\t\n\t\t\t\n    <div class=\"box has-hover has-hover box-default box-text-bottom\" >\n\n                  <div class=\"box-image \" >\n           <div class=\"box-image-inner image-cover\" style=\"padding-top:115%;\">\n              <img width=\"1536\" height=\"2048\" src=\"https:\/\/giaodienwebsite.tgs.com.vn\/agency1\/wp-content\/uploads\/2022\/04\/daidien.jpg\" class=\"attachment-large size-large\" alt=\"V\u0169 Ho\u00e0ng Long\" decoding=\"async\" loading=\"lazy\" srcset=\"https:\/\/giaodienwebsite.tgs.com.vn\/agency1\/wp-content\/uploads\/2022\/04\/daidien.jpg 1536w, https:\/\/giaodienwebsite.tgs.com.vn\/agency1\/wp-content\/uploads\/2022\/04\/daidien-263x350.jpg 263w, https:\/\/giaodienwebsite.tgs.com.vn\/agency1\/wp-content\/uploads\/2022\/04\/daidien-768x1024.jpg 768w, https:\/\/giaodienwebsite.tgs.com.vn\/agency1\/wp-content\/uploads\/2022\/04\/daidien-1152x1536.jpg 1152w\" sizes=\"(max-width: 1536px) 100vw, 1536px\" \/>                         <\/div>\n          <\/div>\n         \n          <div class=\"box-text text-center\" >\n                <div class=\"box-text-inner\">\n                  <h3 class=\"uppercase\">\n                    <span class=\"person-name\">HO\u00c0NG LONG<\/span><br\/>\n                    <span class=\"person-title is-small thin-font op-7\">\n                      Co - Founder                    <\/span>\n                  <\/h3>\n                                  \n                <\/div>\n          <\/div>\n    <\/div>\n\n    \n    \n\t\t<\/div>\n\t\t\t\t\t<\/div>\n\n\t\n\n\t<div id=\"col-1648849643\" class=\"col medium-4 small-12 large-4\"  >\n\t\t\t\t<div class=\"col-inner\"  >\n\t\t\t\n\t\t\t\n    <div class=\"box has-hover has-hover box-default box-text-bottom\" >\n\n                  <div class=\"box-image \" >\n           <div class=\"box-image-inner image-cover\" style=\"padding-top:115%;\">\n              <img width=\"1808\" height=\"1808\" src=\"https:\/\/giaodienwebsite.tgs.com.vn\/agency1\/wp-content\/uploads\/2022\/04\/d75c5988-007c-4e95-ba02-ae9bcf7de722.jpg\" class=\"attachment-large size-large\" alt=\"\" decoding=\"async\" loading=\"lazy\" srcset=\"https:\/\/giaodienwebsite.tgs.com.vn\/agency1\/wp-content\/uploads\/2022\/04\/d75c5988-007c-4e95-ba02-ae9bcf7de722.jpg 1808w, https:\/\/giaodienwebsite.tgs.com.vn\/agency1\/wp-content\/uploads\/2022\/04\/d75c5988-007c-4e95-ba02-ae9bcf7de722-350x350.jpg 350w, https:\/\/giaodienwebsite.tgs.com.vn\/agency1\/wp-content\/uploads\/2022\/04\/d75c5988-007c-4e95-ba02-ae9bcf7de722-150x150.jpg 150w, https:\/\/giaodienwebsite.tgs.com.vn\/agency1\/wp-content\/uploads\/2022\/04\/d75c5988-007c-4e95-ba02-ae9bcf7de722-768x768.jpg 768w, https:\/\/giaodienwebsite.tgs.com.vn\/agency1\/wp-content\/uploads\/2022\/04\/d75c5988-007c-4e95-ba02-ae9bcf7de722-1536x1536.jpg 1536w\" sizes=\"(max-width: 1808px) 100vw, 1808px\" \/>                         <\/div>\n          <\/div>\n         \n          <div class=\"box-text text-center\" >\n                <div class=\"box-text-inner\">\n                  <h3 class=\"uppercase\">\n                    <span class=\"person-name\">LAN ANH<\/span><br\/>\n                    <span class=\"person-title is-small thin-font op-7\">\n                      CTO                    <\/span>\n                  <\/h3>\n                                  \n                <\/div>\n          <\/div>\n    <\/div>\n\n    \n    \n\t\t<\/div>\n\t\t\t\t\t<\/div>\n\n\t\n\n\t<div id=\"col-1870596968\" class=\"col medium-4 small-12 large-4\"  >\n\t\t\t\t<div class=\"col-inner\"  >\n\t\t\t\n\t\t\t\n    <div class=\"box has-hover has-hover box-default box-text-bottom\" >\n\n                  <div class=\"box-image \" >\n           <div class=\"box-image-inner image-cover\" style=\"padding-top:115%;\">\n              <img width=\"1242\" height=\"2192\" src=\"https:\/\/giaodienwebsite.tgs.com.vn\/agency1\/wp-content\/uploads\/2022\/04\/30094e07-5c3c-4131-8e8a-373fed9d42eb.jpg\" class=\"attachment-large size-large\" alt=\"\" decoding=\"async\" loading=\"lazy\" srcset=\"https:\/\/giaodienwebsite.tgs.com.vn\/agency1\/wp-content\/uploads\/2022\/04\/30094e07-5c3c-4131-8e8a-373fed9d42eb.jpg 1242w, https:\/\/giaodienwebsite.tgs.com.vn\/agency1\/wp-content\/uploads\/2022\/04\/30094e07-5c3c-4131-8e8a-373fed9d42eb-198x350.jpg 198w, https:\/\/giaodienwebsite.tgs.com.vn\/agency1\/wp-content\/uploads\/2022\/04\/30094e07-5c3c-4131-8e8a-373fed9d42eb-768x1355.jpg 768w, https:\/\/giaodienwebsite.tgs.com.vn\/agency1\/wp-content\/uploads\/2022\/04\/30094e07-5c3c-4131-8e8a-373fed9d42eb-870x1536.jpg 870w, https:\/\/giaodienwebsite.tgs.com.vn\/agency1\/wp-content\/uploads\/2022\/04\/30094e07-5c3c-4131-8e8a-373fed9d42eb-1160x2048.jpg 1160w\" sizes=\"(max-width: 1242px) 100vw, 1242px\" \/>                         <\/div>\n          <\/div>\n         \n          <div class=\"box-text text-center\" >\n                <div class=\"box-text-inner\">\n                  <h3 class=\"uppercase\">\n                    <span class=\"person-name\">NGO\u0323C TI\u00caN<\/span><br\/>\n                    <span class=\"person-title is-small thin-font op-7\">\n                      ACCOUNT MANAGER                    <\/span>\n                  <\/h3>\n                                  \n                <\/div>\n          <\/div>\n    <\/div>\n\n    \n    \n\t\t<\/div>\n\t\t\t\t\t<\/div>\n\n\t\n\n\t<div id=\"col-1126952012\" class=\"col medium-4 small-12 large-4\"  >\n\t\t\t\t<div class=\"col-inner\"  >\n\t\t\t\n\t\t\t\n    <div class=\"box has-hover has-hover box-default box-text-bottom\" >\n\n                  <div class=\"box-image \" >\n           <div class=\"box-image-inner image-cover\" style=\"padding-top:115%;\">\n              <img width=\"1242\" height=\"2208\" src=\"https:\/\/giaodienwebsite.tgs.com.vn\/agency1\/wp-content\/uploads\/2022\/04\/d03f9018-e069-44f5-9a2e-fa13d487e7a6.jpg\" class=\"attachment-large size-large\" alt=\"\" decoding=\"async\" loading=\"lazy\" srcset=\"https:\/\/giaodienwebsite.tgs.com.vn\/agency1\/wp-content\/uploads\/2022\/04\/d03f9018-e069-44f5-9a2e-fa13d487e7a6.jpg 1242w, https:\/\/giaodienwebsite.tgs.com.vn\/agency1\/wp-content\/uploads\/2022\/04\/d03f9018-e069-44f5-9a2e-fa13d487e7a6-197x350.jpg 197w, https:\/\/giaodienwebsite.tgs.com.vn\/agency1\/wp-content\/uploads\/2022\/04\/d03f9018-e069-44f5-9a2e-fa13d487e7a6-768x1365.jpg 768w, https:\/\/giaodienwebsite.tgs.com.vn\/agency1\/wp-content\/uploads\/2022\/04\/d03f9018-e069-44f5-9a2e-fa13d487e7a6-864x1536.jpg 864w, https:\/\/giaodienwebsite.tgs.com.vn\/agency1\/wp-content\/uploads\/2022\/04\/d03f9018-e069-44f5-9a2e-fa13d487e7a6-1152x2048.jpg 1152w\" sizes=\"(max-width: 1242px) 100vw, 1242px\" \/>                         <\/div>\n          <\/div>\n         \n          <div class=\"box-text text-center\" >\n                <div class=\"box-text-inner\">\n                  <h3 class=\"uppercase\">\n                    <span class=\"person-name\">TU\u00ca\u0323 L\u00c2M<\/span><br\/>\n                    <span class=\"person-title is-small thin-font op-7\">\n                      cOMMUNICATIONS                    <\/span>\n                  <\/h3>\n                                  \n                <\/div>\n          <\/div>\n    <\/div>\n\n    \n    \n\t\t<\/div>\n\t\t\t\t\t<\/div>\n\n\t\n\n\t<div id=\"col-423043761\" class=\"col medium-4 small-12 large-4\"  >\n\t\t\t\t<div class=\"col-inner\"  >\n\t\t\t\n\t\t\t\n    <div class=\"box has-hover has-hover box-default box-text-bottom\" >\n\n                  <div class=\"box-image \" >\n           <div class=\"box-image-inner image-cover\" style=\"padding-top:115%;\">\n              <img width=\"960\" height=\"1280\" src=\"https:\/\/giaodienwebsite.tgs.com.vn\/agency1\/wp-content\/uploads\/2022\/04\/a73885b6-80e3-4121-b206-840b477cc6e1.jpg\" class=\"attachment-large size-large\" alt=\"\" decoding=\"async\" loading=\"lazy\" srcset=\"https:\/\/giaodienwebsite.tgs.com.vn\/agency1\/wp-content\/uploads\/2022\/04\/a73885b6-80e3-4121-b206-840b477cc6e1.jpg 960w, https:\/\/giaodienwebsite.tgs.com.vn\/agency1\/wp-content\/uploads\/2022\/04\/a73885b6-80e3-4121-b206-840b477cc6e1-263x350.jpg 263w, https:\/\/giaodienwebsite.tgs.com.vn\/agency1\/wp-content\/uploads\/2022\/04\/a73885b6-80e3-4121-b206-840b477cc6e1-768x1024.jpg 768w\" sizes=\"(max-width: 960px) 100vw, 960px\" \/>                         <\/div>\n          <\/div>\n         \n          <div class=\"box-text text-center\" >\n                <div class=\"box-text-inner\">\n                  <h3 class=\"uppercase\">\n                    <span class=\"person-name\">\u0110\u01af\u0301C TR\u01af\u01a0\u0300NG<\/span><br\/>\n                    <span class=\"person-title is-small thin-font op-7\">\n                      cOMMUNICATIONS                    <\/span>\n                  <\/h3>\n                                  \n                <\/div>\n          <\/div>\n    <\/div>\n\n    \n    \n\t\t<\/div>\n\t\t\t\t\t<\/div>\n\n\t\n<\/div>\n\t\t<\/div>\n\t\t\t\t\t<\/div>\n\n\t\n<\/div>\n\t\t<\/div>\n\n\t\t\n<style>\n#section_1964964345 {\n  padding-top: 48px;\n  padding-bottom: 48px;\n}\n#section_1964964345 .ux-shape-divider--top svg {\n  height: 150px;\n  --divider-top-width: 100%;\n}\n#section_1964964345 .ux-shape-divider--bottom svg {\n  height: 150px;\n  --divider-width: 100%;\n}\n<\/style>\n\t<\/section>\n\t\n","protected":false},"excerpt":{"rendered":"","protected":false},"author":3,"featured_media":0,"parent":0,"menu_order":0,"comment_status":"closed","ping_status":"closed","template":"page-blank.php","meta":[],"_links":{"self":[{"href":"https:\/\/giaodienwebsite.tgs.com.vn\/agency1\/wp-json\/wp\/v2\/pages\/596"}],"collection":[{"href":"https:\/\/giaodienwebsite.tgs.com.vn\/agency1\/wp-json\/wp\/v2\/pages"}],"about":[{"href":"https:\/\/giaodienwebsite.tgs.com.vn\/agency1\/wp-json\/wp\/v2\/types\/page"}],"author":[{"embeddable":true,"href":"https:\/\/giaodienwebsite.tgs.com.vn\/agency1\/wp-json\/wp\/v2\/users\/3"}],"replies":[{"embeddable":true,"href":"https:\/\/giaodienwebsite.tgs.com.vn\/agency1\/wp-json\/wp\/v2\/comments?post=596"}],"version-history":[{"count":0,"href":"https:\/\/giaodienwebsite.tgs.com.vn\/agency1\/wp-json\/wp\/v2\/pages\/596\/revisions"}],"wp:attachment":[{"href":"https:\/\/giaodienwebsite.tgs.com.vn\/agency1\/wp-json\/wp\/v2\/media?parent=596"}],"curies":[{"name":"wp","href":"https:\/\/api.w.org\/{rel}","templated":true}]}}