{"id":2095,"date":"2022-12-13T01:16:53","date_gmt":"2022-12-12T18:16:53","guid":{"rendered":"https:\/\/agency.themevivu.net\/?page_id=2095"},"modified":"2022-12-13T01:31:11","modified_gmt":"2022-12-12T18:31:11","slug":"nganh-vat-lieu-xay-dung","status":"publish","type":"page","link":"https:\/\/giaodienwebsite.tgs.com.vn\/agency\/case-study\/nganh-vat-lieu-xay-dung\/","title":{"rendered":"Ng\u00e0nh v\u1eadt li\u1ec7u x\u00e2y d\u1ef1ng"},"content":{"rendered":"\t<section class=\"section gioi-thieu-section dark\" id=\"section_1424346168\">\n\t\t<div class=\"bg section-bg fill bg-fill  \" >\n\n\t\t\t\n\t\t\t\n\t\t\t\n\n\t\t<\/div>\n\n\t\t\n\n\t\t<div class=\"section-content relative\">\n\t\t\t\n<div class=\"row\" style=\"max-width:900px\" id=\"row-228934829\">\n\n\t<div id=\"col-339642027\" class=\"col small-12 large-12\"  >\n\t\t\t\t<div class=\"col-inner text-center\"  >\n\t\t\t\n\t\t\t\n<h1 style=\"text-align: center;\"><span style=\"font-size: 150%;\">Ng\u00e0nh v\u1eadt li\u1ec7u x\u00e2y d\u1ef1ng<\/span><\/h1>\n<p style=\"text-align: center;\"><span style=\"font-size: 110%;\">\u0110\u01b0\u1ee3c tin t\u01b0\u1edfng b\u1edfi 1000+ doanh nghi\u1ec7p v\u1eeba v\u00e0 l\u1edbn t\u1eeb 300+ ng\u00e0nh ngh\u1ec1 kh\u00e1c nhau<\/span><\/p>\n<a class=\"button primary is-large\"  style=\"border-radius:99px;\">\n    <span>CASE STUDY SEO<\/span>\n  <\/a>\n\n\t\t<\/div>\n\t\t\t\t\t<\/div>\n\n\t\n<\/div>\n\t\t<\/div>\n\n\t\t\n<style>\n#section_1424346168 {\n  padding-top: 100px;\n  padding-bottom: 100px;\n  background-color: rgb(255, 255, 255);\n}\n#section_1424346168 .section-bg.bg-loaded {\n  background-image: url(https:\/\/giaodienwebsite.tgs.com.vn\/agency\/wp-content\/uploads\/2022\/12\/bg-page.png);\n}\n#section_1424346168 .ux-shape-divider--top svg {\n  height: 150px;\n  --divider-top-width: 100%;\n}\n#section_1424346168 .ux-shape-divider--bottom svg {\n  height: 150px;\n  --divider-width: 100%;\n}\n<\/style>\n\t<\/section>\n\t\n\t<section class=\"section case-section case2\" id=\"section_1992805867\">\n\t\t<div class=\"bg section-bg fill bg-fill  bg-loaded\" >\n\n\t\t\t\n\t\t\t\n\t\t\t\n\n\t\t<\/div>\n\n\t\t\n\n\t\t<div class=\"section-content relative\">\n\t\t\t\n<div class=\"row row-small\" style=\"max-width:800px\" id=\"row-1811942667\">\n\n\t<div id=\"col-351355187\" class=\"col medium-4 small-12 large-4\"  >\n\t\t\t\t<div class=\"col-inner\"  >\n\t\t\t\n\t\t\t\n<p style=\"text-align: center;\"><span style=\"font-size: 200%; color: #0000d1;\"><strong>91%<\/strong><\/span><br \/>t\u1eeb kh\u00f3a \u0111\u1ea1t TOP 3<\/p>\n\t\t<\/div>\n\t\t\t\t\t<\/div>\n\n\t\n\n\t<div id=\"col-697743898\" class=\"col medium-4 small-12 large-4\"  >\n\t\t\t\t<div class=\"col-inner\"  >\n\t\t\t\n\t\t\t\n<p style=\"text-align: center;\"><span style=\"font-size: 200%; color: #0000d1;\"><strong>37.500<\/strong><\/span><br \/>Organic traffic<\/p>\n\t\t<\/div>\n\t\t\t\t\t<\/div>\n\n\t\n\n\t<div id=\"col-642416508\" class=\"col cot3 medium-4 small-12 large-4\"  >\n\t\t\t\t<div class=\"col-inner\"  >\n\t\t\t\n\t\t\t\n<p style=\"text-align: center;\"><span style=\"font-size: 160%; color: #0000d1;\"><strong>200 chuy\u1ec3n \u0111\u1ed5i\/th\u00e1ng<\/strong><\/span><br \/>T\u1eeb Organic Traffic<\/p>\n\t\t<\/div>\n\t\t\t\t\t<\/div>\n\n\t\n<\/div>\n\t\t<\/div>\n\n\t\t\n<style>\n#section_1992805867 {\n  padding-top: 0px;\n  padding-bottom: 0px;\n}\n#section_1992805867 .ux-shape-divider--top svg {\n  height: 150px;\n  --divider-top-width: 100%;\n}\n#section_1992805867 .ux-shape-divider--bottom svg {\n  height: 150px;\n  --divider-width: 100%;\n}\n<\/style>\n\t<\/section>\n\t\n\t<section class=\"section chi-tiet-case\" id=\"section_874768428\">\n\t\t<div class=\"bg section-bg fill bg-fill  bg-loaded\" >\n\n\t\t\t\n\t\t\t\n\t\t\t\n\n\t\t<\/div>\n\n\t\t\n\n\t\t<div class=\"section-content relative\">\n\t\t\t\n<div class=\"row\" style=\"max-width:900px\" id=\"row-3680939\">\n\n\t<div id=\"col-1930880636\" class=\"col small-12 large-12\"  >\n\t\t\t\t<div class=\"col-inner\"  >\n\t\t\t\n\t\t\t\n<h2>Th\u00f4ng tin chung v\u1ec1 doanh nghi\u1ec7p<\/h2>\n<p>V*** l\u00e0 m\u1ed9t trong nh\u1eefng c\u00f4ng ty ti\u00ean phong trong l\u0129nh v\u1ef1c\u00a0s\u1ea3n xu\u1ea5t \u0111\u00e1 th\u1ea1ch anh\u00a0t\u1ea1i khu v\u1ef1c ch\u00e2u \u00c1.<\/p>\n<p>H\u1ecd x\u00e2y d\u1ef1ng t\u1ea7m nh\u00ecn tr\u1edf th\u00e0nh top 3 th\u01b0\u01a1ng hi\u1ec7u \u0111\u00e1 th\u1ea1ch anh b\u1eb1ng vi\u1ec7c kh\u00f4ng ng\u1eebng c\u1ea3i ti\u1ebfn v\u00e0 \u00e1p d\u1ee5ng c\u00f4ng ngh\u1ec7 m\u1edbi, v\u1eadt li\u1ec7u m\u1edbi \u0111\u1ec3 t\u1ea1o ra nh\u1eefng s\u1ea3n ph\u1ea9m \u0111\u00e1 th\u1ea1ch anh gi\u00e0u t\u00ednh ngh\u1ec7 thu\u1eadt, \u0111\u1ed9c \u0111\u00e1o v\u00e0 truy\u1ec1n c\u1ea3m h\u1ee9ng cho m\u1ecdi \u0111\u1ed1i t\u01b0\u1ee3ng. Nh\u1edd \u0111\u00f3 V***** \u0111\u00e3 c\u00f3 h\u1ec7 th\u1ed1ng ph\u00e2n ph\u1ed1i tr\u00ean kh\u1eafp 5 ch\u00e2u.<\/p>\n<h2>Th\u00e1ch th\u1ee9c \u0111\u1ed1i v\u1edbi mong mu\u1ed1n c\u1ee7a kh\u00e1ch h\u00e0ng<\/h2>\n<p>\u0110\u1ed1i v\u1edbi s\u1ea3n ph\u1ea9m \u0111\u00e1 th\u1ea1ch anh, th\u00ec ngu\u1ed3n h\u00e0ng ch\u00ednh v\u00e0 \u01b0a th\u00edch c\u1ee7a c\u00e1c \u0111\u1ea1i l\u00fd t\u1ea1i Vi\u1ec7t Nam v\u1eabn l\u00e0 ngu\u1ed3n h\u00e0ng Trung Qu\u1ed1c gi\u00e1 r\u1ebb. D\u00f9 V***** kh\u00e1 c\u00f3 ti\u1ebfng tr\u00ean c\u1ea3 th\u1ecb tr\u01b0\u1eddng, nh\u01b0ng do gi\u00e1 th\u00e0nh cao n\u00ean v\u1eabn v\u1ea5p ph\u1ea3i nhi\u1ec1u kh\u00f3 kh\u0103n khi c\u1ea1nh tranh t\u1ea1i Vi\u1ec7t Nam.<\/p>\n<p>V\u1eady n\u00ean m\u1ee5c ti\u00eau tr\u01b0\u1edbc m\u1eaft c\u1ee7a h\u1ecd l\u00e0 \u0111\u1ec3\u00a0t\u0103ng nh\u1eadn di\u1ec7n th\u01b0\u01a1ng hi\u1ec7u c\u1ee7a m\u00ecnh\u00a0&#8211; \u0111\u00e1 th\u1ea1ch anh cao c\u1ea5p s\u1ed1 1 t\u1ea1i Vi\u1ec7t Nam.<\/p>\n<p>\u0110\u1ec3 gi\u1ea3i quy\u1ebft b\u00e0i to\u00e1n n\u00e0y, doanh nghi\u1ec7p \u0111\u00e3 kh\u00f4ng ng\u1ea7n ng\u1ea1i chi m\u1ea1nh tay cho c\u00e1c chi\u1ebfn d\u1ecbch truy\u1ec1n th\u00f4ng nh\u01b0 book b\u00e1o ch\u00ed, t\u00e0i tr\u1ee3 truy\u1ec1n h\u00ecnh, l\u00e0m qu\u1ea3ng c\u00e1o TVC, \u0111\u1ebfn c\u00e1c h\u00ecnh th\u1ee9c Digital Marketing ph\u1ed5 bi\u1ebfn nh\u01b0 GoogleAds, SEO, Wifi marketing,v.v<\/p>\n<p>Tuy nhi\u00ean khi t\u1ef1 tri\u1ec3n khai ho\u1ea1t \u0111\u1ed9ng SEO, doanh nghi\u1ec7p l\u1ea1i kh\u00f4ng \u0111\u1ea1t \u0111\u01b0\u1ee3c hi\u1ec7u qu\u1ea3 nh\u01b0 mong mu\u1ed1n.<\/p>\n<p>Ch\u00ednh v\u00ec v\u1eady \u0111\u1ec3 ti\u1ebft ki\u1ec7m th\u1eddi gian, c\u00f4ng s\u1ee9c v\u00e0 ti\u1ec1n b\u1ea1c, doanh nghi\u1ec7p \u0111\u00e3 h\u1ee3p t\u00e1c v\u1edbi SEONGON trong ho\u1ea1t \u0111\u1ed9ng SEO \u0111\u1ec3 c\u00f3 \u0111\u01b0\u1ee3c hi\u1ec7u qu\u1ea3 nh\u01b0 mong mu\u1ed1n.<\/p>\n<h2>Ph\u00e2n t\u00edch v\u1ea5n \u0111\u1ec1 v\u00e0 gi\u1ea3i ph\u00e1p c\u1ee7a ch\u00fang t\u00f4i<\/h2>\n<p>Khi \u0111i s\u00e2u nghi\u00ean c\u1ee9u v\u00e0o doanh nghi\u1ec7p, th\u1ecb tr\u01b0\u1eddng c\u00f9ng c\u00e1c \u0111\u1ed1i th\u1ee7 c\u1ea1nh tranh, SEONGON \u0111\u00e3 th\u1ea5y \u0111\u01b0\u1ee3c 1 s\u1ed1 l\u00fd do t\u1ea1i sao doanh nghi\u1ec7p l\u00e0m SEO ch\u01b0a hi\u1ec7u qu\u1ea3:<\/p>\n<h3>1. C\u00e1ch l\u00e0m SEO c\u1ee7a doanh nghi\u1ec7p tr\u01b0\u1edbc \u0111\u00e2y d\u1ef1a nhi\u1ec1u v\u00e0o ph\u01b0\u01a1ng ph\u00e1p backlink.<\/h3>\n<p>V***** \u0111\u00e3 mua r\u1ea5t nhi\u1ec1u c\u00e1c site v\u1ec7 tinh \u0111\u1ec3 \u0111\u1eb7t backlink v\u1ec1 website c\u1ee7a m\u00ecnh, r\u1ea5t d\u1ec5 th\u1ea5y s\u1ed1 l\u01b0\u1ee3ng backlink c\u1ee7a doanh nghi\u1ec7p kh\u00e1 cao so v\u1edbi c\u00e1c \u0111\u1ed1i th\u1ee7 c\u00f9ng ng\u00e0nh v\u00e0 c\u00f3 xu h\u01b0\u1edbng gia t\u0103ng<\/p>\n<p>Nh\u01b0ng nh\u01b0 k\u1ebft qu\u1ea3 \u0111\u00e3 th\u1ea5y, ph\u01b0\u01a1ng ph\u00e1p SEO n\u00e0y c\u1ee7a h\u1ecd kh\u00f4ng c\u00f3 hi\u1ec7u qu\u1ea3. SEO ch\u1ec9 b\u1eb1ng backlink l\u00e0 m\u1ed9t ph\u01b0\u01a1ng ph\u00e1p SEO r\u1ea5t kh\u00f4ng b\u1ec1n v\u1eefng.<\/p>\n<p>B\u1ea3n th\u00e2n Google c\u0169ng \u0111\u00e3 ra h\u1eb3n 1 thu\u1eadt to\u00e1n mang t\u00ean Penguin \u0111\u1ec3 tr\u1eebng ph\u1ea1t nh\u1eefng site c\u1ed1 t\u00ecnh x\u00e2y d\u1ef1ng backlink m\u1ed9t c\u00e1ch kh\u00f4ng t\u1ef1 nhi\u00ean (Kh\u00f4ng \u0111\u1ebfn t\u1eeb ng\u01b0\u1eddi d\u00f9ng, t\u1eeb review th\u1eadt m\u00e0 s\u1eed d\u1ee5ng c\u00e1c ph\u01b0\u01a1ng ph\u00e1p SEO m\u0169 \u0111en khi\u1ebfn l\u01b0\u1ee3ng backlink t\u0103ng \u0111\u1ed9t bi\u1ebfn trong 1 th\u1eddi gian ng\u1eafn).\u00a0<\/p>\n<h3>2. C\u00e1c key th\u01b0\u01a1ng hi\u1ec7u d\u00f9 l\u00ean Top nh\u01b0ng l\u00ean kh\u00f4ng \u0111\u00fang trang \u0111\u00edch<\/h3>\n<p>C\u00e1c key th\u01b0\u01a1ng hi\u1ec7u nh\u01b0 \u201cm\u1eb7t b\u00e0n b\u1ebfp\u00a0X\u201d , \u201c\u0111\u00e1 X\u201d, v.v d\u00f9 kh\u00f4ng kh\u00f3 \u0111\u1ec3 doanh nghi\u1ec7p c\u00f3 th\u1ec3 l\u00ean Top 1 nh\u01b0ng ch\u00fang \u0111\u1ec1u l\u00ean Top kh\u00f4ng \u0111\u00fang trang \u0111\u00edch.<\/p>\n<p>Vi\u1ec7c n\u00e0y kh\u00f4ng ch\u1ec9 l\u00e0m l\u00e3ng ph\u00ed c\u00f4ng s\u1ee9c l\u00e0m SEO c\u1ee7a doanh nghi\u1ec7p m\u00e0 c\u00f2n kh\u00f4ng th\u1ec3 tr\u1ea3 l\u1eddi \u0111\u01b0\u1ee3c \u0111\u00fang \u00fd \u0111\u1ecbnh t\u00ecm ki\u1ebfm (search intent) c\u1ee7a ng\u01b0\u1eddi d\u00f9ng. \u0110i\u1ec1u n\u00e0y s\u1ebd d\u1eabn t\u1edbi vi\u1ec7c l\u00e0m gi\u1ea3m tr\u1ea3i nghi\u1ec7m c\u1ee7a ng\u01b0\u1eddi d\u00f9ng tr\u00ean site.<\/p>\n<h3>3. Website ch\u01b0a \u0111\u01b0\u1ee3c t\u1ed1i \u01b0u v\u1ec1 ONPAGE<\/h3>\n<p>D\u1ec5 d\u00e0ng nh\u1eadn th\u1ea5y, m\u1ed9t s\u1ed1 v\u1ea5n \u0111\u1ec1 v\u1ec1 Onpage c\u1ee7a doanh nghi\u1ec7p l\u00fac \u0111\u1ea5y ho\u00e0n to\u00e0n ch\u01b0a \u0111\u01b0\u1ee3c t\u1ed1i \u01b0u, khi\u1ebfn vi\u1ec7c l\u00e0m SEO tr\u1edf n\u00ean kh\u00f3 kh\u0103n h\u01a1n:<\/p>\n<ul>\n<li>\nNhi\u1ec1u th\u1ebb meta tr\u00ean c\u00e1c danh m\u1ee5c s\u1ea3n ph\u1ea9m c\u00f2n thi\u1ebf\n<\/li>\n<li>\nTh\u1ebb URL ch\u01b0a t\u1ed1i \u01b0u\n<\/li>\n<li>\nC\u1ea5u tr\u00fac website ch\u01b0a chu\u1ea9n SEO, kh\u00f4ng c\u00f3 m\u1ee5c \u0111\u0103ng th\u00f4ng tin cho content SEO>\n<\/li>\n<li>\nThi\u1ebft k\u1ebf trang hi\u1ec7n ch\u1ec9 ph\u1ee5c v\u1ee5 show h\u00ecnh \u1ea3nh, th\u00f4ng tin c\u1ee7a s\u1ea3n ph\u1ea9m ch\u1ee9 kh\u00f4ng cung c\u1ea5p th\u00f4ng tin kh\u00e1ch quan cho ng\u01b0\u1eddi d\u00f9ng.\n<\/li>\n<li>\nT\u1ed1c \u0111\u1ed9 tr\u00ean trang c\u00f2n t\u01b0\u01a1ng \u0111\u1ed1i ch\u1eadm\n<\/li>\n<li>\nTr\u1ea3i nghi\u1ec7m ng\u01b0\u1eddi d\u00f9ng k\u00e9m: \u1edf menu ch\u01b0a show c\u00e1c danh m\u1ee5c th\u00f4ng tin\n<\/li>\n<li>\nCh\u01b0a l\u1ed3ng gh\u00e9p CTA, comment c\u00f9ng \u0111i\u1ec1u h\u01b0\u1edbng h\u1ee3p l\u00fd tr\u00ean trang\n<\/li>\n<\/ul>\n<h3>Gi\u1ea3i ph\u00e1p c\u1ee7a ch\u00fang t\u00f4i<\/h3>\n<p>T\u1eeb nh\u1eefng ph\u00e2n t\u00edch \u0111\u00f3 SEONGON \u0111\u00e3 \u0111\u1ec1 xu\u1ea5t 1 s\u1ed1 ph\u01b0\u01a1ng \u00e1n sau \u0111\u1ec3 gi\u00fap ho\u1ea1t \u0111\u1ed9ng SEO c\u1ee7a doanh nghi\u1ec7p tr\u1edf n\u00ean hi\u1ec7u qu\u1ea3 h\u01a1n:<\/p>\n<p>Thay th\u1ebf ph\u01b0\u01a1ng ph\u00e1p SEO backlink kh\u00f4ng b\u1ec1n v\u1eefng b\u1eb1ng ph\u01b0\u01a1ng ph\u00e1p SEO t\u1ed5ng th\u1ec3.<\/p>\n<p>Ngo\u00e0i c\u00e1c key th\u01b0\u01a1ng hi\u1ec7u, SEONGON \u0111\u00e3 nghi\u00ean c\u1ee9u v\u00e0 \u0111\u1ec1 xu\u1ea5t b\u1ed9 t\u1eeb kh\u00f3a th\u00f4ng tin li\u00ean quan g\u1ea7n nh\u1ea5t \u0111\u1ebfn s\u1ea3n ph\u1ea9m \u0111\u00e1 th\u1ea1ch anh c\u1ee7a doanh nghi\u1ec7p,\u00a0bao g\u1ed3m 91 t\u1eeb kh\u00f3a.<\/p>\n<p>B\u1ed9 t\u1eeb kh\u00f3a n\u00e0y s\u1ebd gi\u00fap doanh nghi\u1ec7p gi\u1ea3i quy\u1ebft 1 m\u1ea3ng quan tr\u1ecdng c\u00f2n thi\u1ebfu trong vi\u1ec7c l\u00e0m SEO c\u1ee7a m\u00ecnh l\u00e0 gi\u1ea3i \u0111\u00e1p th\u1eafc m\u1eafc c\u1ee7a kh\u00e1ch h\u00e0ng ti\u1ec1m n\u0103ng.<\/p>\n<p>&#8211; T\u1eeb b\u1ed9 t\u1eeb kh\u00f3a tr\u00ean, SEONGON \u0111\u00e3\u00a0t\u1ed1i \u01b0u h\u01a1n 25 n\u1ed9i dung c\u0169 v\u00e0 t\u1ea1o 48 b\u00e0i vi\u1ebft m\u1edbi.<br \/>&#8211;\u00a0 Gi\u00fap doanh nghi\u1ec7p\u00a0t\u1ea1o h\u01a1n 91 t\u00e0i kho\u1ea3n k\u1ef9 thu\u1eadt s\u1ed1\u00a0(bao g\u1ed3m m\u1ea1ng x\u00e3 h\u1ed9i),\u00a02000 l\u01b0\u1ee3t share b\u00e0i vi\u1ebft SEO, v\u00e0 h\u1ed7 tr\u1ee3\u00a0\u0111\u0103ng t\u1ea3i 6 b\u00e0i PR b\u00e1o ch\u1ea5t l\u01b0\u1ee3ng.<br \/>&#8211;\u00a0 \u0110\u1ea3m b\u1ea3o c\u00e1c key th\u01b0\u01a1ng hi\u1ec7u l\u00ean \u0111\u00fang trang \u0111\u00edch.<br \/>&#8211; \u0110\u1ec1 xu\u1ea5t v\u00e0 h\u1ed7 tr\u1ee3 t\u1ed1i \u01b0u c\u00e1c ti\u00eau ch\u00ed v\u1ec1 website v\u00e0 Onpage k\u1ec3 tr\u00ean<\/p>\n<p>Ngo\u00e0i ra, \u0111\u1ec3 SEO nh\u1eefng key kh\u00f3, hotkey, SEONGON \u0111\u00e3 c\u1ea7n t\u1edbi nh\u1eefng ph\u01b0\u01a1ng \u00e1n c\u1ea3i ti\u1ebfn trong ph\u01b0\u01a1ng ph\u00e1p l\u00e0m SEO \u0111\u1ec3 \u0111\u1ea1t \u0111\u01b0\u1ee3c KPI mong mu\u1ed1n:<br \/>&#8211; Bi\u1ebfn giao di\u1ec7n m\u1ed9t b\u00e0i blog b\u00ecnh th\u01b0\u1eddng th\u00e0nh giao di\u1ec7n c\u1ee7a 1 trang danh m\u1ee5c \u0111\u1ec3 th\u1ecfa m\u00e3n insight kh\u00e1ch h\u00e0ng.<br \/>&#8211; Tham kh\u1ea3o n\u1ed9i dung t\u1eeb c\u00e1c chuy\u1ec3n trang c\u00f9ng ch\u1ee7 \u0111\u1ec1 tr\u00ean th\u1ebf gi\u1edbi \u0111\u1ec3 c\u00f3 n\u1ed9i dung ch\u1ea5t l\u01b0\u1ee3ng nh\u1ea5t c\u00f3 th\u1ec3.<\/p>\n<h2>IV. K\u1ebft qu\u1ea3<\/h2>\n<p>Sau h\u01a1n 8 th\u00e1ng tri\u1ec3n khai, c\u00f9ng v\u1edbi s\u1ef1 c\u1ed1 g\u1eafng ph\u1ed1i h\u1ee3p \u0103n \u00fd gi\u1eefa c\u00e1c b\u00ean, V*****\u0111\u00e3 c\u00f3 nh\u1eefng k\u1ebft qu\u1ea3 v\u01b0\u1ee3t ngo\u00e0i mong \u0111\u1ee3i:<\/p>\n<ul>\n<li>1. 91% b\u1ed9 t\u1eeb kh\u00f3a \u0111\u1ea1t Top 3 so v\u1edbi cam k\u1ebft 70% Top 5<\/li>\n<li>Ngo\u00e0i ra 5 t\u1eeb kh\u00f3a key ch\u00ednh \u0111\u1ec1u 100% \u0111\u1ea1t Top 5 trong \u0111\u00f3 c\u00f3 4 t\u1eeb Top 1 v\u00e0 1 t\u1eeb Top 2<\/li>\n<li>V\u1ecb tr\u00ed trung b\u00ecnh c\u1ee7a 91 t\u1eeb kh\u00f3a r\u1ea5t cao:\u00a01,57<\/li>\n<\/ul>\n<p>\u00a0<\/p>\n\t\t<\/div>\n\t\t\t\t\t<\/div>\n\n\t\n<\/div>\n\t\t<\/div>\n\n\t\t\n<style>\n#section_874768428 {\n  padding-top: 40px;\n  padding-bottom: 40px;\n}\n#section_874768428 .ux-shape-divider--top svg {\n  height: 150px;\n  --divider-top-width: 100%;\n}\n#section_874768428 .ux-shape-divider--bottom svg {\n  height: 150px;\n  --divider-width: 100%;\n}\n<\/style>\n\t<\/section>\n\t\n","protected":false},"excerpt":{"rendered":"","protected":false},"author":1,"featured_media":0,"parent":2040,"menu_order":0,"comment_status":"closed","ping_status":"closed","template":"page-transparent-header-light.php","meta":{"inline_featured_image":false,"footnotes":""},"class_list":["post-2095","page","type-page","status-publish","hentry"],"_links":{"self":[{"href":"https:\/\/giaodienwebsite.tgs.com.vn\/agency\/wp-json\/wp\/v2\/pages\/2095","targetHints":{"allow":["GET"]}}],"collection":[{"href":"https:\/\/giaodienwebsite.tgs.com.vn\/agency\/wp-json\/wp\/v2\/pages"}],"about":[{"href":"https:\/\/giaodienwebsite.tgs.com.vn\/agency\/wp-json\/wp\/v2\/types\/page"}],"author":[{"embeddable":true,"href":"https:\/\/giaodienwebsite.tgs.com.vn\/agency\/wp-json\/wp\/v2\/users\/1"}],"replies":[{"embeddable":true,"href":"https:\/\/giaodienwebsite.tgs.com.vn\/agency\/wp-json\/wp\/v2\/comments?post=2095"}],"version-history":[{"count":13,"href":"https:\/\/giaodienwebsite.tgs.com.vn\/agency\/wp-json\/wp\/v2\/pages\/2095\/revisions"}],"predecessor-version":[{"id":2120,"href":"https:\/\/giaodienwebsite.tgs.com.vn\/agency\/wp-json\/wp\/v2\/pages\/2095\/revisions\/2120"}],"up":[{"embeddable":true,"href":"https:\/\/giaodienwebsite.tgs.com.vn\/agency\/wp-json\/wp\/v2\/pages\/2040"}],"wp:attachment":[{"href":"https:\/\/giaodienwebsite.tgs.com.vn\/agency\/wp-json\/wp\/v2\/media?parent=2095"}],"curies":[{"name":"wp","href":"https:\/\/api.w.org\/{rel}","templated":true}]}}